{"id":144,"date":"2024-11-07T13:45:21","date_gmt":"2024-11-07T15:45:21","guid":{"rendered":"https:\/\/sites.usp.br\/dbf\/?page_id=144"},"modified":"2025-07-23T22:50:56","modified_gmt":"2025-07-24T00:50:56","slug":"amebozoa","status":"publish","type":"page","link":"https:\/\/sites.usp.br\/dbf\/amebozoa\/","title":{"rendered":"Amoebozoa"},"content":{"rendered":"<p><strong>Amebozoa<\/strong><\/p>\n<p>T\u00f3picos da aula<\/p>\n<ul>\n<li style=\"font-weight: 400;\" aria-level=\"1\"><span style=\"font-weight: 400;\">Evid\u00eancias moleculares e morfol\u00f3gicas<\/span><\/li>\n<li style=\"font-weight: 400;\" aria-level=\"1\"><span style=\"font-weight: 400;\">Principais grupos:<\/span>\n<ul>\n<li style=\"font-weight: 400;\" aria-level=\"2\"><span style=\"font-weight: 400;\">Tubulinea<\/span>\n<ul>\n<li style=\"font-weight: 400;\" aria-level=\"3\"><span style=\"font-weight: 400;\">Arcellinida (amebas tecadas)\u00a0<\/span><\/li>\n<li style=\"font-weight: 400;\" aria-level=\"3\"><span style=\"font-weight: 400;\">Tubulinida (amebas nuas)<\/span><\/li>\n<\/ul>\n<\/li>\n<li style=\"font-weight: 400;\" aria-level=\"2\"><span style=\"font-weight: 400;\">Archamoebae<\/span>\n<ul>\n<li style=\"font-weight: 400;\" aria-level=\"3\"><span style=\"font-weight: 400;\">Pelobiontida<\/span><\/li>\n<li style=\"font-weight: 400;\" aria-level=\"3\"><span style=\"font-weight: 400;\">Entamoebida<\/span><\/li>\n<\/ul>\n<\/li>\n<li style=\"font-weight: 400;\" aria-level=\"2\"><span style=\"font-weight: 400;\">Dictyostelliida<\/span><\/li>\n<li style=\"font-weight: 400;\" aria-level=\"2\"><span style=\"font-weight: 400;\">Myxogastrea<\/span><\/li>\n<\/ul>\n<\/li>\n<\/ul>\n<p>&nbsp;<\/p>\n<p><b>Classifica\u00e7\u00e3o geral dos eucariontes:<\/b><\/p>\n<p>&nbsp;<\/p>\n<p><span style=\"font-weight: 400;\">https:\/\/onlinelibrary.wiley.com\/doi\/full\/10.1111\/jeu.12691<\/span><\/p>\n<p>&nbsp;<\/p>\n<p><b>Arcellinida f\u00f3sseis<\/b><\/p>\n<p><span style=\"font-weight: 400;\">https:\/\/www.cambridge.org\/core\/journals\/journal-of-paleontology\/article\/abs\/vaseshaped-microfossils-from-the-neoproterozoic-chuar-group-grand-canyon-a-classification-guided-by-modern-testate-amoebae\/DAD696DA021FFB4B78B5A77C4B19C086<\/span><\/p>\n<p>&nbsp;<\/p>\n<p><b>Co-diversifica\u00e7\u00e3o amebas e musgos<\/b><\/p>\n<p>&nbsp;<\/p>\n<p><span style=\"font-weight: 400;\">https:\/\/journals.plos.org\/plosone\/article?id=10.1371\/journal.pone.0095238<\/span><\/p>\n<p>&nbsp;<\/p>\n<p><b>Links<\/b><\/p>\n<p><b>A vida das amebas<\/b><\/p>\n<p><span style=\"font-weight: 400;\">https:\/\/www.youtube.com\/watch?v=MhC96SwyhZE<\/span><\/p>\n<p>&nbsp;<\/p>\n<p><b>Ciclo agregativo:<\/b><span style=\"font-weight: 400;\">\u00a0<\/span><\/p>\n<p><span style=\"font-weight: 400;\">https:\/\/www.youtube.com\/watch?v=5h8WOWEqP6o<\/span><\/p>\n<p>&nbsp;<\/p>\n<p><b>Dicty World Race:<\/b><span style=\"font-weight: 400;\">\u00a0<\/span><\/p>\n<p><span style=\"font-weight: 400;\">https:\/\/youtu.be\/gVuzfipHfhs?feature=shared<\/span><\/p>\n<p>&nbsp;<\/p>\n<p><b>Papers sobre epit\u00e9lio em dicty:<\/b><\/p>\n<p>&nbsp;<\/p>\n<p><span style=\"font-weight: 400;\">Dickinson et al. 2012. An epithelial tissue in Dictyostelium challenges the traditional origin of metazoan multicellularity. <\/span><i><span style=\"font-weight: 400;\">Bioessays<\/span><\/i><span style=\"font-weight: 400;\">.<\/span><\/p>\n<p><span style=\"font-weight: 400;\">Dickinson et al. 2011. A polarized epithelium organized by beta- and alpha-catenin predates cadherin and metazoan origins. <\/span><i><span style=\"font-weight: 400;\">Science<\/span><\/i><span style=\"font-weight: 400;\">.<\/span><\/p>\n<p><span style=\"font-weight: 400;\"><br \/>\n<\/span><span style=\"font-weight: 400;\"><br \/>\n<\/span><b>Multicelularidade agregativa:<\/b><\/p>\n<p><span style=\"font-weight: 400;\">Matthew W. Brown et al. Aggregative Multicellularity Evolved Independently in the Eukaryotic Supergroup Rhizaria. Current Biology &#8211; 2012<\/span><\/p>\n<p>&nbsp;<\/p>\n<ul id=\"yui_3_17_2_1_1751560875073_48\">\n<li id=\"yui_3_17_2_1_1751560875073_47\" style=\"list-style-type: none;\">\n<ul id=\"yui_3_17_2_1_1751560875073_46\">\n<li id=\"yui_3_17_2_1_1751560875073_54\">\n<p id=\"yui_3_17_2_1_1751560875073_53\">Myxogastrea<\/p>\n<\/li>\n<\/ul>\n<\/li>\n<\/ul>\n<p>Links:<\/p>\n<p><a href=\"https:\/\/www.cambridge.org\/core\/journals\/journal-of-paleontology\/article\/abs\/vaseshaped-microfossils-from-the-neoproterozoic-chuar-group-grand-canyon-a-classification-guided-by-modern-testate-amoebae\/DAD696DA021FFB4B78B5A77C4B19C086\">Arcellinida f\u00f3sseis<\/a><\/p>\n<p><a href=\"https:\/\/journals.plos.org\/plosone\/article?id=10.1371\/journal.pone.0095238\">Co-diversifica\u00e7\u00e3o amebas e musgos<\/a><\/p>\n<p>&nbsp;<\/p>\n<p>&nbsp;<\/p>\n<div class=\"video-container\"><iframe title=\"Why the Dicty Race and what is the Dicty Race?\" width=\"720\" height=\"405\" src=\"https:\/\/www.youtube.com\/embed\/gVuzfipHfhs?feature=oembed&#038;wmode=opaque\" frameborder=\"0\" allow=\"accelerometer; autoplay; clipboard-write; encrypted-media; gyroscope; picture-in-picture; web-share\" referrerpolicy=\"strict-origin-when-cross-origin\" allowfullscreen><\/iframe><\/div>\n<p>&nbsp;<\/p>\n<div class=\"video-container\"><iframe title=\"Slime Mold Physarum Finds the Shortest Path in a Maze\" width=\"720\" height=\"540\" src=\"https:\/\/www.youtube.com\/embed\/czk4xgdhdY4?feature=oembed&#038;wmode=opaque\" frameborder=\"0\" allow=\"accelerometer; autoplay; clipboard-write; encrypted-media; gyroscope; picture-in-picture; web-share\" referrerpolicy=\"strict-origin-when-cross-origin\" allowfullscreen><\/iframe><\/div>\n<p>&nbsp;<\/p>\n<p align=\"left\"><strong>Papers sobre epit<\/strong><span lang=\"pt-BR\"><strong>\u00e9lio em dicty:<\/strong><\/span><\/p>\n<p align=\"left\"><span lang=\"pt-BR\">Dickinson et al. 2012. An epithelial tissue in Dictyostelium challenges the traditional origin of metazoan multicellularity.\u00a0<\/span><span lang=\"pt-BR\"><i>Bioessays<\/i><\/span><span lang=\"pt-BR\">.<\/span><\/p>\n<p>Dickinson et al. 2011. A polarized epithelium organized by beta- and alpha-catenin predates cadherin and metazoan origins.\u00a0<i>Science<\/i>.<\/p>\n<p><span lang=\"pt-BR\"><strong>Papers sobre multicelularidade agregativa:<\/strong><\/span><\/p>\n<p><a name=\"docs-internal-guid-adb7d74f-7fff-92a2-f2\"><\/a><span lang=\"pt-BR\">Matthew W. Brown et al. Aggregative Multicellularity Evolved Independently in the Eukaryotic Supergroup Rhizaria. Current Biology &#8211; 2012<\/span><\/p>\n<p><strong>Link para paper sobre a\u00a0<a href=\"https:\/\/onlinelibrary.wiley.com\/doi\/full\/10.1111\/jeu.12691\">Classifica\u00e7\u00e3o geral dos eucariontes<\/a>\u00a0<\/strong><\/p>\n<p>&nbsp;<\/p>\n<p><strong>Refer\u00eancias<\/strong><\/p>\n<p><strong>1.Sites<\/strong><\/p>\n<p class=\"DBF_text\" align=\"left\"><a href=\"http:\/\/amoeba.ifmo.ru\/\">Universidade de Sao Petersburgo<\/a><\/p>\n<p class=\"DBF_text\" align=\"left\"><a href=\"http:\/\/arcella.nl\/\">Site pessoal de Ferry Siemensma &#8211; excelente para taxonomia<\/a><\/p>\n<p align=\"left\"><strong>2. Artigos<\/strong><\/p>\n<p class=\"DBF_text\" align=\"left\"><a href=\"https:\/\/dbf.ib.usp.br\/downloads\/brown_2012.pdf\">Brown et al. 2012 &#8211; Multiplas origens da multicelularidade agregativa<\/a><\/p>\n<p class=\"DBF_text\" align=\"left\"><a href=\"https:\/\/dbf.ib.usp.br\/downloads\/Dickinson_2012.pdf\">Dickinson et al. 2012 &#8211; BioEssays &#8211; Sugestao da homologia epitelial em Amoebozoa e Metazoa<\/a><\/p>\n<p class=\"DBF_text\" align=\"left\"><a href=\"https:\/\/dbf.ib.usp.br\/downloads\/pawlowski_2008.pdf\">Pawlowski 2008 &#8211; O crep\u00fasculo dos Sarcodina<\/a><\/p>\n<p><a id=\"WebLinkDescLink\" href=\"http:\/\/www.surveymonkey.com\/s\/YM2HYP2\">Clique aqui para responder ao question\u00e1rio sobre o texto Pawlowski<\/a><\/p>\n","protected":false},"excerpt":{"rendered":"<p>Amebozoa T\u00f3picos da aula Evid\u00eancias moleculares e morfol\u00f3gicas Principais grupos: Tubulinea Arcellinida (amebas tecadas)\u00a0 Tubulinida (amebas nuas) Archamoebae Pelobiontida Entamoebida Dictyostelliida Myxogastrea &nbsp; Classifica\u00e7\u00e3o geral dos eucariontes: &nbsp; https:\/\/onlinelibrary.wiley.com\/doi\/full\/10.1111\/jeu.12691 &nbsp; Arcellinida f\u00f3sseis https:\/\/www.cambridge.org\/core\/journals\/journal-of-paleontology\/article\/abs\/vaseshaped-microfossils-from-the-neoproterozoic-chuar-group-grand-canyon-a-classification-guided-by-modern-testate-amoebae\/DAD696DA021FFB4B78B5A77C4B19C086 &nbsp;&#46;&#46;&#46;<\/p>\n","protected":false},"author":24390,"featured_media":0,"parent":0,"menu_order":8,"comment_status":"closed","ping_status":"closed","template":"","meta":{"footnotes":"","_links_to":"","_links_to_target":""},"class_list":["post-144","page","type-page","status-publish","hentry"],"_links":{"self":[{"href":"https:\/\/sites.usp.br\/dbf\/wp-json\/wp\/v2\/pages\/144","targetHints":{"allow":["GET"]}}],"collection":[{"href":"https:\/\/sites.usp.br\/dbf\/wp-json\/wp\/v2\/pages"}],"about":[{"href":"https:\/\/sites.usp.br\/dbf\/wp-json\/wp\/v2\/types\/page"}],"author":[{"embeddable":true,"href":"https:\/\/sites.usp.br\/dbf\/wp-json\/wp\/v2\/users\/24390"}],"replies":[{"embeddable":true,"href":"https:\/\/sites.usp.br\/dbf\/wp-json\/wp\/v2\/comments?post=144"}],"version-history":[{"count":4,"href":"https:\/\/sites.usp.br\/dbf\/wp-json\/wp\/v2\/pages\/144\/revisions"}],"predecessor-version":[{"id":434,"href":"https:\/\/sites.usp.br\/dbf\/wp-json\/wp\/v2\/pages\/144\/revisions\/434"}],"wp:attachment":[{"href":"https:\/\/sites.usp.br\/dbf\/wp-json\/wp\/v2\/media?parent=144"}],"curies":[{"name":"wp","href":"https:\/\/api.w.org\/{rel}","templated":true}]}}