{"id":214,"date":"2024-11-08T10:37:53","date_gmt":"2024-11-08T12:37:53","guid":{"rendered":"https:\/\/sites.usp.br\/dbf\/?page_id=214"},"modified":"2025-07-23T22:30:43","modified_gmt":"2025-07-24T00:30:43","slug":"apicomplexa","status":"publish","type":"page","link":"https:\/\/sites.usp.br\/dbf\/alveolata\/apicomplexa\/","title":{"rendered":"Apicomplexa"},"content":{"rendered":"<p style=\"text-align: center;\"><strong>Apicomplexa\u00a0<\/strong><\/p>\n<p>&nbsp;<\/p>\n<p>Trata-se de um filo constitu\u00eddo majoritariamente de parasitas. Podem ser distinguidos dos demais parasitas de outros grupos pelo seu m\u00e9todo \u00fanico de parasitar o meio intracelular dos hospedeiros.<\/p>\n<p>Possuem import\u00e2ncia na sa\u00fade humana e animal por causarem doen\u00e7as s\u00e9rias tais como a babesiose em cachorros, leucocitozoonose em p\u00e1ssaros e mais significativamente a mal\u00e1ria em humanos.<\/p>\n<p>Apesar de estarem inclu\u00eddos dentro do grupo dos Alveolata junto com os grupos de Dinoflagelados e Ciliados, o grupo dos Apicomplexa passou por eventos de evolu\u00e7\u00e3o degenerativa, onde eles perderam todos os flagelos e c\u00edlios que s\u00e3o comuns nos outros grupos de Alveolados.<\/p>\n<p>Como sinapomorfia do grupo, adquirida devido a um evento de endossimbiose ancestral, h\u00e1 a presen\u00e7a do complexo apical o qual trata-se de um conjunto de organelas secret\u00f3rias, em especial o apicoplasto, organela especializada que permite a entrada da c\u00e9lula do apicomplexo na c\u00e9lula hospedeira, invadindo-a.<\/p>\n<p>&nbsp;<\/p>\n<p><strong>Roteiro Aula: Alveolados 3 (Apicomplexa)<br \/>\n<\/strong><br \/>\nAula Parte I<br \/>\nQuem s\u00e3o<br \/>\nCiclo de vida<br \/>\nSinapomorfias<\/p>\n<p>Aula Parte II<br \/>\nToxoplasma sp. \u2013 toxoplasmose<br \/>\nPlasmodium sp. \u2013 mal\u00e1ria<br \/>\nMaterial adicional:<br \/>\nV\u00eddeo Toxoplasma &#8211; Toxoplasmose<br \/>\n<a href=\"https:\/\/www.youtube.com\/watch?v=TIc6exbsH90\">https:\/\/www.youtube.com\/watch?v=TIc6exbsH90<\/a><br \/>\nV\u00eddeo Plasmodium &#8211; Mal\u00e1ria<br \/>\n<a href=\"https:\/\/www.youtube.com\/watch?v=2zz6BrCmwRM\">https:\/\/www.youtube.com\/watch?v=2zz6BrCmwRM<\/a><\/p>\n<p><strong>Refer\u00eancias<\/strong>:<\/p>\n<p>Boucher MJ, Yeh E. Plastid\u2013endomembrane connections in apicomplexan parasites. PLoS Pathog (2019),<br \/>\n15(6): e1007661. DOI: 10.1371\/journal.ppat.1007661.<\/p>\n<p>Geoffrey Ian McFadden. The apicoplast. Protoplasma (2011), 248: 641\u2013650. DOI: 10.1007\/s00709-010-<br \/>\n0250-5.<\/p>\n<p>Georgios Pappas, Nikos Roussos, Matthew E. Falagas. Toxoplasmosis snapshots: Global status of<br \/>\nToxoplasma gondii seroprevalence and implications for pregnancy and congenital toxoplasmosis.<br \/>\nInternational Journal for Parasitology (2009), 39: 1385\u20131394. DOI: 10.1016\/j.ijpara.2009.04.003.<\/p>\n<p>Graham L. Patrick. Drug targets in the apicoplast. In: Antimalarial agents (2020), Elsevier. DOI:<br \/>\n10.1016\/B978-0-08-101210-9.00009-3.<\/p>\n<p>Jan Vot\u00fdpka, David Modr\u00fd, Miroslav Oborn\u00edk, Jan \u0160lapeta, and Julius Luke\u0161. Apicomplexa. In: Handbook<br \/>\nof the Protists (2016), Springer. DOI: 10.1007\/978-3-319-32669-6_20-1.<\/p>\n<p>Montazeri M, Galeh TM, Moosazadeh M, Sarvi S, Dodangeh S, Javidnia J, Sharif M, Daryani A. The global<br \/>\nserological prevalence of Toxoplasma gondii in felids during the last five decades (1967\u20132017): a systematic<br \/>\nreview and meta-analysis. Parasites &amp; Vectors (2020), 13: 82. DOI: 10.1186\/s13071-020-3954-1.<\/p>\n<p>Naomi S. Morrissette and L. David Sibley. Cytoskeleton of Apicomplexan Parasites. Microbiology and<br \/>\nMolecular Biology Reviews (2002), 66: 21\u201338. DOI: 10.1128\/MMBR.66.1.21\u201338.2002.<\/p>\n<p>World malaria report 2023. Geneva: World Health Organization; 2023.<a href=\"http:\/\/tolweb.org\/Apicomplexa\/2446\">http:\/\/tolweb.org\/Apicomplexa\/2446<\/a><\/p>\n<p>&nbsp;<\/p>\n<p>&nbsp;<\/p>\n<p>&nbsp;<\/p>\n<p>&nbsp;<\/p>\n","protected":false},"excerpt":{"rendered":"<p>Apicomplexa\u00a0 &nbsp; Trata-se de um filo constitu\u00eddo majoritariamente de parasitas. Podem ser distinguidos dos demais parasitas de outros grupos pelo seu m\u00e9todo \u00fanico de parasitar o meio intracelular dos hospedeiros. Possuem import\u00e2ncia na sa\u00fade&#46;&#46;&#46;<\/p>\n","protected":false},"author":24390,"featured_media":0,"parent":139,"menu_order":0,"comment_status":"closed","ping_status":"closed","template":"","meta":{"footnotes":"","_links_to":"","_links_to_target":""},"class_list":["post-214","page","type-page","status-publish","hentry"],"_links":{"self":[{"href":"https:\/\/sites.usp.br\/dbf\/wp-json\/wp\/v2\/pages\/214","targetHints":{"allow":["GET"]}}],"collection":[{"href":"https:\/\/sites.usp.br\/dbf\/wp-json\/wp\/v2\/pages"}],"about":[{"href":"https:\/\/sites.usp.br\/dbf\/wp-json\/wp\/v2\/types\/page"}],"author":[{"embeddable":true,"href":"https:\/\/sites.usp.br\/dbf\/wp-json\/wp\/v2\/users\/24390"}],"replies":[{"embeddable":true,"href":"https:\/\/sites.usp.br\/dbf\/wp-json\/wp\/v2\/comments?post=214"}],"version-history":[{"count":4,"href":"https:\/\/sites.usp.br\/dbf\/wp-json\/wp\/v2\/pages\/214\/revisions"}],"predecessor-version":[{"id":430,"href":"https:\/\/sites.usp.br\/dbf\/wp-json\/wp\/v2\/pages\/214\/revisions\/430"}],"up":[{"embeddable":true,"href":"https:\/\/sites.usp.br\/dbf\/wp-json\/wp\/v2\/pages\/139"}],"wp:attachment":[{"href":"https:\/\/sites.usp.br\/dbf\/wp-json\/wp\/v2\/media?parent=214"}],"curies":[{"name":"wp","href":"https:\/\/api.w.org\/{rel}","templated":true}]}}