{"id":226,"date":"2024-11-08T10:41:18","date_gmt":"2024-11-08T12:41:18","guid":{"rendered":"https:\/\/sites.usp.br\/dbf\/?page_id=226"},"modified":"2025-07-03T14:24:33","modified_gmt":"2025-07-03T16:24:33","slug":"fungos-parte-1","status":"publish","type":"page","link":"https:\/\/sites.usp.br\/dbf\/fungi\/fungos-parte-1\/","title":{"rendered":"Fungos parte 1"},"content":{"rendered":"<p>Fungos Parte 1<\/p>\n<p>Posicionamento dos fungos na \u00e1rvore da vida<br \/>\n\u2022 Classifica\u00e7\u00e3o<br \/>\n\u2022 Caracter\u00edsticas gerais dos fungos<br \/>\n\u2022 Chytridiomycota (caracter\u00edsticas e import\u00e2ncia)<br \/>\n\u2022 Mucoromycota (= Zygomycota) (caracter\u00edsticas e import\u00e2ncia)<\/p>\n<p>&nbsp;<\/p>\n<p>&nbsp;<\/p>\n<p>Refer\u00eancias<\/p>\n<p>Biologia Vegetal, Raven et al. 2007, cap. 14.<br \/>\n\u2022 Introdu\u00e7\u00e3o a Biologia Vegetal, Oliveira 2003, cap. 7.<br \/>\n\u2022 Assembling the Tree of Life, Cracraft &amp; Donoghue 2004, cap. 12.<br \/>\n\u2022 Tree of Life: <a href=\"http:\/\/www.tolweb.org\/tree\/phylogeny.html\">http:\/\/www.tolweb.org\/tree\/phylogeny.html<\/a><\/p>\n<p>&nbsp;<\/p>\n<p>Links v\u00eddeos (material adiciona):<\/p>\n<p>&nbsp;<\/p>\n<p>\u2022<a href=\"https:\/\/eaulas.usp.br\/portal\/video.action?idItem=1858\"> e-Aulas da USP :: Crescimento de Fungos em Estrume<\/a><br \/>\n\u2022 Quitr\u00eddios no Brasil: <a href=\"https:\/\/revistapesquisa.fapesp.br\/2017\/03\/17\/epidemiologia-retroativa\/\">https:\/\/revistapesquisa.fapesp.br\/2017\/03\/17\/epidemiologiaretroativa\/<\/a><br \/>\n\u2022 Quitr\u00eddios no Brasil<a href=\"http:\/\/rspb.royalsocietypublishing.org\/content\/284\/1848\/20162254\"> Historical amphibian declines and extinctions in Brazil linked to<\/a><br \/>\nchytridiomycosis<br \/>\n\u2022 Crescimento de Rhizopus sobre p\u00e3o <a href=\"https:\/\/www.youtube.com\/watch?v=bZ9VDUBARhQ\">39. Rhizopus &#8211; YouTube<\/a><br \/>\n\u2022 <a href=\"http:\/\/\u2022 e-Aulas da USP :: Crescimento de Fungos em Estrume \u2022 Quitr\u00eddios no Brasil https:\/\/revistapesquisa.fapesp.br\/2017\/03\/17\/epidemiologiaretroativa\/ \u2022 Quitr\u00eddios no Brasil Historical amphibian declines and extinctions in Brazil linked to chytridiomycosis \u2022 Crescimento de Rhizopus sobre p\u00e3o 39. Rhizopus - YouTube \u2022 FANT\u00c1STICO REINO DOS FUNGOS - YouTub\">FANT\u00c1STICO REINO DOS FUNGOS &#8211; YouTube<\/a><\/p>\n","protected":false},"excerpt":{"rendered":"<p>Fungos Parte 1 Posicionamento dos fungos na \u00e1rvore da vida \u2022 Classifica\u00e7\u00e3o \u2022 Caracter\u00edsticas gerais dos fungos \u2022 Chytridiomycota (caracter\u00edsticas e import\u00e2ncia) \u2022 Mucoromycota (= Zygomycota) (caracter\u00edsticas e import\u00e2ncia) &nbsp; &nbsp; Refer\u00eancias Biologia Vegetal,&#46;&#46;&#46;<\/p>\n","protected":false},"author":24390,"featured_media":0,"parent":143,"menu_order":1,"comment_status":"closed","ping_status":"closed","template":"","meta":{"footnotes":"","_links_to":"","_links_to_target":""},"class_list":["post-226","page","type-page","status-publish","hentry"],"_links":{"self":[{"href":"https:\/\/sites.usp.br\/dbf\/wp-json\/wp\/v2\/pages\/226","targetHints":{"allow":["GET"]}}],"collection":[{"href":"https:\/\/sites.usp.br\/dbf\/wp-json\/wp\/v2\/pages"}],"about":[{"href":"https:\/\/sites.usp.br\/dbf\/wp-json\/wp\/v2\/types\/page"}],"author":[{"embeddable":true,"href":"https:\/\/sites.usp.br\/dbf\/wp-json\/wp\/v2\/users\/24390"}],"replies":[{"embeddable":true,"href":"https:\/\/sites.usp.br\/dbf\/wp-json\/wp\/v2\/comments?post=226"}],"version-history":[{"count":3,"href":"https:\/\/sites.usp.br\/dbf\/wp-json\/wp\/v2\/pages\/226\/revisions"}],"predecessor-version":[{"id":410,"href":"https:\/\/sites.usp.br\/dbf\/wp-json\/wp\/v2\/pages\/226\/revisions\/410"}],"up":[{"embeddable":true,"href":"https:\/\/sites.usp.br\/dbf\/wp-json\/wp\/v2\/pages\/143"}],"wp:attachment":[{"href":"https:\/\/sites.usp.br\/dbf\/wp-json\/wp\/v2\/media?parent=226"}],"curies":[{"name":"wp","href":"https:\/\/api.w.org\/{rel}","templated":true}]}}