{"id":229,"date":"2024-11-08T10:41:43","date_gmt":"2024-11-08T12:41:43","guid":{"rendered":"https:\/\/sites.usp.br\/dbf\/?page_id=229"},"modified":"2025-07-03T14:32:06","modified_gmt":"2025-07-03T16:32:06","slug":"fungos-parte-2","status":"publish","type":"page","link":"https:\/\/sites.usp.br\/dbf\/fungi\/fungos-parte-2\/","title":{"rendered":"Fungos parte 2"},"content":{"rendered":"<p>Aula 14: FUNGOS 2: Basidiomycota<\/p>\n<p>\u2022 Caracter\u00edsticas gerais dos Basidiomycota (morfologia, reprodu\u00e7\u00e3o, ciclo de vida<br \/>\nde um Basidiomycota t\u00edpico)<br \/>\n\u2022 Classifica\u00e7\u00e3o. Principais grupos: Pucciniomycotina (ferrugens),<br \/>\nUstilaginomycotina (carv\u00f5es) e Agaricomycotina (cogumelos e afins)<\/p>\n<p>Refer\u00eancias<\/p>\n<p>\u2022 Biologia Vegetal, Raven et al. 2007.<br \/>\n\u2022 Introdu\u00e7\u00e3o a Biologia Vegetal, Oliveira 2003.<br \/>\n\u2022 Assembling the Tree of Life, Cracraft &amp; Donoghue 2004.<br \/>\n\u2022 Tree of Life: <a href=\"http:\/\/www.tolweb.org\/tree\/phylogeny.html\">http:\/\/www.tolweb.org\/tree\/phylogeny.html<\/a><\/p>\n<p>Links v\u00eddeos (material adicional):<\/p>\n<p>\u2022 Prof. Nelson Menolli, Instituto Federal de Educa\u00e7\u00e3o, Ci\u00eancia e Tecnologia de<br \/>\nS\u00e3o Paulo (IFSP) <a href=\"https:\/\/g1.globo.com\/economia\/agronegocios\/globorural\/noticia\/2023\/06\/04\/pesquisadores-estudam-cogumelos-desconhecidos-damata-atlantica-com-potencial-de-mercado.ghtml\">https:\/\/g1.globo.com\/economia\/agronegocios\/globorural\/noticia\/2023\/06\/04\/pesquisadores-estudam-cogumelos-desconhecidos-damata-atlantica-com-potencial-de-mercado.ghtml<\/a><br \/>\n\u2022 Prof. Cassius Stevani, Instituto de Qu\u00edmica da USP<br \/>\nComo fungos usam qu\u00edmica para brilhar no escuro da mata Cassius Stevani &#8211;<br \/>\nPesquisa Google<\/p>\n","protected":false},"excerpt":{"rendered":"<p>Aula 14: FUNGOS 2: Basidiomycota \u2022 Caracter\u00edsticas gerais dos Basidiomycota (morfologia, reprodu\u00e7\u00e3o, ciclo de vida de um Basidiomycota t\u00edpico) \u2022 Classifica\u00e7\u00e3o. Principais grupos: Pucciniomycotina (ferrugens), Ustilaginomycotina (carv\u00f5es) e Agaricomycotina (cogumelos e afins) Refer\u00eancias \u2022&#46;&#46;&#46;<\/p>\n","protected":false},"author":24390,"featured_media":0,"parent":143,"menu_order":2,"comment_status":"closed","ping_status":"closed","template":"","meta":{"footnotes":"","_links_to":"","_links_to_target":""},"class_list":["post-229","page","type-page","status-publish","hentry"],"_links":{"self":[{"href":"https:\/\/sites.usp.br\/dbf\/wp-json\/wp\/v2\/pages\/229","targetHints":{"allow":["GET"]}}],"collection":[{"href":"https:\/\/sites.usp.br\/dbf\/wp-json\/wp\/v2\/pages"}],"about":[{"href":"https:\/\/sites.usp.br\/dbf\/wp-json\/wp\/v2\/types\/page"}],"author":[{"embeddable":true,"href":"https:\/\/sites.usp.br\/dbf\/wp-json\/wp\/v2\/users\/24390"}],"replies":[{"embeddable":true,"href":"https:\/\/sites.usp.br\/dbf\/wp-json\/wp\/v2\/comments?post=229"}],"version-history":[{"count":2,"href":"https:\/\/sites.usp.br\/dbf\/wp-json\/wp\/v2\/pages\/229\/revisions"}],"predecessor-version":[{"id":411,"href":"https:\/\/sites.usp.br\/dbf\/wp-json\/wp\/v2\/pages\/229\/revisions\/411"}],"up":[{"embeddable":true,"href":"https:\/\/sites.usp.br\/dbf\/wp-json\/wp\/v2\/pages\/143"}],"wp:attachment":[{"href":"https:\/\/sites.usp.br\/dbf\/wp-json\/wp\/v2\/media?parent=229"}],"curies":[{"name":"wp","href":"https:\/\/api.w.org\/{rel}","templated":true}]}}