{"id":232,"date":"2024-11-08T10:42:03","date_gmt":"2024-11-08T12:42:03","guid":{"rendered":"https:\/\/sites.usp.br\/dbf\/?page_id=232"},"modified":"2025-07-03T14:34:30","modified_gmt":"2025-07-03T16:34:30","slug":"fungos-parte-3","status":"publish","type":"page","link":"https:\/\/sites.usp.br\/dbf\/fungi\/fungos-parte-3\/","title":{"rendered":"Fungos parte 3"},"content":{"rendered":"<p>FUNGOS 3: Ascomycota e fungos liquenizados<\/p>\n<p>\u2022 Caracter\u00edsticas gerais dos Ascomycota (morfologia, reprodu\u00e7\u00e3o, ciclo de vida de<br \/>\nAscomycota t\u00edpico)<\/p>\n<p>\u2022 Classifica\u00e7\u00e3o. Principais grupos: Taphrinomycotina (maioria leveduras),<br \/>\nSaccharomycotina (leveduras), Pezizomycotina (filamentosos)<\/p>\n<p>\u2022 Fungos liquenizados: Caracteriza\u00e7\u00e3o: tipos de talos, reprodu\u00e7\u00e3o, aspectos<br \/>\necol\u00f3gicos e econ\u00f4micos.<\/p>\n<p>Links v\u00eddeos (material adicional):<\/p>\n<p>\u2022 Crescimento de Penicillium <a href=\"https:\/\/www.youtube.com\/watch?v=f-0Fxwz-CfM\">https:\/\/www.youtube.com\/watch?v=f-0Fxwz-CfM<\/a><\/p>\n<p>\u2022 Explica\u00e7\u00e3o sobre Aspergillus niger <a href=\"https:\/\/www.youtube.com\/watch?v=ezBsvArN4A\">https:\/\/www.youtube.com\/watch?v=ezBsvArN4A<\/a><\/p>\n","protected":false},"excerpt":{"rendered":"<p>FUNGOS 3: Ascomycota e fungos liquenizados \u2022 Caracter\u00edsticas gerais dos Ascomycota (morfologia, reprodu\u00e7\u00e3o, ciclo de vida de Ascomycota t\u00edpico) \u2022 Classifica\u00e7\u00e3o. Principais grupos: Taphrinomycotina (maioria leveduras), Saccharomycotina (leveduras), Pezizomycotina (filamentosos) \u2022 Fungos liquenizados: Caracteriza\u00e7\u00e3o:&#46;&#46;&#46;<\/p>\n","protected":false},"author":24390,"featured_media":0,"parent":143,"menu_order":4,"comment_status":"closed","ping_status":"closed","template":"","meta":{"footnotes":"","_links_to":"","_links_to_target":""},"class_list":["post-232","page","type-page","status-publish","hentry"],"_links":{"self":[{"href":"https:\/\/sites.usp.br\/dbf\/wp-json\/wp\/v2\/pages\/232","targetHints":{"allow":["GET"]}}],"collection":[{"href":"https:\/\/sites.usp.br\/dbf\/wp-json\/wp\/v2\/pages"}],"about":[{"href":"https:\/\/sites.usp.br\/dbf\/wp-json\/wp\/v2\/types\/page"}],"author":[{"embeddable":true,"href":"https:\/\/sites.usp.br\/dbf\/wp-json\/wp\/v2\/users\/24390"}],"replies":[{"embeddable":true,"href":"https:\/\/sites.usp.br\/dbf\/wp-json\/wp\/v2\/comments?post=232"}],"version-history":[{"count":2,"href":"https:\/\/sites.usp.br\/dbf\/wp-json\/wp\/v2\/pages\/232\/revisions"}],"predecessor-version":[{"id":412,"href":"https:\/\/sites.usp.br\/dbf\/wp-json\/wp\/v2\/pages\/232\/revisions\/412"}],"up":[{"embeddable":true,"href":"https:\/\/sites.usp.br\/dbf\/wp-json\/wp\/v2\/pages\/143"}],"wp:attachment":[{"href":"https:\/\/sites.usp.br\/dbf\/wp-json\/wp\/v2\/media?parent=232"}],"curies":[{"name":"wp","href":"https:\/\/api.w.org\/{rel}","templated":true}]}}