{"id":273,"date":"2024-11-08T18:14:45","date_gmt":"2024-11-08T20:14:45","guid":{"rendered":"https:\/\/sites.usp.br\/dbf\/?page_id=273"},"modified":"2026-02-21T17:09:43","modified_gmt":"2026-02-21T19:09:43","slug":"bem-vindos-ao-site-diversidade-biologica-e-filogenia-da-universidade-de-sao-paulo","status":"publish","type":"page","link":"https:\/\/sites.usp.br\/dbf\/","title":{"rendered":"Diversidade Biol\u00f3gica e Filogenia da Universidade de S\u00e3o Paulo"},"content":{"rendered":"<p>Este site est\u00e1 sendo configurado como Projeto Unificado de Bolsas USP para a disciplina de Diversidade Biol\u00f3gica e Filogenia USP.<\/p>\n<p>Bolsistas: Lucas da Silva (2024-2025) | Claudio de Oliveira (2025-2026)<\/p>\n<p>&nbsp;<\/p>\n<p><strong>Objetivos<\/strong><\/p>\n<p>Apresentar um panorama amplo da diversidade de seres vivos, introduzindo as bacterias e arqueias, e focando nas linhagens de eucariontes, fornecendo subs\u00eddios para o reconhecimento e caracteriza\u00e7\u00e3o das principais linhagens evolutivas, de suas relativas import\u00e2ncias biol\u00f3gica e evolutiva, e situando-os em contexto filogen\u00e9tico.<\/p>\n<p><strong>Docente(s) Respons\u00e1vel(eis)<\/strong><\/p>\n<p>Daniel Jos\u00e9 Galafasse Lahr (Departamento de Zoologia)<br \/>\nMaria Fernanda Laranjeira da Silva (Departamento de Fisiologia)<br \/>\nMariana Cabral de Oliveira (Departamento de Bot\u00e2nica)<br \/>\nMarie Anne van Sluys (Departamento de Bot\u00e2nica)<br \/>\nVal\u00e9ria Cassano (Departamento de Bot\u00e2nica)<\/p>\n<p><strong>Programa Resumido<\/strong><\/p>\n<p>Hist\u00f3ria das classifica\u00e7\u00f5es da vida celular; c\u00e9lulas bacterianas, arqueanas e eucari\u00f3ticas; endossimbiose; principais grupos de seres vivos em cada um dos tr\u00eas dom\u00ednios.<\/p>\n<p><strong>Programa<\/strong><\/p>\n<p>1. Panorama hist\u00f3rico das classifica\u00e7\u00f5es dos seres vivos.<br \/>\n2. Origem das c\u00e9lulas bacterianas, arqueanas e eucari\u00f3ticas.<br \/>\n3. Endossimbiose<br \/>\n4. Introdu\u00e7\u00e3o aos grandes grupos de seres vivos: linhagens procari\u00f3ticas e eucari\u00f3ticas.<br \/>\n5. Grandes grupos eucari\u00f3ticos (escavados\/discicristados, arqueoplastidas, riz\u00e1rias,<br \/>\nalveolados, heterocontes, opistocontes em especial fungos e amebozo\u00e1rios): filos principais, caracter\u00edsticas e rela\u00e7\u00f5es filogen\u00e9ticas.\u201d<\/p>\n<p><strong>Avalia\u00e7\u00e3o<\/strong><\/p>\n<p><strong>M\u00e9todo:<\/strong> Aulas te\u00f3ricas e aulas pr\u00e1ticas; leitura extra-classe para discuss\u00e3o em sala de aula. P\u00e1gina de internet: <a href=\"https:\/\/sites.usp.br\/dbf\/\">https:\/\/sites.usp.br\/dbf\/<\/a><\/p>\n<p><strong>Bibliografia<\/strong><\/p>\n<p>Brusca, R. &amp; Brusca, G.J. 2007. Invertebrados. 2\u00aa ed. Editora Guanabara Koogan S.A., Rio de Janeiro. 968 p.<br \/>\nCracraft, J. &amp; Donoghue, M.J. 2004. Assembling the Tree of Life. Oxford University Press, Oxford, 576 p.<\/p>\n<p>Hickman, C.P.; Roberts, L.S. &amp; Larson, A. 2004. Princ\u00edpios Integrados de Zoologia. Editora Guanabara Koogan S.A., Rio de Janeiro. 846 p.<\/p>\n<p>Madigan, Martinko &amp; Parker 2004 Microbiologia de Brock 10a ed. Editora Prentice Hall, S\u00e3o Paulo. 608p.<br \/>\nMargulis, L &amp; K.V. Schwartz. 2001. Cinco Reinos. Um Guia Ilustrado dos Filos da Vida na Terra. 3\u00aa ed. Guanabara-Koogan, RJ, 497 p.<\/p>\n<p>Matioli, S.R. 2001. Biologia Molecular e Evolu\u00e7\u00e3o. Editora Holos, Ribeir\u00e3o Preto, SP, 202 p.<br \/>\nOliveira, E.C. 2003. Introdu\u00e7\u00e3o \u00e0 Biologia Vegetal. 2\u00aa ed. Edusp, S\u00e3o Paulo. 266 p.<\/p>\n<p>Pessoa, S.B. &amp; Martins, A.V. 1988. Parasitologia M\u00e9dica. Rio de Janeiro, Brasil, Guanabara Koogan.<br \/>\nPickett-Heaps, J. &amp; Pickett-Heaps, J. 2006. The Kingdom Protista: the dazzling world of living cells. Cytographics DVD. ISBN 0 958601 9 9<\/p>\n<p>Raven, P.H.; Evert, R.F.; Eichhorn, S.E. 2007. Biologia Vegetal. 7\u00aa ed. Editora Guanabara Koogan S.A., Rio de Janeiro. 830 p.<\/p>\n<p>Ruppert, E.E.; Fox, R.S. &amp; Barnes, R.D. 2005. Zoologia dos Invertebrados. 7\u00aa ed. Editora Roca, S\u00e3o Paulo. 1145 p.<\/p>\n<p>Sleigh, M.A. 1989. Protozoa and other protists. Edward Arnold, 342 p.<\/p>\n<p>Tortora, G.J., Funke, B.R. &amp; Case, C.L. 2002. Microbiology, an Introduction. 7\u00aa ed. San Francisco, EUA, Benjamin Cummings, USA<\/p>\n","protected":false},"excerpt":{"rendered":"<p>Este site est\u00e1 sendo configurado como Projeto Unificado de Bolsas USP para a disciplina de Diversidade Biol\u00f3gica e Filogenia USP. Bolsistas: Lucas da Silva (2024-2025) | Claudio de Oliveira (2025-2026) &nbsp; Objetivos Apresentar um&#46;&#46;&#46;<\/p>\n","protected":false},"author":24390,"featured_media":0,"parent":0,"menu_order":0,"comment_status":"closed","ping_status":"closed","template":"","meta":{"footnotes":"","_links_to":"","_links_to_target":""},"class_list":["post-273","page","type-page","status-publish","hentry"],"_links":{"self":[{"href":"https:\/\/sites.usp.br\/dbf\/wp-json\/wp\/v2\/pages\/273","targetHints":{"allow":["GET"]}}],"collection":[{"href":"https:\/\/sites.usp.br\/dbf\/wp-json\/wp\/v2\/pages"}],"about":[{"href":"https:\/\/sites.usp.br\/dbf\/wp-json\/wp\/v2\/types\/page"}],"author":[{"embeddable":true,"href":"https:\/\/sites.usp.br\/dbf\/wp-json\/wp\/v2\/users\/24390"}],"replies":[{"embeddable":true,"href":"https:\/\/sites.usp.br\/dbf\/wp-json\/wp\/v2\/comments?post=273"}],"version-history":[{"count":5,"href":"https:\/\/sites.usp.br\/dbf\/wp-json\/wp\/v2\/pages\/273\/revisions"}],"predecessor-version":[{"id":574,"href":"https:\/\/sites.usp.br\/dbf\/wp-json\/wp\/v2\/pages\/273\/revisions\/574"}],"wp:attachment":[{"href":"https:\/\/sites.usp.br\/dbf\/wp-json\/wp\/v2\/media?parent=273"}],"curies":[{"name":"wp","href":"https:\/\/api.w.org\/{rel}","templated":true}]}}