{"id":319,"date":"2025-02-05T11:47:03","date_gmt":"2025-02-05T13:47:03","guid":{"rendered":"https:\/\/sites.usp.br\/dbf\/?page_id=319"},"modified":"2025-12-14T17:39:28","modified_gmt":"2025-12-14T19:39:28","slug":"banco-de-dados","status":"publish","type":"page","link":"https:\/\/sites.usp.br\/dbf\/banco-de-dados\/","title":{"rendered":"Material Complementar"},"content":{"rendered":"<p>Material externo que pode ser utilizado para aperfei\u00e7oar os conhecimentos de cada aula. Cada material presente aqui tamb\u00e9m est\u00e1 dispon\u00edvel em sua respectiva aula.<\/p>\n<p>&nbsp;<\/p>\n<p><strong>1. Sites de Biodiversidade<\/strong><\/p>\n<p>Tree of Life: <a href=\"https:\/\/tolweb.org\">https:\/\/tolweb.org<\/a><\/p>\n<p>Life Map:<a href=\"https:\/\/lifemap-ncbi.univ-lyon1.fr\/\"> https:\/\/lifemap-ncbi.univ-lyon1.fr\/<\/a><\/p>\n<p>Global Catalogue of Microrganisms: <a href=\"https:\/\/gcm.wdcm.org\/\">https:\/\/gcm.wdcm.org\/<\/a><\/p>\n<p>OneZoom Tree of Lifer Explorer: <a href=\"https:\/\/www.onezoom.org\">https:\/\/www.onezoom.org<\/a><\/p>\n<p>Open Tree of Life: <a href=\"https:\/\/tree.opentreeoflife.org\/opentree\/argus\/opentree8.0@ott93302\">https:\/\/tree.opentreeoflife.org\/opentree\/argus\/opentree8.0@ott93302<\/a><\/p>\n<p>NCBI Taxonomy Browser: <a href=\"https:\/\/www.ncbi.nlm.nih.gov\/Taxonomy\/taxonomyhome.html\/index.cgi?chapter=STATISTICS&amp;uncultured=hide&amp;unspecified=hide\">https:\/\/www.ncbi.nlm.nih.gov\/Taxonomy\/taxonomyhome.html\/index.cgi?chapter=STATISTICS&amp;uncultured=hide&amp;unspecified=hide<\/a><\/p>\n<p>NCBI GenBank: <a href=\"https:\/\/www.ncbi.nlm.nih.gov\/genbank\/\">https:\/\/www.ncbi.nlm.nih.gov\/genbank\/<\/a><\/p>\n<p>iTOL &#8211; Interactive Tree of Life: <a href=\"https:\/\/itol.embl.de\/\">https:\/\/itol.embl.de\/<\/a><\/p>\n<p>KEGG: Kyoto Encyclopedia of Genes and Genomes: <a href=\"https:\/\/www.genome.jp\/kegg\/\">https:\/\/www.genome.jp\/kegg\/<\/a><\/p>\n<p>Database EukProt: <a href=\"https:\/\/evocellbio.com\/eukprot\/\">https:\/\/evocellbio.com\/eukprot\/<\/a><\/p>\n<p>BUSCO &#8211; Gene prediction and phylogenomics: <a href=\"https:\/\/busco.ezlab.org\">https:\/\/busco.ezlab.org<\/a><\/p>\n<p>&nbsp;<\/p>\n<p><strong>2. Videos de fixa\u00e7\u00e3o de conte\u00fado<\/strong><\/p>\n<p>Bact\u00e9ria Gigante (Science X, 2022)<\/p>\n<div class=\"video-container\"><iframe title=\"World&#039;s biggest bacterium found in Caribbean mangrove swamp\" width=\"720\" height=\"405\" src=\"https:\/\/www.youtube.com\/embed\/fUvTOg4UBPE?feature=oembed&#038;wmode=opaque\" frameborder=\"0\" allow=\"accelerometer; autoplay; clipboard-write; encrypted-media; gyroscope; picture-in-picture; web-share\" referrerpolicy=\"strict-origin-when-cross-origin\" allowfullscreen><\/iframe><\/div>\n<p>&nbsp;<\/p>\n<p>Material para fixa\u00e7\u00e3o de Bacteria (Bozeman Science, 2012)<\/p>\n<div class=\"video-container\"><iframe title=\"Bacteria\" width=\"720\" height=\"405\" src=\"https:\/\/www.youtube.com\/embed\/h-z9-9OOWC4?feature=oembed&#038;wmode=opaque\" frameborder=\"0\" allow=\"accelerometer; autoplay; clipboard-write; encrypted-media; gyroscope; picture-in-picture; web-share\" referrerpolicy=\"strict-origin-when-cross-origin\" allowfullscreen><\/iframe><\/div>\n<p>&nbsp;<\/p>\n<p>Material para fixa\u00e7\u00e3o de Archaea (Bozeman Science, 2012)<\/p>\n<div class=\"video-container\"><iframe title=\"Archaea\" width=\"720\" height=\"405\" src=\"https:\/\/www.youtube.com\/embed\/W25nI9kpxtU?feature=oembed&#038;wmode=opaque\" frameborder=\"0\" allow=\"accelerometer; autoplay; clipboard-write; encrypted-media; gyroscope; picture-in-picture; web-share\" referrerpolicy=\"strict-origin-when-cross-origin\" allowfullscreen><\/iframe><\/div>\n<p>&nbsp;<\/p>\n<p>Cell theory (Khan Academy, 2015)<\/p>\n<div class=\"video-container\"><iframe title=\"Cell theory | The cellular basis of life | High school biology | Khan Academy\" width=\"720\" height=\"405\" src=\"https:\/\/www.youtube.com\/embed\/zk3vlhz1b6k?feature=oembed&#038;wmode=opaque\" frameborder=\"0\" allow=\"accelerometer; autoplay; clipboard-write; encrypted-media; gyroscope; picture-in-picture; web-share\" referrerpolicy=\"strict-origin-when-cross-origin\" allowfullscreen><\/iframe><\/div>\n<p>&nbsp;<\/p>\n<p>Where Did Life Come From? |De onde a vida veio ? (Be Smart, 2018)<\/p>\n<div class=\"video-container\"><iframe title=\"Where Did Life Come From? (feat. PBS Space Time and Eons!)\" width=\"720\" height=\"405\" src=\"https:\/\/www.youtube.com\/embed\/_uAJY1mqtw4?feature=oembed&#038;wmode=opaque\" frameborder=\"0\" allow=\"accelerometer; autoplay; clipboard-write; encrypted-media; gyroscope; picture-in-picture; web-share\" referrerpolicy=\"strict-origin-when-cross-origin\" allowfullscreen><\/iframe><\/div>\n<p>&nbsp;<\/p>\n<p>Using Genomes to Track the Evolution of Life on Earth and Beyond (James A Lake &#8211; UCLA, 2012)<\/p>\n<div class=\"video-container\"><iframe title=\"Using Genomes to Track the Evolution of Life on Earth and Beyond\" width=\"720\" height=\"405\" src=\"https:\/\/www.youtube.com\/embed\/zxLLIedO2RI?feature=oembed&#038;wmode=opaque\" frameborder=\"0\" allow=\"accelerometer; autoplay; clipboard-write; encrypted-media; gyroscope; picture-in-picture; web-share\" referrerpolicy=\"strict-origin-when-cross-origin\" allowfullscreen><\/iframe><\/div>\n<p>&nbsp;<\/p>\n<p>Distinguished Lecture Series: The Origin of Cellular Life (Jack W. &#8211; Szostak Harvard University, 2014)<\/p>\n<div class=\"video-container\"><iframe title=\"Distinguished Lecture Series: The Origin of Cellular Life\" width=\"720\" height=\"405\" src=\"https:\/\/www.youtube.com\/embed\/d6qBgc1w3XE?feature=oembed&#038;wmode=opaque\" frameborder=\"0\" allow=\"accelerometer; autoplay; clipboard-write; encrypted-media; gyroscope; picture-in-picture; web-share\" referrerpolicy=\"strict-origin-when-cross-origin\" allowfullscreen><\/iframe><\/div>\n<p>&nbsp;<\/p>\n<p>Saprolegnia zoosporangial release (Donald Ott, 2012)<\/p>\n<div class=\"video-container\"><iframe title=\"Saprolegnia zoosporangial release\" width=\"720\" height=\"405\" src=\"https:\/\/www.youtube.com\/embed\/DHNY5xz1hhY?feature=oembed&#038;wmode=opaque\" frameborder=\"0\" allow=\"accelerometer; autoplay; clipboard-write; encrypted-media; gyroscope; picture-in-picture; web-share\" referrerpolicy=\"strict-origin-when-cross-origin\" allowfullscreen><\/iframe><\/div>\n<p>&nbsp;<\/p>\n<p>The Algae That Saved an Astronaut&#8217;s Life (Journey to the Microcosmos, 2021)<\/p>\n<div class=\"video-container\"><iframe title=\"The Algae That Saved an Astronaut&#039;s Life\" width=\"720\" height=\"405\" src=\"https:\/\/www.youtube.com\/embed\/GTvlQ0cAKpw?feature=oembed&#038;wmode=opaque\" frameborder=\"0\" allow=\"accelerometer; autoplay; clipboard-write; encrypted-media; gyroscope; picture-in-picture; web-share\" referrerpolicy=\"strict-origin-when-cross-origin\" allowfullscreen><\/iframe><\/div>\n<p>&nbsp;<\/p>\n<p>&nbsp;<\/p>\n<p><strong>3. Artigos e not\u00edcias<\/strong><\/p>\n<p><strong>Origem da vida<\/strong><\/p>\n<p>Conjunto de aulas do professor Jack Szostak sobre origem da vida: <a href=\"https:\/\/www.ibiology.org\/evolution\/origin-of-life\/\">https:\/\/www.ibiology.org\/evolution\/origin-of-life\/<\/a><\/p>\n<p>Artigo da Nature sobre evid\u00eancia de vida mais antiga: <a href=\"http:\/\/www.nature.com\/nature\/journal\/v543\/n7643\/full\/nature21377.html\">http:\/\/www.nature.com\/nature\/journal\/v543\/n7643\/full\/nature21377.html<\/a><\/p>\n<p>Not\u00edcia da Science News sobre microf\u00f3sseis de mais de 4 bilh\u00f5es de anos: <a href=\"https:\/\/www.sciencenews.org\/article\/oldest-microfossils-suggest-life-thrived-earth-about-4-billion-years-ago\">https:\/\/www.sciencenews.org\/article\/oldest-microfossils-suggest-life-thrived-earth-about-4-billion-years-ago<\/a><\/p>\n<p>Not\u00edcia da Science News sobre primeiros sinais de vida na Terra: <a href=\"https:\/\/www.sciencenews.org\/article\/lifes-early-traces\">https:\/\/www.sciencenews.org\/article\/lifes-early-traces<\/a><\/p>\n<p>Not\u00edcia da Science News sobre f\u00f3sseis mais antigos de sinais de vida na Groenl\u00e2ndia: https:\/\/www.sciencenews.org\/article\/greenland-may-be-home-earths-oldest-fossils<\/p>\n<p>Not\u00edcia da The Scientist sobre vida na crosta terrestre: <a href=\"https:\/\/www.the-scientist.com\/features\/life-thrives-within-the-earths-crust-64805\">https:\/\/www.the-scientist.com\/features\/life-thrives-within-the-earths-crust-64805<\/a><\/p>\n<p>Revista Pesquisa Fapesp &#8211; O avan\u00e7o das Superbact\u00e9rias: <a href=\"https:\/\/revistapesquisa.fapesp.br\/wp-content\/uploads\/2024\/01\/012-017_capa-infeccoes_335-Parte-1.pdf\">https:\/\/revistapesquisa.fapesp.br\/wp-content\/uploads\/2024\/01\/012-017_capa-infeccoes_335-Parte-1.pdf<\/a><\/p>\n<p>Testes de Compostos candidatos a antibi\u00f3ticos cresce na \u00faltima d\u00e9cada: <a href=\"https:\/\/revistapesquisa.fapesp.br\/testes-de-compostos-candidatos-a-antibioticos-cresce-na-ultima-decada\/\">https:\/\/revistapesquisa.fapesp.br\/testes-de-compostos-candidatos-a-antibioticos-cresce-na-ultima-decada\/<\/a><\/p>\n<p>Status of the Archaeal and Bacterial Census: an Update (Schloss <em>et al.<\/em>, 2016): <a href=\"https:\/\/doi.org\/10.1128\/mbio.00201-16\">https:\/\/doi.org\/10.1128\/mbio.00201-16<\/a><\/p>\n<p>Not\u00edcia da New Scientist sobre experimentos que tentam recriar as condi\u00e7\u00f5es pret\u00e9ritas da Terra: <a href=\"https:\/\/www.newscientist.com\/article\/mg20727721-100-recreate-life-to-understand-how-life-began\/\">https:\/\/www.newscientist.com\/article\/mg20727721-100-recreate-life-to-understand-how-life-began\/<\/a><\/p>\n<p>&nbsp;<\/p>\n<p><strong>Classifica\u00e7\u00e3o biol\u00f3gica<\/strong><\/p>\n<p>On the Origin of Mitosing Cells (Margulis, L., 1967) : <a href=\"https:\/\/sites.usp.br\/dbf\/wp-content\/uploads\/sites\/1573\/2025\/07\/Margulis_1966.pdf\">https:\/\/sites.usp.br\/dbf\/wp-content\/uploads\/sites\/1573\/2025\/07\/Margulis_1966.pdf<\/a><\/p>\n<p>Phylogenetic structure of the prokaryotic domain: The primary kingdoms (Woese &amp; Fox, 1977): <a href=\"https:\/\/sites.usp.br\/dbf\/wp-content\/uploads\/sites\/1573\/2025\/07\/Woese_1977.pdf\">https:\/\/sites.usp.br\/dbf\/wp-content\/uploads\/sites\/1573\/2025\/07\/Woese_1977.pdf<\/a><\/p>\n<p>American Journal of Botany Vol. 9 Ed. 10: <a href=\"https:\/\/www.jstor.org\/stable\/i383611\">https:\/\/www.jstor.org\/stable\/i383611<\/a><\/p>\n<p>The Deep Roots of eucaryotes (Baldauf, S., 2003): <a href=\"https:\/\/www.science.org\/doi\/10.1126\/science.1085544\">https:\/\/www.science.org\/doi\/10.1126\/science.1085544<\/a><\/p>\n<p>An overview of the phylogeny and diversity of eukaryotes (Baldauf, S., 2008): <a href=\"https:\/\/www.jse.ac.cn\/EN\/10.3724\/SP.J.1002.2008.08060\">https:\/\/www.jse.ac.cn\/EN\/10.3724\/SP.J.1002.2008.08060<\/a><\/p>\n<p>Plastid origin: a driving force for the evolution of algae (Bellorin e Oliveira, 2006): <a href=\"https:\/\/repositorio.usp.br\/item\/001532558\">https:\/\/repositorio.usp.br\/item\/001532558<\/a><\/p>\n<p>The tree of eukaryotes (Keeling <em>et al.<\/em>, 2005): <a href=\"https:\/\/www.cell.com\/trends\/ecology-evolution\/abstract\/S0169-5347(05)00304-6?_returnURL=https%3A%2F%2Flinkinghub.elsevier.com%2Fretrieve%2Fpii%2FS0169534705003046%3Fshowall%3Dtrue\">https:\/\/www.cell.com\/trends\/ecology-evolution\/abstract\/S0169-5347(05)00304-6?_returnURL=https%3A%2F%2Flinkinghub.elsevier.com%2Fretrieve%2Fpii%2FS0169534705003046%3Fshowall%3Dtrue<\/a><\/p>\n<p>Deep questions in the Tree of Life (Keeling <em>et al.<\/em>, 2007): <a href=\"https:\/\/www.science.org\/doi\/10.1126\/science.1149593\">https:\/\/www.science.org\/doi\/10.1126\/science.1149593<\/a><\/p>\n<p>Evaluations of Classifications of Eukaryotes (Parfrey <em>et al.<\/em>, 2006): <a href=\"https:\/\/journals.plos.org\/plosgenetics\/article?id=10.1371\/journal.pgen.0020220\">https:\/\/journals.plos.org\/plosgenetics\/article?id=10.1371\/journal.pgen.0020220<\/a><\/p>\n<p>New Concepts of Kingdoms of Organisms: Evolutionary relations are better represented by new classifications than by the traditional two kingdoms (Whittaker, R., 1969): <a href=\"https:\/\/www.science.org\/doi\/abs\/10.1126\/science.163.3863.150?casa_token=fQ8RkJUU64oAAAAA:anS92LYv9jNrnDjkE1ipF1fMKbuDppiYqKENC5UcRd2uSykmUa0X_h4A_jHBM1iouBHthQmTMUhktpk\">https:\/\/www.science.org\/doi\/abs\/10.1126\/science.163.3863.150?casa_token=fQ8RkJUU64oAAAAA:anS92LYv9jNrnDjkE1ipF1fMKbuDppiYqKENC5UcRd2uSykmUa0X_h4A_jHBM1iouBHthQmTMUhktpk<\/a><\/p>\n<p>Towards a natural system of organisms: proposal for the domains Archaea, Bacteria, and Eucarya (Woese <em>et a.<\/em>, 1990): <a href=\"https:\/\/www.pnas.org\/doi\/abs\/10.1073\/pnas.87.12.4576\">https:\/\/www.pnas.org\/doi\/abs\/10.1073\/pnas.87.12.4576<\/a><\/p>\n","protected":false},"excerpt":{"rendered":"<p>Material externo que pode ser utilizado para aperfei\u00e7oar os conhecimentos de cada aula. Cada material presente aqui tamb\u00e9m est\u00e1 dispon\u00edvel em sua respectiva aula. &nbsp; 1. Sites de Biodiversidade Tree of Life: https:\/\/tolweb.org Life&#46;&#46;&#46;<\/p>\n","protected":false},"author":24390,"featured_media":0,"parent":0,"menu_order":0,"comment_status":"closed","ping_status":"closed","template":"","meta":{"footnotes":"","_links_to":"","_links_to_target":""},"class_list":["post-319","page","type-page","status-publish","hentry"],"_links":{"self":[{"href":"https:\/\/sites.usp.br\/dbf\/wp-json\/wp\/v2\/pages\/319","targetHints":{"allow":["GET"]}}],"collection":[{"href":"https:\/\/sites.usp.br\/dbf\/wp-json\/wp\/v2\/pages"}],"about":[{"href":"https:\/\/sites.usp.br\/dbf\/wp-json\/wp\/v2\/types\/page"}],"author":[{"embeddable":true,"href":"https:\/\/sites.usp.br\/dbf\/wp-json\/wp\/v2\/users\/24390"}],"replies":[{"embeddable":true,"href":"https:\/\/sites.usp.br\/dbf\/wp-json\/wp\/v2\/comments?post=319"}],"version-history":[{"count":4,"href":"https:\/\/sites.usp.br\/dbf\/wp-json\/wp\/v2\/pages\/319\/revisions"}],"predecessor-version":[{"id":479,"href":"https:\/\/sites.usp.br\/dbf\/wp-json\/wp\/v2\/pages\/319\/revisions\/479"}],"wp:attachment":[{"href":"https:\/\/sites.usp.br\/dbf\/wp-json\/wp\/v2\/media?parent=319"}],"curies":[{"name":"wp","href":"https:\/\/api.w.org\/{rel}","templated":true}]}}