{"id":328,"date":"2025-03-13T15:22:45","date_gmt":"2025-03-13T17:22:45","guid":{"rendered":"https:\/\/sites.usp.br\/dbf\/?page_id=328"},"modified":"2026-02-23T19:49:18","modified_gmt":"2026-02-23T21:49:18","slug":"referencias-bibliograficas","status":"publish","type":"page","link":"https:\/\/sites.usp.br\/dbf\/referencias-bibliograficas\/","title":{"rendered":"Refer\u00eancias Bibliogr\u00e1ficas"},"content":{"rendered":"<p>N\u00e3o esque\u00e7a de checar na biblioteca virtual usp &#8220;<strong>Minha Biblioteca<\/strong>&#8221; :<a href=\"https:\/\/acesso.abcd.usp.br\"> https:\/\/acesso.abcd.usp.br<\/a>. Muitos dos livros listados aqui est\u00e3o dispon\u00edveis.\u00a0<br \/><br \/><\/p>\r\n<p>BARNES, Robert D; RUPPERT, Edward E.; FOX, Richard S. <strong><em data-start=\"918\" data-end=\"946\">Zoologia dos invertebrados<\/em>. 7. ed.<\/strong> S\u00e3o Paulo: Roca, 2005. ISBN 9788572415712. Dispon\u00edvel em: <a href=\"https:\/\/www.amazon.com.br\/Zoologia-Dos-Invertebrados-Robert-Barnes\/dp\/8572415718\">https:\/\/www.amazon.com.br\/Zoologia-Dos-Invertebrados-Robert-Barnes\/dp\/8572415718<\/a>.\u00a0<\/p>\r\n<p>BRUSCA, Richard C.; MOORE, Wendy; SHUSTER, Stephen, M. <strong><em data-start=\"126\" data-end=\"141\">Invertebrados<\/em>. 3. ed.<\/strong> Rio de Janeiro: Guanabara Koogan, 2018. ISBN 9788527731997. Dispon\u00edvel em: <a href=\"https:\/\/app.minhabiblioteca.com.br\/reader\/books\/9788527733458\">https:\/\/app.minhabiblioteca.com.br\/reader\/books\/9788527733458<\/a>.<\/p>\r\n<p><span style=\"font-weight: 400;\">CRACRAFT, Joel; DONOGHUE, Michael J. <\/span><strong><em>Assembling the Tree of Life.<\/em> 1. ed<\/strong><span style=\"font-weight: 400;\"><strong>.<\/strong> Oxford University Press, Oxford, 2004. ISBN 9780195172348. Dispon\u00edvel em:<\/span><a href=\"https:\/\/www.amazon.com\/Assembling-Tree-Life-Joel-Cracraft\/dp\/0195172345\"> <span style=\"font-weight: 400;\">https:\/\/www.amazon.com\/Assembling-Tree-Life-Joel-Cracraft\/dp\/0195172345<\/span><\/a><span style=\"font-weight: 400;\">.<\/span><\/p>\r\n<p>HICKMAN, Cleveland. P.; KEEN, Susan L.; EISENHOUR, David J. <strong><em data-start=\"243\" data-end=\"278\">Princ\u00edpios integrados de zoologia<\/em>. 18. ed.<\/strong> Rio de Janeiro: Guanabara Koogan, 2022. ISBN 9788527738637. Dispon\u00edvel em: <a href=\"https:\/\/app.minhabiblioteca.com.br\/reader\/books\/9788527738651\">https:\/\/app.minhabiblioteca.com.br\/reader\/books\/9788527738651<\/a>.\u00a0<\/p>\r\n<p><span style=\"font-weight: 400;\">MADIGAN, Michael T.; MARTINKO, John M.; BENDER, Kelly S.; BUCKLEY, Daniel H.; STAHL, David, A.; FONSECA, Fl\u00e1vio, G. da. <\/span><strong><em>Microbiologia de Brock<\/em>. 14. ed<\/strong><b>. <\/b><span style=\"font-weight: 400;\">Porto Alegre: ArtMed, E-book. 2016. Cap. 16. ISBN 9788582712986.\u00a0 Dispon\u00edvel em:<\/span><a href=\"https:\/\/app.minhabiblioteca.com.br\/reader\/books\/9788582712986\/\"> <span style=\"font-weight: 400;\">https:\/\/app.minhabiblioteca.com.br\/reader\/books\/9788582712986\/<\/span><\/a><span style=\"font-weight: 400;\">.<\/span><\/p>\r\n<p>MADIGAN, Michael T.; MARTINKO, John M.; PARKER, Jack. <strong><em data-start=\"374\" data-end=\"398\">Microbiologia de Brock<\/em>. 10. ed.<\/strong> S\u00e3o Paulo: Prentice Hall, 2004. ISBN 9788587918512. Dispon\u00edvel em: <a href=\"https:\/\/www.amazon.com.br\/Microbiologia-Brock-Michael-T-Madigan\/dp\/8587918516\">https:\/\/www.amazon.com.br\/Microbiologia-Brock-Michael-T-Madigan\/dp\/8587918516<\/a>.<\/p>\r\n<p><span style=\"font-weight: 400;\">MARGULIS, Lynn; SCHWARTZ, Karlene V. <\/span><strong><em>Cinco Reinos. Um Guia Ilustrado dos Filos da Vida na Terra<\/em>. 3\u00aa ed<\/strong><b>.<\/b><span style=\"font-weight: 400;\"> Rio de Janeiro, Guanabara-Koogan, 2001. ISBN 9788527706353. Dispon\u00edvel em:<\/span><a href=\"https:\/\/www.amazon.com.br\/Cinco-Reinos-Ilustrado-Filos-Terra\/dp\/8527706350\"> <span style=\"font-weight: 400;\">https:\/\/www.amazon.com.br\/Cinco-Reinos-Ilustrado-Filos-Terra\/dp\/8527706350<\/span><\/a><span style=\"font-weight: 400;\">.<\/span><\/p>\r\n<p>MATIOLI, Sergio R. \u00a0(org.) <strong><em data-start=\"465\" data-end=\"496\">Biologia molecular e evolu\u00e7\u00e3o<\/em><\/strong>. Ribeir\u00e3o Preto: Holos, 2001. ISBN <span class=\"a-text-bold\">\u200e<\/span>9788586699757. Dispon\u00edvel em: <a href=\"https:\/\/www.amazon.com.br\/Biologia-Molecular-Evolu\u00e7\u00e3o-Sergio-Matioli\/dp\/8586699756\">https:\/\/www.amazon.com.br\/Biologia-Molecular-Evolu\u00e7\u00e3o-Sergio-Matioli\/dp\/8586699756<\/a>.<\/p>\r\n<p>MENCK, Carlos F. M. \u00a0(org.) <em><strong>A evolu\u00e7\u00e3o \u00e9 fato<\/strong><\/em>. Rio de Janeiro, Academia Brasileira de Ci\u00eancias, 2024. ISBN 9786598176334. Dispon\u00edvel em: <a href=\"https:\/\/www.abc.org.br\/wp-content\/uploads\/2024\/09\/ABC_Evolucao_redux.pdf\" target=\"_blank\" rel=\"noreferrer noopener\">https:\/\/www.abc.org.br\/wp-content\/uploads\/2024\/09\/ABC_Evolucao_redux.pdf<\/a>.<\/p>\r\n<p data-start=\"537\" data-end=\"625\">OLIVEIRA, Eurico. <strong><em data-start=\"553\" data-end=\"584\">Introdu\u00e7\u00e3o \u00e0 biologia vegetal<\/em>. 2. ed.<\/strong> S\u00e3o Paulo: Edusp, 2003. ISBN 9788531403491. Dispon\u00edvel em: <a href=\"https:\/\/www.amazon.com.br\/Introdu\u00e7\u00e3o-Biologia-Vegetal-Cole\u00e7\u00e3o-Acad\u00eamica\/dp\/8531403499\">https:\/\/www.amazon.com.br\/Introdu\u00e7\u00e3o-Biologia-Vegetal-Cole\u00e7\u00e3o-Acad\u00eamica\/dp\/8531403499<\/a>.<\/p>\r\n<p data-start=\"627\" data-end=\"722\">PESSOA, Sauel B.; MARTINS, Amilcar V. <strong><em data-start=\"657\" data-end=\"679\">Parasitologia m\u00e9dica<\/em><\/strong>. Rio de Janeiro: Guanabara Koogan, 1988.\u00a0<\/p>\r\n<p data-start=\"724\" data-end=\"874\">PICKETT-HEAPS, Jeremy; PICKETT-HEAPS, Julianne. <strong><em data-start=\"761\" data-end=\"819\">The kingdom Protista: the dazzling world of living cells<\/em><\/strong>. [S.l.]: Cytographics, 2006. DVD. ISBN 0-958601-9-9. Dispon\u00edvel em: <a href=\"https:\/\/www.amazon.com\/Kingdom-Protista-Dazzling-World-Living\/dp\/0958608199\">https:\/\/www.amazon.com\/Kingdom-Protista-Dazzling-World-Living\/dp\/0958608199<\/a>.<\/p>\r\n<p data-start=\"724\" data-end=\"874\"><span style=\"font-weight: 400;\">RAVEN, Peter H.; EVERT, Ray F.; EICHHORN, Susan E. <\/span><em><strong>Biologia Vegetal<\/strong><\/em><b>. 7\u00aa ed.<\/b><span style=\"font-weight: 400;\"> Rio de Janeiro, Guanabara Koogan S.A., 2007. ISBN 9788527712293. Dispon\u00edvel em:<\/span><a href=\"https:\/\/www.amazon.com.br\/Biologia-Vegetal-Peter-H-Raven\/dp\/8527712296\"> <span style=\"font-weight: 400;\">https:\/\/www.amazon.com.br\/Biologia-Vegetal-Peter-H-Raven\/dp\/8527712296<\/span><\/a><span style=\"font-weight: 400;\">.<\/span><\/p>\r\n<p data-start=\"989\" data-end=\"1071\">SLEIGH, Michael. A. <strong><em data-start=\"1003\" data-end=\"1032\">Protozoa and other protists<\/em><\/strong>. London: Edward Arnold, 1989. ISBN 9780713129434. Dispon\u00edvel em: <a href=\"https:\/\/www.amazon.com\/Protozoa-other-protists-Michael-Sleigh\/dp\/0713129433\">https:\/\/www.amazon.com\/Protozoa-other-protists-Michael-Sleigh\/dp\/0713129433<\/a>.<\/p>\r\n\r\n<p><span style=\"font-weight: 400;\">TORTORA, Gerard, .; CASE, Christine L.; BAIR III, Warner B.; WEBER, Derek; FUNKE, Berdell R. <\/span><strong><em>Microbiology Tortora<\/em>. 14. ed.<\/strong><span style=\"font-weight: 400;\">, Porto Alegre: ArtMed, E-book. 2024. Cap. 13. ISBN 9786558822578. Dispon\u00edvel em:<\/span><a href=\"https:\/\/app.minhabiblioteca.com.br\/reader\/books\/9786558822585\/\"> <span style=\"font-weight: 400;\">https:\/\/app.minhabiblioteca.com.br\/reader\/books\/9786558822585\/<\/span><\/a><span style=\"font-weight: 400;\">.<\/span><\/p>\r\n","protected":false},"excerpt":{"rendered":"<p>N\u00e3o esque\u00e7a de checar na biblioteca virtual usp &#8220;Minha Biblioteca&#8221; : https:\/\/acesso.abcd.usp.br. Muitos dos livros listados aqui est\u00e3o dispon\u00edveis.\u00a0 BARNES, Robert D; RUPPERT, Edward E.; FOX, Richard S. Zoologia dos invertebrados. 7. ed. S\u00e3o&#46;&#46;&#46;<\/p>\n","protected":false},"author":24390,"featured_media":0,"parent":0,"menu_order":0,"comment_status":"closed","ping_status":"closed","template":"","meta":{"footnotes":"","_links_to":"","_links_to_target":""},"class_list":["post-328","page","type-page","status-publish","hentry"],"_links":{"self":[{"href":"https:\/\/sites.usp.br\/dbf\/wp-json\/wp\/v2\/pages\/328","targetHints":{"allow":["GET"]}}],"collection":[{"href":"https:\/\/sites.usp.br\/dbf\/wp-json\/wp\/v2\/pages"}],"about":[{"href":"https:\/\/sites.usp.br\/dbf\/wp-json\/wp\/v2\/types\/page"}],"author":[{"embeddable":true,"href":"https:\/\/sites.usp.br\/dbf\/wp-json\/wp\/v2\/users\/24390"}],"replies":[{"embeddable":true,"href":"https:\/\/sites.usp.br\/dbf\/wp-json\/wp\/v2\/comments?post=328"}],"version-history":[{"count":5,"href":"https:\/\/sites.usp.br\/dbf\/wp-json\/wp\/v2\/pages\/328\/revisions"}],"predecessor-version":[{"id":584,"href":"https:\/\/sites.usp.br\/dbf\/wp-json\/wp\/v2\/pages\/328\/revisions\/584"}],"wp:attachment":[{"href":"https:\/\/sites.usp.br\/dbf\/wp-json\/wp\/v2\/media?parent=328"}],"curies":[{"name":"wp","href":"https:\/\/api.w.org\/{rel}","templated":true}]}}