{"id":347,"date":"2025-03-26T12:57:58","date_gmt":"2025-03-26T14:57:58","guid":{"rendered":"https:\/\/sites.usp.br\/dbf\/?page_id=347"},"modified":"2025-03-26T13:01:58","modified_gmt":"2025-03-26T15:01:58","slug":"origem-da-celula-eucariotica-2","status":"publish","type":"page","link":"https:\/\/sites.usp.br\/dbf\/origem-da-celula-eucariotica-2\/","title":{"rendered":"Origem da c\u00e9lula eucari\u00f3tica"},"content":{"rendered":"<p><strong>Olhando uma gota de \u00e1gua ao microsc\u00f3pio:<\/strong><\/p>\n<p><a href=\"https:\/\/drive.google.com\/file\/d\/17bR7TNX3ojaqMk9P8yjl3tK9bEgyrpIh\/view\">https:\/\/drive.google.com\/file\/d\/17bR7TNX3ojaqMk9P8yjl3tK9bEgyrpIh\/view<\/a><\/p>\n<p>ATEN\u00c7\u00c3O: \u00e9 poss\u00edvel ativar a legenda com tradu\u00e7\u00e3o autom\u00e1tica para o portugu\u00eas nos v\u00eddeos em<br \/>\ningl\u00eas.<\/p>\n<p><strong>Bibliografia:<\/strong><br \/>\nCap 16 Microbioogy Brock 13o Edi\u00e7\u00e3o (biblioteca)<br \/>\n-Cap 13 Microbiology Tortora 11o Edi\u00e7\u00e3o (web)<br \/>\n-Cap. 6 do Cracraft, J. &amp; Donoghue, M.J. 2004<br \/>\n-Margulis, L &amp; K. V. Schwartz. 2001. Cinco Reinos.<br \/>\n-Cap. 13 Raven, P.H.; Evert, R.F; Eichhorn, S.E. 2007<\/p>\n","protected":false},"excerpt":{"rendered":"<p>Olhando uma gota de \u00e1gua ao microsc\u00f3pio: https:\/\/drive.google.com\/file\/d\/17bR7TNX3ojaqMk9P8yjl3tK9bEgyrpIh\/view ATEN\u00c7\u00c3O: \u00e9 poss\u00edvel ativar a legenda com tradu\u00e7\u00e3o autom\u00e1tica para o portugu\u00eas nos v\u00eddeos em ingl\u00eas. Bibliografia: Cap 16 Microbioogy Brock 13o Edi\u00e7\u00e3o (biblioteca) -Cap 13&#46;&#46;&#46;<\/p>\n","protected":false},"author":24390,"featured_media":0,"parent":0,"menu_order":0,"comment_status":"closed","ping_status":"closed","template":"","meta":{"footnotes":"","_links_to":"","_links_to_target":""},"class_list":["post-347","page","type-page","status-publish","hentry"],"_links":{"self":[{"href":"https:\/\/sites.usp.br\/dbf\/wp-json\/wp\/v2\/pages\/347","targetHints":{"allow":["GET"]}}],"collection":[{"href":"https:\/\/sites.usp.br\/dbf\/wp-json\/wp\/v2\/pages"}],"about":[{"href":"https:\/\/sites.usp.br\/dbf\/wp-json\/wp\/v2\/types\/page"}],"author":[{"embeddable":true,"href":"https:\/\/sites.usp.br\/dbf\/wp-json\/wp\/v2\/users\/24390"}],"replies":[{"embeddable":true,"href":"https:\/\/sites.usp.br\/dbf\/wp-json\/wp\/v2\/comments?post=347"}],"version-history":[{"count":2,"href":"https:\/\/sites.usp.br\/dbf\/wp-json\/wp\/v2\/pages\/347\/revisions"}],"predecessor-version":[{"id":350,"href":"https:\/\/sites.usp.br\/dbf\/wp-json\/wp\/v2\/pages\/347\/revisions\/350"}],"wp:attachment":[{"href":"https:\/\/sites.usp.br\/dbf\/wp-json\/wp\/v2\/media?parent=347"}],"curies":[{"name":"wp","href":"https:\/\/api.w.org\/{rel}","templated":true}]}}