{"id":352,"date":"2025-05-09T13:49:00","date_gmt":"2025-05-09T15:49:00","guid":{"rendered":"https:\/\/sites.usp.br\/dbf\/?page_id=352"},"modified":"2026-02-23T10:28:06","modified_gmt":"2026-02-23T12:28:06","slug":"a-vida-celular-em-tres-dominios","status":"publish","type":"page","link":"https:\/\/sites.usp.br\/dbf\/a-vida-celular-em-tres-dominios\/","title":{"rendered":"A vida celular em tr\u00eas dom\u00ednios"},"content":{"rendered":"<p><strong>Objetivos<\/strong>:<\/p>\n<ol>\n<li>Compreender a import\u00e2ncia da c\u00e9lula como unidade b\u00e1sica da vida;<\/li>\n<li>A origem da vida na Terra e o desenvolvimento dos primeiros organismos celulares;<\/li>\n<li>Gen\u00f4mica como ferramenta para entender a evolu\u00e7\u00e3o da vida.<\/li>\n<\/ol>\n<p>&nbsp;<\/p>\n<p>Para co<span style=\"font-weight: 400;\">mpreender a organiza\u00e7\u00e3o da vida, \u00e9 necess\u00e1rio entender sua unidade b\u00e1sica: a c\u00e9lula. Assista aos v\u00eddeos abaixo.<\/span><\/p>\n<p>Cell Theory (Khan Acade<span style=\"font-weight: 400;\">my, 2015) &#8211; <a href=\"https:\/\/youtu.be\/zk3vlhz1b6k?si=5a4f10dV0kMDmbkI\">https:\/\/youtu.be\/zk3vlhz1b6k?si=5a4f10dV0kMDmbkI<\/a><\/span><\/p>\n<p>Distinguished Lecture Series: The Origin of Cellular Life (Jack W. \u2013 Szostak Harvard University, 2014) &#8211; <a href=\"https:\/\/youtu.be\/d6qBgc1w3XE?si=nNdLsA_OPd_b2Qnt\">https:\/\/youtu.be\/d6qBgc1w3XE?si=nNdLsA_OPd_b2Qnt<\/a><\/p>\n<p>&nbsp;<\/p>\n<p>Mas e de onde as c\u00e9lulas surgira<span style=\"font-weight: 400;\">m? De onde a vida veio? Assista aos v\u00eddeos para entender os estudos que nos levaram at\u00e9 o conhecimento atual sobre o assunto:<\/span><\/p>\n<p>Where Did Life Come From? |De onde a vida veio ? (Be Smart, 2018) &#8211; <a href=\"https:\/\/youtu.be\/_uAJY1mqtw4?si=7tLs2HwYkA7Covrq\">https:\/\/youtu.be\/_uAJY1mqtw4?si=7tLs2HwYkA7Covrq<\/a><\/p>\n<p>Using Genomes to Track the Evolution of Life on Earth and Beyond (James A Lake \u2013 UCLA, 2012) &#8211; <a href=\"https:\/\/youtu.be\/zxLLIedO2RI?si=JlC9NCha76jkMxjE\">https:\/\/youtu.be\/zxLLIedO2RI?si=JlC9NCha76jkMxjE<\/a><\/p>\n<p>&nbsp;<\/p>\n","protected":false},"excerpt":{"rendered":"<p>Objetivos: Compreender a import\u00e2ncia da c\u00e9lula como unidade b\u00e1sica da vida; A origem da vida na Terra e o desenvolvimento dos primeiros organismos celulares; Gen\u00f4mica como ferramenta para entender a evolu\u00e7\u00e3o da vida. &nbsp;&#46;&#46;&#46;<\/p>\n","protected":false},"author":24390,"featured_media":0,"parent":0,"menu_order":0,"comment_status":"closed","ping_status":"closed","template":"","meta":{"footnotes":"","_links_to":"","_links_to_target":""},"class_list":["post-352","page","type-page","status-publish","hentry"],"_links":{"self":[{"href":"https:\/\/sites.usp.br\/dbf\/wp-json\/wp\/v2\/pages\/352","targetHints":{"allow":["GET"]}}],"collection":[{"href":"https:\/\/sites.usp.br\/dbf\/wp-json\/wp\/v2\/pages"}],"about":[{"href":"https:\/\/sites.usp.br\/dbf\/wp-json\/wp\/v2\/types\/page"}],"author":[{"embeddable":true,"href":"https:\/\/sites.usp.br\/dbf\/wp-json\/wp\/v2\/users\/24390"}],"replies":[{"embeddable":true,"href":"https:\/\/sites.usp.br\/dbf\/wp-json\/wp\/v2\/comments?post=352"}],"version-history":[{"count":4,"href":"https:\/\/sites.usp.br\/dbf\/wp-json\/wp\/v2\/pages\/352\/revisions"}],"predecessor-version":[{"id":580,"href":"https:\/\/sites.usp.br\/dbf\/wp-json\/wp\/v2\/pages\/352\/revisions\/580"}],"wp:attachment":[{"href":"https:\/\/sites.usp.br\/dbf\/wp-json\/wp\/v2\/media?parent=352"}],"curies":[{"name":"wp","href":"https:\/\/api.w.org\/{rel}","templated":true}]}}