{"id":3416,"date":"2025-05-05T15:10:33","date_gmt":"2025-05-05T18:10:33","guid":{"rendered":"https:\/\/sites.usp.br\/dcbm\/?page_id=3416"},"modified":"2025-05-05T15:15:58","modified_gmt":"2025-05-05T18:15:58","slug":"labcentralbq","status":"publish","type":"page","link":"https:\/\/sites.usp.br\/dcbm\/labcentralbq\/","title":{"rendered":"Lab-CentralBQ"},"content":{"rendered":"\t\t<div data-elementor-type=\"wp-page\" data-elementor-id=\"3416\" class=\"elementor elementor-3416\" data-elementor-post-type=\"page\">\n\t\t\t\t\t\t<section class=\"elementor-section elementor-top-section elementor-element elementor-element-236d7a8 elementor-section-boxed elementor-section-height-default elementor-section-height-default\" data-id=\"236d7a8\" data-element_type=\"section\" data-settings=\"{&quot;background_background&quot;:&quot;classic&quot;}\">\n\t\t\t\t\t\t<div class=\"elementor-container elementor-column-gap-default\">\n\t\t\t\t\t<div class=\"elementor-column elementor-col-100 elementor-top-column elementor-element elementor-element-b465f21\" data-id=\"b465f21\" data-element_type=\"column\">\n\t\t\t<div class=\"elementor-widget-wrap elementor-element-populated\">\n\t\t\t\t\t\t<div class=\"elementor-element elementor-element-3bcb055 elementor-widget elementor-widget-heading\" data-id=\"3bcb055\" data-element_type=\"widget\" data-widget_type=\"heading.default\">\n\t\t\t\t<div class=\"elementor-widget-container\">\n\t\t\t<h2 class=\"elementor-heading-title elementor-size-default\">LABORAT\u00d3RIOS MULTIUSU\u00c1RIOS<\/h2>\t\t<\/div>\n\t\t\t\t<\/div>\n\t\t\t\t<section class=\"elementor-section elementor-inner-section elementor-element elementor-element-b59cae7 elementor-section-boxed elementor-section-height-default elementor-section-height-default\" data-id=\"b59cae7\" data-element_type=\"section\">\n\t\t\t\t\t\t<div class=\"elementor-container elementor-column-gap-default\">\n\t\t\t\t\t<div class=\"elementor-column elementor-col-100 elementor-inner-column elementor-element elementor-element-576a6bb\" data-id=\"576a6bb\" data-element_type=\"column\">\n\t\t\t<div class=\"elementor-widget-wrap elementor-element-populated\">\n\t\t\t\t\t\t<div class=\"elementor-element elementor-element-a20f8a8 elementor-widget elementor-widget-image\" data-id=\"a20f8a8\" data-element_type=\"widget\" data-widget_type=\"image.default\">\n\t\t\t\t<div class=\"elementor-widget-container\">\n\t\t\t\t\t\t\t\t\t\t\t\t\t<img fetchpriority=\"high\" decoding=\"async\" width=\"1024\" height=\"576\" src=\"https:\/\/sites.usp.br\/dcbm\/wp-content\/uploads\/sites\/1624\/2025\/04\/diagnostic_lab-1024x576.png\" class=\"attachment-large size-large wp-image-3261\" alt=\"\" srcset=\"https:\/\/sites.usp.br\/dcbm\/wp-content\/uploads\/sites\/1624\/2025\/04\/diagnostic_lab-1024x576.png 1024w, https:\/\/sites.usp.br\/dcbm\/wp-content\/uploads\/sites\/1624\/2025\/04\/diagnostic_lab-300x169.png 300w, https:\/\/sites.usp.br\/dcbm\/wp-content\/uploads\/sites\/1624\/2025\/04\/diagnostic_lab-768x432.png 768w, https:\/\/sites.usp.br\/dcbm\/wp-content\/uploads\/sites\/1624\/2025\/04\/diagnostic_lab-1536x864.png 1536w, https:\/\/sites.usp.br\/dcbm\/wp-content\/uploads\/sites\/1624\/2025\/04\/diagnostic_lab-2048x1152.png 2048w, https:\/\/sites.usp.br\/dcbm\/wp-content\/uploads\/sites\/1624\/2025\/04\/diagnostic_lab-800x450.png 800w, https:\/\/sites.usp.br\/dcbm\/wp-content\/uploads\/sites\/1624\/2025\/04\/diagnostic_lab-310x174.png 310w, https:\/\/sites.usp.br\/dcbm\/wp-content\/uploads\/sites\/1624\/2025\/04\/diagnostic_lab-400x225.png 400w\" sizes=\"(max-width: 1024px) 100vw, 1024px\" \/>\t\t\t\t\t\t\t\t\t\t\t\t\t<\/div>\n\t\t\t\t<\/div>\n\t\t\t\t<div class=\"elementor-element elementor-element-38ab83d elementor-widget elementor-widget-spacer\" data-id=\"38ab83d\" data-element_type=\"widget\" data-widget_type=\"spacer.default\">\n\t\t\t\t<div class=\"elementor-widget-container\">\n\t\t\t\t\t<div class=\"elementor-spacer\">\n\t\t\t<div class=\"elementor-spacer-inner\"><\/div>\n\t\t<\/div>\n\t\t\t\t<\/div>\n\t\t\t\t<\/div>\n\t\t\t\t\t<\/div>\n\t\t<\/div>\n\t\t\t\t\t<\/div>\n\t\t<\/section>\n\t\t\t\t<div class=\"elementor-element elementor-element-514ab2d elementor-widget elementor-widget-heading\" data-id=\"514ab2d\" data-element_type=\"widget\" data-widget_type=\"heading.default\">\n\t\t\t\t<div class=\"elementor-widget-container\">\n\t\t\t<h2 class=\"elementor-heading-title elementor-size-default\">Central Multiusu\u00e1rio em Bioqu\u00edmica Estrutural e Metabolismo \u2013 Central BQ<\/h2>\t\t<\/div>\n\t\t\t\t<\/div>\n\t\t\t\t<div class=\"elementor-element elementor-element-eafa53a elementor-widget elementor-widget-text-editor\" data-id=\"eafa53a\" data-element_type=\"widget\" data-widget_type=\"text-editor.default\">\n\t\t\t\t<div class=\"elementor-widget-container\">\n\t\t\t\t\t\t\t<div>A Central Multiusu\u00e1rio em Bioqu\u00edmica Estrutural e Metabolismo (CENTRAL BQ), localizada no Departamento de Ci\u00eancias Biomoleculares da FCFRP- USP, oferece apoio \u00e0 pesquisa e inova\u00e7\u00e3o, congregando equipamentos e oferecendo servi\u00e7os executados por t\u00e9cnicos especialistas e\/ou pelo pr\u00f3prio usu\u00e1rio ap\u00f3s treinamento. O objetivo da CENTRAL BQ \u00e9 possibilitar o compartilhamento e a otimiza\u00e7\u00e3o do uso desses equipamentos em servi\u00e7os de an\u00e1lises de amostras oriundas dos setores p\u00fablico e privado.<\/div><div>\u00a0<\/div><div><h1><span style=\"color: #333399;\"><strong>Ultracentr\u00edfuga<\/strong><\/span><\/h1><\/div><div><div><strong>Ultracentr\u00edfuga \u2013 Beckman Coulter \u2013 Modelo XL 70K<\/strong><\/div><div>A ultracentr\u00edfuga \u00e9 um <a href=\"https:\/\/sites.usp.br\/dcbm\/wp-content\/uploads\/sites\/1624\/2025\/04\/ultracent-300x225-1.jpg\"><img decoding=\"async\" class=\"size-full wp-image-3281 alignright\" src=\"https:\/\/sites.usp.br\/dcbm\/wp-content\/uploads\/sites\/1624\/2025\/04\/ultracent-300x225-1.jpg\" alt=\"\" width=\"300\" height=\"225\" srcset=\"https:\/\/sites.usp.br\/dcbm\/wp-content\/uploads\/sites\/1624\/2025\/04\/ultracent-300x225-1.jpg 300w, https:\/\/sites.usp.br\/dcbm\/wp-content\/uploads\/sites\/1624\/2025\/04\/ultracent-300x225-1-80x60.jpg 80w\" sizes=\"(max-width: 300px) 100vw, 300px\" \/><\/a>equipamento destinado \u00e0 separa\u00e7\u00e3o de part\u00edculas com baixo coeficiente de sedimenta\u00e7\u00e3o (microssomas, v\u00edrus, macromol\u00e9culas). A velocidade m\u00e1xima que atinge \u00e9 de 70.000 rpm, por isso possui sistemas auxiliares de refrigera\u00e7\u00e3o e alto v\u00e1cuo.<\/div><div>\u00a0<\/div><\/div><div><h1><span style=\"color: #333399;\"><strong>Solicita\u00e7\u00e3o de An\u00e1lises e Resultados<\/strong><\/span><\/h1><p>Entrar em contato com a T\u00e9cnica Respons\u00e1vel para agendar o uso do equipamento atrav\u00e9s de e-mail (<a>anacrisp@usp.br<\/a>), telefone 16-3315-4215 ou pessoalmente. O protocolo dever\u00e1 ser elaborado de acordo com a necessidade da pesquisa e adequa\u00e7\u00e3o do equipamento e acess\u00f3rios (rotores). Trazer os materiais descart\u00e1veis, como tubos espec\u00edficos para o rotor, ponteiras, pipetas, etc.<\/p><\/div><h1><span style=\"color: #333399;\"><strong>Usu\u00e1rios<\/strong><\/span><\/h1><p>A utiliza\u00e7\u00e3o dos equipamentos \u00e9 aberta preferencialmente aos docentes e alunos de p\u00f3s-gradua\u00e7\u00e3o da FCFRP-USP e demais unidades da Universidade de S\u00e3o Paulo (USP). De acordo com a disponibilidade de hor\u00e1rios, a utiliza\u00e7\u00e3o poder\u00e1 ser expandida para outros usu\u00e1rios externos, como docentes e alunos de outras institui\u00e7\u00f5es de ensino e pesquisa, al\u00e9m de laborat\u00f3rios diversos, empresas ou ind\u00fastrias interessadas.<\/p><h1><span style=\"color: #333399;\"><strong>Localiza\u00e7\u00e3o<\/strong><\/span><\/h1><p>O equipamento est\u00e1 instalado no Bloco A da FCFRP-USP na sala 79 (1\u00ba andar).<\/p><h1><span style=\"color: #333399;\"><strong>Hor\u00e1rio de Atendimento<\/strong><\/span><\/h1><div>Segunda a Sexta-feira, das 8:00 \u00e0s 17:00.<\/div><div>\u00a0<\/div><h1><span style=\"color: #333399;\"><strong>Contato<\/strong><\/span><\/h1><p><strong>E-mail:<\/strong> <a>centralbq@usp.br<\/a><br \/><strong>Telefone:<\/strong> (16) 3315-0308 \/ 3315-4435<\/p>\t\t\t\t\t\t<\/div>\n\t\t\t\t<\/div>\n\t\t\t\t\t<\/div>\n\t\t<\/div>\n\t\t\t\t\t<\/div>\n\t\t<\/section>\n\t\t\t\t<\/div>\n\t\t","protected":false},"excerpt":{"rendered":"<p>LABORAT\u00d3RIOS MULTIUSU\u00c1RIOS Central Multiusu\u00e1rio em Bioqu\u00edmica Estrutural e Metabolismo \u2013 Central BQ A Central Multiusu\u00e1rio em Bioqu\u00edmica Estrutural e Metabolismo (CENTRAL BQ), localizada no Departamento de Ci\u00eancias Biomoleculares da FCFRP- USP, oferece apoio \u00e0 pesquisa e inova\u00e7\u00e3o, congregando equipamentos e oferecendo servi\u00e7os executados por t\u00e9cnicos especialistas e\/ou pelo pr\u00f3prio usu\u00e1rio ap\u00f3s treinamento. O objetivo da [&hellip;]<\/p>\n","protected":false},"author":24566,"featured_media":0,"parent":0,"menu_order":0,"comment_status":"closed","ping_status":"closed","template":"","meta":{"_monsterinsights_skip_tracking":false,"_monsterinsights_sitenote_active":false,"_monsterinsights_sitenote_note":"","_monsterinsights_sitenote_category":0,"footnotes":"","_links_to":"","_links_to_target":""},"class_list":["post-3416","page","type-page","status-publish","hentry","entry"],"_links":{"self":[{"href":"https:\/\/sites.usp.br\/dcbm\/wp-json\/wp\/v2\/pages\/3416","targetHints":{"allow":["GET"]}}],"collection":[{"href":"https:\/\/sites.usp.br\/dcbm\/wp-json\/wp\/v2\/pages"}],"about":[{"href":"https:\/\/sites.usp.br\/dcbm\/wp-json\/wp\/v2\/types\/page"}],"author":[{"embeddable":true,"href":"https:\/\/sites.usp.br\/dcbm\/wp-json\/wp\/v2\/users\/24566"}],"replies":[{"embeddable":true,"href":"https:\/\/sites.usp.br\/dcbm\/wp-json\/wp\/v2\/comments?post=3416"}],"version-history":[{"count":4,"href":"https:\/\/sites.usp.br\/dcbm\/wp-json\/wp\/v2\/pages\/3416\/revisions"}],"predecessor-version":[{"id":3431,"href":"https:\/\/sites.usp.br\/dcbm\/wp-json\/wp\/v2\/pages\/3416\/revisions\/3431"}],"wp:attachment":[{"href":"https:\/\/sites.usp.br\/dcbm\/wp-json\/wp\/v2\/media?parent=3416"}],"curies":[{"name":"wp","href":"https:\/\/api.w.org\/{rel}","templated":true}]}}