{"id":3421,"date":"2025-05-05T15:12:57","date_gmt":"2025-05-05T18:12:57","guid":{"rendered":"https:\/\/sites.usp.br\/dcbm\/?page_id=3421"},"modified":"2025-05-05T15:15:35","modified_gmt":"2025-05-05T18:15:35","slug":"labcenacroesp","status":"publish","type":"page","link":"https:\/\/sites.usp.br\/dcbm\/labcenacroesp\/","title":{"rendered":"Lab-CENACROESP"},"content":{"rendered":"\t\t<div data-elementor-type=\"wp-page\" data-elementor-id=\"3421\" class=\"elementor elementor-3421\" data-elementor-post-type=\"page\">\n\t\t\t\t\t\t<section class=\"elementor-section elementor-top-section elementor-element elementor-element-236d7a8 elementor-section-boxed elementor-section-height-default elementor-section-height-default\" data-id=\"236d7a8\" data-element_type=\"section\" data-settings=\"{&quot;background_background&quot;:&quot;classic&quot;}\">\n\t\t\t\t\t\t<div class=\"elementor-container elementor-column-gap-default\">\n\t\t\t\t\t<div class=\"elementor-column elementor-col-100 elementor-top-column elementor-element elementor-element-b465f21\" data-id=\"b465f21\" data-element_type=\"column\">\n\t\t\t<div class=\"elementor-widget-wrap elementor-element-populated\">\n\t\t\t\t\t\t<div class=\"elementor-element elementor-element-3bcb055 elementor-widget elementor-widget-heading\" data-id=\"3bcb055\" data-element_type=\"widget\" data-widget_type=\"heading.default\">\n\t\t\t\t<div class=\"elementor-widget-container\">\n\t\t\t<h2 class=\"elementor-heading-title elementor-size-default\">LABORAT\u00d3RIOS MULTIUSU\u00c1RIOS<\/h2>\t\t<\/div>\n\t\t\t\t<\/div>\n\t\t\t\t<section class=\"elementor-section elementor-inner-section elementor-element elementor-element-b59cae7 elementor-section-boxed elementor-section-height-default elementor-section-height-default\" data-id=\"b59cae7\" data-element_type=\"section\">\n\t\t\t\t\t\t<div class=\"elementor-container elementor-column-gap-default\">\n\t\t\t\t\t<div class=\"elementor-column elementor-col-100 elementor-inner-column elementor-element elementor-element-576a6bb\" data-id=\"576a6bb\" data-element_type=\"column\">\n\t\t\t<div class=\"elementor-widget-wrap elementor-element-populated\">\n\t\t\t\t\t\t<div class=\"elementor-element elementor-element-a20f8a8 elementor-widget elementor-widget-image\" data-id=\"a20f8a8\" data-element_type=\"widget\" data-widget_type=\"image.default\">\n\t\t\t\t<div class=\"elementor-widget-container\">\n\t\t\t\t\t\t\t\t\t\t\t\t\t<img fetchpriority=\"high\" decoding=\"async\" width=\"1024\" height=\"576\" src=\"https:\/\/sites.usp.br\/dcbm\/wp-content\/uploads\/sites\/1624\/2025\/04\/diagnostic_lab-1024x576.png\" class=\"attachment-large size-large wp-image-3261\" alt=\"\" srcset=\"https:\/\/sites.usp.br\/dcbm\/wp-content\/uploads\/sites\/1624\/2025\/04\/diagnostic_lab-1024x576.png 1024w, https:\/\/sites.usp.br\/dcbm\/wp-content\/uploads\/sites\/1624\/2025\/04\/diagnostic_lab-300x169.png 300w, https:\/\/sites.usp.br\/dcbm\/wp-content\/uploads\/sites\/1624\/2025\/04\/diagnostic_lab-768x432.png 768w, https:\/\/sites.usp.br\/dcbm\/wp-content\/uploads\/sites\/1624\/2025\/04\/diagnostic_lab-1536x864.png 1536w, https:\/\/sites.usp.br\/dcbm\/wp-content\/uploads\/sites\/1624\/2025\/04\/diagnostic_lab-2048x1152.png 2048w, https:\/\/sites.usp.br\/dcbm\/wp-content\/uploads\/sites\/1624\/2025\/04\/diagnostic_lab-800x450.png 800w, https:\/\/sites.usp.br\/dcbm\/wp-content\/uploads\/sites\/1624\/2025\/04\/diagnostic_lab-310x174.png 310w, https:\/\/sites.usp.br\/dcbm\/wp-content\/uploads\/sites\/1624\/2025\/04\/diagnostic_lab-400x225.png 400w\" sizes=\"(max-width: 1024px) 100vw, 1024px\" \/>\t\t\t\t\t\t\t\t\t\t\t\t\t<\/div>\n\t\t\t\t<\/div>\n\t\t\t\t<div class=\"elementor-element elementor-element-38ab83d elementor-widget elementor-widget-spacer\" data-id=\"38ab83d\" data-element_type=\"widget\" data-widget_type=\"spacer.default\">\n\t\t\t\t<div class=\"elementor-widget-container\">\n\t\t\t\t\t<div class=\"elementor-spacer\">\n\t\t\t<div class=\"elementor-spacer-inner\"><\/div>\n\t\t<\/div>\n\t\t\t\t<\/div>\n\t\t\t\t<\/div>\n\t\t\t\t<div class=\"elementor-element elementor-element-5490f14 elementor-widget elementor-widget-heading\" data-id=\"5490f14\" data-element_type=\"widget\" data-widget_type=\"heading.default\">\n\t\t\t\t<div class=\"elementor-widget-container\">\n\t\t\t<h2 class=\"elementor-heading-title elementor-size-default\">Central de Cromatografia e Espectrometria (CENACROESP)<\/h2>\t\t<\/div>\n\t\t\t\t<\/div>\n\t\t\t\t\t<\/div>\n\t\t<\/div>\n\t\t\t\t\t<\/div>\n\t\t<\/section>\n\t\t\t\t<div class=\"elementor-element elementor-element-f8572bb elementor-widget elementor-widget-text-editor\" data-id=\"f8572bb\" data-element_type=\"widget\" data-widget_type=\"text-editor.default\">\n\t\t\t\t<div class=\"elementor-widget-container\">\n\t\t\t\t\t\t\t<div>A CENACROESP (Central Anal\u00edtica de Cromatografia e Espectrometria) instalada no Departamento de Ci\u00eancias Biomoleculares da Faculdade de Ci\u00eancias Farmac\u00eauticas de Ribeir\u00e3o Preto da Universidade de S\u00e3o Paulo, representa um marco na pesquisa cient\u00edfica brasileira. Desde sua cria\u00e7\u00e3o no in\u00edcio dos anos 2000, a central proporcionou acesso a equipamentos de cromatografia l\u00edquida e espectrometria de massas de baixa resolu\u00e7\u00e3o inicialmente aos colegas do Campus de Ribeir\u00e3o Preto, evoluindo significativamente ao longo de mais de duas d\u00e9cadas, com a abertura para pesquisadores de outros campi, outras Universidades, Estados e Pa\u00edses e em 2023 foi convidada, como central modelo, para auxiliar na implementa\u00e7\u00e3o de estrutura semelhante na Universit\u00e9 Paris Cit\u00e9, antiga Paris Descarte ou Paris V na Fran\u00e7a. Al\u00e9m disso a CENACROESP deu suporte para a cria\u00e7\u00e3o de mais de duas dezenas de centrais espalhadas pelo pa\u00eds e tem mantido regularmente um programa de capacita\u00e7\u00e3o de t\u00e9cnicos e docentes de Universidades P\u00fablicas. Hoje, a CENACROESP possui tr\u00eas setores principais:<\/div><div>\u00a0<\/div><div><strong>Setor 1 (S1) \u2013 Central de Escalonamento:<\/strong><\/div><div>Criada para permitir que pesquisadores, acad\u00eamicos e membros do setor produtivo realizem estudos de amplia\u00e7\u00e3o de escala de produtos farmac\u00eauticos. Possui um reator multiprop\u00f3sito (com dimens\u00f5es adequadas para escalonamento) equipado com detector por espectrometria de infravermelho, al\u00e9m de sistemas cromatogr\u00e1ficos para isolamento de subst\u00e2ncias em grande escala. Notadamente, durante a pandemia, a central foi fundamental na verticaliza\u00e7\u00e3o do antiviral fumarato de tenofovir no Brasil, tendo sido desenvolvida uma rota alternativa de produ\u00e7\u00e3o e viabilizando os estudos cl\u00ednicos e pr\u00e9-cl\u00ednicos que foram realizados no pa\u00eds.<\/div><div>O uso dessa estrutura requer a submiss\u00e3o de pequenos projetos que devem ser enviados ao email coordenador da central, Prof. Dr. Norberto Peporine Lopes.<\/div><div>\u00a0<\/div><div><strong>Setor 2 (S2) \u2013 Central de Nitrog\u00eanio L\u00edquido:<\/strong><\/div><div>Contando com um grande tanque de armazenamento, esta central reduz os custos de aquisi\u00e7\u00e3o de nitrog\u00eanio l\u00edquido para os docentes\/pesquisadores e possui um sistema de gera\u00e7\u00e3o de g\u00e1s que abastece diversos equipamentos.<\/div><div>Embora seu impacto seja mais local, ela atende a mais de 50 pesquisadores.<\/div><div>A distribui\u00e7\u00e3o do Nitrog\u00eanio L\u00edquido ocorre todas as ter\u00e7as-feiras das 07:30 \u00e0s 12:30, enquanto que Nitrog\u00eanio em sua fase gasosa \u00e9 utilizado diretamente nas tubula\u00e7\u00f5es dos blocos, M, J e K (anexo do J) da FCFRP-USP.<\/div><div>\u00a0<\/div><div><strong>Setor (S3) \u2013 Central de Espectrometria de Massas de Micromol\u00e9culas Org\u00e2nicas (CEMMO):<\/strong><\/div><div>Oferece servi\u00e7os de espectrometria de massas de alta e baixa resolu\u00e7\u00e3o, acoplados a sondas s\u00f3lidas e cromat\u00f3grafos l\u00edquidos e gasosos, atendendo a uma ampla gama de necessidades anal\u00edticas.<\/div><div>Por ser um dos maiores parques na Am\u00e9rica Latina, em suas depend\u00eancias foram gerados, nos \u00faltimos anos, dados para publica\u00e7\u00f5es, em metabol\u00f4mica, que alcan\u00e7aram peri\u00f3dicos importantes como Nature Biotecnology (duas vezes), PNAS (5 vezes e duas capas), Nature Ecology and Evolution, Science Advances, Nature Chemistry, Nature Microbiology e Nature Communications (duas vezes), entre outros.<\/div><div>Seu uso \u00e9 regulado pelo sistema <a href=\"https:\/\/uspmulti.prp.usp.br\/public\/centrais\/43\" target=\"_blank\" rel=\"noopener\">MultiUSP<\/a> e todo agendamento \u00e9 realizado atrav\u00e9s desta plataforma, onde podem ser encontrados os formul\u00e1rios espec\u00edficos com a descri\u00e7\u00e3o das diversas an\u00e1lises e valores.<\/div><div>Tendo alcan\u00e7ado mais de nove mil usu\u00e1rios em todo o pa\u00eds e dando apoio a pesquisadores da Am\u00e9rica do Sul, a CENACROESP \u00e9 um exemplo de excel\u00eancia e inova\u00e7\u00e3o, contribuindo significativamente para o avan\u00e7o da ci\u00eancia e tecnologia. Por essa raz\u00e3o \u00e9 reconhecida como uma das maiores centrais em atividade e possui, como j\u00e1 citado, toda infraestrutura para treinamento de pessoal para outras centrais anal\u00edticas do Brasil e do exterior. Assim, acreditamos estar auxiliando a dispers\u00e3o da t\u00e9cnica e aprimorando a forma\u00e7\u00e3o de recursos humanos.<\/div><div>\u00a0<\/div><div><h1><span style=\"color: #333399;\"><strong>Equipamentos e Servi\u00e7os<\/strong><\/span><\/h1><div>A Central Anal\u00edtica disponibiliza <a href=\"https:\/\/sites.usp.br\/dcbm\/wp-content\/uploads\/sites\/1624\/2025\/04\/massas-300x224-1.jpeg\"><img decoding=\"async\" class=\"size-full wp-image-3265 alignright\" src=\"https:\/\/sites.usp.br\/dcbm\/wp-content\/uploads\/sites\/1624\/2025\/04\/massas-300x224-1.jpeg\" alt=\"\" width=\"300\" height=\"224\" srcset=\"https:\/\/sites.usp.br\/dcbm\/wp-content\/uploads\/sites\/1624\/2025\/04\/massas-300x224-1.jpeg 300w, https:\/\/sites.usp.br\/dcbm\/wp-content\/uploads\/sites\/1624\/2025\/04\/massas-300x224-1-80x60.jpeg 80w\" sizes=\"(max-width: 300px) 100vw, 300px\" \/><\/a>10 equipamentos utilizados para pesquisa e ensino, bem como dispon\u00edvel para a obten\u00e7\u00e3o de dados pelo setor produtivo. Dois desses equipamentos foram cedidos pela FAPESP atrav\u00e9s de projetos multiusu\u00e1rio (EMU \u2013 Processos: 04\/09479-8: CG-MS e 2009\/54098-6: MALDI-MS). Os outros foram aux\u00edlios individuais a pesquisa junto a FINEP (conv\u00eanio FUSP 222708: GC-MS), um pelo CNPq (INCT_if: Single TOF).<\/div><div>No per\u00edodo recente, o Departamento recebeu um aux\u00edlio FINEP para insta\u00e7\u00e3o de um reator multiprop\u00f3sito com monitoramento por espectroscopia de infravermelho (contrato FINEP 01.12.0282.00).<\/div><div>Dentre os Espectr\u00f4metros de Massas existentes, 3 deles s\u00e3o de Alta Resolu\u00e7\u00e3o sendo 2 equipados com fontes de ioniza\u00e7\u00e3o electrospray (ESI) e um com fonte de MALDI. Tamb\u00e9m possu\u00edmos um equipamento de ioniza\u00e7\u00e3o por el\u00e9tron (EI) para a an\u00e1lise de constituintes vol\u00e1teis. Todos os equipamentos est\u00e3o configurados para trabalharem com subst\u00e2ncias de baixa massa molecular (inferior a 2000u).<\/div><div>\u00a0<\/div><h2><strong>Os servi\u00e7os oferecidos pela CENACROESP atrav\u00e9s da CEMMO (S3) s\u00e3o:<\/strong><\/h2><\/div><div><div><strong>Ioniza\u00e7\u00e3o por Eletronspray<\/strong><br \/>Dados de ESI-MS podem ser realizados com baixa ou alta resolu\u00e7\u00e3o.<\/div><div>Por favor, selecione seu interesse espec\u00edfico antes de submeter a amostra junto com o arquivo espec\u00edfico. As amostras devem estar livres de sais e detergentes, sol\u00faveis em \u00e1gua ou em um solvente vol\u00e1til tal como metanol ou acetonitrila. Solventes polares tais como DMSO ou DMF n\u00e3o s\u00e3o permitidos.<\/div><div>\u00a0<\/div><div><strong>Espectrometria de Massas de Alta Resolu\u00e7\u00e3o (HRMS)<\/strong><br \/>Este servi\u00e7o \u00e9 tipicamente usado para pequenas mol\u00e9culas.<\/div><div>Para an\u00e1lises de rotina o analito deve possuir massas na faixa de m\/z entre 50-2000, bem como formar \u00edons em solu\u00e7\u00e3o. Esses requisitos s\u00e3o essenciais tanto para os sistemas de Time of Flight (TOF).<\/div><div>Caso n\u00e3o se enquadre nestes quesitos, favor contatar o Prof. Dr. Norberto Peporine Lopes pelo email: <a>cemmo@fcfrp.usp.br<\/a>.<\/div><div>\u00a0<\/div><div><strong>Cromatografia L\u00edquida acoplada a Espectrometria de Massas (LC-MS)<\/strong><br \/>Este servi\u00e7o permite acesso aos equipamentos com analisador TOF ou \u201cIon Trap\u201d (quando fragmenta\u00e7\u00f5es s\u00e3o requeridas), acoplados com um sistema de cromatografia l\u00edquida de alta performance. Esta an\u00e1lise \u00e9 normalmente aplicada para an\u00e1lises de extratos brutos de metab\u00f3litos.<\/div><div>Os analisadores acima n\u00e3o permitem estudos quantitativos seguros, portanto n\u00e3o desenvolvemos protocolos de quantifica\u00e7\u00e3o.<\/div><div>Para outro uso espec\u00edfico favor contatar o Prof. Dr. Norberto Peporine Lopes pelo email: <a>cemmo@fcfrp.usp.br<\/a>.<\/div><div>\u00a0<\/div><div><strong>Matrix Assisted Laser Desorption Ionization (MALDI)<\/strong><br \/>Apesar deste servi\u00e7o ser tipicamente utilizado para pept\u00eddeos, prote\u00ednas intactas ou outras macromol\u00e9culas, o sistema adquirido foi configurado para trabalhar com mol\u00e9culas de baixa massa molecular.<\/div><div>Para an\u00e1lise de prote\u00ednas favor entrar em contato com o laborat\u00f3rio de Qu\u00edmica de Prote\u00ednas da FMRP. Solventes polares tais como DMSO ou DMF n\u00e3o s\u00e3o permitidos.<\/div><div>\u00a0<\/div><div><strong>Ioniza\u00e7\u00e3o por el\u00e9tron<\/strong><br \/>Dados de EI-MS podem ser realizados em nossa central apenas em baixa resolu\u00e7\u00e3o, atrav\u00e9s de inser\u00e7\u00e3o direta ou atrav\u00e9s de sistema de cromatografia em fase gasosa.<\/div><div>Por favor, selecione seu interesse espec\u00edfico antes de submeter a amostra junto com o arquivo espec\u00edfico.<br \/>As amostras devem ser termoest\u00e1veis e vol\u00e1teis, sol\u00faveis em diclorometano ou em um outro solvente vol\u00e1til. Solventes polares tais como Metanol, DMSO ou DMF n\u00e3o s\u00e3o permitidos.<\/div><div>\u00a0<\/div><h2>O servi\u00e7o oferecido pela CENACROESP S1:<\/h2><\/div><div><div><p><strong>Reator multiprop\u00f3sito com monitoramento por espectroscopia na regi\u00e3o do IV<\/strong><br \/>Escalonamentos de rea\u00e7\u00f5es laboratoriais podem ser realizadas em nossa central com monitoramento por espectrometria de massas na regi\u00e3o do infravermelho. O sistema de cobran\u00e7a colaborativa \u00e9 medido por hora de rea\u00e7\u00e3o e todos os solventes e regentes devem ser fornecidos pelo usu\u00e1rio. Por favor, selecione seu interesse espec\u00edfico antes de submeter a solicita\u00e7\u00e3o junto com o arquivo espec\u00edfico.<\/p><\/div><div><strong>Os equipamentos acima listados n\u00e3o possuem engenharia que permitam trabalhados de quantifica\u00e7\u00e3o com alta sensibilidade. Portanto n\u00e3o oferecemos esse servi\u00e7o.<\/strong><\/div><\/div><div>\u00a0<\/div><div><h1><span style=\"color: #333399;\"><strong>Dados e Resultados<\/strong><\/span><\/h1><p>A solicita\u00e7\u00e3o de an\u00e1lise de espectrometria de massas dever\u00e1 ser solicitada na p\u00e1gina USP MULTI conforme tutorial em anexo.<br \/>Todos os dados obtidos s\u00e3o elucidados pelos usu\u00e1rios externos <strong>n\u00e3o sendo autorizado a qualquer membro da central anal\u00edtica fornecer a interpreta\u00e7\u00e3o dos resultados e\/ou identifica\u00e7\u00e3o estrutural.<\/strong><br \/>A solicita\u00e7\u00e3o de an\u00e1lise no reator dever\u00e1 ser solicitado pelo e-mail: <a>gclososki@usp.br<\/a><\/p><\/div><h1><span style=\"color: #333399;\"><strong>Hor\u00e1rio de <\/strong><\/span><span style=\"color: #333399;\"><strong>Atendimento<\/strong><\/span><\/h1><p>Segunda a Sexta-feira: das 8:00 \u00e0s 17:00 h<\/p><h1><span style=\"color: #333399;\"><strong>Usu\u00e1rios<\/strong><\/span><\/h1><p>A utiliza\u00e7\u00e3o dos equipamentos \u00e9 aberta preferencialmente aos docentes e alunos de p\u00f3s-gradua\u00e7\u00e3o da FCFRP-USP e demais unidades da Universidade de S\u00e3o Paulo (USP). De acordo com a disponibilidade de hor\u00e1rios, a utiliza\u00e7\u00e3o poder\u00e1 ser expandida para outros usu\u00e1rios externos, como docentes e alunos de outras institui\u00e7\u00f5es de ensino e pesquisa, al\u00e9m de laborat\u00f3rios diversos, empresas ou ind\u00fastrias interessadas.<\/p><h1><span style=\"color: #333399;\"><strong>Localiza\u00e7\u00e3o<\/strong><\/span><\/h1><p>Os equipamentos est\u00e3o instalados no Bloco J da FCFRP-USP.<\/p><h1><span style=\"color: #333399;\"><strong>Contatos<\/strong><\/span><\/h1><p><strong>Isabel Cristina Casanova Turatti<\/strong><br \/>Email: <a>cemmo@fcfrp.usp.br<\/a><br \/>Tel: (16) 3315-8562<\/p><p><strong>Jacqueline Nakau Mendon\u00e7a Galiote Silva<\/strong><br \/>Email: <a>cemmo@fcfrp.usp.br<\/a><br \/>Tel: (16) 3315-4168<\/p><p><strong>Giuliano C. Clososki<\/strong><br \/>Email: <a>gclososki@usp.br<\/a><br \/>Tel: (16) 3315-4208<\/p><h1><span style=\"color: #333399;\"><strong>Documentos<\/strong><\/span><\/h1><ul><li><a href=\"https:\/\/fcfrp.usp.br\/wp-content\/uploads\/sites\/528\/2022\/04\/Tutorial-para-solicitacao-de-analises-de-Espectrometria-de-Massas.pdf\" target=\"_blank\" rel=\"noopener\">Tutorial para solicita\u00e7\u00e3o de an\u00e1lises de Espectrometria de Massas<\/a><\/li><li><a href=\"https:\/\/fcfrp.usp.br\/wp-content\/uploads\/sites\/528\/2022\/04\/formulario_de_analise_de_espectrometria_de_massas.pdf\" target=\"_blank\" rel=\"noopener\">Formul\u00e1rio de an\u00e1lise de Espectrometria de Massas (PDF)<\/a><\/li><li><a href=\"https:\/\/fcfrp.usp.br\/wp-content\/uploads\/sites\/528\/2022\/04\/formulario_de_analise_de_espectrometria_de_massas.docx\" target=\"_blank\" rel=\"noopener\">Formul\u00e1rio de an\u00e1lise de Espectrometria de Massas (DOC)<\/a><\/li><\/ul>\t\t\t\t\t\t<\/div>\n\t\t\t\t<\/div>\n\t\t\t\t\t<\/div>\n\t\t<\/div>\n\t\t\t\t\t<\/div>\n\t\t<\/section>\n\t\t\t\t<\/div>\n\t\t","protected":false},"excerpt":{"rendered":"<p>LABORAT\u00d3RIOS MULTIUSU\u00c1RIOS Central de Cromatografia e Espectrometria (CENACROESP) A CENACROESP (Central Anal\u00edtica de Cromatografia e Espectrometria) instalada no Departamento de Ci\u00eancias Biomoleculares da Faculdade de Ci\u00eancias Farmac\u00eauticas de Ribeir\u00e3o Preto da Universidade de S\u00e3o Paulo, representa um marco na pesquisa cient\u00edfica brasileira. Desde sua cria\u00e7\u00e3o no in\u00edcio dos anos 2000, a central proporcionou acesso a [&hellip;]<\/p>\n","protected":false},"author":24566,"featured_media":0,"parent":0,"menu_order":0,"comment_status":"closed","ping_status":"closed","template":"","meta":{"_monsterinsights_skip_tracking":false,"_monsterinsights_sitenote_active":false,"_monsterinsights_sitenote_note":"","_monsterinsights_sitenote_category":0,"footnotes":"","_links_to":"","_links_to_target":""},"class_list":["post-3421","page","type-page","status-publish","hentry","entry"],"_links":{"self":[{"href":"https:\/\/sites.usp.br\/dcbm\/wp-json\/wp\/v2\/pages\/3421","targetHints":{"allow":["GET"]}}],"collection":[{"href":"https:\/\/sites.usp.br\/dcbm\/wp-json\/wp\/v2\/pages"}],"about":[{"href":"https:\/\/sites.usp.br\/dcbm\/wp-json\/wp\/v2\/types\/page"}],"author":[{"embeddable":true,"href":"https:\/\/sites.usp.br\/dcbm\/wp-json\/wp\/v2\/users\/24566"}],"replies":[{"embeddable":true,"href":"https:\/\/sites.usp.br\/dcbm\/wp-json\/wp\/v2\/comments?post=3421"}],"version-history":[{"count":4,"href":"https:\/\/sites.usp.br\/dcbm\/wp-json\/wp\/v2\/pages\/3421\/revisions"}],"predecessor-version":[{"id":3428,"href":"https:\/\/sites.usp.br\/dcbm\/wp-json\/wp\/v2\/pages\/3421\/revisions\/3428"}],"wp:attachment":[{"href":"https:\/\/sites.usp.br\/dcbm\/wp-json\/wp\/v2\/media?parent=3421"}],"curies":[{"name":"wp","href":"https:\/\/api.w.org\/{rel}","templated":true}]}}