{"id":3655,"date":"2025-05-20T15:35:43","date_gmt":"2025-05-20T18:35:43","guid":{"rendered":"https:\/\/sites.usp.br\/dcbm\/?page_id=3655"},"modified":"2025-06-06T07:27:36","modified_gmt":"2025-06-06T10:27:36","slug":"destaques","status":"publish","type":"page","link":"https:\/\/sites.usp.br\/dcbm\/destaques\/","title":{"rendered":"Destaques"},"content":{"rendered":"\t\t<div data-elementor-type=\"wp-page\" data-elementor-id=\"3655\" class=\"elementor elementor-3655\" data-elementor-post-type=\"page\">\n\t\t\t\t\t\t<section class=\"elementor-section elementor-top-section elementor-element elementor-element-978724e elementor-section-boxed elementor-section-height-default elementor-section-height-default\" data-id=\"978724e\" data-element_type=\"section\">\n\t\t\t\t\t\t<div class=\"elementor-container elementor-column-gap-default\">\n\t\t\t\t\t<div class=\"elementor-column elementor-col-100 elementor-top-column elementor-element elementor-element-fcc2586\" data-id=\"fcc2586\" data-element_type=\"column\">\n\t\t\t<div class=\"elementor-widget-wrap elementor-element-populated\">\n\t\t\t\t\t\t<div class=\"elementor-element elementor-element-05808e6 elementor-widget elementor-widget-heading\" data-id=\"05808e6\" data-element_type=\"widget\" data-widget_type=\"heading.default\">\n\t\t\t\t<div class=\"elementor-widget-container\">\n\t\t\t<h1 class=\"elementor-heading-title elementor-size-default\">DESTAQUES<\/h1>\t\t<\/div>\n\t\t\t\t<\/div>\n\t\t\t\t\t<\/div>\n\t\t<\/div>\n\t\t\t\t\t<\/div>\n\t\t<\/section>\n\t\t\t\t<section class=\"elementor-section elementor-top-section elementor-element elementor-element-6a0fd7d elementor-section-boxed elementor-section-height-default elementor-section-height-default\" data-id=\"6a0fd7d\" data-element_type=\"section\">\n\t\t\t\t\t\t<div class=\"elementor-container elementor-column-gap-default\">\n\t\t\t\t\t<div class=\"elementor-column elementor-col-100 elementor-top-column elementor-element elementor-element-0c5c46b\" data-id=\"0c5c46b\" data-element_type=\"column\">\n\t\t\t<div class=\"elementor-widget-wrap elementor-element-populated\">\n\t\t\t\t\t\t<div class=\"elementor-element elementor-element-de1506d elementor-icon-list--layout-traditional elementor-list-item-link-full_width elementor-widget elementor-widget-icon-list\" data-id=\"de1506d\" data-element_type=\"widget\" data-widget_type=\"icon-list.default\">\n\t\t\t\t<div class=\"elementor-widget-container\">\n\t\t\t\t\t<ul class=\"elementor-icon-list-items\">\n\t\t\t\t\t\t\t<li class=\"elementor-icon-list-item\">\n\t\t\t\t\t\t\t\t\t\t\t<a href=\"https:\/\/jornal.usp.br\/campus-ribeirao-preto\/alga-marinha-antartica-mostrou-efeitos-contra-doencas-negligenciadas\/\">\n\n\t\t\t\t\t\t\t\t\t\t\t\t<span class=\"elementor-icon-list-icon\">\n\t\t\t\t\t\t\t<i aria-hidden=\"true\" class=\"fas fa-angle-right\"><\/i>\t\t\t\t\t\t<\/span>\n\t\t\t\t\t\t\t\t\t\t<span class=\"elementor-icon-list-text\">Alga marinha ant\u00e1rtica mostrou efeitos contra doen\u00e7as negligenciadas<\/span>\n\t\t\t\t\t\t\t\t\t\t\t<\/a>\n\t\t\t\t\t\t\t\t\t<\/li>\n\t\t\t\t\t\t\t\t<li class=\"elementor-icon-list-item\">\n\t\t\t\t\t\t\t\t\t\t\t<a href=\"https:\/\/jornal.usp.br\/campus-ribeirao-preto\/ciencias-f-pesquisadores-encontram-agrotoxicos-em-aguas-ribeirinhas-da-amazonia\/\">\n\n\t\t\t\t\t\t\t\t\t\t\t\t<span class=\"elementor-icon-list-icon\">\n\t\t\t\t\t\t\t<i aria-hidden=\"true\" class=\"fas fa-angle-right\"><\/i>\t\t\t\t\t\t<\/span>\n\t\t\t\t\t\t\t\t\t\t<span class=\"elementor-icon-list-text\">Pesquisadores encontram agrot\u00f3xicos em \u00e1guas ribeirinhas da Amaz\u00f4nia<\/span>\n\t\t\t\t\t\t\t\t\t\t\t<\/a>\n\t\t\t\t\t\t\t\t\t<\/li>\n\t\t\t\t\t\t\t\t<li class=\"elementor-icon-list-item\">\n\t\t\t\t\t\t\t\t\t\t\t<a href=\"https:\/\/jornal.usp.br\/institucional\/ribeirao-preto-intensifica-investimentos-com-ampliacao-e-incremento-da-infraestrutura-do-campus\/\">\n\n\t\t\t\t\t\t\t\t\t\t\t\t<span class=\"elementor-icon-list-icon\">\n\t\t\t\t\t\t\t<i aria-hidden=\"true\" class=\"fas fa-angle-right\"><\/i>\t\t\t\t\t\t<\/span>\n\t\t\t\t\t\t\t\t\t\t<span class=\"elementor-icon-list-text\">Ribeir\u00e3o Preto intensifica investimentos com amplia\u00e7\u00e3o e incremento da infraestrutura do campus<\/span>\n\t\t\t\t\t\t\t\t\t\t\t<\/a>\n\t\t\t\t\t\t\t\t\t<\/li>\n\t\t\t\t\t\t\t\t<li class=\"elementor-icon-list-item\">\n\t\t\t\t\t\t\t\t\t\t\t<a href=\"https:\/\/jornal.usp.br\/ciencias\/epidemia-silenciosa-de-picadas-de-escorpiao-no-brasil-casos-quase-triplicam\/\">\n\n\t\t\t\t\t\t\t\t\t\t\t\t<span class=\"elementor-icon-list-icon\">\n\t\t\t\t\t\t\t<i aria-hidden=\"true\" class=\"fas fa-angle-right\"><\/i>\t\t\t\t\t\t<\/span>\n\t\t\t\t\t\t\t\t\t\t<span class=\"elementor-icon-list-text\">\u201cEpidemia silenciosa\u201d de picadas de escorpi\u00e3o no Brasil: casos quase triplicam<\/span>\n\t\t\t\t\t\t\t\t\t\t\t<\/a>\n\t\t\t\t\t\t\t\t\t<\/li>\n\t\t\t\t\t\t\t\t<li class=\"elementor-icon-list-item\">\n\t\t\t\t\t\t\t\t\t\t\t<a href=\"https:\/\/jornal.usp.br\/campus-ribeirao-preto\/faculdade-de-ciencias-farmaceuticas-amplia-presenca-em-redes-nacionais-de-pesquisa\/\">\n\n\t\t\t\t\t\t\t\t\t\t\t\t<span class=\"elementor-icon-list-icon\">\n\t\t\t\t\t\t\t<i aria-hidden=\"true\" class=\"fas fa-angle-right\"><\/i>\t\t\t\t\t\t<\/span>\n\t\t\t\t\t\t\t\t\t\t<span class=\"elementor-icon-list-text\">Faculdade de Ci\u00eancias Farmac\u00eauticas amplia presen\u00e7a em redes nacionais de pesquisa<\/span>\n\t\t\t\t\t\t\t\t\t\t\t<\/a>\n\t\t\t\t\t\t\t\t\t<\/li>\n\t\t\t\t\t\t\t\t<li class=\"elementor-icon-list-item\">\n\t\t\t\t\t\t\t\t\t\t\t<a href=\"https:\/\/jornal.usp.br\/campus-ribeirao-preto\/faculdade-de-ciencias-farmaceuticas-homenageia-spadaro-e-callegari-com-titulo-de-professor-emerito-por-legado-academico\/\">\n\n\t\t\t\t\t\t\t\t\t\t\t\t<span class=\"elementor-icon-list-icon\">\n\t\t\t\t\t\t\t<i aria-hidden=\"true\" class=\"fas fa-angle-right\"><\/i>\t\t\t\t\t\t<\/span>\n\t\t\t\t\t\t\t\t\t\t<span class=\"elementor-icon-list-text\">Faculdade de Ci\u00eancias Farmac\u00eauticas homenageia Spadaro e Callegari com t\u00edtulo de Professor Em\u00e9rito por legado acad\u00eamico<\/span>\n\t\t\t\t\t\t\t\t\t\t\t<\/a>\n\t\t\t\t\t\t\t\t\t<\/li>\n\t\t\t\t\t\t\t\t<li class=\"elementor-icon-list-item\">\n\t\t\t\t\t\t\t\t\t\t\t<a href=\"https:\/\/jornal.usp.br\/ciencias\/pesquisadores-da-usp-sintetizam-a-caramboxina-a-substancia-neurotoxica-da-carambola\/\">\n\n\t\t\t\t\t\t\t\t\t\t\t\t<span class=\"elementor-icon-list-icon\">\n\t\t\t\t\t\t\t<i aria-hidden=\"true\" class=\"fas fa-angle-right\"><\/i>\t\t\t\t\t\t<\/span>\n\t\t\t\t\t\t\t\t\t\t<span class=\"elementor-icon-list-text\">Pesquisadores da USP sintetizam a caramboxina, a subst\u00e2ncia neurot\u00f3xica da carambola<\/span>\n\t\t\t\t\t\t\t\t\t\t\t<\/a>\n\t\t\t\t\t\t\t\t\t<\/li>\n\t\t\t\t\t\t\t\t<li class=\"elementor-icon-list-item\">\n\t\t\t\t\t\t\t\t\t\t\t<a href=\"https:\/\/jornal.usp.br\/podcast\/curioso-por-ciencia-27-treinamento-intervalado-de-alta-intensidade-melhora-funcoes-cerebrais\/\">\n\n\t\t\t\t\t\t\t\t\t\t\t\t<span class=\"elementor-icon-list-icon\">\n\t\t\t\t\t\t\t<i aria-hidden=\"true\" class=\"fas fa-angle-right\"><\/i>\t\t\t\t\t\t<\/span>\n\t\t\t\t\t\t\t\t\t\t<span class=\"elementor-icon-list-text\">Curioso por Ci\u00eancia #27: Treinamento intervalado de alta intensidade melhora fun\u00e7\u00f5es cerebrais<\/span>\n\t\t\t\t\t\t\t\t\t\t\t<\/a>\n\t\t\t\t\t\t\t\t\t<\/li>\n\t\t\t\t\t\t\t\t<li class=\"elementor-icon-list-item\">\n\t\t\t\t\t\t\t\t\t\t\t<a href=\"https:\/\/jornal.usp.br\/campus-ribeirao-preto\/alunos-da-usp-reunem-em-e-book-suas-estrategias-de-estudo-para-o-periodo-pre-vestibular\/\">\n\n\t\t\t\t\t\t\t\t\t\t\t\t<span class=\"elementor-icon-list-icon\">\n\t\t\t\t\t\t\t<i aria-hidden=\"true\" class=\"fas fa-angle-right\"><\/i>\t\t\t\t\t\t<\/span>\n\t\t\t\t\t\t\t\t\t\t<span class=\"elementor-icon-list-text\">Alunos da USP re\u00fanem em e-book suas estrat\u00e9gias de estudo para o per\u00edodo pr\u00e9-vestibular<\/span>\n\t\t\t\t\t\t\t\t\t\t\t<\/a>\n\t\t\t\t\t\t\t\t\t<\/li>\n\t\t\t\t\t\t\t\t<li class=\"elementor-icon-list-item\">\n\t\t\t\t\t\t\t\t\t\t\t<a href=\"https:\/\/jornal.usp.br\/ciencias\/usp-tem-a-maior-producao-cientifica-mundial-sobre-canabidiol\/\">\n\n\t\t\t\t\t\t\t\t\t\t\t\t<span class=\"elementor-icon-list-icon\">\n\t\t\t\t\t\t\t<i aria-hidden=\"true\" class=\"fas fa-angle-right\"><\/i>\t\t\t\t\t\t<\/span>\n\t\t\t\t\t\t\t\t\t\t<span class=\"elementor-icon-list-text\">USP tem a maior produ\u00e7\u00e3o cient\u00edfica mundial sobre canabidiol<\/span>\n\t\t\t\t\t\t\t\t\t\t\t<\/a>\n\t\t\t\t\t\t\t\t\t<\/li>\n\t\t\t\t\t\t\t\t<li class=\"elementor-icon-list-item\">\n\t\t\t\t\t\t\t\t\t\t\t<a href=\"https:\/\/jornal.usp.br\/universidade\/qual-e-a-aparencia-de-um-cientista-projeto-da-usp-quer-desmistificar-estereotipos\/\">\n\n\t\t\t\t\t\t\t\t\t\t\t\t<span class=\"elementor-icon-list-icon\">\n\t\t\t\t\t\t\t<i aria-hidden=\"true\" class=\"fas fa-angle-right\"><\/i>\t\t\t\t\t\t<\/span>\n\t\t\t\t\t\t\t\t\t\t<span class=\"elementor-icon-list-text\"> Qual \u00e9 a apar\u00eancia de um cientista? Projeto da USP quer desmistificar estere\u00f3tipos<\/span>\n\t\t\t\t\t\t\t\t\t\t\t<\/a>\n\t\t\t\t\t\t\t\t\t<\/li>\n\t\t\t\t\t\t\t\t<li class=\"elementor-icon-list-item\">\n\t\t\t\t\t\t\t\t\t\t\t<a href=\"https:\/\/jornal.usp.br\/ciencias\/nova-tecnica-pode-facilitar-a-descoberta-de-alvos-terapeuticos-e-mecanismos-de-doencas\/\">\n\n\t\t\t\t\t\t\t\t\t\t\t\t<span class=\"elementor-icon-list-icon\">\n\t\t\t\t\t\t\t<i aria-hidden=\"true\" class=\"fas fa-angle-right\"><\/i>\t\t\t\t\t\t<\/span>\n\t\t\t\t\t\t\t\t\t\t<span class=\"elementor-icon-list-text\">Nova t\u00e9cnica pode facilitar a descoberta de alvos terap\u00eauticos e mecanismos de doen\u00e7as<\/span>\n\t\t\t\t\t\t\t\t\t\t\t<\/a>\n\t\t\t\t\t\t\t\t\t<\/li>\n\t\t\t\t\t\t\t\t<li class=\"elementor-icon-list-item\">\n\t\t\t\t\t\t\t\t\t\t\t<a href=\"https:\/\/jornal.usp.br\/eventos-ribeirao\/neste-sabado-tem-o-1o-boardgames-na-faculdade-de-ciencias-farmaceuticas\/\">\n\n\t\t\t\t\t\t\t\t\t\t\t\t<span class=\"elementor-icon-list-icon\">\n\t\t\t\t\t\t\t<i aria-hidden=\"true\" class=\"fas fa-angle-right\"><\/i>\t\t\t\t\t\t<\/span>\n\t\t\t\t\t\t\t\t\t\t<span class=\"elementor-icon-list-text\">Neste s\u00e1bado tem o 1\u00ba BoardGames na Faculdade de Ci\u00eancias Farmac\u00eauticas<\/span>\n\t\t\t\t\t\t\t\t\t\t\t<\/a>\n\t\t\t\t\t\t\t\t\t<\/li>\n\t\t\t\t\t\t<\/ul>\n\t\t\t\t<\/div>\n\t\t\t\t<\/div>\n\t\t\t\t\t<\/div>\n\t\t<\/div>\n\t\t\t\t\t<\/div>\n\t\t<\/section>\n\t\t\t\t<\/div>\n\t\t","protected":false},"excerpt":{"rendered":"<p>DESTAQUES Alga marinha ant\u00e1rtica mostrou efeitos contra doen\u00e7as negligenciadas Pesquisadores encontram agrot\u00f3xicos em \u00e1guas ribeirinhas da Amaz\u00f4nia Ribeir\u00e3o Preto intensifica investimentos com amplia\u00e7\u00e3o e incremento da infraestrutura do campus \u201cEpidemia silenciosa\u201d de picadas de escorpi\u00e3o no Brasil: casos quase triplicam Faculdade de Ci\u00eancias Farmac\u00eauticas amplia presen\u00e7a em redes nacionais de pesquisa Faculdade de Ci\u00eancias Farmac\u00eauticas [&hellip;]<\/p>\n","protected":false},"author":24566,"featured_media":0,"parent":0,"menu_order":0,"comment_status":"closed","ping_status":"closed","template":"","meta":{"_monsterinsights_skip_tracking":false,"_monsterinsights_sitenote_active":false,"_monsterinsights_sitenote_note":"","_monsterinsights_sitenote_category":0,"footnotes":"","_links_to":"","_links_to_target":""},"class_list":["post-3655","page","type-page","status-publish","hentry","entry"],"_links":{"self":[{"href":"https:\/\/sites.usp.br\/dcbm\/wp-json\/wp\/v2\/pages\/3655","targetHints":{"allow":["GET"]}}],"collection":[{"href":"https:\/\/sites.usp.br\/dcbm\/wp-json\/wp\/v2\/pages"}],"about":[{"href":"https:\/\/sites.usp.br\/dcbm\/wp-json\/wp\/v2\/types\/page"}],"author":[{"embeddable":true,"href":"https:\/\/sites.usp.br\/dcbm\/wp-json\/wp\/v2\/users\/24566"}],"replies":[{"embeddable":true,"href":"https:\/\/sites.usp.br\/dcbm\/wp-json\/wp\/v2\/comments?post=3655"}],"version-history":[{"count":4,"href":"https:\/\/sites.usp.br\/dcbm\/wp-json\/wp\/v2\/pages\/3655\/revisions"}],"predecessor-version":[{"id":3735,"href":"https:\/\/sites.usp.br\/dcbm\/wp-json\/wp\/v2\/pages\/3655\/revisions\/3735"}],"wp:attachment":[{"href":"https:\/\/sites.usp.br\/dcbm\/wp-json\/wp\/v2\/media?parent=3655"}],"curies":[{"name":"wp","href":"https:\/\/api.w.org\/{rel}","templated":true}]}}