{"id":3743,"date":"2025-06-09T06:48:43","date_gmt":"2025-06-09T09:48:43","guid":{"rendered":"https:\/\/sites.usp.br\/dcbm\/?page_id=3743"},"modified":"2026-01-07T08:54:43","modified_gmt":"2026-01-07T11:54:43","slug":"conselho-eleicoes","status":"publish","type":"page","link":"https:\/\/sites.usp.br\/dcbm\/conselho-eleicoes\/","title":{"rendered":"Conselho &#8211; Elei\u00e7\u00f5es"},"content":{"rendered":"\t\t<div data-elementor-type=\"wp-page\" data-elementor-id=\"3743\" class=\"elementor elementor-3743\" data-elementor-post-type=\"page\">\n\t\t\t\t\t\t<section class=\"elementor-section elementor-top-section elementor-element elementor-element-978724e elementor-section-boxed elementor-section-height-default elementor-section-height-default\" data-id=\"978724e\" data-element_type=\"section\">\n\t\t\t\t\t\t<div class=\"elementor-container elementor-column-gap-default\">\n\t\t\t\t\t<div class=\"elementor-column elementor-col-100 elementor-top-column elementor-element elementor-element-a514ccd\" data-id=\"a514ccd\" data-element_type=\"column\">\n\t\t\t<div class=\"elementor-widget-wrap elementor-element-populated\">\n\t\t\t\t\t\t<div class=\"elementor-element elementor-element-a5680df elementor-widget elementor-widget-heading\" data-id=\"a5680df\" data-element_type=\"widget\" data-widget_type=\"heading.default\">\n\t\t\t\t<div class=\"elementor-widget-container\">\n\t\t\t<h2 class=\"elementor-heading-title elementor-size-default\">Elei\u00e7\u00f5es para o Conselho do Departamento<\/h2>\t\t<\/div>\n\t\t\t\t<\/div>\n\t\t\t\t\t<\/div>\n\t\t<\/div>\n\t\t\t\t\t<\/div>\n\t\t<\/section>\n\t\t\t\t<section class=\"elementor-section elementor-top-section elementor-element elementor-element-3d92ea4 elementor-section-boxed elementor-section-height-default elementor-section-height-default\" data-id=\"3d92ea4\" data-element_type=\"section\">\n\t\t\t\t\t\t<div class=\"elementor-container elementor-column-gap-default\">\n\t\t\t\t\t<div class=\"elementor-column elementor-col-100 elementor-top-column elementor-element elementor-element-e64b365\" data-id=\"e64b365\" data-element_type=\"column\">\n\t\t\t<div class=\"elementor-widget-wrap elementor-element-populated\">\n\t\t\t\t\t\t<div class=\"elementor-element elementor-element-5bbe9ab elementor-widget elementor-widget-spacer\" data-id=\"5bbe9ab\" data-element_type=\"widget\" data-widget_type=\"spacer.default\">\n\t\t\t\t<div class=\"elementor-widget-container\">\n\t\t\t\t\t<div class=\"elementor-spacer\">\n\t\t\t<div class=\"elementor-spacer-inner\"><\/div>\n\t\t<\/div>\n\t\t\t\t<\/div>\n\t\t\t\t<\/div>\n\t\t\t\t\t<\/div>\n\t\t<\/div>\n\t\t\t\t\t<\/div>\n\t\t<\/section>\n\t\t\t\t<section class=\"elementor-section elementor-top-section elementor-element elementor-element-bb67e2a elementor-section-boxed elementor-section-height-default elementor-section-height-default\" data-id=\"bb67e2a\" data-element_type=\"section\">\n\t\t\t\t\t\t<div class=\"elementor-container elementor-column-gap-default\">\n\t\t\t\t\t<div class=\"elementor-column elementor-col-50 elementor-top-column elementor-element elementor-element-ab89c7f\" data-id=\"ab89c7f\" data-element_type=\"column\">\n\t\t\t<div class=\"elementor-widget-wrap elementor-element-populated\">\n\t\t\t\t\t\t<div class=\"elementor-element elementor-element-da554d4 elementor-widget elementor-widget-image\" data-id=\"da554d4\" data-element_type=\"widget\" data-widget_type=\"image.default\">\n\t\t\t\t<div class=\"elementor-widget-container\">\n\t\t\t\t\t\t\t\t\t\t\t\t\t<img decoding=\"async\" width=\"24\" height=\"30\" src=\"https:\/\/sites.usp.br\/dcbm\/wp-content\/uploads\/sites\/1624\/2025\/05\/marcador-azul.png\" class=\"attachment-large size-large wp-image-3454\" alt=\"\" \/>\t\t\t\t\t\t\t\t\t\t\t\t\t<\/div>\n\t\t\t\t<\/div>\n\t\t\t\t\t<\/div>\n\t\t<\/div>\n\t\t\t\t<div class=\"elementor-column elementor-col-50 elementor-top-column elementor-element elementor-element-c949834\" data-id=\"c949834\" data-element_type=\"column\">\n\t\t\t<div class=\"elementor-widget-wrap elementor-element-populated\">\n\t\t\t\t\t\t<div class=\"elementor-element elementor-element-97d884d elementor-widget elementor-widget-text-editor\" data-id=\"97d884d\" data-element_type=\"widget\" data-widget_type=\"text-editor.default\">\n\t\t\t\t<div class=\"elementor-widget-container\">\n\t\t\t\t\t\t\t<p><a href=\"https:\/\/sites.usp.br\/dcbm\/wp-content\/uploads\/sites\/1624\/2026\/01\/Portaria-da-Chefia-n-1-de-2026-DCBm-Eleicao-Funcionarios-2026-2027-assinada.pdf\" target=\"_blank\" rel=\"noopener\"><strong>PORTARIA DA CHEFIA <span class=\"fontstyle0\">\u2013 DCBm \u2013 n\u00ba 01\/2026, de 06 de janeiro de 2026.<\/span><\/strong><\/a><\/p><ul><li><span class=\"fontstyle0\"><span class=\"fontstyle0\">\u00a0Disp\u00f5e sobre a elei\u00e7\u00e3o de um representante titular e <\/span><\/span><span class=\"fontstyle0\"><span class=\"fontstyle0\">respectivo suplente, dos Servidores T\u00e9cnicos e <\/span><\/span><span class=\"fontstyle0\"><span class=\"fontstyle0\">Administrativos junto ao Conselho do Departamento de <\/span><\/span><span class=\"fontstyle0\"><span class=\"fontstyle0\">Ci\u00eancias BioMoleculares da Faculdade de Ci\u00eancias <\/span><\/span><span class=\"fontstyle0\">Farmac\u00eauticas de Ribeir\u00e3o Preto da USP.<\/span><\/li><\/ul>\t\t\t\t\t\t<\/div>\n\t\t\t\t<\/div>\n\t\t\t\t<div class=\"elementor-element elementor-element-2cb3145 elementor-widget elementor-widget-spacer\" data-id=\"2cb3145\" data-element_type=\"widget\" data-widget_type=\"spacer.default\">\n\t\t\t\t<div class=\"elementor-widget-container\">\n\t\t\t\t\t<div class=\"elementor-spacer\">\n\t\t\t<div class=\"elementor-spacer-inner\"><\/div>\n\t\t<\/div>\n\t\t\t\t<\/div>\n\t\t\t\t<\/div>\n\t\t\t\t\t<\/div>\n\t\t<\/div>\n\t\t\t\t\t<\/div>\n\t\t<\/section>\n\t\t\t\t<section class=\"elementor-section elementor-top-section elementor-element elementor-element-6cbcc09 elementor-section-boxed elementor-section-height-default elementor-section-height-default\" data-id=\"6cbcc09\" data-element_type=\"section\">\n\t\t\t\t\t\t<div class=\"elementor-container elementor-column-gap-default\">\n\t\t\t\t\t<div class=\"elementor-column elementor-col-50 elementor-top-column elementor-element elementor-element-877afba\" data-id=\"877afba\" data-element_type=\"column\">\n\t\t\t<div class=\"elementor-widget-wrap elementor-element-populated\">\n\t\t\t\t\t\t<div class=\"elementor-element elementor-element-e30e751 elementor-widget elementor-widget-image\" data-id=\"e30e751\" data-element_type=\"widget\" data-widget_type=\"image.default\">\n\t\t\t\t<div class=\"elementor-widget-container\">\n\t\t\t\t\t\t\t\t\t\t\t\t\t<img decoding=\"async\" width=\"24\" height=\"30\" src=\"https:\/\/sites.usp.br\/dcbm\/wp-content\/uploads\/sites\/1624\/2025\/05\/marcador-azul.png\" class=\"attachment-large size-large wp-image-3454\" alt=\"\" \/>\t\t\t\t\t\t\t\t\t\t\t\t\t<\/div>\n\t\t\t\t<\/div>\n\t\t\t\t\t<\/div>\n\t\t<\/div>\n\t\t\t\t<div class=\"elementor-column elementor-col-50 elementor-top-column elementor-element elementor-element-cb0013f\" data-id=\"cb0013f\" data-element_type=\"column\">\n\t\t\t<div class=\"elementor-widget-wrap elementor-element-populated\">\n\t\t\t\t\t\t<div class=\"elementor-element elementor-element-4e29943 elementor-widget elementor-widget-text-editor\" data-id=\"4e29943\" data-element_type=\"widget\" data-widget_type=\"text-editor.default\">\n\t\t\t\t<div class=\"elementor-widget-container\">\n\t\t\t\t\t\t\t<p><a href=\"https:\/\/sites.usp.br\/dcbm\/wp-content\/uploads\/sites\/1624\/2026\/01\/Requerimento-Conselho-Servidores-Tecnicos-e-Administrativos-2026.doc\" target=\"_blank\" rel=\"noopener\"><strong>Requerimento da Inscri\u00e7\u00e3o de Candidatura, referente \u00e0\u00a0<\/strong><\/a><a href=\"https:\/\/sites.usp.br\/dcbm\/wp-content\/uploads\/sites\/1624\/2026\/01\/Requerimento-Conselho-Servidores-Tecnicos-e-Administrativos-2026.doc\" target=\"_blank\" rel=\"noopener\"><strong>PORTARIA DA CHEFIA <span class=\"fontstyle0\">\u2013 DCBm \u2013 n\u00ba 01\/2026, de 06 de janeiro de 2026.<\/span><\/strong><\/a><\/p><ul><li><span class=\"fontstyle0\">Requerimento da Inscri\u00e7\u00e3o como candidato a Representante dos Servidores T\u00e9cnicos e Administrativos junto ao Conselho do Departamento de Ci\u00eancias BioMoleculares da FCFRP\/USP.<\/span><\/li><\/ul>\t\t\t\t\t\t<\/div>\n\t\t\t\t<\/div>\n\t\t\t\t<div class=\"elementor-element elementor-element-8bdb410 elementor-widget elementor-widget-spacer\" data-id=\"8bdb410\" data-element_type=\"widget\" data-widget_type=\"spacer.default\">\n\t\t\t\t<div class=\"elementor-widget-container\">\n\t\t\t\t\t<div class=\"elementor-spacer\">\n\t\t\t<div class=\"elementor-spacer-inner\"><\/div>\n\t\t<\/div>\n\t\t\t\t<\/div>\n\t\t\t\t<\/div>\n\t\t\t\t\t<\/div>\n\t\t<\/div>\n\t\t\t\t\t<\/div>\n\t\t<\/section>\n\t\t\t\t<\/div>\n\t\t","protected":false},"excerpt":{"rendered":"<p>Elei\u00e7\u00f5es para o Conselho do Departamento PORTARIA DA CHEFIA \u2013 DCBm \u2013 n\u00ba 01\/2026, de 06 de janeiro de 2026. \u00a0Disp\u00f5e sobre a elei\u00e7\u00e3o de um representante titular e respectivo suplente, dos Servidores T\u00e9cnicos e Administrativos junto ao Conselho do Departamento de Ci\u00eancias BioMoleculares da Faculdade de Ci\u00eancias Farmac\u00eauticas de Ribeir\u00e3o Preto da USP. Requerimento [&hellip;]<\/p>\n","protected":false},"author":24566,"featured_media":0,"parent":0,"menu_order":0,"comment_status":"closed","ping_status":"closed","template":"","meta":{"_monsterinsights_skip_tracking":false,"_monsterinsights_sitenote_active":false,"_monsterinsights_sitenote_note":"","_monsterinsights_sitenote_category":0,"footnotes":"","_links_to":"","_links_to_target":""},"class_list":["post-3743","page","type-page","status-publish","hentry","entry"],"_links":{"self":[{"href":"https:\/\/sites.usp.br\/dcbm\/wp-json\/wp\/v2\/pages\/3743","targetHints":{"allow":["GET"]}}],"collection":[{"href":"https:\/\/sites.usp.br\/dcbm\/wp-json\/wp\/v2\/pages"}],"about":[{"href":"https:\/\/sites.usp.br\/dcbm\/wp-json\/wp\/v2\/types\/page"}],"author":[{"embeddable":true,"href":"https:\/\/sites.usp.br\/dcbm\/wp-json\/wp\/v2\/users\/24566"}],"replies":[{"embeddable":true,"href":"https:\/\/sites.usp.br\/dcbm\/wp-json\/wp\/v2\/comments?post=3743"}],"version-history":[{"count":4,"href":"https:\/\/sites.usp.br\/dcbm\/wp-json\/wp\/v2\/pages\/3743\/revisions"}],"predecessor-version":[{"id":3819,"href":"https:\/\/sites.usp.br\/dcbm\/wp-json\/wp\/v2\/pages\/3743\/revisions\/3819"}],"wp:attachment":[{"href":"https:\/\/sites.usp.br\/dcbm\/wp-json\/wp\/v2\/media?parent=3743"}],"curies":[{"name":"wp","href":"https:\/\/api.w.org\/{rel}","templated":true}]}}