{"id":3839,"date":"2026-02-12T14:00:01","date_gmt":"2026-02-12T17:00:01","guid":{"rendered":"https:\/\/sites.usp.br\/dcbm\/?page_id=3839"},"modified":"2026-02-27T11:14:34","modified_gmt":"2026-02-27T14:14:34","slug":"cronogramas-aulas","status":"publish","type":"page","link":"https:\/\/sites.usp.br\/dcbm\/cronogramas-aulas\/","title":{"rendered":"Cronogramas de Aulas"},"content":{"rendered":"\t\t<div data-elementor-type=\"wp-page\" data-elementor-id=\"3839\" class=\"elementor elementor-3839\" data-elementor-post-type=\"page\">\n\t\t\t\t\t\t<section class=\"elementor-section elementor-top-section elementor-element elementor-element-11cb049 elementor-section-boxed elementor-section-height-default elementor-section-height-default\" data-id=\"11cb049\" data-element_type=\"section\" data-settings=\"{&quot;background_background&quot;:&quot;classic&quot;}\">\n\t\t\t\t\t\t<div class=\"elementor-container elementor-column-gap-default\">\n\t\t\t\t\t<div class=\"elementor-column elementor-col-100 elementor-top-column elementor-element elementor-element-1f368b6\" data-id=\"1f368b6\" data-element_type=\"column\">\n\t\t\t<div class=\"elementor-widget-wrap elementor-element-populated\">\n\t\t\t\t\t\t<div class=\"elementor-element elementor-element-0150fe1 elementor-widget elementor-widget-heading\" data-id=\"0150fe1\" data-element_type=\"widget\" data-widget_type=\"heading.default\">\n\t\t\t\t<div class=\"elementor-widget-container\">\n\t\t\t<h2 class=\"elementor-heading-title elementor-size-default\">CRONOGRAMAS DE AULAS<\/h2>\t\t<\/div>\n\t\t\t\t<\/div>\n\t\t\t\t<section class=\"elementor-section elementor-inner-section elementor-element elementor-element-170cc21 elementor-section-boxed elementor-section-height-default elementor-section-height-default\" data-id=\"170cc21\" data-element_type=\"section\">\n\t\t\t\t\t\t<div class=\"elementor-container elementor-column-gap-default\">\n\t\t\t\t\t<div class=\"elementor-column elementor-col-100 elementor-inner-column elementor-element elementor-element-9a45e30\" data-id=\"9a45e30\" data-element_type=\"column\">\n\t\t\t<div class=\"elementor-widget-wrap elementor-element-populated\">\n\t\t\t\t\t\t<div class=\"elementor-element elementor-element-4387fd7 elementor-widget elementor-widget-spacer\" data-id=\"4387fd7\" data-element_type=\"widget\" data-widget_type=\"spacer.default\">\n\t\t\t\t<div class=\"elementor-widget-container\">\n\t\t\t\t\t<div class=\"elementor-spacer\">\n\t\t\t<div class=\"elementor-spacer-inner\"><\/div>\n\t\t<\/div>\n\t\t\t\t<\/div>\n\t\t\t\t<\/div>\n\t\t\t\t<div class=\"elementor-element elementor-element-fd47ed3 elementor-widget elementor-widget-heading\" data-id=\"fd47ed3\" data-element_type=\"widget\" data-widget_type=\"heading.default\">\n\t\t\t\t<div class=\"elementor-widget-container\">\n\t\t\t<h2 class=\"elementor-heading-title elementor-size-default\">2026 - Primeiro Semestre<\/h2>\t\t<\/div>\n\t\t\t\t<\/div>\n\t\t\t\t<div class=\"elementor-element elementor-element-7cc4b27 elementor-widget elementor-widget-spacer\" data-id=\"7cc4b27\" data-element_type=\"widget\" data-widget_type=\"spacer.default\">\n\t\t\t\t<div class=\"elementor-widget-container\">\n\t\t\t\t\t<div class=\"elementor-spacer\">\n\t\t\t<div class=\"elementor-spacer-inner\"><\/div>\n\t\t<\/div>\n\t\t\t\t<\/div>\n\t\t\t\t<\/div>\n\t\t\t\t<div class=\"elementor-element elementor-element-f5a839f elementor-widget elementor-widget-heading\" data-id=\"f5a839f\" data-element_type=\"widget\" data-widget_type=\"heading.default\">\n\t\t\t\t<div class=\"elementor-widget-container\">\n\t\t\t<h4 class=\"elementor-heading-title elementor-size-default\"><a href=\"https:\/\/sites.usp.br\/dcbm\/wp-content\/uploads\/sites\/1624\/2026\/02\/CGF2013-Ciencias-Basicas.pdf\" target=\"_blank\">\u2013 Ci\u00eancias B\u00e1sicas (CGF2013)<\/a><\/h4>\t\t<\/div>\n\t\t\t\t<\/div>\n\t\t\t\t<div class=\"elementor-element elementor-element-8924e42 elementor-widget elementor-widget-spacer\" data-id=\"8924e42\" data-element_type=\"widget\" data-widget_type=\"spacer.default\">\n\t\t\t\t<div class=\"elementor-widget-container\">\n\t\t\t\t\t<div class=\"elementor-spacer\">\n\t\t\t<div class=\"elementor-spacer-inner\"><\/div>\n\t\t<\/div>\n\t\t\t\t<\/div>\n\t\t\t\t<\/div>\n\t\t\t\t<div class=\"elementor-element elementor-element-8874fff elementor-widget elementor-widget-heading\" data-id=\"8874fff\" data-element_type=\"widget\" data-widget_type=\"heading.default\">\n\t\t\t\t<div class=\"elementor-widget-container\">\n\t\t\t<h4 class=\"elementor-heading-title elementor-size-default\"><a href=\"https:\/\/sites.usp.br\/dcbm\/wp-content\/uploads\/sites\/1624\/2026\/02\/CGF2016-Ciencias-Fisicas-e-Matematicas.pdf\" target=\"_blank\">\u2013 Ci\u00eancias F\u00edsicas e Matem\u00e1ticas (CGF2016)<\/a><\/h4>\t\t<\/div>\n\t\t\t\t<\/div>\n\t\t\t\t<div class=\"elementor-element elementor-element-a5c1936 elementor-widget elementor-widget-spacer\" data-id=\"a5c1936\" data-element_type=\"widget\" data-widget_type=\"spacer.default\">\n\t\t\t\t<div class=\"elementor-widget-container\">\n\t\t\t\t\t<div class=\"elementor-spacer\">\n\t\t\t<div class=\"elementor-spacer-inner\"><\/div>\n\t\t<\/div>\n\t\t\t\t<\/div>\n\t\t\t\t<\/div>\n\t\t\t\t<div class=\"elementor-element elementor-element-522c04a elementor-widget elementor-widget-heading\" data-id=\"522c04a\" data-element_type=\"widget\" data-widget_type=\"heading.default\">\n\t\t\t\t<div class=\"elementor-widget-container\">\n\t\t\t<h4 class=\"elementor-heading-title elementor-size-default\"><a href=\"https:\/\/sites.usp.br\/dcbm\/wp-content\/uploads\/sites\/1624\/2026\/02\/CGF2026-Bases-Quimicas-das-Moleculas-Organicas-I-2026.pdf\" target=\"_blank\">\u2013 Bases Qu\u00edmicas das Mol\u00e9culas Org\u00e2nicas I (CGF2026)<\/a><\/h4>\t\t<\/div>\n\t\t\t\t<\/div>\n\t\t\t\t<div class=\"elementor-element elementor-element-7661742 elementor-widget elementor-widget-spacer\" data-id=\"7661742\" data-element_type=\"widget\" data-widget_type=\"spacer.default\">\n\t\t\t\t<div class=\"elementor-widget-container\">\n\t\t\t\t\t<div class=\"elementor-spacer\">\n\t\t\t<div class=\"elementor-spacer-inner\"><\/div>\n\t\t<\/div>\n\t\t\t\t<\/div>\n\t\t\t\t<\/div>\n\t\t\t\t<div class=\"elementor-element elementor-element-fc81ec7 elementor-widget elementor-widget-heading\" data-id=\"fc81ec7\" data-element_type=\"widget\" data-widget_type=\"heading.default\">\n\t\t\t\t<div class=\"elementor-widget-container\">\n\t\t\t<h4 class=\"elementor-heading-title elementor-size-default\"><a href=\"https:\/\/sites.usp.br\/dcbm\/wp-content\/uploads\/sites\/1624\/2026\/02\/CGF2027-Bioquimica-Estrutura-e-Funcao-de-Biomoleculas-corrigido-23-02-2026.pdf\" target=\"_blank\">\u2013 Bioqu\u00edmica. Estrutura e Fun\u00e7\u00e3o de Biomol\u00e9culas (CGF2027)<\/a><\/h4>\t\t<\/div>\n\t\t\t\t<\/div>\n\t\t\t\t<div class=\"elementor-element elementor-element-a3e29b4 elementor-widget elementor-widget-spacer\" data-id=\"a3e29b4\" data-element_type=\"widget\" data-widget_type=\"spacer.default\">\n\t\t\t\t<div class=\"elementor-widget-container\">\n\t\t\t\t\t<div class=\"elementor-spacer\">\n\t\t\t<div class=\"elementor-spacer-inner\"><\/div>\n\t\t<\/div>\n\t\t\t\t<\/div>\n\t\t\t\t<\/div>\n\t\t\t\t<div class=\"elementor-element elementor-element-20273db elementor-widget elementor-widget-heading\" data-id=\"20273db\" data-element_type=\"widget\" data-widget_type=\"heading.default\">\n\t\t\t\t<div class=\"elementor-widget-container\">\n\t\t\t<h4 class=\"elementor-heading-title elementor-size-default\"><a href=\"https:\/\/sites.usp.br\/dcbm\/wp-content\/uploads\/sites\/1624\/2026\/02\/CGF-2028-Analise-Quimica_Reacoes-Quimicas.pdf\" target=\"_blank\">\u2013 An\u00e1lise Qu\u00edmica: Rea\u00e7\u00f5es Qu\u00edmicas (CGF2028)<\/a><\/h4>\t\t<\/div>\n\t\t\t\t<\/div>\n\t\t\t\t<div class=\"elementor-element elementor-element-6feffe1 elementor-widget elementor-widget-spacer\" data-id=\"6feffe1\" data-element_type=\"widget\" data-widget_type=\"spacer.default\">\n\t\t\t\t<div class=\"elementor-widget-container\">\n\t\t\t\t\t<div class=\"elementor-spacer\">\n\t\t\t<div class=\"elementor-spacer-inner\"><\/div>\n\t\t<\/div>\n\t\t\t\t<\/div>\n\t\t\t\t<\/div>\n\t\t\t\t<div class=\"elementor-element elementor-element-ee8d4d7 elementor-widget elementor-widget-heading\" data-id=\"ee8d4d7\" data-element_type=\"widget\" data-widget_type=\"heading.default\">\n\t\t\t\t<div class=\"elementor-widget-container\">\n\t\t\t<h4 class=\"elementor-heading-title elementor-size-default\"><a href=\"https:\/\/sites.usp.br\/dcbm\/wp-content\/uploads\/sites\/1624\/2026\/02\/CGF2046-Bioestatistica-II.pdf\" target=\"_blank\">\u2013 Bioestat\u00edstica II (CGF2046)<\/a><\/h4>\t\t<\/div>\n\t\t\t\t<\/div>\n\t\t\t\t<div class=\"elementor-element elementor-element-eeb1e55 elementor-widget elementor-widget-spacer\" data-id=\"eeb1e55\" data-element_type=\"widget\" data-widget_type=\"spacer.default\">\n\t\t\t\t<div class=\"elementor-widget-container\">\n\t\t\t\t\t<div class=\"elementor-spacer\">\n\t\t\t<div class=\"elementor-spacer-inner\"><\/div>\n\t\t<\/div>\n\t\t\t\t<\/div>\n\t\t\t\t<\/div>\n\t\t\t\t<div class=\"elementor-element elementor-element-dac7532 elementor-widget elementor-widget-heading\" data-id=\"dac7532\" data-element_type=\"widget\" data-widget_type=\"heading.default\">\n\t\t\t\t<div class=\"elementor-widget-container\">\n\t\t\t<h4 class=\"elementor-heading-title elementor-size-default\"><a href=\"https:\/\/sites.usp.br\/dcbm\/wp-content\/uploads\/sites\/1624\/2026\/02\/CGF2049-Analise-Quimica-II.-Fisico-Quimica.pdf\" target=\"_blank\">\u2013 An\u00e1lise Qu\u00edmica II. F\u00edsico-Qu\u00edmica (CGF2049)<\/a><\/h4>\t\t<\/div>\n\t\t\t\t<\/div>\n\t\t\t\t<div class=\"elementor-element elementor-element-38ec989 elementor-widget elementor-widget-spacer\" data-id=\"38ec989\" data-element_type=\"widget\" data-widget_type=\"spacer.default\">\n\t\t\t\t<div class=\"elementor-widget-container\">\n\t\t\t\t\t<div class=\"elementor-spacer\">\n\t\t\t<div class=\"elementor-spacer-inner\"><\/div>\n\t\t<\/div>\n\t\t\t\t<\/div>\n\t\t\t\t<\/div>\n\t\t\t\t\t<\/div>\n\t\t<\/div>\n\t\t\t\t\t<\/div>\n\t\t<\/section>\n\t\t\t\t\t<\/div>\n\t\t<\/div>\n\t\t\t\t\t<\/div>\n\t\t<\/section>\n\t\t\t\t<\/div>\n\t\t","protected":false},"excerpt":{"rendered":"<p>CRONOGRAMAS DE AULAS 2026 &#8211; Primeiro Semestre \u2013 Ci\u00eancias B\u00e1sicas (CGF2013) \u2013 Ci\u00eancias F\u00edsicas e Matem\u00e1ticas (CGF2016) \u2013 Bases Qu\u00edmicas das Mol\u00e9culas Org\u00e2nicas I (CGF2026) \u2013 Bioqu\u00edmica. Estrutura e Fun\u00e7\u00e3o de Biomol\u00e9culas (CGF2027) \u2013 An\u00e1lise Qu\u00edmica: Rea\u00e7\u00f5es Qu\u00edmicas (CGF2028) \u2013 Bioestat\u00edstica II (CGF2046) \u2013 An\u00e1lise Qu\u00edmica II. F\u00edsico-Qu\u00edmica (CGF2049)<\/p>\n","protected":false},"author":24566,"featured_media":0,"parent":0,"menu_order":0,"comment_status":"closed","ping_status":"closed","template":"","meta":{"_monsterinsights_skip_tracking":false,"_monsterinsights_sitenote_active":false,"_monsterinsights_sitenote_note":"","_monsterinsights_sitenote_category":0,"footnotes":"","_links_to":"","_links_to_target":""},"class_list":["post-3839","page","type-page","status-publish","hentry","entry"],"_links":{"self":[{"href":"https:\/\/sites.usp.br\/dcbm\/wp-json\/wp\/v2\/pages\/3839","targetHints":{"allow":["GET"]}}],"collection":[{"href":"https:\/\/sites.usp.br\/dcbm\/wp-json\/wp\/v2\/pages"}],"about":[{"href":"https:\/\/sites.usp.br\/dcbm\/wp-json\/wp\/v2\/types\/page"}],"author":[{"embeddable":true,"href":"https:\/\/sites.usp.br\/dcbm\/wp-json\/wp\/v2\/users\/24566"}],"replies":[{"embeddable":true,"href":"https:\/\/sites.usp.br\/dcbm\/wp-json\/wp\/v2\/comments?post=3839"}],"version-history":[{"count":4,"href":"https:\/\/sites.usp.br\/dcbm\/wp-json\/wp\/v2\/pages\/3839\/revisions"}],"predecessor-version":[{"id":3860,"href":"https:\/\/sites.usp.br\/dcbm\/wp-json\/wp\/v2\/pages\/3839\/revisions\/3860"}],"wp:attachment":[{"href":"https:\/\/sites.usp.br\/dcbm\/wp-json\/wp\/v2\/media?parent=3839"}],"curies":[{"name":"wp","href":"https:\/\/api.w.org\/{rel}","templated":true}]}}