{"id":774,"date":"2021-10-22T09:09:20","date_gmt":"2021-10-22T12:09:20","guid":{"rendered":"https:\/\/sites.usp.br\/padrao8\/?page_id=774"},"modified":"2025-07-01T14:04:21","modified_gmt":"2025-07-01T17:04:21","slug":"sobredcbm","status":"publish","type":"page","link":"https:\/\/sites.usp.br\/dcbm\/sobredcbm\/","title":{"rendered":"Sobre o DCBm"},"content":{"rendered":"\t\t<div data-elementor-type=\"wp-page\" data-elementor-id=\"774\" class=\"elementor elementor-774\" data-elementor-post-type=\"page\">\n\t\t\t\t\t\t<section class=\"elementor-section elementor-top-section elementor-element elementor-element-11cb049 elementor-section-boxed elementor-section-height-default elementor-section-height-default\" data-id=\"11cb049\" data-element_type=\"section\" data-settings=\"{&quot;background_background&quot;:&quot;classic&quot;}\">\n\t\t\t\t\t\t<div class=\"elementor-container elementor-column-gap-default\">\n\t\t\t\t\t<div class=\"elementor-column elementor-col-100 elementor-top-column elementor-element elementor-element-1f368b6\" data-id=\"1f368b6\" data-element_type=\"column\">\n\t\t\t<div class=\"elementor-widget-wrap elementor-element-populated\">\n\t\t\t\t\t\t<div class=\"elementor-element elementor-element-0150fe1 elementor-widget elementor-widget-heading\" data-id=\"0150fe1\" data-element_type=\"widget\" data-widget_type=\"heading.default\">\n\t\t\t\t<div class=\"elementor-widget-container\">\n\t\t\t<h2 class=\"elementor-heading-title elementor-size-default\">SOBRE N\u00d3S<\/h2>\t\t<\/div>\n\t\t\t\t<\/div>\n\t\t\t\t<section class=\"elementor-section elementor-inner-section elementor-element elementor-element-170cc21 elementor-section-boxed elementor-section-height-default elementor-section-height-default\" data-id=\"170cc21\" data-element_type=\"section\">\n\t\t\t\t\t\t<div class=\"elementor-container elementor-column-gap-default\">\n\t\t\t\t\t<div class=\"elementor-column elementor-col-100 elementor-inner-column elementor-element elementor-element-9a45e30\" data-id=\"9a45e30\" data-element_type=\"column\">\n\t\t\t<div class=\"elementor-widget-wrap elementor-element-populated\">\n\t\t\t\t\t\t<div class=\"elementor-element elementor-element-b87e341 elementor-widget elementor-widget-image\" data-id=\"b87e341\" data-element_type=\"widget\" data-widget_type=\"image.default\">\n\t\t\t\t<div class=\"elementor-widget-container\">\n\t\t\t\t\t\t\t\t\t\t\t\t\t<img fetchpriority=\"high\" decoding=\"async\" width=\"1024\" height=\"260\" src=\"https:\/\/sites.usp.br\/dcbm\/wp-content\/uploads\/sites\/1624\/2025\/02\/Logo-por-extenso-sem-fundo-1024x260.png\" class=\"attachment-large size-large wp-image-2857\" alt=\"\" srcset=\"https:\/\/sites.usp.br\/dcbm\/wp-content\/uploads\/sites\/1624\/2025\/02\/Logo-por-extenso-sem-fundo-1024x260.png 1024w, https:\/\/sites.usp.br\/dcbm\/wp-content\/uploads\/sites\/1624\/2025\/02\/Logo-por-extenso-sem-fundo-300x76.png 300w, https:\/\/sites.usp.br\/dcbm\/wp-content\/uploads\/sites\/1624\/2025\/02\/Logo-por-extenso-sem-fundo-768x195.png 768w, https:\/\/sites.usp.br\/dcbm\/wp-content\/uploads\/sites\/1624\/2025\/02\/Logo-por-extenso-sem-fundo-1536x390.png 1536w, https:\/\/sites.usp.br\/dcbm\/wp-content\/uploads\/sites\/1624\/2025\/02\/Logo-por-extenso-sem-fundo-2048x520.png 2048w, https:\/\/sites.usp.br\/dcbm\/wp-content\/uploads\/sites\/1624\/2025\/02\/Logo-por-extenso-sem-fundo-400x102.png 400w\" sizes=\"(max-width: 1024px) 100vw, 1024px\" \/>\t\t\t\t\t\t\t\t\t\t\t\t\t<\/div>\n\t\t\t\t<\/div>\n\t\t\t\t<div class=\"elementor-element elementor-element-449abeb elementor-widget elementor-widget-text-editor\" data-id=\"449abeb\" data-element_type=\"widget\" data-widget_type=\"text-editor.default\">\n\t\t\t\t<div class=\"elementor-widget-container\">\n\t\t\t\t\t\t\t<div>Em suas atividades dida\u0301ticas, o Departamento de Ci\u00eancias Biomoleculares busca proporcionar conhecimentos ba\u0301sicos so\u0301lidos, desenvolver o espi\u0301rito cienti\u0301fico cri\u0301tico e aptido\u0303es intelectuais especi\u0301ficas, capacidades imperativas para a formac\u0327a\u0303o do profissional farmace\u0302utico.<\/div><div>Na a\u0301rea cienti\u0301fica, o Departamento busca gerar, ampliar, consolidar e difundir conhecimentos, metodologias cienti\u0301ficas e tecnolo\u0301gicas aliadas a\u0300 formac\u0327a\u0303o de profissionais de alto-ni\u0301vel.<\/div><div>Atrave\u0301s de atividades de extensa\u0303o, procura intensificar o compartilhamento de atividades departamentais com a sociedade, tanto por meio de difus\u00e3o do conhecimento como fornecendo acesso \u00e0 instrumenta\u00e7\u00e3o de alta complexidade. <a href=\"https:\/\/sites.usp.br\/dcbm\/wp-content\/uploads\/sites\/1624\/2025\/02\/Biomoleculas.png\"><img decoding=\"async\" class=\" wp-image-2866 alignright\" src=\"https:\/\/sites.usp.br\/dcbm\/wp-content\/uploads\/sites\/1624\/2025\/02\/Biomoleculas-142x300.png\" alt=\"\" width=\"138\" height=\"292\" srcset=\"https:\/\/sites.usp.br\/dcbm\/wp-content\/uploads\/sites\/1624\/2025\/02\/Biomoleculas-142x300.png 142w, https:\/\/sites.usp.br\/dcbm\/wp-content\/uploads\/sites\/1624\/2025\/02\/Biomoleculas-486x1024.png 486w, https:\/\/sites.usp.br\/dcbm\/wp-content\/uploads\/sites\/1624\/2025\/02\/Biomoleculas-768x1617.png 768w, https:\/\/sites.usp.br\/dcbm\/wp-content\/uploads\/sites\/1624\/2025\/02\/Biomoleculas-729x1536.png 729w, https:\/\/sites.usp.br\/dcbm\/wp-content\/uploads\/sites\/1624\/2025\/02\/Biomoleculas-285x600.png 285w, https:\/\/sites.usp.br\/dcbm\/wp-content\/uploads\/sites\/1624\/2025\/02\/Biomoleculas.png 852w\" sizes=\"(max-width: 138px) 100vw, 138px\" \/><\/a><\/div><div>Estas metas se articulam com as da Unidade no sentido de, conjuntamente, conduzirem esfor\u00e7os integrados e cont\u00ednuos inerentes a\u0300 qualificac\u0327a\u0303o do profissional farmace\u0302utico e a\u0300 pesquisa ba\u0301sica e aplicada buscando contribuir para o desenvolvimento da a\u0301rea farmace\u0302utica e afins, principalmente em aspectos que sejam potencialmente importantes para a Sociedade.<\/div><div>Tem como vis\u00e3o participar ativamente do processo de forma\u00e7\u00e3o profissional em Ci\u00eancias Farmac\u00eauticas com s\u00f3lida forma\u00e7\u00e3o geral e forma\u00e7\u00e3o b\u00e1sica profunda, desenvolvendo aptid\u00f5es para atuar no mercado farmac\u00eautico com elevada forma\u00e7\u00e3o \u00e9tica e humanista e aptos a exercer sua profiss\u00e3o.<\/div><div>\u00a0<\/div>\t\t\t\t\t\t<\/div>\n\t\t\t\t<\/div>\n\t\t\t\t<div class=\"elementor-element elementor-element-18ac14b elementor-widget elementor-widget-heading\" data-id=\"18ac14b\" data-element_type=\"widget\" data-widget_type=\"heading.default\">\n\t\t\t\t<div class=\"elementor-widget-container\">\n\t\t\t<h3 class=\"elementor-heading-title elementor-size-default\">Chefe do Departamento<\/h3>\t\t<\/div>\n\t\t\t\t<\/div>\n\t\t\t\t<section class=\"elementor-section elementor-inner-section elementor-element elementor-element-c33f0d7 elementor-section-boxed elementor-section-height-default elementor-section-height-default\" data-id=\"c33f0d7\" data-element_type=\"section\">\n\t\t\t\t\t\t<div class=\"elementor-container elementor-column-gap-default\">\n\t\t\t\t\t<div class=\"elementor-column elementor-col-50 elementor-inner-column elementor-element elementor-element-9e8cfab\" data-id=\"9e8cfab\" data-element_type=\"column\">\n\t\t\t<div class=\"elementor-widget-wrap elementor-element-populated\">\n\t\t\t\t\t\t<div class=\"elementor-element elementor-element-1b48b78 elementor-widget elementor-widget-text-editor\" data-id=\"1b48b78\" data-element_type=\"widget\" data-widget_type=\"text-editor.default\">\n\t\t\t\t<div class=\"elementor-widget-container\">\n\t\t\t\t\t\t\t<p><b>Prof. Dr. Giuliano Cesar Clososki<\/b><\/p><ul><li><a href=\"mailto:gclososki@fcfrp.usp.br\">gclososki@fcfrp.usp.br<\/a><\/li><li>(16) 3315-4208<\/li><\/ul>\t\t\t\t\t\t<\/div>\n\t\t\t\t<\/div>\n\t\t\t\t\t<\/div>\n\t\t<\/div>\n\t\t\t\t<div class=\"elementor-column elementor-col-50 elementor-inner-column elementor-element elementor-element-5385f2b\" data-id=\"5385f2b\" data-element_type=\"column\">\n\t\t\t<div class=\"elementor-widget-wrap elementor-element-populated\">\n\t\t\t\t\t\t<div class=\"elementor-element elementor-element-96c0f36 elementor-widget elementor-widget-image\" data-id=\"96c0f36\" data-element_type=\"widget\" data-widget_type=\"image.default\">\n\t\t\t\t<div class=\"elementor-widget-container\">\n\t\t\t\t\t\t\t\t\t\t\t\t\t<img decoding=\"async\" width=\"100\" height=\"125\" src=\"https:\/\/sites.usp.br\/dcbm\/wp-content\/uploads\/sites\/1624\/2025\/04\/giuliano.jpg\" class=\"attachment-large size-large wp-image-3316\" alt=\"\" \/>\t\t\t\t\t\t\t\t\t\t\t\t\t<\/div>\n\t\t\t\t<\/div>\n\t\t\t\t\t<\/div>\n\t\t<\/div>\n\t\t\t\t\t<\/div>\n\t\t<\/section>\n\t\t\t\t<div class=\"elementor-element elementor-element-289d421 elementor-widget elementor-widget-heading\" data-id=\"289d421\" data-element_type=\"widget\" data-widget_type=\"heading.default\">\n\t\t\t\t<div class=\"elementor-widget-container\">\n\t\t\t<h3 class=\"elementor-heading-title elementor-size-default\">Vice-Chefe<\/h3>\t\t<\/div>\n\t\t\t\t<\/div>\n\t\t\t\t<section class=\"elementor-section elementor-inner-section elementor-element elementor-element-972e756 elementor-section-boxed elementor-section-height-default elementor-section-height-default\" data-id=\"972e756\" data-element_type=\"section\">\n\t\t\t\t\t\t<div class=\"elementor-container elementor-column-gap-default\">\n\t\t\t\t\t<div class=\"elementor-column elementor-col-50 elementor-inner-column elementor-element elementor-element-1537237\" data-id=\"1537237\" data-element_type=\"column\">\n\t\t\t<div class=\"elementor-widget-wrap elementor-element-populated\">\n\t\t\t\t\t\t<div class=\"elementor-element elementor-element-e07a919 elementor-widget elementor-widget-text-editor\" data-id=\"e07a919\" data-element_type=\"widget\" data-widget_type=\"text-editor.default\">\n\t\t\t\t<div class=\"elementor-widget-container\">\n\t\t\t\t\t\t\t<p><strong>Prof. Dr. <b>Jonas Augusto Rizzato Paschoal<\/b><\/strong><\/p><ul><li><a href=\"mailto:paschoal@usp.br\">paschoal@usp.br<\/a><\/li><li>(16) 3315-4261<\/li><\/ul>\t\t\t\t\t\t<\/div>\n\t\t\t\t<\/div>\n\t\t\t\t\t<\/div>\n\t\t<\/div>\n\t\t\t\t<div class=\"elementor-column elementor-col-50 elementor-inner-column elementor-element elementor-element-4cbd8e9\" data-id=\"4cbd8e9\" data-element_type=\"column\">\n\t\t\t<div class=\"elementor-widget-wrap elementor-element-populated\">\n\t\t\t\t\t\t<div class=\"elementor-element elementor-element-f9db595 elementor-widget elementor-widget-image\" data-id=\"f9db595\" data-element_type=\"widget\" data-widget_type=\"image.default\">\n\t\t\t\t<div class=\"elementor-widget-container\">\n\t\t\t\t\t\t\t\t\t\t\t\t\t<img loading=\"lazy\" decoding=\"async\" width=\"100\" height=\"125\" src=\"https:\/\/sites.usp.br\/dcbm\/wp-content\/uploads\/sites\/1624\/2025\/02\/Jonas.png\" class=\"attachment-large size-large wp-image-2948\" alt=\"\" \/>\t\t\t\t\t\t\t\t\t\t\t\t\t<\/div>\n\t\t\t\t<\/div>\n\t\t\t\t\t<\/div>\n\t\t<\/div>\n\t\t\t\t\t<\/div>\n\t\t<\/section>\n\t\t\t\t<div class=\"elementor-element elementor-element-56d7a3f elementor-widget elementor-widget-heading\" data-id=\"56d7a3f\" data-element_type=\"widget\" data-widget_type=\"heading.default\">\n\t\t\t\t<div class=\"elementor-widget-container\">\n\t\t\t<h3 class=\"elementor-heading-title elementor-size-default\">Secret\u00e1ria do Departamento<\/h3>\t\t<\/div>\n\t\t\t\t<\/div>\n\t\t\t\t<section class=\"elementor-section elementor-inner-section elementor-element elementor-element-2faaa0f elementor-section-boxed elementor-section-height-default elementor-section-height-default\" data-id=\"2faaa0f\" data-element_type=\"section\">\n\t\t\t\t\t\t<div class=\"elementor-container elementor-column-gap-default\">\n\t\t\t\t\t<div class=\"elementor-column elementor-col-50 elementor-inner-column elementor-element elementor-element-41a4ff0\" data-id=\"41a4ff0\" data-element_type=\"column\">\n\t\t\t<div class=\"elementor-widget-wrap elementor-element-populated\">\n\t\t\t\t\t\t<div class=\"elementor-element elementor-element-049339a elementor-widget elementor-widget-text-editor\" data-id=\"049339a\" data-element_type=\"widget\" data-widget_type=\"text-editor.default\">\n\t\t\t\t<div class=\"elementor-widget-container\">\n\t\t\t\t\t\t\t<p><strong>Denise Ces\u00e1rio Damasceno<\/strong><\/p>\t\t\t\t\t\t<\/div>\n\t\t\t\t<\/div>\n\t\t\t\t\t<\/div>\n\t\t<\/div>\n\t\t\t\t<div class=\"elementor-column elementor-col-50 elementor-inner-column elementor-element elementor-element-d97c188\" data-id=\"d97c188\" data-element_type=\"column\">\n\t\t\t<div class=\"elementor-widget-wrap elementor-element-populated\">\n\t\t\t\t\t\t<div class=\"elementor-element elementor-element-c75819a elementor-widget elementor-widget-image\" data-id=\"c75819a\" data-element_type=\"widget\" data-widget_type=\"image.default\">\n\t\t\t\t<div class=\"elementor-widget-container\">\n\t\t\t\t\t\t\t\t\t\t\t\t\t<img loading=\"lazy\" decoding=\"async\" width=\"100\" height=\"128\" src=\"https:\/\/sites.usp.br\/dcbm\/wp-content\/uploads\/sites\/1624\/2025\/02\/denisedcbm.jpg\" class=\"attachment-large size-large wp-image-2870\" alt=\"\" \/>\t\t\t\t\t\t\t\t\t\t\t\t\t<\/div>\n\t\t\t\t<\/div>\n\t\t\t\t\t<\/div>\n\t\t<\/div>\n\t\t\t\t\t<\/div>\n\t\t<\/section>\n\t\t\t\t<div class=\"elementor-element elementor-element-00a667a elementor-widget elementor-widget-heading\" data-id=\"00a667a\" data-element_type=\"widget\" data-widget_type=\"heading.default\">\n\t\t\t\t<div class=\"elementor-widget-container\">\n\t\t\t<h3 class=\"elementor-heading-title elementor-size-default\">Secret\u00e1rios<\/h3>\t\t<\/div>\n\t\t\t\t<\/div>\n\t\t\t\t<section class=\"elementor-section elementor-inner-section elementor-element elementor-element-414e9e8 elementor-section-boxed elementor-section-height-default elementor-section-height-default\" data-id=\"414e9e8\" data-element_type=\"section\">\n\t\t\t\t\t\t<div class=\"elementor-container elementor-column-gap-default\">\n\t\t\t\t\t<div class=\"elementor-column elementor-col-50 elementor-inner-column elementor-element elementor-element-0434cef\" data-id=\"0434cef\" data-element_type=\"column\">\n\t\t\t<div class=\"elementor-widget-wrap elementor-element-populated\">\n\t\t\t\t\t\t<div class=\"elementor-element elementor-element-fd2484e elementor-widget elementor-widget-text-editor\" data-id=\"fd2484e\" data-element_type=\"widget\" data-widget_type=\"text-editor.default\">\n\t\t\t\t<div class=\"elementor-widget-container\">\n\t\t\t\t\t\t\t<p><strong>Maria Aparecida de Almeida Consuli Segato<\/strong><\/p>\t\t\t\t\t\t<\/div>\n\t\t\t\t<\/div>\n\t\t\t\t\t<\/div>\n\t\t<\/div>\n\t\t\t\t<div class=\"elementor-column elementor-col-50 elementor-inner-column elementor-element elementor-element-0397151\" data-id=\"0397151\" data-element_type=\"column\">\n\t\t\t<div class=\"elementor-widget-wrap elementor-element-populated\">\n\t\t\t\t\t\t<div class=\"elementor-element elementor-element-8dcdc23 elementor-widget elementor-widget-image\" data-id=\"8dcdc23\" data-element_type=\"widget\" data-widget_type=\"image.default\">\n\t\t\t\t<div class=\"elementor-widget-container\">\n\t\t\t\t\t\t\t\t\t\t\t\t\t<img loading=\"lazy\" decoding=\"async\" width=\"100\" height=\"128\" src=\"https:\/\/sites.usp.br\/dcbm\/wp-content\/uploads\/sites\/1624\/2025\/02\/Marco-Antonio.png\" class=\"attachment-large size-large wp-image-2952\" alt=\"\" \/>\t\t\t\t\t\t\t\t\t\t\t\t\t<\/div>\n\t\t\t\t<\/div>\n\t\t\t\t\t<\/div>\n\t\t<\/div>\n\t\t\t\t\t<\/div>\n\t\t<\/section>\n\t\t\t\t<section class=\"elementor-section elementor-inner-section elementor-element elementor-element-4df697b elementor-section-boxed elementor-section-height-default elementor-section-height-default\" data-id=\"4df697b\" data-element_type=\"section\">\n\t\t\t\t\t\t<div class=\"elementor-container elementor-column-gap-default\">\n\t\t\t\t\t<div class=\"elementor-column elementor-col-50 elementor-inner-column elementor-element elementor-element-4ff665d\" data-id=\"4ff665d\" data-element_type=\"column\">\n\t\t\t<div class=\"elementor-widget-wrap elementor-element-populated\">\n\t\t\t\t\t\t<div class=\"elementor-element elementor-element-88d2b59 elementor-widget elementor-widget-text-editor\" data-id=\"88d2b59\" data-element_type=\"widget\" data-widget_type=\"text-editor.default\">\n\t\t\t\t<div class=\"elementor-widget-container\">\n\t\t\t\t\t\t\t<p><strong>Felippe Paolucci de Andrade<\/strong><\/p>\t\t\t\t\t\t<\/div>\n\t\t\t\t<\/div>\n\t\t\t\t\t<\/div>\n\t\t<\/div>\n\t\t\t\t<div class=\"elementor-column elementor-col-50 elementor-inner-column elementor-element elementor-element-5cad282\" data-id=\"5cad282\" data-element_type=\"column\">\n\t\t\t<div class=\"elementor-widget-wrap elementor-element-populated\">\n\t\t\t\t\t\t<div class=\"elementor-element elementor-element-37ec35c elementor-widget elementor-widget-image\" data-id=\"37ec35c\" data-element_type=\"widget\" data-widget_type=\"image.default\">\n\t\t\t\t<div class=\"elementor-widget-container\">\n\t\t\t\t\t\t\t\t\t\t\t\t\t<img loading=\"lazy\" decoding=\"async\" width=\"100\" height=\"128\" src=\"https:\/\/sites.usp.br\/dcbm\/wp-content\/uploads\/sites\/1624\/2025\/02\/Marco-Antonio.png\" class=\"attachment-large size-large wp-image-2952\" alt=\"\" \/>\t\t\t\t\t\t\t\t\t\t\t\t\t<\/div>\n\t\t\t\t<\/div>\n\t\t\t\t\t<\/div>\n\t\t<\/div>\n\t\t\t\t\t<\/div>\n\t\t<\/section>\n\t\t\t\t<div class=\"elementor-element elementor-element-0e5c4d3 elementor-widget elementor-widget-heading\" data-id=\"0e5c4d3\" data-element_type=\"widget\" data-widget_type=\"heading.default\">\n\t\t\t\t<div class=\"elementor-widget-container\">\n\t\t\t<h3 class=\"elementor-heading-title elementor-size-default\">Contato<\/h3>\t\t<\/div>\n\t\t\t\t<\/div>\n\t\t\t\t<section class=\"elementor-section elementor-inner-section elementor-element elementor-element-7b2e66c elementor-section-boxed elementor-section-height-default elementor-section-height-default\" data-id=\"7b2e66c\" data-element_type=\"section\">\n\t\t\t\t\t\t<div class=\"elementor-container elementor-column-gap-default\">\n\t\t\t\t\t<div class=\"elementor-column elementor-col-50 elementor-inner-column elementor-element elementor-element-ca85952\" data-id=\"ca85952\" data-element_type=\"column\">\n\t\t\t<div class=\"elementor-widget-wrap\">\n\t\t\t\t\t\t\t<\/div>\n\t\t<\/div>\n\t\t\t\t<div class=\"elementor-column elementor-col-50 elementor-inner-column elementor-element elementor-element-b898678\" data-id=\"b898678\" data-element_type=\"column\">\n\t\t\t<div class=\"elementor-widget-wrap elementor-element-populated\">\n\t\t\t\t\t\t<div class=\"elementor-element elementor-element-27b5338 elementor-widget elementor-widget-text-editor\" data-id=\"27b5338\" data-element_type=\"widget\" data-widget_type=\"text-editor.default\">\n\t\t\t\t<div class=\"elementor-widget-container\">\n\t\t\t\t\t\t\t<ul><li><span style=\"color: #239ab8;\"><strong>Email: <a href=\"mailto:dcbm@fcfrp.usp.br\">dcbm@fcfrp.usp.br<\/a><\/strong><\/span><\/li><li><span style=\"color: #239ab8;\"><strong>Fone: (16) 3315-4222<\/strong><\/span><\/li><\/ul>\t\t\t\t\t\t<\/div>\n\t\t\t\t<\/div>\n\t\t\t\t\t<\/div>\n\t\t<\/div>\n\t\t\t\t\t<\/div>\n\t\t<\/section>\n\t\t\t\t<div class=\"elementor-element elementor-element-7d2b743 elementor-widget elementor-widget-heading\" data-id=\"7d2b743\" data-element_type=\"widget\" data-widget_type=\"heading.default\">\n\t\t\t\t<div class=\"elementor-widget-container\">\n\t\t\t<h2 class=\"elementor-heading-title elementor-size-default\"><br>Atividades Desenvolvidas Durante a Gest\u00e3o<\/h2>\t\t<\/div>\n\t\t\t\t<\/div>\n\t\t\t\t<div class=\"elementor-element elementor-element-50c08a0 elementor-widget elementor-widget-text-editor\" data-id=\"50c08a0\" data-element_type=\"widget\" data-widget_type=\"text-editor.default\">\n\t\t\t\t<div class=\"elementor-widget-container\">\n\t\t\t\t\t\t\t<p>&#8211; Em edi\u00e7\u00e3o &#8211;<\/p>\t\t\t\t\t\t<\/div>\n\t\t\t\t<\/div>\n\t\t\t\t<div class=\"elementor-element elementor-element-a26af66 elementor-skin-slideshow elementor-arrows-yes elementor-widget elementor-widget-media-carousel\" data-id=\"a26af66\" data-element_type=\"widget\" data-settings=\"{&quot;skin&quot;:&quot;slideshow&quot;,&quot;speed&quot;:1300,&quot;effect&quot;:&quot;slide&quot;,&quot;show_arrows&quot;:&quot;yes&quot;,&quot;autoplay&quot;:&quot;yes&quot;,&quot;autoplay_speed&quot;:5000,&quot;loop&quot;:&quot;yes&quot;,&quot;pause_on_hover&quot;:&quot;yes&quot;,&quot;pause_on_interaction&quot;:&quot;yes&quot;,&quot;space_between&quot;:{&quot;unit&quot;:&quot;px&quot;,&quot;size&quot;:10,&quot;sizes&quot;:[]},&quot;space_between_tablet&quot;:{&quot;unit&quot;:&quot;px&quot;,&quot;size&quot;:10,&quot;sizes&quot;:[]},&quot;space_between_mobile&quot;:{&quot;unit&quot;:&quot;px&quot;,&quot;size&quot;:10,&quot;sizes&quot;:[]}}\" data-widget_type=\"media-carousel.default\">\n\t\t\t\t<div class=\"elementor-widget-container\">\n\t\t\t\t\t<div class=\"elementor-swiper\">\n\t\t\t<div class=\"elementor-main-swiper swiper\">\n\t\t\t\t<div class=\"swiper-wrapper\">\n\t\t\t\t\t\t\t\t\t\t\t<div class=\"swiper-slide\">\n\t\t\t\t\t\t\t\t\t<div class=\"elementor-carousel-image\" role=\"img\" aria-label=\"IMG_7831\" style=\"background-image: url(&#039;https:\/\/sites.usp.br\/dcbm\/wp-content\/uploads\/sites\/1624\/2025\/02\/IMG_7831-scaled.jpg&#039;)\">\n\n\t\t\t\n\t\t\t\t\t<\/div>\n\t\t\t\t\t\t\t\t<\/div>\n\t\t\t\t\t\t\t\t\t\t\t<div class=\"swiper-slide\">\n\t\t\t\t\t\t\t\t\t<div class=\"elementor-carousel-image\" role=\"img\" aria-label=\"E2 p\u00fablico ABCF\" style=\"background-image: url(&#039;https:\/\/sites.usp.br\/dcbm\/wp-content\/uploads\/sites\/1624\/2025\/02\/E2-publico-ABCF-scaled.jpg&#039;)\">\n\n\t\t\t\n\t\t\t\t\t<\/div>\n\t\t\t\t\t\t\t\t<\/div>\n\t\t\t\t\t\t\t\t\t\t\t<div class=\"swiper-slide\">\n\t\t\t\t\t\t\t\t\t<div class=\"elementor-carousel-image\" role=\"img\" aria-label=\"IMG_7897\" style=\"background-image: url(&#039;https:\/\/sites.usp.br\/dcbm\/wp-content\/uploads\/sites\/1624\/2025\/02\/IMG_7897-scaled.jpg&#039;)\">\n\n\t\t\t\n\t\t\t\t\t<\/div>\n\t\t\t\t\t\t\t\t<\/div>\n\t\t\t\t\t\t\t\t\t\t\t<div class=\"swiper-slide\">\n\t\t\t\t\t\t\t\t\t<div class=\"elementor-carousel-image\" role=\"img\" aria-label=\"C2 laborat\u00f3rio de aula\" style=\"background-image: url(&#039;https:\/\/sites.usp.br\/dcbm\/wp-content\/uploads\/sites\/1624\/2025\/02\/C2-laboratorio-de-aula-scaled.jpg&#039;)\">\n\n\t\t\t\n\t\t\t\t\t<\/div>\n\t\t\t\t\t\t\t\t<\/div>\n\t\t\t\t\t\t\t\t\t\t\t<div class=\"swiper-slide\">\n\t\t\t\t\t\t\t\t\t<div class=\"elementor-carousel-image\" role=\"img\" aria-label=\"Aluno na escola fazendo experimento\" style=\"background-image: url(&#039;https:\/\/sites.usp.br\/dcbm\/wp-content\/uploads\/sites\/1624\/2025\/02\/Aluno-na-escola-fazendo-experimento-scaled.jpg&#039;)\">\n\n\t\t\t\n\t\t\t\t\t<\/div>\n\t\t\t\t\t\t\t\t<\/div>\n\t\t\t\t\t\t\t\t\t<\/div>\n\t\t\t\t\t\t\t\t\t\t\t\t\t\t\t\t\t\t\t\t<div class=\"elementor-swiper-button elementor-swiper-button-prev\" role=\"button\" tabindex=\"0\">\n\t\t\t\t\t\t\t<i aria-hidden=\"true\" class=\"eicon-chevron-left\"><\/i>\t\t\t\t\t\t\t<span class=\"elementor-screen-only\">Anterior<\/span>\n\t\t\t\t\t\t<\/div>\n\t\t\t\t\t\t<div class=\"elementor-swiper-button elementor-swiper-button-next\" role=\"button\" tabindex=\"0\">\n\t\t\t\t\t\t\t<i aria-hidden=\"true\" class=\"eicon-chevron-right\"><\/i>\t\t\t\t\t\t\t<span class=\"elementor-screen-only\">Pr\u00f3ximo<\/span>\n\t\t\t\t\t\t<\/div>\n\t\t\t\t\t\t\t\t\t\t\t\t<\/div>\n\t\t<\/div>\n\t\t\t\t<div class=\"elementor-swiper\">\n\t\t\t<div class=\"elementor-thumbnails-swiper swiper\">\n\t\t\t\t<div class=\"swiper-wrapper\">\n\t\t\t\t\t\t\t\t\t\t\t<div class=\"swiper-slide\">\n\t\t\t\t\t\t\t\t\t<div class=\"elementor-carousel-image\" role=\"img\" aria-label=\"IMG_7831\" style=\"background-image: url(&#039;https:\/\/sites.usp.br\/dcbm\/wp-content\/uploads\/sites\/1624\/2025\/02\/IMG_7831-scaled.jpg&#039;)\">\n\n\t\t\t\n\t\t\t\t\t<\/div>\n\t\t\t\t\t\t\t\t<\/div>\n\t\t\t\t\t\t\t\t\t\t\t<div class=\"swiper-slide\">\n\t\t\t\t\t\t\t\t\t<div class=\"elementor-carousel-image\" role=\"img\" aria-label=\"E2 p\u00fablico ABCF\" style=\"background-image: url(&#039;https:\/\/sites.usp.br\/dcbm\/wp-content\/uploads\/sites\/1624\/2025\/02\/E2-publico-ABCF-scaled.jpg&#039;)\">\n\n\t\t\t\n\t\t\t\t\t<\/div>\n\t\t\t\t\t\t\t\t<\/div>\n\t\t\t\t\t\t\t\t\t\t\t<div class=\"swiper-slide\">\n\t\t\t\t\t\t\t\t\t<div class=\"elementor-carousel-image\" role=\"img\" aria-label=\"IMG_7897\" style=\"background-image: url(&#039;https:\/\/sites.usp.br\/dcbm\/wp-content\/uploads\/sites\/1624\/2025\/02\/IMG_7897-scaled.jpg&#039;)\">\n\n\t\t\t\n\t\t\t\t\t<\/div>\n\t\t\t\t\t\t\t\t<\/div>\n\t\t\t\t\t\t\t\t\t\t\t<div class=\"swiper-slide\">\n\t\t\t\t\t\t\t\t\t<div class=\"elementor-carousel-image\" role=\"img\" aria-label=\"C2 laborat\u00f3rio de aula\" style=\"background-image: url(&#039;https:\/\/sites.usp.br\/dcbm\/wp-content\/uploads\/sites\/1624\/2025\/02\/C2-laboratorio-de-aula-scaled.jpg&#039;)\">\n\n\t\t\t\n\t\t\t\t\t<\/div>\n\t\t\t\t\t\t\t\t<\/div>\n\t\t\t\t\t\t\t\t\t\t\t<div class=\"swiper-slide\">\n\t\t\t\t\t\t\t\t\t<div class=\"elementor-carousel-image\" role=\"img\" aria-label=\"Aluno na escola fazendo experimento\" style=\"background-image: url(&#039;https:\/\/sites.usp.br\/dcbm\/wp-content\/uploads\/sites\/1624\/2025\/02\/Aluno-na-escola-fazendo-experimento-scaled.jpg&#039;)\">\n\n\t\t\t\n\t\t\t\t\t<\/div>\n\t\t\t\t\t\t\t\t<\/div>\n\t\t\t\t\t\t\t\t\t<\/div>\n\t\t\t\t\t\t\t\t\t\t\t\t\t\t\t\t\t\t\t\t\t<\/div>\n\t\t<\/div>\n\t\t\t\t<\/div>\n\t\t\t\t<\/div>\n\t\t\t\t\t<\/div>\n\t\t<\/div>\n\t\t\t\t\t<\/div>\n\t\t<\/section>\n\t\t\t\t\t<\/div>\n\t\t<\/div>\n\t\t\t\t\t<\/div>\n\t\t<\/section>\n\t\t\t\t<\/div>\n\t\t","protected":false},"excerpt":{"rendered":"<p>SOBRE N\u00d3S Em suas atividades dida\u0301ticas, o Departamento de Ci\u00eancias Biomoleculares busca proporcionar conhecimentos ba\u0301sicos so\u0301lidos, desenvolver o espi\u0301rito cienti\u0301fico cri\u0301tico e aptido\u0303es intelectuais especi\u0301ficas, capacidades imperativas para a formac\u0327a\u0303o do profissional farmace\u0302utico.Na a\u0301rea cienti\u0301fica, o Departamento busca gerar, ampliar, consolidar e difundir conhecimentos, metodologias cienti\u0301ficas e tecnolo\u0301gicas aliadas a\u0300 formac\u0327a\u0303o de profissionais de alto-ni\u0301vel.Atrave\u0301s [&hellip;]<\/p>\n","protected":false},"author":24566,"featured_media":0,"parent":0,"menu_order":0,"comment_status":"closed","ping_status":"closed","template":"","meta":{"_monsterinsights_skip_tracking":false,"_monsterinsights_sitenote_active":false,"_monsterinsights_sitenote_note":"","_monsterinsights_sitenote_category":0,"footnotes":"","_links_to":"","_links_to_target":""},"class_list":["post-774","page","type-page","status-publish","hentry","entry"],"_links":{"self":[{"href":"https:\/\/sites.usp.br\/dcbm\/wp-json\/wp\/v2\/pages\/774","targetHints":{"allow":["GET"]}}],"collection":[{"href":"https:\/\/sites.usp.br\/dcbm\/wp-json\/wp\/v2\/pages"}],"about":[{"href":"https:\/\/sites.usp.br\/dcbm\/wp-json\/wp\/v2\/types\/page"}],"author":[{"embeddable":true,"href":"https:\/\/sites.usp.br\/dcbm\/wp-json\/wp\/v2\/users\/24566"}],"replies":[{"embeddable":true,"href":"https:\/\/sites.usp.br\/dcbm\/wp-json\/wp\/v2\/comments?post=774"}],"version-history":[{"count":4,"href":"https:\/\/sites.usp.br\/dcbm\/wp-json\/wp\/v2\/pages\/774\/revisions"}],"predecessor-version":[{"id":3779,"href":"https:\/\/sites.usp.br\/dcbm\/wp-json\/wp\/v2\/pages\/774\/revisions\/3779"}],"wp:attachment":[{"href":"https:\/\/sites.usp.br\/dcbm\/wp-json\/wp\/v2\/media?parent=774"}],"curies":[{"name":"wp","href":"https:\/\/api.w.org\/{rel}","templated":true}]}}