{"id":151,"date":"2020-01-13T19:21:22","date_gmt":"2020-01-13T21:21:22","guid":{"rendered":"https:\/\/sites.usp.br\/dconv\/?page_id=151"},"modified":"2020-08-17T11:00:15","modified_gmt":"2020-08-17T13:00:15","slug":"primeiros-passos","status":"publish","type":"page","link":"https:\/\/sites.usp.br\/dconv\/informacoes\/primeiros-passos\/","title":{"rendered":"Primeiros passos"},"content":{"rendered":"<p style=\"text-align: justify;\"><strong>O que \u00e9 um conv\u00eanio?<\/strong><br \/>\nNa USP, utilizamos o termo conv\u00eanio para tratar de todo ajuste cooperativo entre a universidade e outras entidades.<\/p>\n<p style=\"text-align: justify;\"><strong>Por que precisamos celebrar conv\u00eanios ou contratos para se realizar pesquisa?<\/strong><br \/>\nToda rela\u00e7\u00e3o da USP com outras entidades requer a formaliza\u00e7\u00e3o dos deveres e obriga\u00e7\u00f5es dos envolvidos. Quando estamos tratando de atividades cooperativas entre USP e outra entidade, o meio correto para esta formaliza\u00e7\u00e3o \u00e9 a celebra\u00e7\u00e3o de um conv\u00eanio. Quando se est\u00e1 diante de uma contrapresta\u00e7\u00e3o, estamos mais pr\u00f3ximos de um contrato.<\/p>\n<p style=\"text-align: justify;\"><strong>Como fa\u00e7o para celebrar um conv\u00eanio?<\/strong><\/p>\n<p style=\"text-align: justify;\">A celebra\u00e7\u00e3o de conv\u00eanio demanda <strong> 4 <\/strong> etapas:<\/p>\n<p style=\"text-align: justify;\"><strong>\u00a0 \u00a0 1\u00ba<\/strong> Determinar o objetivo do projeto:<\/p>\n<p style=\"text-align: justify;\">As partes envolvidas devem deixar claro o que se pretendem fazer, quem estar\u00e1\u00a0 \u00a0 \u00a0 \u00a0 \u00a0 \u00a0 \u00a0 \u00a0 \u00a0 envolvido no projeto e quando se pretende finaliz\u00e1-lo.<\/p>\n<p style=\"text-align: justify;\"><strong>\u00a0 \u00a0 2\u00ba<\/strong> Determinar as obriga\u00e7\u00f5es e direitos de cada um envolvido.<\/p>\n<p style=\"text-align: justify;\">N\u00e3o pode haver d\u00favida das responsabilidades de cada um envolvido. Tamb\u00e9m n\u00e3o pode haver d\u00favidas sobre as limita\u00e7\u00f5es do regime jur\u00eddico p\u00fablico da USP.<\/p>\n<p style=\"text-align: justify;\"><strong>\u00a0 \u00a0 3\u00ba<\/strong>Elaborar minuta de ajuste.<br \/>\nA minuta deve refletir as conclus\u00f5es das etapas anteriores, de forma simples e clara.\u00a0Para modelos de minutas, acesse <a href=\"https:\/\/uspdigital.usp.br\/conveniousp\/modelos?codmnu=6193\">https:\/\/uspdigital.usp.br\/conveniousp\/modelos?codmnu=6193 .<\/a><\/p>\n<p style=\"text-align: justify;\"><strong>\u00a0 \u00a0 4\u00ba<\/strong> Realizar procedimento de aprova\u00e7\u00e3o.<br \/>\nNa USP, todos ajustes de parceria devem ser aprovados pelas inst\u00e2ncias competentes. Estas inst\u00e2ncias s\u00e3o definidas de acordo com o objeto preponderante do projeto. Assim, projetos de pesquisa devem seguir os tr\u00e2mites da Pr\u00f3-Reitoria de Pesquisa e da Comiss\u00e3o de Pesquisa da Unidade.<\/p>\n<p style=\"text-align: justify;\"><strong>Quais cautelas devo ter?<\/strong><\/p>\n<p style=\"text-align: justify;\">Para quem pretende celebrar um conv\u00eanio, \u00e9 muito importante conhecer as normas as quais se submete. De um lado, temos as normas gerais da USP; de outro, temos normas setoriais, como por exemplo, ajustes de pesquisa regulados pela Ag\u00eancia Nacional de Petr\u00f3leo (ANP).<\/p>\n<p style=\"text-align: justify;\">Para um conhecimento geral das normas da USP, acesse :\u00a0 <a href=\"http:\/\/www.leginf.usp.br.\">http:\/\/www.leginf.usp.br.<\/a><\/p>\n<p style=\"text-align: justify;\">Agora, para conhecer algumas normas setoriais, acesse:<\/p>\n<p>\u00a0Embrapii &#8211; Empresa Brasileira de Pesquisa e Inova\u00e7\u00e3o Industrial- (<a href=\"https:\/\/embrapii.org.br\/institucional\/manuais\/\" target=\"_blank\" rel=\"noopener noreferrer\" data-saferedirecturl=\"https:\/\/www.google.com\/url?q=https:\/\/embrapii.org.br\/institucional\/manuais\/&amp;source=gmail&amp;ust=1597751537865000&amp;usg=AFQjCNFMa60ZGqq5493j7qxJXwNh-CsyLg\">https:\/\/embrapii.org.br\/<wbr \/>institucional\/manuais\/<\/a>)<\/p>\n<p>ANP &#8211; Ag\u00eancia Nacional do Petr\u00f3leo, G\u00e1s Natural e Biocombust\u00edveis-(<a href=\"http:\/\/www.anp.gov.br\/arquivos\/pdi\/investimentos-pdi\/rtri\/manual-orientativo.pdf\" target=\"_blank\" rel=\"noopener noreferrer\" data-saferedirecturl=\"https:\/\/www.google.com\/url?q=http:\/\/www.anp.gov.br\/arquivos\/pdi\/investimentos-pdi\/rtri\/manual-orientativo.pdf&amp;source=gmail&amp;ust=1597751537865000&amp;usg=AFQjCNGOwXC_jDM9dgbmzgjdNTJ8t2qn5Q\">http:\/\/www.anp.gov.br\/<wbr \/>arquivos\/pdi\/investimentos-<wbr \/>pdi\/rtri\/manual-orientativo.<wbr \/>pdf<\/a>)<\/p>\n<p style=\"text-align: justify;\">Celebrado o ajuste, \u00e9 importante que toda equipe que participar\u00e1 da execu\u00e7\u00e3o do projeto tenha conhecimento das obriga\u00e7\u00f5es da USP e dos outros part\u00edcipes. Em especial, quest\u00f5es relativas \u00e0 propriedade intelectual e presta\u00e7\u00e3o de contas devem ser esclarecidas.<\/p>\n<p style=\"text-align: justify;\">\n","protected":false},"excerpt":{"rendered":"<p>O que \u00e9 um conv\u00eanio? Na USP, utilizamos o termo conv\u00eanio para tratar de todo ajuste cooperativo entre a universidade e outras entidades. Por que precisamos celebrar conv\u00eanios ou contratos para se realizar pesquisa? Toda rela\u00e7\u00e3o da USP com outras entidades requer a formaliza\u00e7\u00e3o dos deveres e obriga\u00e7\u00f5es dos envolvidos. Quando estamos tratando de atividades [&hellip;]<\/p>\n","protected":false},"author":1234,"featured_media":0,"parent":64,"menu_order":2,"comment_status":"closed","ping_status":"closed","template":"","meta":{"footnotes":"","_links_to":"","_links_to_target":""},"class_list":["post-151","page","type-page","status-publish","hentry"],"_links":{"self":[{"href":"https:\/\/sites.usp.br\/dconv\/wp-json\/wp\/v2\/pages\/151","targetHints":{"allow":["GET"]}}],"collection":[{"href":"https:\/\/sites.usp.br\/dconv\/wp-json\/wp\/v2\/pages"}],"about":[{"href":"https:\/\/sites.usp.br\/dconv\/wp-json\/wp\/v2\/types\/page"}],"author":[{"embeddable":true,"href":"https:\/\/sites.usp.br\/dconv\/wp-json\/wp\/v2\/users\/1234"}],"replies":[{"embeddable":true,"href":"https:\/\/sites.usp.br\/dconv\/wp-json\/wp\/v2\/comments?post=151"}],"version-history":[{"count":4,"href":"https:\/\/sites.usp.br\/dconv\/wp-json\/wp\/v2\/pages\/151\/revisions"}],"predecessor-version":[{"id":433,"href":"https:\/\/sites.usp.br\/dconv\/wp-json\/wp\/v2\/pages\/151\/revisions\/433"}],"up":[{"embeddable":true,"href":"https:\/\/sites.usp.br\/dconv\/wp-json\/wp\/v2\/pages\/64"}],"wp:attachment":[{"href":"https:\/\/sites.usp.br\/dconv\/wp-json\/wp\/v2\/media?parent=151"}],"curies":[{"name":"wp","href":"https:\/\/api.w.org\/{rel}","templated":true}]}}