{"id":169,"date":"2020-01-20T17:54:56","date_gmt":"2020-01-20T19:54:56","guid":{"rendered":"https:\/\/sites.usp.br\/dconv\/?page_id=169"},"modified":"2025-01-15T10:13:26","modified_gmt":"2025-01-15T12:13:26","slug":"legislacao","status":"publish","type":"page","link":"https:\/\/sites.usp.br\/dconv\/informacoes\/legislacao\/","title":{"rendered":"Legisla\u00e7\u00e3o"},"content":{"rendered":"<p><a href=\"https:\/\/sites.usp.br\/dconv\/wp-content\/uploads\/sites\/648\/2025\/01\/LOA-2025-SP_compressed-compactado.pdf\">Lei Or\u00e7ament\u00e1ria Anual &#8211; LOA 2025<\/a><\/p>\n<p><a href=\"http:\/\/www.planalto.gov.br\/ccivil_03\/constituicao\/constituicao.htm\" target=\"_blank\" rel=\"noopener noreferrer\">Constitui\u00e7\u00e3o Federal &#8211; site do planalto<\/a><\/p>\n<p><a href=\"http:\/\/www.planalto.gov.br\/ccivil_03\/_Ato2004-2006\/2004\/Lei\/L10.973.htm#view\" target=\"_blank\" rel=\"noopener noreferrer\">Lei Federal de Inova\u00e7\u00e3o Tecnol\u00f3gica (lei n\u00ba 10.973 de 2004) &#8211; site do planalto<\/a><\/p>\n<p><a href=\"http:\/\/www.planalto.gov.br\/ccivil_03\/_Ato2015-2018\/2018\/Decreto\/D9283.htm\" target=\"_blank\" rel=\"noopener noreferrer\">Decreto Federal de Inova\u00e7\u00e3o (decreto n\u00ba 9.283 de 2018)<\/a><\/p>\n<p><a href=\"https:\/\/www.al.sp.gov.br\/repositorio\/legislacao\/decreto\/2017\/decreto-62817-04.09.2017.html\" target=\"_blank\" rel=\"noopener noreferrer\">Decreto Estadual de Inova\u00e7\u00e3o (decreto n\u00ba 62.817 de 2017)<\/a><\/p>\n<p><a href=\"http:\/\/www.leginf.usp.br\/?resolucao=resolucao-no-6966-de-21-de-outubro-de-2014&amp;codmnu=8196\" target=\"_blank\" rel=\"noopener noreferrer\">Resolu\u00e7\u00e3o CoCEx n\u00ba 7897 de 2019 &#8211; trata de Cursos de Extens\u00e3o Universit\u00e1ria da USP<\/a><\/p>\n<p><a href=\"http:\/\/www.leginf.usp.br\/?resolucao=resolucao-no-7290-de-14-de-dezembro-de-2016-2\" target=\"_blank\" rel=\"noopener noreferrer\">Resolu\u00e7\u00e3o 7.290 de 2016 &#8211; sobre despesas operacionais (overhead) em ajustes da USP<\/a><\/p>\n<p><a href=\"http:\/\/www.leginf.usp.br\/?resolucao=resolucao-no-6966-de-21-de-outubro-de-2014&amp;codmnu=8196\" target=\"_blank\" rel=\"noopener noreferrer\">Resolu\u00e7\u00e3o 6.966 de 2014\u00a0 &#8211; cria o Portal de Conv\u00eanios da USP<\/a><\/p>\n<p><a href=\"http:\/\/www.leginf.usp.br\/?portaria=portaria-gr-no-6580-de-21-de-outubro-de-2014\" target=\"_blank\" rel=\"noopener noreferrer\">Poraria GR n\u00ba 6.580 de 2014 &#8211; delega\u00e7\u00e3o de compet\u00eancia do Magnifico Reitor para autoridades que nela menciona<\/a><\/p>\n<p><a href=\"http:\/\/www.planalto.gov.br\/ccivil_03\/_Ato2007-2010\/2007\/Decreto\/D6170.htm\">Decreto <\/a><a href=\"https:\/\/www.capes.gov.br\/bolsas\/bolsas-no-pais\/ds-e-proap\">n\u00ba<\/a><a href=\"http:\/\/www.planalto.gov.br\/ccivil_03\/_Ato2007-2010\/2007\/Decreto\/D6170.htm\"> 6170\/2007 &#8211; Disp\u00f5e sobre as normas relativas \u00e0s transfer\u00eancias de recursos da Uni\u00e3o mediante conv\u00eanios e contratos de repasse<\/a><\/p>\n<p><a href=\"http:\/\/plataformamaisbrasil.gov.br\/legislacao\/portarias\/portaria-interministerial-n-424-de-30-de-dezembro-de-2016\">Portaria Interministerial <\/a><a href=\"https:\/\/www.capes.gov.br\/bolsas\/bolsas-no-pais\/ds-e-proap\">n\u00ba <\/a><a href=\"http:\/\/plataformamaisbrasil.gov.br\/legislacao\/portarias\/portaria-interministerial-n-424-de-30-de-dezembro-de-2016\">424\/2016 &#8211; Estabelece normas para execu\u00e7\u00e3o do estabelecido no Decreto n\u00ba 6.170, de 25 de julho de 2007, que disp\u00f5e sobre as normas relativas \u00e0s transfer\u00eancias de recursos da Uni\u00e3o mediante conv\u00eanios e contratos de repasse<\/a><\/p>\n<p><a href=\"https:\/\/www.capes.gov.br\/bolsas\/bolsas-no-pais\/ds-e-proap\">Portaria\u00a0 CAPES n\u00ba 156\/2014 &#8211; Aprova o novo regulamento do Programa de Apoio \u00e0 P\u00f3s-gradua\u00e7\u00e3o &#8211; PROAP<\/a><\/p>\n<p><a href=\"https:\/\/www.capes.gov.br\/images\/stories\/download\/legislacao\/05092016-PORTARIA-N-132-DE-18-DE-AGOSTO-DE-2016.pdf\">Portaria CAPES <\/a><a href=\"https:\/\/www.capes.gov.br\/bolsas\/bolsas-no-pais\/ds-e-proap\">n\u00ba<\/a><a href=\"https:\/\/www.capes.gov.br\/images\/stories\/download\/legislacao\/05092016-PORTARIA-N-132-DE-18-DE-AGOSTO-DE-2016.pdf\"> 132\/2016 &#8211; Estabelece o Aux\u00edlio Di\u00e1rio para viagens no Pa\u00eds e no exterior aos benefici\u00e1rios dos Programas da Capes e seus convidados<\/a><\/p>\n<p><a href=\"http:\/\/www.prpg.usp.br\/attachments\/article\/4229\/artigo_24_inciso_XXI.pdf\">Circular CODAGE\u00a0 <\/a><a href=\"https:\/\/www.capes.gov.br\/bolsas\/bolsas-no-pais\/ds-e-proap\">n\u00ba<\/a><a href=\"http:\/\/www.prpg.usp.br\/attachments\/article\/4229\/artigo_24_inciso_XXI.pdf\"> 30\/2017 &#8211; Disciplina os procedimentos para execu\u00e7\u00e3o de recursos provenientes do CAPES PROAP &#8211; artigo 24 inciso XXI da Lei 8.666\/93<\/a><\/p>\n<p>&nbsp;<\/p>\n<p>&nbsp;<\/p>\n<table width=\"231\">\n<tbody>\n<tr>\n<td rowspan=\"5\" width=\"167\"><\/td>\n<td rowspan=\"5\" width=\"64\"><\/td>\n<\/tr>\n<\/tbody>\n<\/table>\n","protected":false},"excerpt":{"rendered":"<p>Lei Or\u00e7ament\u00e1ria Anual &#8211; LOA 2025 Constitui\u00e7\u00e3o Federal &#8211; site do planalto Lei Federal de Inova\u00e7\u00e3o Tecnol\u00f3gica (lei n\u00ba 10.973 de 2004) &#8211; site do planalto Decreto Federal de Inova\u00e7\u00e3o (decreto n\u00ba 9.283 de 2018) Decreto Estadual de Inova\u00e7\u00e3o (decreto n\u00ba 62.817 de 2017) Resolu\u00e7\u00e3o CoCEx n\u00ba 7897 de 2019 &#8211; trata de Cursos de [&hellip;]<\/p>\n","protected":false},"author":1234,"featured_media":0,"parent":64,"menu_order":2,"comment_status":"closed","ping_status":"closed","template":"","meta":{"footnotes":"","_links_to":"","_links_to_target":""},"class_list":["post-169","page","type-page","status-publish","hentry"],"_links":{"self":[{"href":"https:\/\/sites.usp.br\/dconv\/wp-json\/wp\/v2\/pages\/169","targetHints":{"allow":["GET"]}}],"collection":[{"href":"https:\/\/sites.usp.br\/dconv\/wp-json\/wp\/v2\/pages"}],"about":[{"href":"https:\/\/sites.usp.br\/dconv\/wp-json\/wp\/v2\/types\/page"}],"author":[{"embeddable":true,"href":"https:\/\/sites.usp.br\/dconv\/wp-json\/wp\/v2\/users\/1234"}],"replies":[{"embeddable":true,"href":"https:\/\/sites.usp.br\/dconv\/wp-json\/wp\/v2\/comments?post=169"}],"version-history":[{"count":5,"href":"https:\/\/sites.usp.br\/dconv\/wp-json\/wp\/v2\/pages\/169\/revisions"}],"predecessor-version":[{"id":597,"href":"https:\/\/sites.usp.br\/dconv\/wp-json\/wp\/v2\/pages\/169\/revisions\/597"}],"up":[{"embeddable":true,"href":"https:\/\/sites.usp.br\/dconv\/wp-json\/wp\/v2\/pages\/64"}],"wp:attachment":[{"href":"https:\/\/sites.usp.br\/dconv\/wp-json\/wp\/v2\/media?parent=169"}],"curies":[{"name":"wp","href":"https:\/\/api.w.org\/{rel}","templated":true}]}}