{"id":352,"date":"2020-04-01T12:30:41","date_gmt":"2020-04-01T14:30:41","guid":{"rendered":"https:\/\/sites.usp.br\/dconv\/?page_id=352"},"modified":"2026-04-06T12:54:39","modified_gmt":"2026-04-06T14:54:39","slug":"manuais-3","status":"publish","type":"page","link":"https:\/\/sites.usp.br\/dconv\/manuais-3\/","title":{"rendered":"Manuais"},"content":{"rendered":"<p><span style=\"color: #ffffff;\"><a id=\"voltaraotopo\"><\/a>voltaraotopo<\/span><\/p>\n<p>Nesta p\u00e1gina, disponibilizamos alguns Manuais , e links de acesso \u00e0 Manuais, de interesse geral sobre Conv\u00eanios.<\/p>\n<p><span style=\"color: #3366ff;\"><strong>MANUAIS SOBRE CONV\u00caNIOS<\/strong><\/span><\/p>\n<p><a href=\"http:\/\/treinamento.convenios.gov.br\/portal\/manuais.html\">Manuais SICONV &#8211; Plataforma + Brasil &#8211; Portal Conv\u00eanios do Governo Federal<\/a><\/p>\n<p><a href=\"https:\/\/sites.usp.br\/dconv\/wp-content\/uploads\/sites\/648\/2020\/04\/Conv\u00eanios_e_outros_repasses_6\u00aa_edi\u00e7\u00e3o.pdf\">Manual de Conv\u00eanios &#8211; Tribunal de Contas da Uni\u00e3o<\/a><\/p>\n<p>&nbsp;<\/p>\n<p><strong><span style=\"color: #3366ff;\">SISTEMA CONV\u00caNIOS USP &#8211; MATERIAL DE APOIO PARA CADASTRAMENTO<\/span><\/strong><\/p>\n<p><span style=\"color: #ff9900;\">Cadastros Gerais<\/span><\/p>\n<p><a href=\"https:\/\/sites.usp.br\/dconv\/wp-content\/uploads\/sites\/648\/2025\/04\/PASSO-A-PASSO-Para-acessar-Sistema-de-Convenios-USP.pdf\">Passo a Passo &#8211; Acesso aos Sistemas de Conv\u00eanios USP<\/a><\/p>\n<p><a href=\"https:\/\/sites.usp.br\/dconv\/wp-content\/uploads\/sites\/648\/2025\/01\/APROVACOES-Colegiados-Presidentes-Secretarios-geral.pdf\">Passo a Passo &#8211; Aprova\u00e7\u00f5es de Colegiados<\/a><\/p>\n<p><a href=\"https:\/\/sites.usp.br\/dconv\/wp-content\/uploads\/sites\/648\/2024\/12\/Incluir-Parecerista-Unidade-passo-a-passo.pdf\">Passo a passo para o Colegiado &#8211; Incluir parecerista de Unidade<\/a><\/p>\n<p><a href=\"https:\/\/sites.usp.br\/dconv\/wp-content\/uploads\/sites\/648\/2025\/01\/PASSO-a-PASSO-Termo-Encerramento-Convenios-USP.pdf\">Passo a passo &#8211; Termo de Encerramento de Conv\u00eanios USP<\/a><\/p>\n<p><a href=\"https:\/\/sites.usp.br\/dconv\/wp-content\/uploads\/sites\/648\/2025\/07\/PASSO-A-PASSO-Alteracao-Coordenacao-por-Termo-Aditivo-31-7-25.pdf\">Passo a Passo -Termo Aditivo de altera\u00e7\u00e3o de Coordena\u00e7\u00e3o<\/a><\/p>\n<p>&nbsp;<\/p>\n<p><span style=\"color: #ff9900;\">\u00c1rea: P\u00f3s-Gradua\u00e7\u00e3o<\/span><\/p>\n<p><a href=\"https:\/\/sites.usp.br\/dconv\/wp-content\/uploads\/sites\/648\/2024\/11\/Pos_Graduacao_Convenio_Nao_Especifico.pdf\">P\u00f3s-Gradua\u00e7\u00e3o Conv\u00eanio N\u00e3o-Espec\u00edfico<\/a><\/p>\n<p><a href=\"https:\/\/sites.usp.br\/dconv\/wp-content\/uploads\/sites\/648\/2024\/11\/Pos-Graduacao_Conv_Ajustes_Obj_Preponderante_Pos-Graduacao.pdf\">P\u00f3s-Gradua\u00e7\u00e3o &#8211; Conv\u00eanios e Ajustes com Objeto Preponderante em P\u00f3s-Gradua\u00e7\u00e3o<\/a><\/p>\n<p><a href=\"https:\/\/sites.usp.br\/dconv\/wp-content\/uploads\/sites\/648\/2026\/04\/Pos_Grad_Dupla-Tit_Inclusao_TermoCompromisso.pdf\">P\u00f3s-Gradua\u00e7\u00e3o &#8211; Dupla Titula\u00e7\u00e3o &#8211; Inclus\u00e3o de Termo de Compromisso \u00e0 Conv\u00eanio Geral Vigente<\/a><\/p>\n<p><a href=\"https:\/\/sites.usp.br\/dconv\/wp-content\/uploads\/sites\/648\/2026\/04\/Pos_Graduacao_Incluir-Aluno-ou-Reanalise.pdf\">P\u00f3s-Gradua\u00e7\u00e3o &#8211; Incluir Aluno ou Rean\u00e1lise<\/a><\/p>\n<p>&nbsp;<\/p>\n<p><span style=\"color: #ff9900;\">\u00c1rea: Pesquisa<\/span><\/p>\n<p><a href=\"https:\/\/sites.usp.br\/dconv\/wp-content\/uploads\/sites\/648\/2024\/11\/Pesquisa_Inovacao_Pre-Projeto.pdf\">Pesquisa_Pr\u00e9-Projeto<\/a><\/p>\n<p><span style=\"color: #ff9900;\">\u00c1rea: Inclus\u00e3o e Pertencimento<\/span><\/p>\n<p><a href=\"https:\/\/sites.usp.br\/dconv\/wp-content\/uploads\/sites\/648\/2024\/11\/Inclusao_Pertencimento_Convenios_Ajustes.pdf\">Inclus\u00e3o_Pertencimento_Conv\u00eanios_Ajustes<\/a><\/p>\n<p><span style=\"color: #ff9900;\">\u00c1rea: Gradua\u00e7\u00e3o<\/span><\/p>\n<p><a href=\"https:\/\/sites.usp.br\/dconv\/wp-content\/uploads\/sites\/648\/2024\/11\/Graduacao_Convenio_Nao_Especifico.pdf\">Gradua\u00e7\u00e3o_Conv\u00eanio_N\u00e3o_Espec\u00edfico<\/a><\/p>\n<p><a href=\"https:\/\/sites.usp.br\/dconv\/wp-content\/uploads\/sites\/648\/2024\/11\/Graduacao_Conv_Ajustes_Objeto_Preponderante_Graduacao.pdf\">Gradua\u00e7\u00e3o_Conv\u00eanios_Ajustes_Objeto_Preponderante_Gradua\u00e7\u00e3o<\/a><\/p>\n<p><span style=\"color: #ff9900;\">\u00c1rea: Cultura e Extens\u00e3o<\/span><\/p>\n<p><a href=\"https:\/\/sites.usp.br\/dconv\/wp-content\/uploads\/sites\/648\/2024\/11\/Cultura_Extensao_Conv_Ajustes_Objeto_Prepond_Cult_Extensao.pdf\">Cultura_Extens\u00e3o_Conv\u00eanios_Ajustes_Objeto_Preponderante_Cultura_Extens\u00e3o<\/a><\/p>\n<p><a href=\"https:\/\/sites.usp.br\/dconv\/wp-content\/uploads\/sites\/648\/2024\/11\/Cultura_Extensao_Contrato_Prest_Serv_Extensao_Difusao_Cultural_USP_Contratada.pdf\">Cultura_Extesn\u00e3o_Contrato_Prest_Servi\u00e7os_Extens\u00e3o_Difus\u00e3o_Cultural_USP_Contratada<\/a><\/p>\n<p><a href=\"https:\/\/sites.usp.br\/dconv\/wp-content\/uploads\/sites\/648\/2024\/11\/Cultura_Extensao_Acordo_Coop_Nac_Internacional.pdf\">Cultura_Extens\u00e3o_Acordo_Coopera\u00e7\u00e3o_Nacional_Internacional<\/a><\/p>\n<p><span style=\"color: #ff9900;\">\u00c1rea: Coopera\u00e7\u00e3o Acad\u00eamica<\/span><\/p>\n<p><a href=\"https:\/\/sites.usp.br\/dconv\/wp-content\/uploads\/sites\/648\/2024\/11\/Cooperacao_Academica_Conv_Mobilidade_Aca_Nacional_Internacional.pdf\">Coopera\u00e7\u00e3o_Acad\u00eamica_Conv_Mobilidade_Acad_Nacional_Internacional<\/a><\/p>\n<p><a href=\"https:\/\/sites.usp.br\/dconv\/wp-content\/uploads\/sites\/648\/2024\/11\/Cooperacao_Academica_Acordo_Coop_Nacional_Internacional.pdf\">Coopera\u00e7\u00e3o_Acad\u00eamica_Acordo_Coopera\u00e7\u00e3o_Nacional_Internacional<\/a><\/p>\n<p><span style=\"color: #ff9900;\"><strong><span style=\"color: #3366ff;\">CADASTROS GERAIS\u00a0\u00a0<\/span><\/strong><\/span><\/p>\n<p><a href=\"https:\/\/sites.usp.br\/dconv\/wp-content\/uploads\/sites\/648\/2024\/11\/passo-a-passo-recursos-financeiros.pdf\">Preenchimento_Recursos_Financeiros<\/a><\/p>\n<p><a href=\"https:\/\/sites.usp.br\/dconv\/wp-content\/uploads\/sites\/648\/2025\/10\/PASSO-A-PASSO-APROVACAO-ISENCAO-DIRIGENTE-UNIDADE.pdf\">Aprova\u00e7\u00e3o de isen\u00e7\u00e3o &#8211; Dirigente Unidade<\/a><\/p>\n<p><strong><span style=\"color: #3366ff;\">SISTEMA CONV\u00caNIOS USP &#8211; TREINAMENTOS\u00a0\u00a0<\/span><\/strong><\/p>\n<p><a href=\"https:\/\/sites.usp.br\/dconv\/wp-content\/uploads\/sites\/648\/2024\/11\/video-treinamento-graduacao.mp4\">Treinamento &#8211; Sistema de Conv\u00eanios USP &#8211; \u00c1rea Predominante: Gradua\u00e7\u00e3o<\/a><\/p>\n<p><a href=\"https:\/\/sites.usp.br\/dconv\/wp-content\/uploads\/sites\/648\/2024\/11\/jju-iofr-wgu-2024-11-06-14_01-GMT-3-1-1-1.mp4\">Treinamento &#8211; Sistema de Conv\u00eanios USP &#8211; \u00c1rea Predominante: P\u00f3s-Gradua\u00e7\u00e3o<\/a><\/p>\n<p><a href=\"https:\/\/sites.usp.br\/dconv\/wp-content\/uploads\/sites\/648\/2024\/11\/jju-iofr-wgu-2024-11-08-14_02-GMT-3-1-1-1.mp4\">Treinamento &#8211; Sistema de Conv\u00eanios USP &#8211; \u00c1rea Predominante: Pesquisa e Inova\u00e7\u00e3o<\/a><\/p>\n<p><a href=\"https:\/\/sites.usp.br\/dconv\/wp-content\/uploads\/sites\/648\/2024\/11\/jju-iofr-wgu-2024-11-11-14_01-GMT-3-1-1.mp4\">Treinamento &#8211; Sistema de Conv\u00eanios USP &#8211; \u00c1rea Predominante: Cultura e Extens\u00e3o<\/a><\/p>\n<p><a href=\"https:\/\/sites.usp.br\/dconv\/wp-content\/uploads\/sites\/648\/2025\/02\/PRIP-1.mp4\">Treinamento &#8211; Sistema de Conv\u00eanios USP &#8211; \u00c1rea Predominante: Inclus\u00e3o e Pertencimento<\/a><\/p>\n<p><a href=\"https:\/\/sites.usp.br\/dconv\/wp-content\/uploads\/sites\/648\/2025\/02\/AUCANI_parte1.mp4\">Treinamento &#8211; Sistema de Conv\u00eanios USP &#8211; \u00c1rea Predominante: Coopera\u00e7\u00e3o Internacional &#8211; Introdu\u00e7\u00e3o<\/a><\/p>\n<p><a href=\"https:\/\/sites.usp.br\/dconv\/wp-content\/uploads\/sites\/648\/2025\/02\/AUCANI_parte2A.mp4\">Treinamento &#8211; Sistema de Conv\u00eanios USP &#8211; \u00c1rea Predominante: Coopera\u00e7\u00e3o Internacional &#8211; Tutorial &#8211; Parte I<\/a><\/p>\n<p><a href=\"https:\/\/sites.usp.br\/dconv\/wp-content\/uploads\/sites\/648\/2025\/02\/AUCANI_parte2B.mp4\">Treinamento &#8211; Sistema de Conv\u00eanios USP &#8211; \u00c1rea Predominante: Coopera\u00e7\u00e3o Internacional &#8211; Tutorial &#8211; Parte II<\/a><\/p>\n<p><a href=\"https:\/\/sites.usp.br\/dconv\/wp-content\/uploads\/sites\/648\/2025\/02\/AUCANI_parte3A.mp4\">Treinamento &#8211; Sistema de Conv\u00eanios USP &#8211; \u00c1rea Predominante: Coopera\u00e7\u00e3o Internacional &#8211; Parte Final &#8211; I<\/a><\/p>\n<p><a href=\"https:\/\/sites.usp.br\/dconv\/wp-content\/uploads\/sites\/648\/2025\/02\/AUCANI_parte3B.mp4\">Treinamento &#8211; Sistema de Conv\u00eanios USP &#8211; \u00c1rea Predominante: Coopera\u00e7\u00e3o Internacional &#8211; Parte Final &#8211; II<\/a><\/p>\n<p>&nbsp;<\/p>\n<p><a href=\"https:\/\/sites.usp.br\/dconv\/wp-content\/uploads\/sites\/648\/2024\/11\/Apresentacao_Integracao_Convenios.mp4\">V\u00eddeo de apresenta\u00e7\u00e3o do Projeto Integra\u00e7\u00e3o Conv\u00eanios USP<\/a><\/p>\n<p>&nbsp;<\/p>\n<p><strong><span style=\"color: #3366ff;\">SISTEMA PRESTA\u00c7\u00c3O DE CONTAS COM FUNDA\u00c7\u00d5ES DE APOIO \u00c0 USP &#8211; TREINAMENTOS\u00a0\u00a0<\/span><\/strong><\/p>\n<p><a href=\"https:\/\/sites.usp.br\/dconv\/wp-content\/uploads\/sites\/648\/2025\/04\/manual-agente-da-fundacao-v1-c.pdf\">Manual do M\u00f3dulo de Presta\u00e7\u00e3o de Contas (PDF)<\/a><\/p>\n<p><a href=\"https:\/\/sites.usp.br\/dconv\/wp-content\/uploads\/sites\/648\/2024\/11\/Modulo-PC-01-Login.mp4\">V\u00eddeo 01 &#8211; Login<\/a><\/p>\n<p><a href=\"https:\/\/sites.usp.br\/dconv\/wp-content\/uploads\/sites\/648\/2024\/11\/Modulo-PC-02-Cadastro.mp4\">V\u00eddeo 02 &#8211; Cadastro<\/a><\/p>\n<p><a href=\"https:\/\/sites.usp.br\/dconv\/wp-content\/uploads\/sites\/648\/2024\/11\/Modulo-PC-03-Identificacao.mp4\">V\u00eddeo 03 &#8211; Identifica\u00e7\u00e3o<\/a><\/p>\n<p><a href=\"https:\/\/sites.usp.br\/dconv\/wp-content\/uploads\/sites\/648\/2024\/11\/Modulo-PC-04-Receitas.mp4\">V\u00eddeo 04 &#8211; Receitas<\/a><\/p>\n<p><a href=\"https:\/\/sites.usp.br\/dconv\/wp-content\/uploads\/sites\/648\/2024\/11\/Modulo-PC-05-Despesas.mp4\">V\u00eddeo 05 &#8211; Despesas<\/a><\/p>\n<p><a href=\"https:\/\/sites.usp.br\/dconv\/wp-content\/uploads\/sites\/648\/2024\/11\/Modulo-PC-06-Taxas.mp4\">V\u00eddeo 06 &#8211; Taxas<\/a><\/p>\n<p><a href=\"https:\/\/sites.usp.br\/dconv\/wp-content\/uploads\/sites\/648\/2024\/11\/Modulo-PC-07-Dados-Academicos.mp4\">V\u00eddeo 07 &#8211; Dados Acad\u00eamicos<\/a><\/p>\n<p><a href=\"https:\/\/sites.usp.br\/dconv\/wp-content\/uploads\/sites\/648\/2024\/11\/Modulo-PC-08-p-01-O-que-deve-ser-evitado.mp4\">V\u00eddeo 08 &#8211; parte 01 &#8211; O que deve ser evitado<\/a><\/p>\n<p><a href=\"https:\/\/sites.usp.br\/dconv\/wp-content\/uploads\/sites\/648\/2024\/11\/Modulo-PC-08-p-02-O-que-deve-ser-evitado.mp4\">V\u00eddeo 08 &#8211; parte 02 &#8211; O que deve ser evitado<\/a><\/p>\n<p><a href=\"https:\/\/sites.usp.br\/dconv\/wp-content\/uploads\/sites\/648\/2024\/11\/Modulo-PC-09-Envio-para-analise.mp4\">V\u00eddeo 09 &#8211; Envio para an\u00e1lise<\/a><\/p>\n<p><a href=\"https:\/\/sites.usp.br\/dconv\/wp-content\/uploads\/sites\/648\/2024\/11\/Apresentacao_Prestacao_Contas.mp4\">V\u00eddeo de apresenta\u00e7\u00e3o do Projeto Presta\u00e7\u00e3o de Contas<\/a><\/p>\n<p>&nbsp;<\/p>\n<p><strong><span style=\"color: #3366ff;\">ESCOLA DE CONV\u00caNIOS USP &#8211; TREINAMENTOS\u00a0<\/span><\/strong><\/p>\n<p><a href=\"https:\/\/sites.usp.br\/dconv\/wp-content\/uploads\/sites\/648\/2024\/11\/Escola_Convenios_ModuloI_Introducao.mp4\">M\u00f3dulo I &#8211; Introdu\u00e7\u00e3o \u00e0 Conv\u00eanios<\/a><\/p>\n<p>&nbsp;<\/p>\n<p>&nbsp;<\/p>\n","protected":false},"excerpt":{"rendered":"<p>voltaraotopo Nesta p\u00e1gina, disponibilizamos alguns Manuais , e links de acesso \u00e0 Manuais, de interesse geral sobre Conv\u00eanios. MANUAIS SOBRE CONV\u00caNIOS Manuais SICONV &#8211; Plataforma + Brasil &#8211; Portal Conv\u00eanios do Governo Federal Manual de Conv\u00eanios &#8211; Tribunal de Contas da Uni\u00e3o &nbsp; SISTEMA CONV\u00caNIOS USP &#8211; MATERIAL DE APOIO PARA CADASTRAMENTO Cadastros Gerais Passo [&hellip;]<\/p>\n","protected":false},"author":1234,"featured_media":0,"parent":0,"menu_order":0,"comment_status":"closed","ping_status":"closed","template":"","meta":{"footnotes":"","_links_to":"","_links_to_target":""},"class_list":["post-352","page","type-page","status-publish","hentry"],"_links":{"self":[{"href":"https:\/\/sites.usp.br\/dconv\/wp-json\/wp\/v2\/pages\/352","targetHints":{"allow":["GET"]}}],"collection":[{"href":"https:\/\/sites.usp.br\/dconv\/wp-json\/wp\/v2\/pages"}],"about":[{"href":"https:\/\/sites.usp.br\/dconv\/wp-json\/wp\/v2\/types\/page"}],"author":[{"embeddable":true,"href":"https:\/\/sites.usp.br\/dconv\/wp-json\/wp\/v2\/users\/1234"}],"replies":[{"embeddable":true,"href":"https:\/\/sites.usp.br\/dconv\/wp-json\/wp\/v2\/comments?post=352"}],"version-history":[{"count":6,"href":"https:\/\/sites.usp.br\/dconv\/wp-json\/wp\/v2\/pages\/352\/revisions"}],"predecessor-version":[{"id":659,"href":"https:\/\/sites.usp.br\/dconv\/wp-json\/wp\/v2\/pages\/352\/revisions\/659"}],"wp:attachment":[{"href":"https:\/\/sites.usp.br\/dconv\/wp-json\/wp\/v2\/media?parent=352"}],"curies":[{"name":"wp","href":"https:\/\/api.w.org\/{rel}","templated":true}]}}