{"id":62,"date":"2014-02-12T11:28:30","date_gmt":"2014-02-12T13:28:30","guid":{"rendered":"http:\/\/sites.usp.br\/deconv\/?page_id=62"},"modified":"2020-08-26T10:39:53","modified_gmt":"2020-08-26T12:39:53","slug":"o-departamento","status":"publish","type":"page","link":"https:\/\/sites.usp.br\/dconv\/o-departamento\/","title":{"rendered":"O Departamento"},"content":{"rendered":"<p>&nbsp;<\/p>\n<p>O Departamento de Conv\u00eanios foi criado com o prop\u00f3sito de unificar procedimentos relacionados a conv\u00eanios e ajustes nos quais a USP se apresente como contratada. Tamb\u00e9m se busca otimizar fluxos e promover uma integra\u00e7\u00e3o maior e mais segura da universidade com a sociedade.<\/p>\n<p>&nbsp;<\/p>\n<p>&nbsp;<\/p>\n<p>&nbsp;<\/p>\n","protected":false},"excerpt":{"rendered":"<p>&nbsp; O Departamento de Conv\u00eanios foi criado com o prop\u00f3sito de unificar procedimentos relacionados a conv\u00eanios e ajustes nos quais a USP se apresente como contratada. Tamb\u00e9m se busca otimizar fluxos e promover uma integra\u00e7\u00e3o maior e mais segura da universidade com a sociedade. &nbsp; &nbsp; &nbsp;<\/p>\n","protected":false},"author":1,"featured_media":0,"parent":0,"menu_order":0,"comment_status":"closed","ping_status":"closed","template":"","meta":{"footnotes":"","_links_to":"","_links_to_target":""},"class_list":["post-62","page","type-page","status-publish","hentry"],"_links":{"self":[{"href":"https:\/\/sites.usp.br\/dconv\/wp-json\/wp\/v2\/pages\/62","targetHints":{"allow":["GET"]}}],"collection":[{"href":"https:\/\/sites.usp.br\/dconv\/wp-json\/wp\/v2\/pages"}],"about":[{"href":"https:\/\/sites.usp.br\/dconv\/wp-json\/wp\/v2\/types\/page"}],"author":[{"embeddable":true,"href":"https:\/\/sites.usp.br\/dconv\/wp-json\/wp\/v2\/users\/1"}],"replies":[{"embeddable":true,"href":"https:\/\/sites.usp.br\/dconv\/wp-json\/wp\/v2\/comments?post=62"}],"version-history":[{"count":4,"href":"https:\/\/sites.usp.br\/dconv\/wp-json\/wp\/v2\/pages\/62\/revisions"}],"predecessor-version":[{"id":436,"href":"https:\/\/sites.usp.br\/dconv\/wp-json\/wp\/v2\/pages\/62\/revisions\/436"}],"wp:attachment":[{"href":"https:\/\/sites.usp.br\/dconv\/wp-json\/wp\/v2\/media?parent=62"}],"curies":[{"name":"wp","href":"https:\/\/api.w.org\/{rel}","templated":true}]}}