{"id":64,"date":"2014-02-12T11:28:54","date_gmt":"2014-02-12T13:28:54","guid":{"rendered":"http:\/\/sites.usp.br\/deconv\/?page_id=64"},"modified":"2020-01-20T17:52:33","modified_gmt":"2020-01-20T19:52:33","slug":"informacoes","status":"publish","type":"page","link":"https:\/\/sites.usp.br\/dconv\/informacoes\/","title":{"rendered":"Informa\u00e7\u00f5es"},"content":{"rendered":"<p style=\"text-align: justify;\">Uma das finalidades do Departamento de Conv\u00eanios \u00e9 unificar informa\u00e7\u00f5es. Neste t\u00f3pico pretendemos dar orienta\u00e7\u00f5es gerais e \u00fateis a toda pessoa que pretende celebrar um ajuste de parceria.<\/p>\n","protected":false},"excerpt":{"rendered":"<p>Uma das finalidades do Departamento de Conv\u00eanios \u00e9 unificar informa\u00e7\u00f5es. Neste t\u00f3pico pretendemos dar orienta\u00e7\u00f5es gerais e \u00fateis a toda pessoa que pretende celebrar um ajuste de parceria.<\/p>\n","protected":false},"author":1,"featured_media":0,"parent":0,"menu_order":0,"comment_status":"closed","ping_status":"closed","template":"","meta":{"footnotes":"","_links_to":"","_links_to_target":""},"class_list":["post-64","page","type-page","status-publish","hentry"],"_links":{"self":[{"href":"https:\/\/sites.usp.br\/dconv\/wp-json\/wp\/v2\/pages\/64","targetHints":{"allow":["GET"]}}],"collection":[{"href":"https:\/\/sites.usp.br\/dconv\/wp-json\/wp\/v2\/pages"}],"about":[{"href":"https:\/\/sites.usp.br\/dconv\/wp-json\/wp\/v2\/types\/page"}],"author":[{"embeddable":true,"href":"https:\/\/sites.usp.br\/dconv\/wp-json\/wp\/v2\/users\/1"}],"replies":[{"embeddable":true,"href":"https:\/\/sites.usp.br\/dconv\/wp-json\/wp\/v2\/comments?post=64"}],"version-history":[{"count":4,"href":"https:\/\/sites.usp.br\/dconv\/wp-json\/wp\/v2\/pages\/64\/revisions"}],"predecessor-version":[{"id":168,"href":"https:\/\/sites.usp.br\/dconv\/wp-json\/wp\/v2\/pages\/64\/revisions\/168"}],"wp:attachment":[{"href":"https:\/\/sites.usp.br\/dconv\/wp-json\/wp\/v2\/media?parent=64"}],"curies":[{"name":"wp","href":"https:\/\/api.w.org\/{rel}","templated":true}]}}