{"id":79,"date":"2014-02-24T16:51:20","date_gmt":"2014-02-24T18:51:20","guid":{"rendered":"http:\/\/sites.usp.br\/deconv\/?page_id=79"},"modified":"2020-01-28T12:15:26","modified_gmt":"2020-01-28T14:15:26","slug":"pagina-inicial","status":"publish","type":"page","link":"https:\/\/sites.usp.br\/dconv\/","title":{"rendered":"Home"},"content":{"rendered":"<p style=\"text-align: justify;\">A Universidade de S\u00e3o Paulo &#8211; USP se relaciona com diversos segmentos da sociedade, nas mais distintas \u00e1reas.\u00a0 De a\u00e7\u00f5es junto a entidades p\u00fablicas at\u00e9 participa\u00e7\u00e3o em colabora\u00e7\u00e3o com terceiro setor, n\u00e3o \u00e9 exagero afirmar que a USP promove o conhecimento cient\u00edfico em e com toda sociedade.<\/p>\n<p style=\"text-align: justify;\">Mas, para a seguran\u00e7a destas rela\u00e7\u00f5es, \u00e9 imprescind\u00edvel uma ponte segura: os conv\u00eanios. Conv\u00eanios s\u00e3o instrumentos de colabora\u00e7\u00e3o, em que se s\u00e3o determinados direitos e obriga\u00e7\u00f5es entre os envolvidos, garantindo o uso adequado dos bens da USP, bem como a aprova\u00e7\u00e3o nos colegiados competentes.<\/p>\n<p style=\"text-align: justify;\">Al\u00e9m de sua fun\u00e7\u00e3o jur\u00eddica, os conv\u00eanios tamb\u00e9m s\u00e3o instrumentos de gest\u00e3o da universidade, indicando as necessidades sociais presentes nas mais diversas demandas.<\/p>\n\r\n\t<div class=\"slideshow_container slideshow_container_style-light\" style=\"height: 292px; \" data-slideshow-id=\"82\" data-style-name=\"style-light\" data-style-version=\"2.3.1\" >\r\n\r\n\t\t\t\t\t<div class=\"slideshow_loading_icon\"><\/div>\r\n\t\t\r\n\t\t<div class=\"slideshow_content\" style=\"display: none;\">\r\n\r\n\t\t\t<div class=\"slideshow_view\">\r\n\t\t\t\t<div class=\"slideshow_slide slideshow_slide_image\">\r\n\t\t\t\t\t\t\t\t\t\t\t<img src=\"https:\/\/sites.usp.br\/dconv\/wp-content\/uploads\/sites\/648\/2014\/09\/usp-fotos-historicas-3.jpg\" alt=\"usp-fotos-historicas-3\" width=\"940\" height=\"292\" \/>\r\n\t\t\t\t\t\t\t\t\t\t<div class=\"slideshow_description_box slideshow_transparent\">\r\n\t\t\t\t\t\t<div class=\"slideshow_title\">usp-fotos-historicas-3<\/div>\t\t\t\t\t\t\t\t\t\t\t<\/div>\r\n\t\t\t\t<\/div>\r\n\r\n\t\t\t\t\t\t<div style=\"clear: both;\"><\/div><\/div><div class=\"slideshow_view\">\r\n\t\t\t\t<div class=\"slideshow_slide slideshow_slide_image\">\r\n\t\t\t\t\t\t\t\t\t\t\t<img src=\"https:\/\/sites.usp.br\/dconv\/wp-content\/uploads\/sites\/648\/2014\/09\/usp-fotos-historicas-2.jpg\" alt=\"usp-fotos-historicas-2\" width=\"940\" height=\"292\" \/>\r\n\t\t\t\t\t\t\t\t\t\t<div class=\"slideshow_description_box slideshow_transparent\">\r\n\t\t\t\t\t\t<div class=\"slideshow_title\">usp-fotos-historicas-2<\/div>\t\t\t\t\t\t\t\t\t\t\t<\/div>\r\n\t\t\t\t<\/div>\r\n\r\n\t\t\t\t\t\t<div style=\"clear: both;\"><\/div><\/div><div class=\"slideshow_view\">\r\n\t\t\t\t<div class=\"slideshow_slide slideshow_slide_image\">\r\n\t\t\t\t\t\t\t\t\t\t\t<img src=\"https:\/\/sites.usp.br\/dconv\/wp-content\/uploads\/sites\/648\/2014\/09\/usp-fotos-historicas.jpg\" alt=\"usp-fotos-historicas\" width=\"940\" height=\"292\" \/>\r\n\t\t\t\t\t\t\t\t\t\t<div class=\"slideshow_description_box slideshow_transparent\">\r\n\t\t\t\t\t\t<div class=\"slideshow_title\">usp-fotos-historicas<\/div>\t\t\t\t\t\t\t\t\t\t\t<\/div>\r\n\t\t\t\t<\/div>\r\n\r\n\t\t\t\t\t\t<div style=\"clear: both;\"><\/div><\/div>\r\n\t\t<\/div>\r\n\r\n\t\t<div class=\"slideshow_controlPanel slideshow_transparent\" style=\"display: none;\"><ul><li class=\"slideshow_togglePlay\" data-play-text=\"Acionar\" data-pause-text=\"Pausar\"><\/li><\/ul><\/div>\r\n\r\n\t\t<div class=\"slideshow_button slideshow_previous slideshow_transparent\" role=\"button\" data-previous-text=\"Anterior\" style=\"display: none;\"><\/div>\r\n\t\t<div class=\"slideshow_button slideshow_next slideshow_transparent\" role=\"button\" data-next-text=\"Pr\u00f3ximo\" style=\"display: none;\"><\/div>\r\n\r\n\t\t<div class=\"slideshow_pagination\" style=\"display: none;\" data-go-to-text=\"Ir para o slide\"><div class=\"slideshow_pagination_center\"><\/div><\/div>\r\n\r\n\t\t<!-- WordPress Slideshow Version 2.3.1 -->\r\n\r\n\t\t\t<\/div>\r\n\r\n\n","protected":false},"excerpt":{"rendered":"<p>A Universidade de S\u00e3o Paulo &#8211; USP se relaciona com diversos segmentos da sociedade, nas mais distintas \u00e1reas.\u00a0 De a\u00e7\u00f5es junto a entidades p\u00fablicas at\u00e9 participa\u00e7\u00e3o em colabora\u00e7\u00e3o com terceiro setor, n\u00e3o \u00e9 exagero afirmar que a USP promove o conhecimento cient\u00edfico em e com toda sociedade. Mas, para a seguran\u00e7a destas rela\u00e7\u00f5es, \u00e9 imprescind\u00edvel [&hellip;]<\/p>\n","protected":false},"author":1,"featured_media":0,"parent":0,"menu_order":0,"comment_status":"closed","ping_status":"closed","template":"","meta":{"footnotes":"","_links_to":"","_links_to_target":""},"class_list":["post-79","page","type-page","status-publish","hentry"],"_links":{"self":[{"href":"https:\/\/sites.usp.br\/dconv\/wp-json\/wp\/v2\/pages\/79","targetHints":{"allow":["GET"]}}],"collection":[{"href":"https:\/\/sites.usp.br\/dconv\/wp-json\/wp\/v2\/pages"}],"about":[{"href":"https:\/\/sites.usp.br\/dconv\/wp-json\/wp\/v2\/types\/page"}],"author":[{"embeddable":true,"href":"https:\/\/sites.usp.br\/dconv\/wp-json\/wp\/v2\/users\/1"}],"replies":[{"embeddable":true,"href":"https:\/\/sites.usp.br\/dconv\/wp-json\/wp\/v2\/comments?post=79"}],"version-history":[{"count":4,"href":"https:\/\/sites.usp.br\/dconv\/wp-json\/wp\/v2\/pages\/79\/revisions"}],"predecessor-version":[{"id":166,"href":"https:\/\/sites.usp.br\/dconv\/wp-json\/wp\/v2\/pages\/79\/revisions\/166"}],"wp:attachment":[{"href":"https:\/\/sites.usp.br\/dconv\/wp-json\/wp\/v2\/media?parent=79"}],"curies":[{"name":"wp","href":"https:\/\/api.w.org\/{rel}","templated":true}]}}