{"id":145,"date":"2014-05-13T12:31:24","date_gmt":"2014-05-13T15:31:24","guid":{"rendered":"http:\/\/sites.usp.brpadrao2\/?page_id=145"},"modified":"2016-10-18T15:52:16","modified_gmt":"2016-10-18T17:52:16","slug":"sobre-pro-reitoria","status":"publish","type":"page","link":"https:\/\/sites.usp.br\/dempsterlab\/en\/sobre-pro-reitoria\/","title":{"rendered":"Estudo do metaboloma salivar e sua associa\u00e7\u00e3o com a doen\u00e7a periodontal em pacientes com s\u00edndrome de de Down"},"content":{"rendered":"<p><strong><span style=\"font-size: 11.5pt\">Tese de doutorado defendida pelo Dr. Rafael Celestino de Souza<\/span><\/strong><\/p>\n<p>Os pacientes com S\u00edndrome de Down (SD) possuem grande incid\u00eancia \u00a0de doen\u00e7a periodontal (DP) caracterizada por um curso precoce e com maior severidade. O estudo de metaboloma pode contribuir para o entendimento deste curso da doen\u00e7a, identificando poss\u00edveis metab\u00f3litos como biomarcadores nestes indiv\u00edduos. Para entender o perfil metab\u00f3lico dos indiv\u00edduos com S\u00edndrome de Down e a sua rela\u00e7\u00e3o com a doen\u00e7a periodontal, realizamos a identifica\u00e7\u00e3o dos metab\u00f3litos salivares de adolescentes e adultos jovens, entre 12 e 21 anos, ambos os g\u00eaneros. Foram coletados dados sobre o estado geral de sa\u00fade e realizados exames cl\u00ednicos bucais, como \u00edndice de higiene oral simplificado, sangramento e profundidade de sondagem. Para a an\u00e1lise do metaboloma foram coletadas amostras de saliva n\u00e3o estimulada, analisadas por meio de cromatografia gasosa acoplada \u00e0 espectrometria de massas. Saliva e fluido crevicular gengival tamb\u00e9m foram coletados para identifica\u00e7\u00e3o microbiana atrav\u00e9s do MALDI-TOF. Os dados encontrados foram submetidos \u00e0 an\u00e1lise estat\u00edstica por meio da An\u00e1lise dos Componentes Principais (PCA) e a quantifica\u00e7\u00e3o relativa dos metab\u00f3litos foi avaliada por testes n\u00e3o param\u00e9tricos, Mann-Whitney e Kruskal-Wallis. Foi poss\u00edvel observar atrav\u00e9s dos modelos de PCA separa\u00e7\u00e3o dos indiv\u00edduos com SD e controles, independente da doen\u00e7a periodontal. A quantifica\u00e7\u00e3o relativa revelou maiores n\u00edveis de glicina, l-prolina, l-leucina, l-serina, \u00e1cido palm\u00edtico, \u00e1cido pentan\u00f3ico, \u00e1cido tetradecan\u00f3ico, tirosina e l-fenilalanina nos grupos SD quando comparados com controles saud\u00e1veis. A microbiota de indiv\u00edduos com SD apresentou diferen\u00e7as significantes com rela\u00e7\u00e3o aos indiv\u00edduos controles, principalmente para <em>Rothia dentacariosa<\/em>, <em>Staphylococcus epidermidis<\/em>, <em>Tannerella forsythia<\/em> quando avaliada a saliva e <em>A. Actinomycetemcomitans<\/em>, <em>Micrococcus luteus<\/em>, <em>Rothia aeria<\/em>, <em>Treponema denticola<\/em> no fluiso crevicular gengival. Em conclus\u00e3o, o perfil metabol\u00f4mico impresso nos indiv\u00edduos com SD difere significativamente dos indiv\u00edduos controles, independente da doen\u00e7a periodontal. Entretanto, os metab\u00f3litos que diferenciam indiv\u00edduos controles com e sem DP, apresentam-se elevados em todos os indiv\u00edduos com SD, promovendo novos \u201c<em>insights<\/em>\u201d para o perfil metab\u00f3lico relacionado \u00e0 DP na SD.<\/p>\n","protected":false},"excerpt":{"rendered":"<p>Tese de doutorado defendida pelo Dr. Rafael Celestino de Souza Os pacientes com S\u00edndrome de Down (SD) possuem grande incid\u00eancia \u00a0de doen\u00e7a periodontal (DP) caracterizada por um curso precoce e com maior severidade. O estudo de metaboloma pode contribuir para o entendimento deste curso da doen\u00e7a, identificando poss\u00edveis metab\u00f3litos como biomarcadores nestes indiv\u00edduos. Para entender o perfil metab\u00f3lico dos indiv\u00edduos com S\u00edndrome de Down e a sua rela\u00e7\u00e3o com a doen\u00e7a periodontal, realizamos a identifica\u00e7\u00e3o dos metab\u00f3litos salivares de adolescentes e adultos jovens, entre 12 e 21 anos, ambos os g\u00eaneros. Foram coletados dados sobre o estado geral de sa\u00fade e realizados exames cl\u00ednicos bucais, como \u00edndice de higiene oral simplificado, sangramento e profundidade de sondagem. Para a an\u00e1lise do metaboloma foram coletadas amostras de saliva n\u00e3o estimulada, analisadas por meio de cromatografia gasosa acoplada \u00e0 espectrometria de massas. Saliva e fluido crevicular gengival tamb\u00e9m foram coletados para identifica\u00e7\u00e3o microbiana atrav\u00e9s do MALDI-TOF. Os dados encontrados foram submetidos \u00e0 an\u00e1lise estat\u00edstica por meio da An\u00e1lise dos Componentes Principais (PCA) e a quantifica\u00e7\u00e3o relativa dos metab\u00f3litos foi avaliada por testes n\u00e3o param\u00e9tricos, Mann-Whitney e Kruskal-Wallis. Foi poss\u00edvel observar atrav\u00e9s dos modelos de PCA separa\u00e7\u00e3o dos indiv\u00edduos com SD e controles, independente [&#8230;]<\/p>\n","protected":false},"author":1,"featured_media":0,"parent":0,"menu_order":0,"comment_status":"closed","ping_status":"closed","template":"","meta":{"footnotes":"","_links_to":"","_links_to_target":""},"class_list":["post-145","page","type-page","status-publish","hentry"],"_links":{"self":[{"href":"https:\/\/sites.usp.br\/dempsterlab\/en\/wp-json\/wp\/v2\/pages\/145","targetHints":{"allow":["GET"]}}],"collection":[{"href":"https:\/\/sites.usp.br\/dempsterlab\/en\/wp-json\/wp\/v2\/pages"}],"about":[{"href":"https:\/\/sites.usp.br\/dempsterlab\/en\/wp-json\/wp\/v2\/types\/page"}],"author":[{"embeddable":true,"href":"https:\/\/sites.usp.br\/dempsterlab\/en\/wp-json\/wp\/v2\/users\/1"}],"replies":[{"embeddable":true,"href":"https:\/\/sites.usp.br\/dempsterlab\/en\/wp-json\/wp\/v2\/comments?post=145"}],"version-history":[{"count":4,"href":"https:\/\/sites.usp.br\/dempsterlab\/en\/wp-json\/wp\/v2\/pages\/145\/revisions"}],"predecessor-version":[{"id":318,"href":"https:\/\/sites.usp.br\/dempsterlab\/en\/wp-json\/wp\/v2\/pages\/145\/revisions\/318"}],"wp:attachment":[{"href":"https:\/\/sites.usp.br\/dempsterlab\/en\/wp-json\/wp\/v2\/media?parent=145"}],"curies":[{"name":"wp","href":"https:\/\/api.w.org\/{rel}","templated":true}]}}