{"id":157,"date":"2014-05-13T12:34:27","date_gmt":"2014-05-13T15:34:27","guid":{"rendered":"http:\/\/sites.usp.brpadrao2\/?page_id=157"},"modified":"2017-02-08T20:50:34","modified_gmt":"2017-02-08T22:50:34","slug":"programa-de-apoio-aos-novos-docentes","status":"publish","type":"page","link":"https:\/\/sites.usp.br\/dempsterlab\/en\/princiapaisprojetos\/programa-de-apoio-aos-novos-docentes\/","title":{"rendered":"Metabol\u00f4mica"},"content":{"rendered":"<p>&nbsp;<\/p>\n<div class=\"container\">\n<div class=\"wrapper clearfix\">\n<div class=\"content left\">\n<article class=\"post-257 post type-post status-publish format-standard hentry category-destaques\">\n<div class=\"entry clearfix\">\n<p>Metabol\u00f4mica \u00e9 a t\u00e9cnica que analisa quantitativamente metab\u00f3litos end\u00f3genos e ex\u00f3genos de baixa massa molecular encontrados em biofluidos e tecidos. Estas pequenas mol\u00e9culas representativas encontradas em um sistema biol\u00f3gico abrangem carboidratos, \u00e1cidos graxos, nucleot\u00eddeos, amino\u00e1cidos entre outras classes de compostos.<\/p>\n<\/div>\n<\/article>\n<\/div>\n<\/div>\n<\/div>\n","protected":false},"excerpt":{"rendered":"<p>&nbsp; Metabol\u00f4mica \u00e9 a t\u00e9cnica que analisa quantitativamente metab\u00f3litos end\u00f3genos e ex\u00f3genos de baixa massa molecular encontrados em biofluidos e tecidos. Estas pequenas mol\u00e9culas representativas encontradas em um sistema biol\u00f3gico abrangem carboidratos, \u00e1cidos graxos, nucleot\u00eddeos, amino\u00e1cidos entre outras classes de compostos.<\/p>\n","protected":false},"author":1,"featured_media":0,"parent":10,"menu_order":0,"comment_status":"closed","ping_status":"closed","template":"","meta":{"footnotes":"","_links_to":"","_links_to_target":""},"class_list":["post-157","page","type-page","status-publish","hentry"],"_links":{"self":[{"href":"https:\/\/sites.usp.br\/dempsterlab\/en\/wp-json\/wp\/v2\/pages\/157","targetHints":{"allow":["GET"]}}],"collection":[{"href":"https:\/\/sites.usp.br\/dempsterlab\/en\/wp-json\/wp\/v2\/pages"}],"about":[{"href":"https:\/\/sites.usp.br\/dempsterlab\/en\/wp-json\/wp\/v2\/types\/page"}],"author":[{"embeddable":true,"href":"https:\/\/sites.usp.br\/dempsterlab\/en\/wp-json\/wp\/v2\/users\/1"}],"replies":[{"embeddable":true,"href":"https:\/\/sites.usp.br\/dempsterlab\/en\/wp-json\/wp\/v2\/comments?post=157"}],"version-history":[{"count":6,"href":"https:\/\/sites.usp.br\/dempsterlab\/en\/wp-json\/wp\/v2\/pages\/157\/revisions"}],"predecessor-version":[{"id":438,"href":"https:\/\/sites.usp.br\/dempsterlab\/en\/wp-json\/wp\/v2\/pages\/157\/revisions\/438"}],"up":[{"embeddable":true,"href":"https:\/\/sites.usp.br\/dempsterlab\/en\/wp-json\/wp\/v2\/pages\/10"}],"wp:attachment":[{"href":"https:\/\/sites.usp.br\/dempsterlab\/en\/wp-json\/wp\/v2\/media?parent=157"}],"curies":[{"name":"wp","href":"https:\/\/api.w.org\/{rel}","templated":true}]}}