{"id":163,"date":"2014-05-13T12:35:57","date_gmt":"2014-05-13T15:35:57","guid":{"rendered":"http:\/\/sites.usp.brpadrao2\/?page_id=163"},"modified":"2020-08-25T15:45:32","modified_gmt":"2020-08-25T18:45:32","slug":"address","status":"publish","type":"page","link":"https:\/\/sites.usp.br\/dempsterlab\/en\/princiapaisprojetos\/address\/","title":{"rendered":"Contact us"},"content":{"rendered":"<p><\/p>\n<p align=\"left\">Chemical Engineering Department<br \/>\nPolytechnic School of the University of S\u00e3o Paulo<\/p>\n<p align=\"left\">Rua do Lago, 250 &#8211; Pr\u00e9dio Semi-Industrial, 3 andar<br \/>\nConjunto das Qu\u00edmicas \u2013 Cidade Universit\u00e1ria<\/p>\n<p align=\"left\">05508-080<\/p>\n<p align=\"left\">S\u00e3o Paulo &#8211; SP &#8211; Brazil<\/p>\n<p align=\"left\">E-mail: dempsterlab@gmail.com<\/p>\n<p>Tel: +55-11-2648-1558<\/p>\n<p>&nbsp;<\/p>\n<p>[wpforms id=&#8221;575&#8243; title=&#8221;true&#8221; description=&#8221;true&#8221;]<\/p>\n<p>&nbsp;<\/p>","protected":false},"excerpt":{"rendered":"<p>Chemical Engineering Department Polytechnic School of the University of S\u00e3o Paulo Rua do Lago, 250 &#8211; Pr\u00e9dio Semi-Industrial, 3 andar Conjunto das Qu\u00edmicas \u2013 Cidade Universit\u00e1ria 05508-080 S\u00e3o Paulo &#8211; SP &#8211; Brazil E-mail: dempsterlab@gmail.com Tel: +55-11-2648-1558 &nbsp; [wpforms id=&#8221;575&#8243; title=&#8221;true&#8221; description=&#8221;true&#8221;] &nbsp;<\/p>\n","protected":false},"author":1,"featured_media":0,"parent":10,"menu_order":0,"comment_status":"closed","ping_status":"closed","template":"","meta":{"footnotes":"","_links_to":"","_links_to_target":""},"class_list":["post-163","page","type-page","status-publish","hentry"],"_links":{"self":[{"href":"https:\/\/sites.usp.br\/dempsterlab\/en\/wp-json\/wp\/v2\/pages\/163","targetHints":{"allow":["GET"]}}],"collection":[{"href":"https:\/\/sites.usp.br\/dempsterlab\/en\/wp-json\/wp\/v2\/pages"}],"about":[{"href":"https:\/\/sites.usp.br\/dempsterlab\/en\/wp-json\/wp\/v2\/types\/page"}],"author":[{"embeddable":true,"href":"https:\/\/sites.usp.br\/dempsterlab\/en\/wp-json\/wp\/v2\/users\/1"}],"replies":[{"embeddable":true,"href":"https:\/\/sites.usp.br\/dempsterlab\/en\/wp-json\/wp\/v2\/comments?post=163"}],"version-history":[{"count":4,"href":"https:\/\/sites.usp.br\/dempsterlab\/en\/wp-json\/wp\/v2\/pages\/163\/revisions"}],"predecessor-version":[{"id":602,"href":"https:\/\/sites.usp.br\/dempsterlab\/en\/wp-json\/wp\/v2\/pages\/163\/revisions\/602"}],"up":[{"embeddable":true,"href":"https:\/\/sites.usp.br\/dempsterlab\/en\/wp-json\/wp\/v2\/pages\/10"}],"wp:attachment":[{"href":"https:\/\/sites.usp.br\/dempsterlab\/en\/wp-json\/wp\/v2\/media?parent=163"}],"curies":[{"name":"wp","href":"https:\/\/api.w.org\/{rel}","templated":true}]}}