{"id":181,"date":"2014-05-13T12:41:30","date_gmt":"2014-05-13T15:41:30","guid":{"rendered":"http:\/\/sites.usp.brpadrao2\/?page_id=181"},"modified":"2017-04-12T16:49:13","modified_gmt":"2017-04-12T19:49:13","slug":"estudo-1","status":"publish","type":"page","link":"https:\/\/sites.usp.br\/dempsterlab\/en\/estudo-1\/","title":{"rendered":"Estudo 1"},"content":{"rendered":"<p><strong>Tema da tese da doutoranda Msc Meriellen Dias<\/strong><\/p>\n<p>A r\u00e1pida expans\u00e3o e sofistica\u00e7\u00e3o dos setores produtivos v\u00eam aumentando a quantidade e complexidade dos res\u00edduos t\u00f3xicos. Os metais pesados, que resultam de atividades industriais, agr\u00edcolas, mineradora e descartes de res\u00edduos est\u00e3o entre os maiores problemas ambientais (VEGLIO et al., 2003) da atualidade. O descarte de efluentes contendo metais pesados fora dos padr\u00f5es da legisla\u00e7\u00e3o ambiental ocasiona graves danos aos ambientes e aos seres vivos. \u00c9 imprescind\u00edvel, portanto, pesquisar m\u00e9todos para diminuir os n\u00edveis de contamina\u00e7\u00e3o causados por estes contaminantes em efluentes l\u00edquidos, e para atender \u00e0 legisla\u00e7\u00e3o vigente que, geralmente, estabelece limites m\u00e1ximos de descarte, buscando minimizar os efeitos delet\u00e9rios sobre o meio ambiente (LEMOS et al., 2008).<\/p>\n<p>A busca por processos remediadores de ambientes contaminados por metais, que sejam economicamente vi\u00e1veis e ecologicamente corretos, tem se intensificado nos \u00faltimos anos. O uso de microrganismos para biorremedia\u00e7\u00e3o se mostra vantajoso, principalmente pelos baixos custos quando comparado \u00e0s t\u00e9cnicas f\u00edsico-qu\u00edmicas atualmente empregadas no tratamento de efluentes contendo metais (GAVRILESCU, 2004; BOOPATHY 2000; LITCHFIELD, 2005).<\/p>\n<p>Metais pesados como o cobre e cromo, apesar de ter um importante papel nas rea\u00e7\u00f5es bioqu\u00edmicas da biota em geral, s\u00e3o t\u00f3xicos em altas concentra\u00e7\u00f5es. A toxicidade dos metais pesados est\u00e1 relacionada \u00e0 concentra\u00e7\u00e3o do \u00edon no organismo, quando em concentra\u00e7\u00e3o superior \u00e0 capacidade de prote\u00e7\u00e3o do mesmo, o que provoca danos fisiol\u00f3gicos por meio do bloqueio de atividades biol\u00f3gicas, como a inativa\u00e7\u00e3o enzim\u00e1tica, interfer\u00eancias nos processos de transcri\u00e7\u00e3o, tradu\u00e7\u00e3o, ocorr\u00eancia de quebra celular, entre outras (VULLO, 2003). Entre as atividades agr\u00edcolas, urbanas e industriais que geram danos ambientais com grande potencial de contamina\u00e7\u00e3o do solo e da \u00e1gua com cobre, destacam-se a minera\u00e7\u00e3o e seus rejeitos, lodo de esgoto, dejeto de su\u00ednos e a vitivinicultura (ANDREAZZA, 2009).<\/p>\n<p>O Brasil vem se destacando nos \u00faltimos anos pelo incremento na produ\u00e7\u00e3o de cobre com a abertura de novas minas e a atua\u00e7\u00e3o da Empresa Vale, principalmente no estado do Par\u00e1. A produ\u00e7\u00e3o de concentrado de cobre era de 34.000 t\/ano em 1998 e passou a 216.000 t\/ano em 2008. Estima-se que essa produ\u00e7\u00e3o chegue a 374.000 t\/ano at\u00e9 2030, uma vez que as reservas brasileiras est\u00e3o estimadas em 21 milh\u00f5es de toneladas. (Departamento Nacional de Produ\u00e7\u00e3o Mineral, 2012).<\/p>\n<p>M\u00e9todos f\u00edsico-qu\u00edmicos convencionais, tais como tratamento eletroqu\u00edmico, osmose reversa, evapora\u00e7\u00e3o e sor\u00e7\u00e3o (KADIRVELU et.al., 2002) s\u00e3o considerados m\u00e9todos ineficazes para a remo\u00e7\u00e3o de metais pesados, portanto a abordagem biol\u00f3gica tem sido considerada como alternativa de remedia\u00e7\u00e3o eficaz na remo\u00e7\u00e3o de metais pesados. Recentemente sistemas microbianos como fungos, bact\u00e9rias e as algas t\u00eam sido utilizados com sucesso como agentes fixadores de metais (TERRES, et.al.,1998). Popula\u00e7\u00f5es microbianas em ambientes polu\u00eddos adaptam-se \u00e0s concentra\u00e7\u00f5es t\u00f3xicas de metais pesados e se tornam resistentes ao metal (PRASENJIT e SUMATHI, 2005). Diferentes esp\u00e9cies de Aspergillus, Pseudonomas, Sporophyticus, Bacillus, etc., t\u00eam sido relatados como eficientes redutores de n\u00edquel e cromo (YAN, 2003 e GOPALAN, 1994). Um dos grandes desafios da \u00e1rea tem sido o desenvolvimento de bancos de dados e cole\u00e7\u00f5es de fungos com caracteriza\u00e7\u00e3o detalhada (ROADMAP).<\/p>\n<p>Por\u00e9m ainda h\u00e1 pouco estudo nessa \u00e1rea utilizando espectrometria de massas, e tendo isso em vista a necessidade de um banco de fungos com caracteriza\u00e7\u00e3o detalhada, esse trabalho visa o desenvolvimento de uma metodologia de extra\u00e7\u00e3o de r\u00e1pida e eficiente de prote\u00ednas, e identifica\u00e7\u00e3o r\u00e1pida via espectrometria de massas.<\/p>\n<p>Nesse contexto, esse projeto visa identificar as prote\u00ednas sub expressas ou super expressas dos fungos Aspergillus N\u00edger (ATCC-11.414 e Vale) <em>Rhizopus microsporus<\/em> (CCT 4436 e Vale) submetidos \u00e0 estresse oxidativo, utilizando a t\u00e9cnica nanoLC-ESI-Q-TOF.<\/p>\n","protected":false},"excerpt":{"rendered":"<p>Tema da tese da doutoranda Msc Meriellen Dias A r\u00e1pida expans\u00e3o e sofistica\u00e7\u00e3o dos setores produtivos v\u00eam aumentando a quantidade e complexidade dos res\u00edduos t\u00f3xicos. Os metais pesados, que resultam de atividades industriais, agr\u00edcolas, mineradora e descartes de res\u00edduos est\u00e3o entre os maiores problemas ambientais (VEGLIO et al., 2003) da atualidade. O descarte de efluentes contendo metais pesados fora dos padr\u00f5es da legisla\u00e7\u00e3o ambiental ocasiona graves danos aos ambientes e aos seres vivos. \u00c9 imprescind\u00edvel, portanto, pesquisar m\u00e9todos para diminuir os n\u00edveis de contamina\u00e7\u00e3o causados por estes contaminantes em efluentes l\u00edquidos, e para atender \u00e0 legisla\u00e7\u00e3o vigente que, geralmente, estabelece limites m\u00e1ximos de descarte, buscando minimizar os efeitos delet\u00e9rios sobre o meio ambiente (LEMOS et al., 2008). A busca por processos remediadores de ambientes contaminados por metais, que sejam economicamente vi\u00e1veis e ecologicamente corretos, tem se intensificado nos \u00faltimos anos. O uso de microrganismos para biorremedia\u00e7\u00e3o se mostra vantajoso, principalmente pelos baixos custos quando comparado \u00e0s t\u00e9cnicas f\u00edsico-qu\u00edmicas atualmente empregadas no tratamento de efluentes contendo metais (GAVRILESCU, 2004; BOOPATHY 2000; LITCHFIELD, 2005). Metais pesados como o cobre e cromo, apesar de ter um importante papel nas rea\u00e7\u00f5es bioqu\u00edmicas da biota em geral, s\u00e3o t\u00f3xicos em altas concentra\u00e7\u00f5es. A toxicidade dos [&#8230;]<\/p>\n","protected":false},"author":1,"featured_media":0,"parent":0,"menu_order":0,"comment_status":"closed","ping_status":"closed","template":"","meta":{"footnotes":"","_links_to":"","_links_to_target":""},"class_list":["post-181","page","type-page","status-publish","hentry"],"_links":{"self":[{"href":"https:\/\/sites.usp.br\/dempsterlab\/en\/wp-json\/wp\/v2\/pages\/181","targetHints":{"allow":["GET"]}}],"collection":[{"href":"https:\/\/sites.usp.br\/dempsterlab\/en\/wp-json\/wp\/v2\/pages"}],"about":[{"href":"https:\/\/sites.usp.br\/dempsterlab\/en\/wp-json\/wp\/v2\/types\/page"}],"author":[{"embeddable":true,"href":"https:\/\/sites.usp.br\/dempsterlab\/en\/wp-json\/wp\/v2\/users\/1"}],"replies":[{"embeddable":true,"href":"https:\/\/sites.usp.br\/dempsterlab\/en\/wp-json\/wp\/v2\/comments?post=181"}],"version-history":[{"count":3,"href":"https:\/\/sites.usp.br\/dempsterlab\/en\/wp-json\/wp\/v2\/pages\/181\/revisions"}],"predecessor-version":[{"id":500,"href":"https:\/\/sites.usp.br\/dempsterlab\/en\/wp-json\/wp\/v2\/pages\/181\/revisions\/500"}],"wp:attachment":[{"href":"https:\/\/sites.usp.br\/dempsterlab\/en\/wp-json\/wp\/v2\/media?parent=181"}],"curies":[{"name":"wp","href":"https:\/\/api.w.org\/{rel}","templated":true}]}}