{"id":190,"date":"2014-05-14T10:44:43","date_gmt":"2014-05-14T13:44:43","guid":{"rendered":"http:\/\/sites.usp.brpadrao2\/?page_id=190"},"modified":"2016-10-18T22:05:52","modified_gmt":"2016-10-19T00:05:52","slug":"normas","status":"publish","type":"page","link":"https:\/\/sites.usp.br\/dempsterlab\/en\/normas\/","title":{"rendered":"Estudo do metaboloma de biofluidos em pacientes pedi\u00e1tricos nefropatas e sua associa\u00e7\u00e3o com a doen\u00e7a periodontal"},"content":{"rendered":"<p class=\"Default\"><strong><span style=\"font-size: 11.5pt\">Tese de doutorado defendida pelo Dr. Levy \u00a0Anderson C\u00e9sar Alves<\/span><\/strong><\/p>\n<p class=\"Default\"><span style=\"font-size: 11.5pt\">Metabol\u00f4mica \u00e9 a t\u00e9cnica que analisa quantitativamente metab\u00f3litos end\u00f3genos e ex\u00f3genos de baixa massa molecular encontrados em biofluidos e tecidos. Estas pequenas mol\u00e9culas representativas encontradas em um sistema biol\u00f3gico abrangem carboidratos, \u00e1cidos graxos, nucleot\u00eddeos, amino\u00e1cidos entre outras classes de compostos. Alguns estudos t\u00eam mostrado a import\u00e2ncia da manuten\u00e7\u00e3o da sa\u00fade bucal para pacientes com doen\u00e7a renal cr\u00f4nica (DRC). DRC, um problema mundial de sa\u00fade p\u00fablica, pode ser definida em fun\u00e7\u00e3o da presen\u00e7a de danos renais ou de uma taxa de filtra\u00e7\u00e3o glomerular &lt; 60 mL\/min por 1.73m<\/span><span style=\"font-size: 8.0pt\">2 <\/span><span style=\"font-size: 11.5pt\">por 3 meses, independente da causa. Desta forma, o objetivo deste estudo foi identificar e interpretar a fun\u00e7\u00e3o de metab\u00f3litos salivares e de urina de pacientes com DRC e sua poss\u00edvel associa\u00e7\u00e3o com a doen\u00e7a periodontal (DP). Trinta adolescentes e adultos jovens, 12-18 anos, diagn\u00f3stico m\u00e9dico definitivo de DRC, cadastrados no CAPE (Centro de atendimento a pacientes especiais) da Faculdade de Odontologia e no Instituto da Crian\u00e7a da Faculdade de Medicina \u2013 Universidade de S\u00e3o Paulo (USP), fizeram parte deste estudo. O grupo controle tamb\u00e9m foi composto por 30 indiv\u00edduos, por\u00e9m, clinicamente saud\u00e1veis. Todos os participantes receberam informa\u00e7\u00f5es pr\u00e9vias \u00e0 coleta de urina e saliva. As amostras de saliva e a primeira urina da manh\u00e3 foram coletadas e armazenadas a -80\u00b0C at\u00e9 a realiza\u00e7\u00e3o da an\u00e1lise. A an\u00e1lise periodontal foi realizada por meio do \u00edndice de higiene oral simplificado (OHI-S), sangramento \u00e0 sondagem e profundidade de sondagem. Todas as amostras foram avaliadas no departamento de Engenharia Qu\u00edmica da Escola Polit\u00e9cnica da USP por meio de an\u00e1lise de cromatografia gasosa acoplada ao espectr\u00f4metro de massa (GC-MS). As an\u00e1lises estat\u00edsticas foram realizadas por meio da an\u00e1lise de componentes principais (PCA), testes de Mann-Whitney e Kruskal-Wallis. A quantifica\u00e7\u00e3o relativa de cada metab\u00f3lito mostrou maiores concentra\u00e7\u00f5es estatisticamente significativas entre pacientes com DRC sem DP e com DRC e com DP, de alanina (<i>p&lt;0.0001<\/i>), glicina (<i>p&lt;0.0001<\/i>), tirosina (<i>p=0.021<\/i>), serina (<i>p&lt;0.0001<\/i>), prolina (<i>p&lt;0.0002<\/i>), leucina (<i>p&lt;0.0003<\/i>), citrulina (<i>p&lt;0.0001<\/i>) e arginina (<i>p&lt;0.0002<\/i>). Os valores m\u00e9dios da concentra\u00e7\u00e3o de p-Cresol tamb\u00e9m mostraram-se alterados para os mesmos grupos citados acima. Grupos com DRC mostraram concentra\u00e7\u00f5es alteradas de \u00e1cidos carbox\u00edlicos como \u00e1cido but\u00edrico e de dimetilarginina. Conclu\u00edmos, portanto, que ambas as patologias estimulam o processo oxidativo sintetizando metab\u00f3litos como \u00e1cido but\u00edrico, L-prolina, dentre outros, os quais podem potencializar a severidade da DRC. Verificamos tamb\u00e9m que, apesar do perfil metab\u00f3lico ser diferente, alguns metab\u00f3litos como ur\u00e9ia, creatinina, \u00e1cido octadecan\u00f3ico, ciclohexano, s\u00e3o compartilhados por todos os grupos.<\/span><\/p>\n<p class=\"Default\"><span style=\"font-size: 11.5pt\"><a href=\"http:\/\/sites.usp.br\/dempsterlab\/wp-content\/uploads\/sites\/182\/2014\/05\/Defesa-Levy.jpg\"><img loading=\"lazy\" decoding=\"async\" class=\"alignnone size-thumbnail wp-image-324\" src=\"http:\/\/sites.usp.br\/dempsterlab\/wp-content\/uploads\/sites\/182\/2014\/05\/Defesa-Levy-150x150.jpg\" alt=\"Defesa Levy\" width=\"150\" height=\"150\" srcset=\"https:\/\/sites.usp.br\/dempsterlab\/wp-content\/uploads\/sites\/182\/2014\/05\/Defesa-Levy-150x150.jpg 150w, https:\/\/sites.usp.br\/dempsterlab\/wp-content\/uploads\/sites\/182\/2014\/05\/Defesa-Levy-300x300.jpg 300w, https:\/\/sites.usp.br\/dempsterlab\/wp-content\/uploads\/sites\/182\/2014\/05\/Defesa-Levy-45x45.jpg 45w, https:\/\/sites.usp.br\/dempsterlab\/wp-content\/uploads\/sites\/182\/2014\/05\/Defesa-Levy-200x200.jpg 200w, https:\/\/sites.usp.br\/dempsterlab\/wp-content\/uploads\/sites\/182\/2014\/05\/Defesa-Levy-400x400.jpg 400w, https:\/\/sites.usp.br\/dempsterlab\/wp-content\/uploads\/sites\/182\/2014\/05\/Defesa-Levy.jpg 960w\" sizes=\"auto, (max-width: 150px) 100vw, 150px\" \/><\/a> <\/span><\/p>\n","protected":false},"excerpt":{"rendered":"<p>Tese de doutorado defendida pelo Dr. Levy \u00a0Anderson C\u00e9sar Alves Metabol\u00f4mica \u00e9 a t\u00e9cnica que analisa quantitativamente metab\u00f3litos end\u00f3genos e ex\u00f3genos de baixa massa molecular encontrados em biofluidos e tecidos. Estas pequenas mol\u00e9culas representativas encontradas em um sistema biol\u00f3gico abrangem carboidratos, \u00e1cidos graxos, nucleot\u00eddeos, amino\u00e1cidos entre outras classes de compostos. Alguns estudos t\u00eam mostrado a import\u00e2ncia da manuten\u00e7\u00e3o da sa\u00fade bucal para pacientes com doen\u00e7a renal cr\u00f4nica (DRC). DRC, um problema mundial de sa\u00fade p\u00fablica, pode ser definida em fun\u00e7\u00e3o da presen\u00e7a de danos renais ou de uma taxa de filtra\u00e7\u00e3o glomerular &lt; 60 mL\/min por 1.73m2 por 3 meses, independente da causa. Desta forma, o objetivo deste estudo foi identificar e interpretar a fun\u00e7\u00e3o de metab\u00f3litos salivares e de urina de pacientes com DRC e sua poss\u00edvel associa\u00e7\u00e3o com a doen\u00e7a periodontal (DP). Trinta adolescentes e adultos jovens, 12-18 anos, diagn\u00f3stico m\u00e9dico definitivo de DRC, cadastrados no CAPE (Centro de atendimento a pacientes especiais) da Faculdade de Odontologia e no Instituto da Crian\u00e7a da Faculdade de Medicina \u2013 Universidade de S\u00e3o Paulo (USP), fizeram parte deste estudo. O grupo controle tamb\u00e9m foi composto por 30 indiv\u00edduos, por\u00e9m, clinicamente saud\u00e1veis. Todos os participantes receberam informa\u00e7\u00f5es pr\u00e9vias \u00e0 coleta de urina [&#8230;]<\/p>\n","protected":false},"author":1,"featured_media":0,"parent":0,"menu_order":0,"comment_status":"closed","ping_status":"closed","template":"","meta":{"footnotes":"","_links_to":"","_links_to_target":""},"class_list":["post-190","page","type-page","status-publish","hentry"],"_links":{"self":[{"href":"https:\/\/sites.usp.br\/dempsterlab\/en\/wp-json\/wp\/v2\/pages\/190","targetHints":{"allow":["GET"]}}],"collection":[{"href":"https:\/\/sites.usp.br\/dempsterlab\/en\/wp-json\/wp\/v2\/pages"}],"about":[{"href":"https:\/\/sites.usp.br\/dempsterlab\/en\/wp-json\/wp\/v2\/types\/page"}],"author":[{"embeddable":true,"href":"https:\/\/sites.usp.br\/dempsterlab\/en\/wp-json\/wp\/v2\/users\/1"}],"replies":[{"embeddable":true,"href":"https:\/\/sites.usp.br\/dempsterlab\/en\/wp-json\/wp\/v2\/comments?post=190"}],"version-history":[{"count":6,"href":"https:\/\/sites.usp.br\/dempsterlab\/en\/wp-json\/wp\/v2\/pages\/190\/revisions"}],"predecessor-version":[{"id":355,"href":"https:\/\/sites.usp.br\/dempsterlab\/en\/wp-json\/wp\/v2\/pages\/190\/revisions\/355"}],"wp:attachment":[{"href":"https:\/\/sites.usp.br\/dempsterlab\/en\/wp-json\/wp\/v2\/media?parent=190"}],"curies":[{"name":"wp","href":"https:\/\/api.w.org\/{rel}","templated":true}]}}