{"id":147,"date":"2014-05-13T12:31:52","date_gmt":"2014-05-13T15:31:52","guid":{"rendered":"http:\/\/sites.usp.brpadrao2\/?page_id=147"},"modified":"2017-05-22T18:57:37","modified_gmt":"2017-05-22T21:57:37","slug":"infraestrutura","status":"publish","type":"page","link":"https:\/\/sites.usp.br\/dempsterlab\/institucional\/infraestrutura\/","title":{"rendered":"Infraestrutura"},"content":{"rendered":"<p>O laborat\u00f3rio Dempster possui v\u00e1rios espectr\u00f4metros de massas alem de v\u00e1rios sistemas de cromatografia gasosa e liquida que podem ser acoplados aos espectrometros de massas.<\/p>\n","protected":false},"excerpt":{"rendered":"<p>O laborat\u00f3rio Dempster possui v\u00e1rios espectr\u00f4metros de massas alem de v\u00e1rios sistemas de cromatografia gasosa e liquida que podem ser acoplados aos espectrometros de massas.<\/p>\n","protected":false},"author":1,"featured_media":0,"parent":89,"menu_order":0,"comment_status":"closed","ping_status":"closed","template":"","meta":{"footnotes":"","_links_to":"","_links_to_target":""},"class_list":["post-147","page","type-page","status-publish","hentry"],"_links":{"self":[{"href":"https:\/\/sites.usp.br\/dempsterlab\/wp-json\/wp\/v2\/pages\/147","targetHints":{"allow":["GET"]}}],"collection":[{"href":"https:\/\/sites.usp.br\/dempsterlab\/wp-json\/wp\/v2\/pages"}],"about":[{"href":"https:\/\/sites.usp.br\/dempsterlab\/wp-json\/wp\/v2\/types\/page"}],"author":[{"embeddable":true,"href":"https:\/\/sites.usp.br\/dempsterlab\/wp-json\/wp\/v2\/users\/1"}],"replies":[{"embeddable":true,"href":"https:\/\/sites.usp.br\/dempsterlab\/wp-json\/wp\/v2\/comments?post=147"}],"version-history":[{"count":4,"href":"https:\/\/sites.usp.br\/dempsterlab\/wp-json\/wp\/v2\/pages\/147\/revisions"}],"predecessor-version":[{"id":519,"href":"https:\/\/sites.usp.br\/dempsterlab\/wp-json\/wp\/v2\/pages\/147\/revisions\/519"}],"up":[{"embeddable":true,"href":"https:\/\/sites.usp.br\/dempsterlab\/wp-json\/wp\/v2\/pages\/89"}],"wp:attachment":[{"href":"https:\/\/sites.usp.br\/dempsterlab\/wp-json\/wp\/v2\/media?parent=147"}],"curies":[{"name":"wp","href":"https:\/\/api.w.org\/{rel}","templated":true}]}}