{"id":155,"date":"2014-05-13T12:33:57","date_gmt":"2014-05-13T15:33:57","guid":{"rendered":"http:\/\/sites.usp.brpadrao2\/?page_id=155"},"modified":"2020-08-26T11:53:45","modified_gmt":"2020-08-26T14:53:45","slug":"pessoal","status":"publish","type":"page","link":"https:\/\/sites.usp.br\/dempsterlab\/institucional\/pessoal\/","title":{"rendered":"GRUPO DEMPSTER"},"content":{"rendered":"<p><a href=\"https:\/\/sites.usp.br\/dempsterlab\/wp-content\/uploads\/sites\/182\/2014\/05\/Oller-2.jpg\"><img loading=\"lazy\" decoding=\"async\" class=\"wp-image-540 alignleft\" src=\"https:\/\/sites.usp.br\/dempsterlab\/wp-content\/uploads\/sites\/182\/2014\/05\/Oller-2-150x150.jpg\" alt=\"\" width=\"150\" height=\"150\" srcset=\"https:\/\/sites.usp.br\/dempsterlab\/wp-content\/uploads\/sites\/182\/2014\/05\/Oller-2-150x150.jpg 150w, https:\/\/sites.usp.br\/dempsterlab\/wp-content\/uploads\/sites\/182\/2014\/05\/Oller-2-45x45.jpg 45w, https:\/\/sites.usp.br\/dempsterlab\/wp-content\/uploads\/sites\/182\/2014\/05\/Oller-2-200x200.jpg 200w\" sizes=\"auto, (max-width: 150px) 100vw, 150px\" \/><\/a><strong>Prof Dr Claudio Augusto Oller do Nascimento<\/strong><\/p>\n<p>Possui gradua\u00e7\u00e3o em Engenharia Qu\u00edmica pela Universidade de S\u00e3o Paulo (1975), mestrado em Engenharia Qu\u00edmica &#8211; Departamento de Engenharia Qu\u00edmica, Escola Polit\u00e9cnica da Universidade de S\u00e3o Paulo (1979) e doutorado em Engenharia Qu\u00edmica &#8211; University of Salford (1982). Atualmente \u00e9 professor titular da Universidade de S\u00e3o Paulo. Tem experi\u00eancia na \u00e1rea de Engenharia Qu\u00edmica, com \u00eanfase em Processos Industriais de Engenharia Qu\u00edmica, atuando principalmente nos temas: neural networks, modelagem matem\u00e1tica, water treatment, cat\u00e1lise, processos fotoqu\u00edmicos e biotecnologia.<\/p>\n<div class=\"content justify\">\n<p>&nbsp;<\/p>\n<\/div>\n<p><a href=\"https:\/\/sites.usp.br\/dempsterlab\/wp-content\/uploads\/sites\/182\/2014\/05\/Anita.jpg\"><img loading=\"lazy\" decoding=\"async\" class=\" wp-image-510 alignleft\" src=\"https:\/\/sites.usp.br\/dempsterlab\/wp-content\/uploads\/sites\/182\/2014\/05\/Anita-150x150.jpg\" alt=\"\" width=\"150\" height=\"150\" srcset=\"https:\/\/sites.usp.br\/dempsterlab\/wp-content\/uploads\/sites\/182\/2014\/05\/Anita-150x150.jpg 150w, https:\/\/sites.usp.br\/dempsterlab\/wp-content\/uploads\/sites\/182\/2014\/05\/Anita-45x45.jpg 45w, https:\/\/sites.usp.br\/dempsterlab\/wp-content\/uploads\/sites\/182\/2014\/05\/Anita-200x200.jpg 200w\" sizes=\"auto, (max-width: 150px) 100vw, 150px\" \/><\/a><strong><span lang=\"pt\">Dra Maria Anita Mendes<\/span><\/strong><\/p>\n<p class=\"tw-data-text tw-text-large XcVN5d tw-ta\" dir=\"ltr\" data-placeholder=\"Tradu\u00e7\u00e3o\"><span lang=\"pt\"> Possui gradua\u00e7\u00e3o em Qu\u00edmica pela Universidade Estadual de Maring\u00e1 (1991), mestrado em Qu\u00edmica pela Universidade Estadual de Maring\u00e1 (1994) e doutorado em Qu\u00edmica pela Universidade Estadual de Campinas (1999). Tem experi\u00eancia na \u00e1rea de Bioqu\u00edmica, com \u00eanfase em Qu\u00edmica de Macromol\u00e9culas, atuando principalmente nos seguintes temas: espectrometria de massas, rea\u00e7\u00e3o em fase gasosa, introdu\u00e7\u00e3o de membrana, espectrometria de massa, c\u00e1lculo de inibi\u00e7\u00e3o e express\u00e3o de prote\u00ednas. Mais de dez anos de experi\u00eancia pr\u00e1tica em espectrometria de massa (m\u00e9todos de ioniza\u00e7\u00e3o EI, CI, ESI, MALDI e analisadores de massas Quadrupolo e TOF). Dez anos trabalhando em HPLC, LC-MS, LC-MS\/MS.. GC-MS, MALDI-TOF. Com espectrometros de massas da Waters\/Micromass, Bruker e Shimadzu, e cromat\u00f3grafos liquido e gasoso da Shimadzu. Experi\u00eancia em eletroforese 2D SDS-PAGE, prote\u00f4mica, impress\u00e3o digital de massa de pept\u00eddeo e qu\u00edmica de degrada\u00e7\u00e3o de Edman na aplica\u00e7\u00e3o de espectrometria de massa para resolver problemas de estrutura de compostos de baixa massa molecular, determina\u00e7\u00e3o da qualidade e quantifica\u00e7\u00e3o de compostos, monitoramento de rea\u00e7\u00e3o, determina\u00e7\u00e3o estrutural de pept\u00eddeos. Purifica\u00e7\u00e3o de compostos extra\u00eddos do veneno bruto de vespa, aranha e aranha wed por HPLC. Experi\u00eancia na identifica\u00e7\u00e3o de microorganismos MALDI Biotyper.<\/span><\/p>\n<p>&nbsp;<\/p>\n<p><a href=\"https:\/\/sites.usp.br\/dempsterlab\/wp-content\/uploads\/sites\/182\/2014\/05\/Meriellen_2.jpg\"><img loading=\"lazy\" decoding=\"async\" class=\" wp-image-524 alignleft\" src=\"https:\/\/sites.usp.br\/dempsterlab\/wp-content\/uploads\/sites\/182\/2014\/05\/Meriellen_2-150x150.jpg\" alt=\"\" width=\"150\" height=\"150\" srcset=\"https:\/\/sites.usp.br\/dempsterlab\/wp-content\/uploads\/sites\/182\/2014\/05\/Meriellen_2-150x150.jpg 150w, https:\/\/sites.usp.br\/dempsterlab\/wp-content\/uploads\/sites\/182\/2014\/05\/Meriellen_2-300x300.jpg 300w, https:\/\/sites.usp.br\/dempsterlab\/wp-content\/uploads\/sites\/182\/2014\/05\/Meriellen_2-45x45.jpg 45w, https:\/\/sites.usp.br\/dempsterlab\/wp-content\/uploads\/sites\/182\/2014\/05\/Meriellen_2-200x200.jpg 200w, https:\/\/sites.usp.br\/dempsterlab\/wp-content\/uploads\/sites\/182\/2014\/05\/Meriellen_2-400x400.jpg 400w, https:\/\/sites.usp.br\/dempsterlab\/wp-content\/uploads\/sites\/182\/2014\/05\/Meriellen_2.jpg 543w\" sizes=\"auto, (max-width: 150px) 100vw, 150px\" \/><\/a><strong>Dra Meriellen Dias<\/strong><\/p>\n<p>Graduada em Engenharia Qu\u00edmica pela Faculdade de Aracruz -ES (2010) \u00e9 mestre em Ci\u00eancias F\u00edsico-Qu\u00edmicas pela Escola Polit\u00e9cnica-USP (2013). Por 5 anos, atuou como t\u00e9cnica em qu\u00edmica no Departamento de Engenharia Qu\u00edmica da Escola Polit\u00e9cnica da Universidade de S\u00e3o Paulo no projeto de Recupera\u00e7\u00e3o de \u00c1reas Contaminadas e Extra\u00e7\u00e3o de Minerais e Rejeitos em parceria com VALE\/BNDES. Membro da equipe de pesquisa em &#8220;\u00f4micas&#8221; e identifica\u00e7\u00e3o de microrganismos por MALDI-Biotyper do laborat\u00f3rio Dempster &#8211; Espectrometria de Massa &#8211; Departamento de Engenharia Qu\u00edmica da Escola Polit\u00e9cnica da Universidade de S\u00e3o Paulo. \u00c9 doutora (2018) pelo Departamento de Engenharia Qu\u00edmica da Escola Polit\u00e9cnica da Universidade de S\u00e3o Paulo na \u00e1rea proteomica de fungos filamentosos submetidos a estresse oxidativo em processos de biorremedia\u00e7\u00e3o de metais. Atualmente \u00e9 p\u00f3s-doutoranda com bolsa CAPES na \u00e1rea de Biorremedia\u00e7\u00e3o de ambientes de minera\u00e7\u00e3o: Fatores metab\u00f3licos que afetam os fungos filamentosos no tratamento de \u00e1reas contaminadas com metais.<\/p>\n<p>&nbsp;<\/p>\n<p><a href=\"https:\/\/sites.usp.br\/dempsterlab\/wp-content\/uploads\/sites\/182\/2014\/05\/WhatsApp-Image-2017-05-31-at-09.45.06.jpeg\"><img loading=\"lazy\" decoding=\"async\" class=\" wp-image-547 alignleft\" src=\"https:\/\/sites.usp.br\/dempsterlab\/wp-content\/uploads\/sites\/182\/2014\/05\/WhatsApp-Image-2017-05-31-at-09.45.06-150x150.jpeg\" alt=\"\" width=\"150\" height=\"150\" srcset=\"https:\/\/sites.usp.br\/dempsterlab\/wp-content\/uploads\/sites\/182\/2014\/05\/WhatsApp-Image-2017-05-31-at-09.45.06-150x150.jpeg 150w, https:\/\/sites.usp.br\/dempsterlab\/wp-content\/uploads\/sites\/182\/2014\/05\/WhatsApp-Image-2017-05-31-at-09.45.06-45x45.jpeg 45w, https:\/\/sites.usp.br\/dempsterlab\/wp-content\/uploads\/sites\/182\/2014\/05\/WhatsApp-Image-2017-05-31-at-09.45.06-200x200.jpeg 200w\" sizes=\"auto, (max-width: 150px) 100vw, 150px\" \/><\/a><\/p>\n<p><strong>Dr Enrique Eduardo Rozas Sanchez<\/strong><\/p>\n<p>Licenciado em ci\u00eancias do Mar- Universidade Cat\u00f3lica do Norte, Chile (1995), doutorado em Ci\u00eancias (Fisiologia Geral) pela Universidade de S\u00e3o Paulo (2004), e 3 vezes p\u00f3s Doutorado (2010, 2012, 2015) na mesma universidade. Com experi\u00eancia na \u00e1rea de farmacologia, bioqu\u00edmica e microbiologia, inicialmente estudo as respostas intracelulares de c\u00e9lulas tumorais de neuroblastoma testadas com substancias de origem algal. Ap\u00f3s estabelecer uma linha de pesquisa centralizada nas atividades farmacol\u00f3gicas de microrganismos associados a esponjas marinhas, amplio seu foco ao estudo das bact\u00e9rias associadas \u00e0s esponjas continentais no Amazonas. Este trabalho procurava compostos imunossupressores e substancias com aplica\u00e7\u00f5es na biotecnologia de interfase. Neste \u00e2mbito, foi desenvolvido o processo de lixivia\u00e7\u00e3o de descarte eletr\u00f4nico utilizando bact\u00e9rias associadas a c\u00e9lulas de esponjas marinhas, que transformam o cobre lixiviado em nanoparticulas. Na atualidade continua estudando as aplica\u00e7\u00f5es biotecnol\u00f3gicas dos micro-organismos intracelulares de esponja, em especial a mineraliza\u00e7\u00e3o dos metais pesados.<\/p>\n<p>&nbsp;<\/p>\n<p><a href=\"https:\/\/sites.usp.br\/dempsterlab\/wp-content\/uploads\/sites\/182\/2014\/05\/Monira.png\"><img loading=\"lazy\" decoding=\"async\" class=\" wp-image-549 alignleft\" src=\"https:\/\/sites.usp.br\/dempsterlab\/wp-content\/uploads\/sites\/182\/2014\/05\/Monira-150x150.png\" alt=\"\" width=\"150\" height=\"150\" srcset=\"https:\/\/sites.usp.br\/dempsterlab\/wp-content\/uploads\/sites\/182\/2014\/05\/Monira-150x150.png 150w, https:\/\/sites.usp.br\/dempsterlab\/wp-content\/uploads\/sites\/182\/2014\/05\/Monira-45x45.png 45w\" sizes=\"auto, (max-width: 150px) 100vw, 150px\" \/><\/a><\/p>\n<p id=\"tw-target-text\" class=\"tw-data-text tw-text-large XcVN5d tw-ta\" dir=\"ltr\" data-placeholder=\"Tradu\u00e7\u00e3o\"><strong><span lang=\"pt\">Dra Monira Samaan Kall\u00e1s<\/span><\/strong><\/p>\n<p class=\"tw-data-text tw-text-large XcVN5d tw-ta\" dir=\"ltr\" data-placeholder=\"Tradu\u00e7\u00e3o\"><span lang=\"pt\">Possui gradua\u00e7\u00e3o em Odontologia pela UNIP (1997), especializa\u00e7\u00e3o (2004), mestrado (2009) em Odontologia Social pela FOUSP e Habilita\u00e7\u00e3o em Odontologia Hospitalar pelo Conselho Federal de Odontologia (2016). \u00c9 dentista do \u201cGrupo Mais\u201d desde 2008, onde atua com assessoria e pesquisa em higiene bucal em pacientes de longa perman\u00eancia e paliativos. \u00c9 doutora pelo programa de Ci\u00eancias da Sa\u00fade do Instituto de Pesquisas do Hospital S\u00edrio Liban\u00eas desde 2014, onde desenvolveu linhas de pesquisa em sa\u00fade bucal em UTI: <\/span><\/p>\n<p class=\"tw-data-text tw-text-large XcVN5d tw-ta\" dir=\"ltr\" data-placeholder=\"Tradu\u00e7\u00e3o\"><span lang=\"pt\">Projeto de Pesquisa 1: Avalia\u00e7\u00e3o das altera\u00e7\u00f5es orais e modifica\u00e7\u00e3o da flora oral em pacientes internados na Unidade de Terapia Intensiva do Hospital S\u00edrio Liban\u00eas (avalia\u00e7\u00e3o microbiol\u00f3gica da saliva e biofilme dent\u00e1rio \/ prot\u00e9tico de pacientes nos dias 1, 4 e 8 de interna\u00e7\u00e3o por meio de MALDI e metaboloma ) <\/span><\/p>\n<p class=\"tw-data-text tw-text-large XcVN5d tw-ta\" dir=\"ltr\" data-placeholder=\"Tradu\u00e7\u00e3o\"><span lang=\"pt\">Projeto de Pesquisa 2: Altera\u00e7\u00e3o da flora oral em um hosp\u00edcio antes e depois da institui\u00e7\u00e3o de um protocolo de descontamina\u00e7\u00e3o oral. (Avalia\u00e7\u00e3o microbiol\u00f3gica da saliva e do biofilme antes e ap\u00f3s a institui\u00e7\u00e3o de um protocolo de higiene oral, por meio de MALDI e metaboloma).<\/span><\/p>\n<p dir=\"ltr\" data-placeholder=\"Tradu\u00e7\u00e3o\"><a href=\"https:\/\/sites.usp.br\/dempsterlab\/wp-content\/uploads\/sites\/182\/2020\/08\/Foto-Silas.jpg\"><img loading=\"lazy\" decoding=\"async\" class=\"wp-image-638 alignleft\" src=\"https:\/\/sites.usp.br\/dempsterlab\/wp-content\/uploads\/sites\/182\/2020\/08\/Foto-Silas-150x150.jpg\" alt=\"\" width=\"150\" height=\"150\" srcset=\"https:\/\/sites.usp.br\/dempsterlab\/wp-content\/uploads\/sites\/182\/2020\/08\/Foto-Silas-150x150.jpg 150w, https:\/\/sites.usp.br\/dempsterlab\/wp-content\/uploads\/sites\/182\/2020\/08\/Foto-Silas-45x45.jpg 45w, https:\/\/sites.usp.br\/dempsterlab\/wp-content\/uploads\/sites\/182\/2020\/08\/Foto-Silas-200x200.jpg 200w\" sizes=\"auto, (max-width: 150px) 100vw, 150px\" \/><\/a><\/p>\n<p style=\"font-weight: 400;\"><strong>Silas Perdig\u00e3o Cota de Almeida<\/strong><\/p>\n<p style=\"font-weight: 400;\">T\u00edtulo da Disserta\u00e7\u00e3o:<strong>\u00a0<\/strong>Caracteriza\u00e7\u00e3o do perfil metabol\u00f4mico e secret\u00f4mico atrav\u00e9s da t\u00e9cnica de espectrometria de massas do fungo\u00a0<em>Aspergillus niger<\/em>\u00a0IOC 4687 submetido a estresse pelo sulfato de cobre<\/p>\n<p style=\"font-weight: 400;\">Possui gradua\u00e7\u00e3o em Engenharia Qu\u00edmica pela Universidade Estadual do Amap\u00e1 (2017). Atualmente \u00e9 estudante de mestrado em Engenharia Qu\u00edmica \u2013 Departamento de Engenharia Qu\u00edmica, Escola Polit\u00e9cnica da USP. Possui experi\u00eancia com Qu\u00edmica Anal\u00edtica de caracteriza\u00e7\u00e3o eletrocin\u00e9tica e otimiza\u00e7\u00e3o de processos de tratamento de \u00e1gua (IC), no mestrado desenvolve pesquisas na \u00e1rea de Metaboloma e Secretoma de fungos filamentosos com a t\u00e9cnica de espectrometria de massas (GC-MS) submetidos a estresse com metal t\u00f3xico visando a biorremedia\u00e7\u00e3o de rejeitos de minera\u00e7\u00e3o contendo cobre.<\/p>\n<p>&nbsp;<\/p>\n<p dir=\"ltr\" data-placeholder=\"Tradu\u00e7\u00e3o\"><a href=\"https:\/\/sites.usp.br\/dempsterlab\/wp-content\/uploads\/sites\/182\/2014\/05\/Lidiane.jpg\"><img loading=\"lazy\" decoding=\"async\" class=\"wp-image-512 alignleft\" src=\"https:\/\/sites.usp.br\/dempsterlab\/wp-content\/uploads\/sites\/182\/2014\/05\/Lidiane-150x150.jpg\" alt=\"\" width=\"150\" height=\"150\" srcset=\"https:\/\/sites.usp.br\/dempsterlab\/wp-content\/uploads\/sites\/182\/2014\/05\/Lidiane-150x150.jpg 150w, https:\/\/sites.usp.br\/dempsterlab\/wp-content\/uploads\/sites\/182\/2014\/05\/Lidiane-45x45.jpg 45w, https:\/\/sites.usp.br\/dempsterlab\/wp-content\/uploads\/sites\/182\/2014\/05\/Lidiane-200x200.jpg 200w\" sizes=\"auto, (max-width: 150px) 100vw, 150px\" \/><\/a><\/p>\n<p id=\"tw-target-text\" class=\"tw-data-text tw-text-large XcVN5d tw-ta\" dir=\"ltr\" data-placeholder=\"Tradu\u00e7\u00e3o\"><strong><span lang=\"pt\">Dra Lidiane Maria de Andrade<\/span><\/strong><\/p>\n<p class=\"tw-data-text tw-text-large XcVN5d tw-ta\" dir=\"ltr\" data-placeholder=\"Tradu\u00e7\u00e3o\"><span lang=\"pt\">Graduada em Qu\u00edmica com Habilidades Tecnol\u00f3gicas (2004) e Mestre em F\u00edsica e Qu\u00edmica, ambos pelo Instituto de Qu\u00edmica de S\u00e3o Carlos &#8211; Universidade de S\u00e3o Paulo &#8211; USP (2007) atuando em temas como: reforma a vapor de etanol, produ\u00e7\u00e3o de hidrog\u00eanio, cat\u00e1lise, rea\u00e7\u00f5es HDT &#8211; HDS e HDN, espectrometria de massa. Doutora pelo Departamento de Engenharia Qu\u00edmica da Escola Polit\u00e9cnica da USP\u00a0 na \u00e1rea de Produ\u00e7\u00e3o de microalgas e caracteriza\u00e7\u00e3o de sua composi\u00e7\u00e3o por espectrometria de massa (MALDI-TOF) com doutorado sanduiche (6 meses) na Bruker Daltonics (Billerica- EUA). Atuou como Pesquisadora Cient\u00edfica do Departamento de Engenharia Qu\u00edmica da Escola Polit\u00e9cnica da Universidade de S\u00e3o Paulo no projeto de Recupera\u00e7\u00e3o de \u00c1reas Contaminadas e Extra\u00e7\u00e3o Mineral e Rejeitada em parceria com a VALE \/ BNDES, com \u00eanfase na an\u00e1lise de lip\u00eddios de microalgas (GC-MS), prote\u00f4mica de microalgas (NanoLC-ESI-Q-TOF), identifica\u00e7\u00e3o de microrganismos por MALDI-Biotyper.\u00a0<\/span><\/p>\n<p><\/p>","protected":false},"excerpt":{"rendered":"<p>Prof Dr Claudio Augusto Oller do Nascimento Possui gradua\u00e7\u00e3o em Engenharia Qu\u00edmica pela Universidade de S\u00e3o Paulo (1975), mestrado em Engenharia Qu\u00edmica &#8211; Departamento de Engenharia Qu\u00edmica, Escola Polit\u00e9cnica da Universidade de S\u00e3o Paulo (1979) e doutorado em Engenharia Qu\u00edmica &#8211; University of Salford (1982). Atualmente \u00e9 professor titular da Universidade de S\u00e3o Paulo. Tem experi\u00eancia na \u00e1rea de Engenharia Qu\u00edmica, com \u00eanfase em Processos Industriais de Engenharia Qu\u00edmica, atuando principalmente nos temas: neural networks, modelagem matem\u00e1tica, water treatment, cat\u00e1lise, processos fotoqu\u00edmicos e biotecnologia. &nbsp; Dra Maria Anita Mendes Possui gradua\u00e7\u00e3o em Qu\u00edmica pela Universidade Estadual de Maring\u00e1 (1991), mestrado em Qu\u00edmica pela Universidade Estadual de Maring\u00e1 (1994) e doutorado em Qu\u00edmica pela Universidade Estadual de Campinas (1999). Tem experi\u00eancia na \u00e1rea de Bioqu\u00edmica, com \u00eanfase em Qu\u00edmica de Macromol\u00e9culas, atuando principalmente nos seguintes temas: espectrometria de massas, rea\u00e7\u00e3o em fase gasosa, introdu\u00e7\u00e3o de membrana, espectrometria de massa, c\u00e1lculo de inibi\u00e7\u00e3o e express\u00e3o de prote\u00ednas. Mais de dez anos de experi\u00eancia pr\u00e1tica em espectrometria de massa (m\u00e9todos de ioniza\u00e7\u00e3o EI, CI, ESI, MALDI e analisadores de massas Quadrupolo e TOF). Dez anos trabalhando em HPLC, LC-MS, LC-MS\/MS.. GC-MS, MALDI-TOF. Com espectrometros de massas da Waters\/Micromass, Bruker e Shimadzu, e cromat\u00f3grafos [&#8230;]<\/p>\n","protected":false},"author":1,"featured_media":0,"parent":89,"menu_order":0,"comment_status":"closed","ping_status":"closed","template":"","meta":{"footnotes":"","_links_to":"","_links_to_target":""},"class_list":["post-155","page","type-page","status-publish","hentry"],"_links":{"self":[{"href":"https:\/\/sites.usp.br\/dempsterlab\/wp-json\/wp\/v2\/pages\/155","targetHints":{"allow":["GET"]}}],"collection":[{"href":"https:\/\/sites.usp.br\/dempsterlab\/wp-json\/wp\/v2\/pages"}],"about":[{"href":"https:\/\/sites.usp.br\/dempsterlab\/wp-json\/wp\/v2\/types\/page"}],"author":[{"embeddable":true,"href":"https:\/\/sites.usp.br\/dempsterlab\/wp-json\/wp\/v2\/users\/1"}],"replies":[{"embeddable":true,"href":"https:\/\/sites.usp.br\/dempsterlab\/wp-json\/wp\/v2\/comments?post=155"}],"version-history":[{"count":4,"href":"https:\/\/sites.usp.br\/dempsterlab\/wp-json\/wp\/v2\/pages\/155\/revisions"}],"predecessor-version":[{"id":660,"href":"https:\/\/sites.usp.br\/dempsterlab\/wp-json\/wp\/v2\/pages\/155\/revisions\/660"}],"up":[{"embeddable":true,"href":"https:\/\/sites.usp.br\/dempsterlab\/wp-json\/wp\/v2\/pages\/89"}],"wp:attachment":[{"href":"https:\/\/sites.usp.br\/dempsterlab\/wp-json\/wp\/v2\/media?parent=155"}],"curies":[{"name":"wp","href":"https:\/\/api.w.org\/{rel}","templated":true}]}}