{"id":630,"date":"2020-08-25T22:16:29","date_gmt":"2020-08-26T01:16:29","guid":{"rendered":"http:\/\/sites.usp.br\/dempsterlab\/?page_id=630"},"modified":"2021-03-16T14:56:19","modified_gmt":"2021-03-16T17:56:19","slug":"partners","status":"publish","type":"page","link":"https:\/\/sites.usp.br\/dempsterlab\/partners\/","title":{"rendered":"Parcerias"},"content":{"rendered":"<p>Faculdade de Odontologia da Universidade de S\u00e3o Paulo &#8211; http:\/\/www.fo.usp.br\/<\/p>\n<p>Universidade Fereral de S\u00e3o Paulo (UNIFESP) &#8211; https:\/\/www.unifesp.br\/<\/p>\n<p>Universidade Federal de Santa Catarina (UFSC) &#8211; https:\/\/ufsc.br\/<\/p>\n<p>Hospital S\u00edrio Libanes &#8211; https:\/\/www.hospitalsiriolibanes.org.br\/Paginas\/nova-home.aspx<\/p>\n<p>Hospital AC Camargo &#8211; https:\/\/www.accamargo.org.br\/<\/p>\n<p>Insituto do Cora\u00e7\u00e3o (InCor) &#8211; http:\/\/www.incor.usp.br\/sites\/incor2013\/<\/p>\n<p>Dr. Barbara Dominiak &#8211; Pesquisadora cient\u00edfica com hist\u00f3ria comprovada de pr\u00e1rica m\u00e9dica. Habilidades em Microsoft Word, Ingl\u00eas, Sa\u00fade, Lideran\u00e7a e Pesquisa Cl\u00ednica. Doutorado em Medicina com foco em Medicina Osteop\u00e1tica\/Ospeopatia pela Universidade Americana de Antigua &#8211; https:\/\/www.linkedin.com\/in\/barbara-dominiak-57a92328\/<\/p>","protected":false},"excerpt":{"rendered":"<p>Faculdade de Odontologia da Universidade de S\u00e3o Paulo &#8211; http:\/\/www.fo.usp.br\/ Universidade Fereral de S\u00e3o Paulo (UNIFESP) &#8211; https:\/\/www.unifesp.br\/ Universidade Federal de Santa Catarina (UFSC) &#8211; https:\/\/ufsc.br\/ Hospital S\u00edrio Libanes &#8211; https:\/\/www.hospitalsiriolibanes.org.br\/Paginas\/nova-home.aspx Hospital AC Camargo &#8211; https:\/\/www.accamargo.org.br\/ Insituto do Cora\u00e7\u00e3o (InCor) &#8211; http:\/\/www.incor.usp.br\/sites\/incor2013\/ Dr. Barbara Dominiak &#8211; Pesquisadora cient\u00edfica com hist\u00f3ria comprovada de pr\u00e1rica m\u00e9dica. Habilidades em Microsoft Word, Ingl\u00eas, Sa\u00fade, Lideran\u00e7a e Pesquisa Cl\u00ednica. Doutorado em Medicina com foco em Medicina Osteop\u00e1tica\/Ospeopatia pela Universidade Americana de Antigua &#8211; https:\/\/www.linkedin.com\/in\/barbara-dominiak-57a92328\/<\/p>\n","protected":false},"author":346,"featured_media":0,"parent":0,"menu_order":0,"comment_status":"closed","ping_status":"closed","template":"","meta":{"footnotes":"","_links_to":"","_links_to_target":""},"class_list":["post-630","page","type-page","status-publish","hentry"],"_links":{"self":[{"href":"https:\/\/sites.usp.br\/dempsterlab\/wp-json\/wp\/v2\/pages\/630","targetHints":{"allow":["GET"]}}],"collection":[{"href":"https:\/\/sites.usp.br\/dempsterlab\/wp-json\/wp\/v2\/pages"}],"about":[{"href":"https:\/\/sites.usp.br\/dempsterlab\/wp-json\/wp\/v2\/types\/page"}],"author":[{"embeddable":true,"href":"https:\/\/sites.usp.br\/dempsterlab\/wp-json\/wp\/v2\/users\/346"}],"replies":[{"embeddable":true,"href":"https:\/\/sites.usp.br\/dempsterlab\/wp-json\/wp\/v2\/comments?post=630"}],"version-history":[{"count":4,"href":"https:\/\/sites.usp.br\/dempsterlab\/wp-json\/wp\/v2\/pages\/630\/revisions"}],"predecessor-version":[{"id":672,"href":"https:\/\/sites.usp.br\/dempsterlab\/wp-json\/wp\/v2\/pages\/630\/revisions\/672"}],"wp:attachment":[{"href":"https:\/\/sites.usp.br\/dempsterlab\/wp-json\/wp\/v2\/media?parent=630"}],"curies":[{"name":"wp","href":"https:\/\/api.w.org\/{rel}","templated":true}]}}