{"id":1222,"date":"2018-03-26T15:27:24","date_gmt":"2018-03-26T18:27:24","guid":{"rendered":"http:\/\/sites.usp.br\/fmrpnew\/?page_id=1222"},"modified":"2018-03-26T15:27:24","modified_gmt":"2018-03-26T18:27:24","slug":"simbolos","status":"publish","type":"page","link":"https:\/\/sites.usp.br\/devfmrp\/institucional\/simbolos\/","title":{"rendered":"S\u00edmbolos"},"content":{"rendered":"<p style=\"text-align: justify\"><div class=\"su-accordion su-u-trim\">\n<p style=\"text-align: justify\"><div class=\"su-spoiler su-spoiler-style-fancy su-spoiler-icon-chevron-circle su-spoiler-closed\" data-scroll-offset=\"0\" data-anchor-in-url=\"no\"><div class=\"su-spoiler-title\" tabindex=\"0\" role=\"button\"><span class=\"su-spoiler-icon\"><\/span>Bras\u00e3o<\/div><div class=\"su-spoiler-content su-u-clearfix su-u-trim\">\n<p style=\"text-align: justify\"><img decoding=\"async\" class=\"alignleft wp-image-1071 size-medium\" src=\"http:\/\/sites.usp.br\/fmrpnew\/wp-content\/uploads\/sites\/356\/2018\/02\/Brasao_Flamula-150x150.png\" alt=\"\" width=\"150\" height=\"150\" \/><\/p>\n<p style=\"text-align: justify\">Na Idade M\u00e9dia, principalmente na \u00e9poca da cavalaria, os escudos passaram a simbolizar fam\u00edlias, dinastias, territ\u00f3rios e feudos, tanto na guerra como na paz. Mais tarde, as propriedades, pal\u00e1cios e objetos de fam\u00edlia passaram a ostentar os bras\u00f5es de seus senhores, como s\u00edmbolo de poder, de nobreza, ou como mero distintivo, s\u00edmbolo de identidade. Com essa \u00faltima fun\u00e7\u00e3o passaram, os bras\u00f5es, a distinguir ordens religiosas, bispados, cidades e institui\u00e7\u00f5es, como as Universidades.<\/p>\n<p style=\"text-align: justify\">O distintivo da USP tem um lema agon\u00edstico: \u201cSCIENTIA VINCES\u201d, criado num per\u00edodo p\u00f3s-derrota militar do Estado de S\u00e3o Paulo, quando se criou a USP como instrumento de formar elites capazes de, um dia, desenvolver e governar o pa\u00eds. O da nossa Escola, criado num per\u00edodo p\u00f3s-ditadura quando se tentava reorganizar a vida da cidadania, \u00e9 mais construtivo: \u201cSCIENTIA TERMINUM AMOVERE\u201d.<\/p>\n<p style=\"text-align: justify\">O nosso bras\u00e3o traz, no peito de uma \u00e1guia a palavra UNIVERSIDADE, tradu\u00e7\u00e3o de \u201cUNIVERSITAS\u201d que significa, como sabemos, totalidade ou universalidade. Mas totalidade \u00e9 um termo vago. Por isso, \u201cUNIVERSITAS\u201d desde a Idade M\u00e9dia, \u00e9 indissoci\u00e1vel de outro termo: \u201cSTUDIORUM\u201d, que tem v\u00e1rias acep\u00e7\u00f5es: De fato, \u201cestudos\u201d pode ser entendido como \u00e1reas, especialidades ou ramos do saber, como h\u00e1 os estudos jur\u00eddicos ou matem\u00e1ticos; pode-se entender os \u201cestudos\u201d ou \u201cestudios\u201d, isto \u00e9, gabinete ou laborat\u00f3rios de trabalhos, tais como o estudio do astronomo ou o do herborista (no Brasil a palavra ficou restrita a algumas artes: temos est\u00fadios de fotografia, de cinema, de dan\u00e7a).<\/p>\n<p style=\"text-align: justify\">Mas \u201cUNIVERSITAS STUDIORUM\u201d n\u00e3o \u00e9 a universalidade das \u00e1reas do saber e nem a totalidade dos est\u00fadios. \u00c9 que \u201cSTUDIUM\u201d tem ainda um outro sentido, mais genuino. Significa paix\u00e3o, gosto, interesse, esfor\u00e7o, procura. \u201cUNIVERSITAS STUDIORUM\u201d significa, portanto, a totalidade dos interesses, do saber ou de saber.<\/p>\n<p style=\"text-align: justify\">O \u201csaber pr\u00e1tico\u201d, o \u201csaber t\u00e9cnico\u201d, era aprendido no conv\u00edvio com os artes\u00e3os, com os mestres de obras, de artes e of\u00edcios. Aprendia-se fazendo e vendo fazer, independentemente de qualquer forma\u00e7\u00e3o te\u00f3rica, doutrin\u00e1ria. Os interesses do saber intelectual, os interesses de compreender ( mais que os de fazer) congregaram-se na \u201cUNIVERSITAS STUDIORUM\u201d. Ali se discutiam e se criavam as explica\u00e7\u00f5es, as teorias, as doutrinas, \u201cdoctrinae\u201d, sob a guia do saber.<\/p>\n<p style=\"text-align: justify\">Para simbolizar o alcance de horizontes ilimitados, a vis\u00e3o elevada e a liberdade de dire\u00e7\u00f5es, nada melhor do que uma \u00e1guia em pleno v\u00f4o. A \u00e1guia sustenta, com suas garras, a espada da ousadia, s\u00edmbolo tamb\u00e9m de S\u00e3o Paulo, expressando sua filia\u00e7\u00e3o \u00e0 Universidade de S\u00e3o Paulo, e o bast\u00e3o com a serpente de Escul\u00e1pio, s\u00edmbolo secular da arte m\u00e9dica.<\/p>\n<p style=\"text-align: justify\">Mas o lema ou d\u00edstico do bras\u00e3o desta casa, tem significado transcendente: \u201cSCIENTIA TERMINUM AMOVERE\u201d. Pelo conhecimento, dilatar o limite, expandir a fronteira. \u00c9 uma clara profiss\u00e3o de f\u00e9 no conhecimento como instrumento para libertar o homem de suas limita\u00e7\u00f5es e ampliar suas possibilidades de felicidade na Terra. Mas a frase latina, permite rigorosamente, outra leitura, de genu\u00edno significado m\u00e9dico: \u201cPela ci\u00eancia, afastar o fim, o t\u00e9rmino\u201d. Uma profiss\u00e3o de f\u00e9 na vit\u00f3ria da ci\u00eancia (m\u00e9dica) na luta contra a morte, a finitude humana.<\/p>\n<p style=\"text-align: justify\"><\/div><\/div>\n<p style=\"text-align: justify\"><div class=\"su-spoiler su-spoiler-style-fancy su-spoiler-icon-chevron-circle su-spoiler-closed\" data-scroll-offset=\"0\" data-anchor-in-url=\"no\"><div class=\"su-spoiler-title\" tabindex=\"0\" role=\"button\"><span class=\"su-spoiler-icon\"><\/span>Bandeira<\/div><div class=\"su-spoiler-content su-u-clearfix su-u-trim\">\n<p style=\"text-align: justify\"><img decoding=\"async\" class=\"size-full wp-image-1206 alignleft\" src=\"http:\/\/sites.usp.br\/fmrpnew\/wp-content\/uploads\/sites\/356\/2018\/02\/bandeira_fmrp.png\" alt=\"bandeira fmrp\" width=\"170\" height=\"138\" \/><\/p>\n<p dir=\"ltr\" style=\"text-align: justify\">Bandeiras s\u00e3o s\u00edmbolos de grande import\u00e2ncia na representa\u00e7\u00e3o de na\u00e7\u00f5es, estados, cidades ou institui\u00e7\u00f5es. Ao completar 60 anos de atividades, a FMRP-USP\u00a0decidiu criar uma bandeira que a pudesse representar em datas comemorativas ou eventos institucionais.<\/p>\n<p dir=\"ltr\" style=\"text-align: justify\">Na sua proposta obedeceu-se \u00e0 concep\u00e7\u00e3o de nela incluir o tradicional bras\u00e3o da Unidade, tal como ocorre, por exemplo, em Universidades seculares. Nesse bras\u00e3o, a \u00e1guia \u00e9 a express\u00e3o de for\u00e7a, agilidade, eleg\u00e2ncia, capacidade de voo e vis\u00e3o agu\u00e7ada. A espada lembra o bras\u00e3o do Estado de S\u00e3o Paulo e exprime nossa filia\u00e7\u00e3o \u00e0 Universidade de S\u00e3o Paulo; o bast\u00e3o com a serpente de Escul\u00e1pio \u00e9 considerado um emblema da medicina. O bras\u00e3o traz ainda o lema: \u201cSCIENTIA TERMINUM AMOVERE\u201d, ou seja, com base no conhecimento, expandir limites e fronteiras. \u00c9 uma manifesta\u00e7\u00e3o de cren\u00e7a no conhecimento como instrumento para reduzir as limita\u00e7\u00f5es humanas e, de algum modo, na vit\u00f3ria da ci\u00eancia m\u00e9dica na luta contra as doen\u00e7as.<\/p>\n<p dir=\"ltr\" style=\"text-align: justify\">A bandeira comemorativa aos 60 anos da FMRP-USP, assim como as bandeiras do Brasil e do Estado de S\u00e3o Paulo s\u00e3o hasteadas em frente ao Pr\u00e9dio Central da FMRP-USP em situa\u00e7\u00f5es de luto ou festividades.<\/p>\n<figure id=\"attachment_1207\" aria-describedby=\"caption-attachment-1207\" style=\"width: 720px\" class=\"wp-caption alignnone\"><img fetchpriority=\"high\" decoding=\"async\" class=\"wp-image-1207 size-large\" src=\"http:\/\/sites.usp.br\/fmrpnew\/wp-content\/uploads\/sites\/356\/2018\/02\/mastro-bandeiras-1024x683.jpg\" alt=\"mastro bandeiras\" width=\"720\" height=\"480\" \/><figcaption id=\"caption-attachment-1207\" class=\"wp-caption-text\">Da esquerda para a direita: a bandeira do estado de S\u00e3o Paulo, a bandeira nacional do Brasil e a bandeira da FMRP.<\/figcaption><\/figure>\n<p style=\"text-align: justify\"><\/div><\/div>\n<p style=\"text-align: justify\"><\/div>\n<p style=\"text-align: justify\">","protected":false},"excerpt":{"rendered":"","protected":false},"author":635,"featured_media":0,"parent":193,"menu_order":35,"comment_status":"closed","ping_status":"closed","template":"","meta":{"ocean_post_layout":"","ocean_both_sidebars_style":"","ocean_both_sidebars_content_width":0,"ocean_both_sidebars_sidebars_width":0,"ocean_sidebar":"","ocean_second_sidebar":"","ocean_disable_margins":"enable","ocean_add_body_class":"","ocean_shortcode_before_top_bar":"","ocean_shortcode_after_top_bar":"","ocean_shortcode_before_header":"","ocean_shortcode_after_header":"","ocean_has_shortcode":"","ocean_shortcode_after_title":"","ocean_shortcode_before_footer_widgets":"","ocean_shortcode_after_footer_widgets":"","ocean_shortcode_before_footer_bottom":"","ocean_shortcode_after_footer_bottom":"","ocean_display_top_bar":"default","ocean_display_header":"default","ocean_header_style":"","ocean_center_header_left_menu":"","ocean_custom_header_template":"","ocean_custom_logo":0,"ocean_custom_retina_logo":0,"ocean_custom_logo_max_width":0,"ocean_custom_logo_tablet_max_width":0,"ocean_custom_logo_mobile_max_width":0,"ocean_custom_logo_max_height":0,"ocean_custom_logo_tablet_max_height":0,"ocean_custom_logo_mobile_max_height":0,"ocean_header_custom_menu":"","ocean_menu_typo_font_family":"","ocean_menu_typo_font_subset":"","ocean_menu_typo_font_size":0,"ocean_menu_typo_font_size_tablet":0,"ocean_menu_typo_font_size_mobile":0,"ocean_menu_typo_font_size_unit":"px","ocean_menu_typo_font_weight":"","ocean_menu_typo_font_weight_tablet":"","ocean_menu_typo_font_weight_mobile":"","ocean_menu_typo_transform":"","ocean_menu_typo_transform_tablet":"","ocean_menu_typo_transform_mobile":"","ocean_menu_typo_line_height":0,"ocean_menu_typo_line_height_tablet":0,"ocean_menu_typo_line_height_mobile":0,"ocean_menu_typo_line_height_unit":"","ocean_menu_typo_spacing":0,"ocean_menu_typo_spacing_tablet":0,"ocean_menu_typo_spacing_mobile":0,"ocean_menu_typo_spacing_unit":"","ocean_menu_link_color":"","ocean_menu_link_color_hover":"","ocean_menu_link_color_active":"","ocean_menu_link_background":"","ocean_menu_link_hover_background":"","ocean_menu_link_active_background":"","ocean_menu_social_links_bg":"","ocean_menu_social_hover_links_bg":"","ocean_menu_social_links_color":"","ocean_menu_social_hover_links_color":"","ocean_disable_title":"default","ocean_disable_heading":"default","ocean_post_title":"","ocean_post_subheading":"","ocean_post_title_style":"","ocean_post_title_background_color":"","ocean_post_title_background":0,"ocean_post_title_bg_image_position":"","ocean_post_title_bg_image_attachment":"","ocean_post_title_bg_image_repeat":"","ocean_post_title_bg_image_size":"","ocean_post_title_height":0,"ocean_post_title_bg_overlay":0.5,"ocean_post_title_bg_overlay_color":"","ocean_disable_breadcrumbs":"default","ocean_breadcrumbs_color":"","ocean_breadcrumbs_separator_color":"","ocean_breadcrumbs_links_color":"","ocean_breadcrumbs_links_hover_color":"","ocean_display_footer_widgets":"default","ocean_display_footer_bottom":"default","ocean_custom_footer_template":"","footnotes":"","_links_to":"","_links_to_target":""},"class_list":["post-1222","page","type-page","status-publish","hentry","entry"],"_links":{"self":[{"href":"https:\/\/sites.usp.br\/devfmrp\/wp-json\/wp\/v2\/pages\/1222","targetHints":{"allow":["GET"]}}],"collection":[{"href":"https:\/\/sites.usp.br\/devfmrp\/wp-json\/wp\/v2\/pages"}],"about":[{"href":"https:\/\/sites.usp.br\/devfmrp\/wp-json\/wp\/v2\/types\/page"}],"author":[{"embeddable":true,"href":"https:\/\/sites.usp.br\/devfmrp\/wp-json\/wp\/v2\/users\/635"}],"replies":[{"embeddable":true,"href":"https:\/\/sites.usp.br\/devfmrp\/wp-json\/wp\/v2\/comments?post=1222"}],"version-history":[{"count":0,"href":"https:\/\/sites.usp.br\/devfmrp\/wp-json\/wp\/v2\/pages\/1222\/revisions"}],"up":[{"embeddable":true,"href":"https:\/\/sites.usp.br\/devfmrp\/wp-json\/wp\/v2\/pages\/193"}],"wp:attachment":[{"href":"https:\/\/sites.usp.br\/devfmrp\/wp-json\/wp\/v2\/media?parent=1222"}],"curies":[{"name":"wp","href":"https:\/\/api.w.org\/{rel}","templated":true}]}}