{"id":1290,"date":"2018-03-27T16:42:06","date_gmt":"2018-03-27T19:42:06","guid":{"rendered":"http:\/\/sites.usp.br\/fmrpnew\/?page_id=1290"},"modified":"2021-01-22T10:04:49","modified_gmt":"2021-01-22T12:04:49","slug":"introducao","status":"publish","type":"page","link":"https:\/\/sites.usp.br\/devfmrp\/institucional\/marcos-historicos\/introducao\/","title":{"rendered":"Marcos Hist\u00f3ricos"},"content":{"rendered":"<div style=\"margin: auto; width: 80%;\"><img fetchpriority=\"high\" decoding=\"async\" class=\"wp-image-1257 aligncenter\" src=\"http:\/\/sites.usp.br\/fmrpnew\/wp-content\/uploads\/sites\/356\/2018\/02\/usp-80-anos-s.jpg\" alt=\"usp 80 anos\" width=\"720\" height=\"405\" \/><\/p>\n<table style=\"padding: 0; border: 0;\">\n<tbody>\n<tr>\n<td width=\"120px\"><a href=\"http:\/\/sites.usp.br\/fmrpnew\/wp-content\/uploads\/sites\/356\/2018\/02\/Zeferino-Vaz.jpg\"><br \/>\n<img decoding=\"async\" class=\"wp-image-2287 alignnone\" src=\"http:\/\/sites.usp.br\/fmrpnew\/wp-content\/uploads\/sites\/356\/2018\/02\/Zeferino-Vaz-426x720.jpg\" width=\"100%\" \/><\/a><\/td>\n<td>\n<blockquote>\n<p style=\"text-align: justify;\">Minha gente, vim criar uma Faculdade de Medicina. Mas n\u00e3o vim criar uma Faculdade de Medicina qualquer. Vou fazer daqui o melhor Centro de Educa\u00e7\u00e3o M\u00e9dica e de pesquisas cient\u00edficas, no campo da medicina, do Hemisf\u00e9rio Sul.<\/p>\n<\/blockquote>\n<p style=\"text-align: right;\"><strong>Zeferino Vaz<\/strong>, 1951<br \/>\nFundador da FMRP-USP<\/p>\n<\/td>\n<\/tr>\n<\/tbody>\n<\/table>\n<\/div>\n<h5 style=\"margin: auto; width: 80%;\">V\u00eddeo sobre os Marcos Hist\u00f3ricos<\/h5>\n<div style=\"margin: auto; width: 80%;\"><div class=\"su-youtube su-u-responsive-media-yes\"><iframe width=\"600\" height=\"400\" src=\"https:\/\/www.youtube.com\/embed\/imZXl7sZhbI?\" frameborder=\"0\" allowfullscreen allow=\"autoplay; encrypted-media; picture-in-picture\" title=\"\"><\/iframe><\/div><\/div>\n<p style=\"border-top: 1px solid gray; text-align: left;\">\u00bb <a href=\"http:\/\/sites.usp.br\/fmrpnew\/wp-content\/uploads\/sites\/356\/2018\/05\/Marcos_Historicos.pdf\">Vers\u00e3o completa em PDF<\/a><\/p>","protected":false},"excerpt":{"rendered":"<p>Minha gente, vim criar uma Faculdade de Medicina. Mas n\u00e3o vim criar uma Faculdade de Medicina qualquer. Vou fazer daqui [&hellip;]<\/p>\n","protected":false},"author":635,"featured_media":0,"parent":314,"menu_order":10,"comment_status":"closed","ping_status":"closed","template":"","meta":{"ocean_post_layout":"","ocean_both_sidebars_style":"","ocean_both_sidebars_content_width":0,"ocean_both_sidebars_sidebars_width":0,"ocean_sidebar":"0","ocean_second_sidebar":"0","ocean_disable_margins":"enable","ocean_add_body_class":"","ocean_shortcode_before_top_bar":"","ocean_shortcode_after_top_bar":"","ocean_shortcode_before_header":"","ocean_shortcode_after_header":"","ocean_has_shortcode":"","ocean_shortcode_after_title":"","ocean_shortcode_before_footer_widgets":"","ocean_shortcode_after_footer_widgets":"","ocean_shortcode_before_footer_bottom":"","ocean_shortcode_after_footer_bottom":"","ocean_display_top_bar":"default","ocean_display_header":"default","ocean_header_style":"","ocean_center_header_left_menu":"0","ocean_custom_header_template":"0","ocean_custom_logo":0,"ocean_custom_retina_logo":0,"ocean_custom_logo_max_width":0,"ocean_custom_logo_tablet_max_width":0,"ocean_custom_logo_mobile_max_width":0,"ocean_custom_logo_max_height":0,"ocean_custom_logo_tablet_max_height":0,"ocean_custom_logo_mobile_max_height":0,"ocean_header_custom_menu":"0","ocean_menu_typo_font_family":"0","ocean_menu_typo_font_subset":"","ocean_menu_typo_font_size":0,"ocean_menu_typo_font_size_tablet":0,"ocean_menu_typo_font_size_mobile":0,"ocean_menu_typo_font_size_unit":"px","ocean_menu_typo_font_weight":"","ocean_menu_typo_font_weight_tablet":"","ocean_menu_typo_font_weight_mobile":"","ocean_menu_typo_transform":"","ocean_menu_typo_transform_tablet":"","ocean_menu_typo_transform_mobile":"","ocean_menu_typo_line_height":0,"ocean_menu_typo_line_height_tablet":0,"ocean_menu_typo_line_height_mobile":0,"ocean_menu_typo_line_height_unit":"","ocean_menu_typo_spacing":0,"ocean_menu_typo_spacing_tablet":0,"ocean_menu_typo_spacing_mobile":0,"ocean_menu_typo_spacing_unit":"","ocean_menu_link_color":"","ocean_menu_link_color_hover":"","ocean_menu_link_color_active":"","ocean_menu_link_background":"","ocean_menu_link_hover_background":"","ocean_menu_link_active_background":"","ocean_menu_social_links_bg":"","ocean_menu_social_hover_links_bg":"","ocean_menu_social_links_color":"","ocean_menu_social_hover_links_color":"","ocean_disable_title":"default","ocean_disable_heading":"default","ocean_post_title":"","ocean_post_subheading":"","ocean_post_title_style":"","ocean_post_title_background_color":"","ocean_post_title_background":0,"ocean_post_title_bg_image_position":"","ocean_post_title_bg_image_attachment":"","ocean_post_title_bg_image_repeat":"","ocean_post_title_bg_image_size":"","ocean_post_title_height":0,"ocean_post_title_bg_overlay":0.5,"ocean_post_title_bg_overlay_color":"","ocean_disable_breadcrumbs":"default","ocean_breadcrumbs_color":"","ocean_breadcrumbs_separator_color":"","ocean_breadcrumbs_links_color":"","ocean_breadcrumbs_links_hover_color":"","ocean_display_footer_widgets":"default","ocean_display_footer_bottom":"default","ocean_custom_footer_template":"0","footnotes":"","_links_to":"","_links_to_target":""},"class_list":["post-1290","page","type-page","status-publish","hentry","entry"],"_links":{"self":[{"href":"https:\/\/sites.usp.br\/devfmrp\/wp-json\/wp\/v2\/pages\/1290","targetHints":{"allow":["GET"]}}],"collection":[{"href":"https:\/\/sites.usp.br\/devfmrp\/wp-json\/wp\/v2\/pages"}],"about":[{"href":"https:\/\/sites.usp.br\/devfmrp\/wp-json\/wp\/v2\/types\/page"}],"author":[{"embeddable":true,"href":"https:\/\/sites.usp.br\/devfmrp\/wp-json\/wp\/v2\/users\/635"}],"replies":[{"embeddable":true,"href":"https:\/\/sites.usp.br\/devfmrp\/wp-json\/wp\/v2\/comments?post=1290"}],"version-history":[{"count":1,"href":"https:\/\/sites.usp.br\/devfmrp\/wp-json\/wp\/v2\/pages\/1290\/revisions"}],"predecessor-version":[{"id":6161,"href":"https:\/\/sites.usp.br\/devfmrp\/wp-json\/wp\/v2\/pages\/1290\/revisions\/6161"}],"up":[{"embeddable":true,"href":"https:\/\/sites.usp.br\/devfmrp\/wp-json\/wp\/v2\/pages\/314"}],"wp:attachment":[{"href":"https:\/\/sites.usp.br\/devfmrp\/wp-json\/wp\/v2\/media?parent=1290"}],"curies":[{"name":"wp","href":"https:\/\/api.w.org\/{rel}","templated":true}]}}