{"id":1363,"date":"2018-03-27T17:36:53","date_gmt":"2018-03-27T20:36:53","guid":{"rendered":"http:\/\/sites.usp.br\/fmrpnew\/?page_id=1363"},"modified":"2018-03-27T17:36:53","modified_gmt":"2018-03-27T20:36:53","slug":"fisioterapia","status":"publish","type":"page","link":"https:\/\/sites.usp.br\/devfmrp\/institucional\/marcos-historicos\/fisioterapia\/","title":{"rendered":"Fisioterapia"},"content":{"rendered":"<p style=\"text-align: justify\"><strong>Curso de Fisioterapia<\/strong><\/p>\n<p style=\"text-align: justify\"><a href=\"http:\/\/sites.usp.br\/fmrpnew\/wp-content\/uploads\/sites\/356\/2018\/02\/Fisioterapia-predio.jpg\"><img fetchpriority=\"high\" decoding=\"async\" class=\"aligncenter wp-image-2454\" src=\"http:\/\/sites.usp.br\/fmrpnew\/wp-content\/uploads\/sites\/356\/2018\/02\/Fisioterapia-predio.jpg\" alt=\"\" width=\"400\" height=\"145\" \/><\/a><\/p>\n<p style=\"text-align: justify\">O Curso de Gradua\u00e7\u00e3o em Fisioterapia da FMRP-USP teve sua primeira turma de ingressantes constitu\u00edda em 2002. Inicialmente a Comiss\u00e3o de Gradua\u00e7\u00e3o criou uma subcomiss\u00e3o de trabalho que posteriormente se tornaria a Comiss\u00e3o Coordenadora do Curso-COC. Ao longo de 12 anos de exist\u00eancia, 5 gest\u00f5es contribu\u00edram para implementa\u00e7\u00e3o e aprimoramento do projeto pol\u00edtico pedag\u00f3gico e cumprimento do desafio de formar Fisioterapeutas generalistas em um Curso de Excel\u00eancia. A comemora\u00e7\u00e3o dos 10 anos do Curso de Fisioterapia da FMRP-USP ocorreu em 2012. As festividades iniciaram j\u00e1 na semana de recep\u00e7\u00e3o aos calouros, incluindo palestra sobre o hist\u00f3rico de cria\u00e7\u00e3o do Curso seguida de apresenta\u00e7\u00e3o do rec\u00e9m-inaugurado Pr\u00e9dio da Fisioterapia e Terapia e Ocupacional. Nos dias 04 e 05 de outubro de 2012 foi realizado em conjunto com o Curso de Terapia Ocupacional o \u201c1\u00ba Simp\u00f3sio de Fisioterapia, Terapia Ocupacional e Interdisciplinaridade\u201d que contou em sua abertura com palestra ministrada pela Pr\u00f3-reitora de Gradua\u00e7\u00e3o e com diversas personalidades que constru\u00edram a hist\u00f3ria do Curso de Fisioterapia da FMRPUSP incluindo o corpo docente, discente e de funcion\u00e1rios.<\/p>\n<p style=\"text-align: justify\"><a href=\"http:\/\/sites.usp.br\/fmrpnew\/wp-content\/uploads\/sites\/356\/2018\/02\/Fisioterapia.jpg\"><img decoding=\"async\" class=\"alignright wp-image-2244\" src=\"http:\/\/sites.usp.br\/fmrpnew\/wp-content\/uploads\/sites\/356\/2018\/02\/Fisioterapia-720x538.jpg\" alt=\"\" width=\"200\" height=\"149\" \/><\/a>A integra\u00e7\u00e3o multiprofissional vem sendo desenvolvida ao longo dos 12 anos de vida do curso favorecida pela conviv\u00eancia com outros 6 cursos de gradua\u00e7\u00e3o na \u00e1rea da Sa\u00fade em cen\u00e1rios de pr\u00e1tica diversificados. Formar fisioterapeutas generalistas \u00e9 uma meta que vem sendo cumprida e aprimorada no decorrer dos anos por meio dos est\u00e1gios realizados pelos estudantes em diferentes \u00e1reas da Fisioterapia dentro do Complexo HCFMRP. Este complexo proporciona a experi\u00eancia de est\u00e1gios em todos os n\u00edveis de aten\u00e7\u00e3o \u00e0 sa\u00fade, incluindo os n\u00facleos de sa\u00fade da fam\u00edlia (aten\u00e7\u00e3o b\u00e1sica), o Centro Integrado de Reabilita\u00e7\u00e3o do Hospital Estadual (CIR-HEFMRP) e Centro Sa\u00fade Escola-CSE (aten\u00e7\u00e3o secund\u00e1ria) e o Centro de Reabilita\u00e7\u00e3o do Hospital das Cl\u00ednicas (CER-HCFMRP), Unidade de Emerg\u00eancia (UE) e enfermarias do pr\u00f3prio HCFMRP (aten\u00e7\u00e3o terci\u00e1ria).<\/p>\n<p style=\"text-align: justify\">No dia 06 de novembro de 2011 foi aprovado o Programa de P\u00f3s-Gradua\u00e7\u00e3o em Reabilita\u00e7\u00e3o e Desempenho Funcional vinculado a \u00e1rea 21 da CAPES. Este programa representa a consolida\u00e7\u00e3o de linhas de pesquisa da Fisioterapia e atende uma importante demanda por forma\u00e7\u00e3o p\u00f3s-graduada espec\u00edfica da Fisioterapia, inclusive de egressos da FMRP. Sua cria\u00e7\u00e3o tem favorecido o incentivo hist\u00f3rico oferecido aos alunos de Gradua\u00e7\u00e3o para sistematiza\u00e7\u00e3o e amplia\u00e7\u00e3o do conhecimento, por meio da pesquisa, com integra\u00e7\u00e3o crescente entre projetos de pesquisa conjuntos de inicia\u00e7\u00e3o cient\u00edfica e p\u00f3s-gradua\u00e7\u00e3o. Destaca-se o elevado n\u00famero de bolsas de inicia\u00e7\u00e3o cient\u00edfica e p\u00f3s-gradua\u00e7\u00e3o de diferentes ag\u00eancias de fomento obtidas pelos estudantes dos Curso de Gradua\u00e7\u00e3o em Fisioterapia e de P\u00f3s-Gradua\u00e7\u00e3o em Reabilita\u00e7\u00e3o e Desempenho Funcional. No \u00e2mbito da gradua\u00e7\u00e3o deve-se tamb\u00e9m ressaltar o evento anual, j\u00e1 considerado hist\u00f3rico, onde os estudantes apresentam seus trabalhos de Conclus\u00e3o de Curso.<\/p>\n<p>&nbsp;","protected":false},"excerpt":{"rendered":"<p>Curso de Fisioterapia O Curso de Gradua\u00e7\u00e3o em Fisioterapia da FMRP-USP teve sua primeira turma de ingressantes constitu\u00edda em 2002. [&hellip;]<\/p>\n","protected":false},"author":635,"featured_media":0,"parent":314,"menu_order":200,"comment_status":"closed","ping_status":"closed","template":"","meta":{"ocean_post_layout":"","ocean_both_sidebars_style":"","ocean_both_sidebars_content_width":0,"ocean_both_sidebars_sidebars_width":0,"ocean_sidebar":"","ocean_second_sidebar":"","ocean_disable_margins":"enable","ocean_add_body_class":"","ocean_shortcode_before_top_bar":"","ocean_shortcode_after_top_bar":"","ocean_shortcode_before_header":"","ocean_shortcode_after_header":"","ocean_has_shortcode":"","ocean_shortcode_after_title":"","ocean_shortcode_before_footer_widgets":"","ocean_shortcode_after_footer_widgets":"","ocean_shortcode_before_footer_bottom":"","ocean_shortcode_after_footer_bottom":"","ocean_display_top_bar":"default","ocean_display_header":"default","ocean_header_style":"","ocean_center_header_left_menu":"","ocean_custom_header_template":"","ocean_custom_logo":0,"ocean_custom_retina_logo":0,"ocean_custom_logo_max_width":0,"ocean_custom_logo_tablet_max_width":0,"ocean_custom_logo_mobile_max_width":0,"ocean_custom_logo_max_height":0,"ocean_custom_logo_tablet_max_height":0,"ocean_custom_logo_mobile_max_height":0,"ocean_header_custom_menu":"","ocean_menu_typo_font_family":"","ocean_menu_typo_font_subset":"","ocean_menu_typo_font_size":0,"ocean_menu_typo_font_size_tablet":0,"ocean_menu_typo_font_size_mobile":0,"ocean_menu_typo_font_size_unit":"px","ocean_menu_typo_font_weight":"","ocean_menu_typo_font_weight_tablet":"","ocean_menu_typo_font_weight_mobile":"","ocean_menu_typo_transform":"","ocean_menu_typo_transform_tablet":"","ocean_menu_typo_transform_mobile":"","ocean_menu_typo_line_height":0,"ocean_menu_typo_line_height_tablet":0,"ocean_menu_typo_line_height_mobile":0,"ocean_menu_typo_line_height_unit":"","ocean_menu_typo_spacing":0,"ocean_menu_typo_spacing_tablet":0,"ocean_menu_typo_spacing_mobile":0,"ocean_menu_typo_spacing_unit":"","ocean_menu_link_color":"","ocean_menu_link_color_hover":"","ocean_menu_link_color_active":"","ocean_menu_link_background":"","ocean_menu_link_hover_background":"","ocean_menu_link_active_background":"","ocean_menu_social_links_bg":"","ocean_menu_social_hover_links_bg":"","ocean_menu_social_links_color":"","ocean_menu_social_hover_links_color":"","ocean_disable_title":"default","ocean_disable_heading":"default","ocean_post_title":"","ocean_post_subheading":"","ocean_post_title_style":"","ocean_post_title_background_color":"","ocean_post_title_background":0,"ocean_post_title_bg_image_position":"","ocean_post_title_bg_image_attachment":"","ocean_post_title_bg_image_repeat":"","ocean_post_title_bg_image_size":"","ocean_post_title_height":0,"ocean_post_title_bg_overlay":0.5,"ocean_post_title_bg_overlay_color":"","ocean_disable_breadcrumbs":"default","ocean_breadcrumbs_color":"","ocean_breadcrumbs_separator_color":"","ocean_breadcrumbs_links_color":"","ocean_breadcrumbs_links_hover_color":"","ocean_display_footer_widgets":"default","ocean_display_footer_bottom":"default","ocean_custom_footer_template":"","footnotes":"","_links_to":"","_links_to_target":""},"class_list":["post-1363","page","type-page","status-publish","hentry","entry"],"_links":{"self":[{"href":"https:\/\/sites.usp.br\/devfmrp\/wp-json\/wp\/v2\/pages\/1363","targetHints":{"allow":["GET"]}}],"collection":[{"href":"https:\/\/sites.usp.br\/devfmrp\/wp-json\/wp\/v2\/pages"}],"about":[{"href":"https:\/\/sites.usp.br\/devfmrp\/wp-json\/wp\/v2\/types\/page"}],"author":[{"embeddable":true,"href":"https:\/\/sites.usp.br\/devfmrp\/wp-json\/wp\/v2\/users\/635"}],"replies":[{"embeddable":true,"href":"https:\/\/sites.usp.br\/devfmrp\/wp-json\/wp\/v2\/comments?post=1363"}],"version-history":[{"count":0,"href":"https:\/\/sites.usp.br\/devfmrp\/wp-json\/wp\/v2\/pages\/1363\/revisions"}],"up":[{"embeddable":true,"href":"https:\/\/sites.usp.br\/devfmrp\/wp-json\/wp\/v2\/pages\/314"}],"wp:attachment":[{"href":"https:\/\/sites.usp.br\/devfmrp\/wp-json\/wp\/v2\/media?parent=1363"}],"curies":[{"name":"wp","href":"https:\/\/api.w.org\/{rel}","templated":true}]}}