{"id":1556,"date":"2018-04-04T15:47:33","date_gmt":"2018-04-04T18:47:33","guid":{"rendered":"http:\/\/sites.usp.br\/fmrpnew\/?page_id=1556"},"modified":"2018-04-04T15:47:33","modified_gmt":"2018-04-04T18:47:33","slug":"cta","status":"publish","type":"page","link":"https:\/\/sites.usp.br\/devfmrp\/institucional\/colegiados-e-comissoes\/cta\/","title":{"rendered":"Conselho T\u00e9cnico Administrativo &#8211; CTA"},"content":{"rendered":"<p style=\"text-align: justify\">O Conselho T\u00e9cnico Administrativo (CTA) tem fun\u00e7\u00f5es decis\u00f3rias de car\u00e1ter administrativo, que est\u00e3o disciplinadas nos Regimentos Gerais da USP e da Faculdade de Medicina de Ribeir\u00e3o Preto. \u00c9 composto pelo Diretor, Vice-diretor, Chefes de Departamento, um representante discente e um representante dos servidores.<\/p>\n<p style=\"text-align: justify\"><a title=\"Menbros da Congrega\u00e7\u00e3o - Sistema Nereu\" href=\"https:\/\/uspdigital.usp.br\/nereu\/mandatoImprimir?codclg=17&amp;sglclg=CTA&amp;print=S\" target=\"_blank\" rel=\"noopener noreferrer\">Composi\u00e7\u00e3o\u00a0dos Membros<\/a><\/p>\n<p style=\"text-align: justify\"><a href=\"http:\/\/www.fmrp.usp.br\/institucional\/colegiados-e-comissoes\/cta\/atas-cta\/\">Atas\u00a0das Reuni\u00f5es do CTA<\/a><\/p>\n<h5 style=\"text-align: justify\"><a href=\"https:\/\/www.fmrp.usp.br\/arquivos\/4098\">Calend\u00e1rio de Reuni\u00f5es do CTA<\/a><\/h5>\n<p>Observa-se que as reuni\u00f5es do\u00a0<strong>CTA\u00a0<\/strong>s\u00e3o sempre realizadas \u00e0s\u00a0<strong>10 hs<\/strong>\u00a0e as da\u00a0<strong>Congrega\u00e7\u00e3o<\/strong>\u00a0s\u00e3o sempre \u00e0s\u00a0<strong>14 hs<\/strong>, ambas \u00e0s\u00a0<strong>ter\u00e7as-feiras<\/strong>.<\/p>\n<p style=\"text-align: justify\">Cabe ressaltar ainda que, de acordo com o habitual, as reuni\u00f5es do\u00a0<strong>Conselho Universit\u00e1rio<\/strong>\u00a0tamb\u00e9m s\u00e3o realizadas \u00e0s ter\u00e7as-feiras. Assim, em havendo conflitos de datas, as reuni\u00f5es citadas acima, ser\u00e3o transferidas e comunicadas com a devida anteced\u00eancia.<\/p>","protected":false},"excerpt":{"rendered":"<p>O Conselho T\u00e9cnico Administrativo (CTA) tem fun\u00e7\u00f5es decis\u00f3rias de car\u00e1ter administrativo, que est\u00e3o disciplinadas nos Regimentos Gerais da USP e [&hellip;]<\/p>\n","protected":false},"author":635,"featured_media":0,"parent":313,"menu_order":20,"comment_status":"closed","ping_status":"closed","template":"","meta":{"ocean_post_layout":"","ocean_both_sidebars_style":"","ocean_both_sidebars_content_width":0,"ocean_both_sidebars_sidebars_width":0,"ocean_sidebar":"","ocean_second_sidebar":"","ocean_disable_margins":"enable","ocean_add_body_class":"","ocean_shortcode_before_top_bar":"","ocean_shortcode_after_top_bar":"","ocean_shortcode_before_header":"","ocean_shortcode_after_header":"","ocean_has_shortcode":"","ocean_shortcode_after_title":"","ocean_shortcode_before_footer_widgets":"","ocean_shortcode_after_footer_widgets":"","ocean_shortcode_before_footer_bottom":"","ocean_shortcode_after_footer_bottom":"","ocean_display_top_bar":"default","ocean_display_header":"default","ocean_header_style":"","ocean_center_header_left_menu":"","ocean_custom_header_template":"","ocean_custom_logo":0,"ocean_custom_retina_logo":0,"ocean_custom_logo_max_width":0,"ocean_custom_logo_tablet_max_width":0,"ocean_custom_logo_mobile_max_width":0,"ocean_custom_logo_max_height":0,"ocean_custom_logo_tablet_max_height":0,"ocean_custom_logo_mobile_max_height":0,"ocean_header_custom_menu":"","ocean_menu_typo_font_family":"","ocean_menu_typo_font_subset":"","ocean_menu_typo_font_size":0,"ocean_menu_typo_font_size_tablet":0,"ocean_menu_typo_font_size_mobile":0,"ocean_menu_typo_font_size_unit":"px","ocean_menu_typo_font_weight":"","ocean_menu_typo_font_weight_tablet":"","ocean_menu_typo_font_weight_mobile":"","ocean_menu_typo_transform":"","ocean_menu_typo_transform_tablet":"","ocean_menu_typo_transform_mobile":"","ocean_menu_typo_line_height":0,"ocean_menu_typo_line_height_tablet":0,"ocean_menu_typo_line_height_mobile":0,"ocean_menu_typo_line_height_unit":"","ocean_menu_typo_spacing":0,"ocean_menu_typo_spacing_tablet":0,"ocean_menu_typo_spacing_mobile":0,"ocean_menu_typo_spacing_unit":"","ocean_menu_link_color":"","ocean_menu_link_color_hover":"","ocean_menu_link_color_active":"","ocean_menu_link_background":"","ocean_menu_link_hover_background":"","ocean_menu_link_active_background":"","ocean_menu_social_links_bg":"","ocean_menu_social_hover_links_bg":"","ocean_menu_social_links_color":"","ocean_menu_social_hover_links_color":"","ocean_disable_title":"default","ocean_disable_heading":"default","ocean_post_title":"","ocean_post_subheading":"","ocean_post_title_style":"","ocean_post_title_background_color":"","ocean_post_title_background":0,"ocean_post_title_bg_image_position":"","ocean_post_title_bg_image_attachment":"","ocean_post_title_bg_image_repeat":"","ocean_post_title_bg_image_size":"","ocean_post_title_height":0,"ocean_post_title_bg_overlay":0.5,"ocean_post_title_bg_overlay_color":"","ocean_disable_breadcrumbs":"default","ocean_breadcrumbs_color":"","ocean_breadcrumbs_separator_color":"","ocean_breadcrumbs_links_color":"","ocean_breadcrumbs_links_hover_color":"","ocean_display_footer_widgets":"default","ocean_display_footer_bottom":"default","ocean_custom_footer_template":"","footnotes":"","_links_to":"","_links_to_target":""},"class_list":["post-1556","page","type-page","status-publish","hentry","entry"],"_links":{"self":[{"href":"https:\/\/sites.usp.br\/devfmrp\/wp-json\/wp\/v2\/pages\/1556","targetHints":{"allow":["GET"]}}],"collection":[{"href":"https:\/\/sites.usp.br\/devfmrp\/wp-json\/wp\/v2\/pages"}],"about":[{"href":"https:\/\/sites.usp.br\/devfmrp\/wp-json\/wp\/v2\/types\/page"}],"author":[{"embeddable":true,"href":"https:\/\/sites.usp.br\/devfmrp\/wp-json\/wp\/v2\/users\/635"}],"replies":[{"embeddable":true,"href":"https:\/\/sites.usp.br\/devfmrp\/wp-json\/wp\/v2\/comments?post=1556"}],"version-history":[{"count":0,"href":"https:\/\/sites.usp.br\/devfmrp\/wp-json\/wp\/v2\/pages\/1556\/revisions"}],"up":[{"embeddable":true,"href":"https:\/\/sites.usp.br\/devfmrp\/wp-json\/wp\/v2\/pages\/313"}],"wp:attachment":[{"href":"https:\/\/sites.usp.br\/devfmrp\/wp-json\/wp\/v2\/media?parent=1556"}],"curies":[{"name":"wp","href":"https:\/\/api.w.org\/{rel}","templated":true}]}}