{"id":303,"date":"2018-02-26T16:51:53","date_gmt":"2018-02-26T19:51:53","guid":{"rendered":"http:\/\/sites.usp.br\/fmrpnew\/?page_id=303"},"modified":"2021-05-07T10:50:59","modified_gmt":"2021-05-07T12:50:59","slug":"departamentos","status":"publish","type":"page","link":"https:\/\/sites.usp.br\/devfmrp\/departamentos\/","title":{"rendered":"Departamentos"},"content":{"rendered":"\t\t<div data-elementor-type=\"wp-page\" data-elementor-id=\"303\" class=\"elementor elementor-303\" data-elementor-post-type=\"page\">\n\t\t\t\t\t\t<section class=\"elementor-section elementor-top-section elementor-element elementor-element-9f68b elementor-section-boxed elementor-section-height-default elementor-section-height-default\" data-id=\"9f68b\" data-element_type=\"section\">\n\t\t\t\t\t\t<div class=\"elementor-container elementor-column-gap-default\">\n\t\t\t\t\t<div class=\"elementor-column elementor-col-100 elementor-top-column elementor-element elementor-element-27054073\" data-id=\"27054073\" data-element_type=\"column\">\n\t\t\t<div class=\"elementor-widget-wrap elementor-element-populated\">\n\t\t\t\t\t\t<div class=\"elementor-element elementor-element-78555377 elementor-widget elementor-widget-text-editor\" data-id=\"78555377\" data-element_type=\"widget\" data-widget_type=\"text-editor.default\">\n\t\t\t\t<div class=\"elementor-widget-container\">\n\t\t\t\t\t\t\t<p><\/p><ul style=\"list-style-type: square;\"><li><a title=\"rbi\" href=\"http:\/\/rbi.fmrp.usp.br\/\" target=\"_blank\" rel=\"noopener noreferrer\">Bioqu\u00edmica e Imunologia<\/a><\/li><li><a title=\"rbp\" href=\"http:\/\/rbp.fmrp.usp.br\/\" target=\"_blank\" rel=\"noopener noreferrer\">Biologia Celular e Molecular e Bioagentes Patog\u00eanicos<\/a><\/li><li><a href=\"http:\/\/rcs.fmrp.usp.br\/\" target=\"_blank\" rel=\"noopener\">Ci\u00eancias da Sa\u00fade<\/a><\/li><li><a title=\"rca\" href=\"http:\/\/rca.fmrp.usp.br\/\" target=\"_blank\" rel=\"noopener noreferrer\">Cirurgia e Anatomia<\/a><\/li><li><a title=\"rcm\" href=\"http:\/\/rcm.fmrp.usp.br\/\" target=\"_blank\" rel=\"noopener noreferrer\">Cl\u00ednica M\u00e9dica<\/a><\/li><li><a title=\"rfa\" href=\"http:\/\/rfa.fmrp.usp.br\/\" target=\"_blank\" rel=\"noopener noreferrer\">Farmacologia<\/a><\/li><li><a title=\"rfi\" href=\"http:\/\/rfi.fmrp.usp.br\/\" target=\"_blank\" rel=\"noopener noreferrer\">Fisiologia<\/a><\/li><li><a title=\"rge\" href=\"http:\/\/rge.fmrp.usp.br\/\" target=\"_blank\" rel=\"noopener noreferrer\">Gen\u00e9tica<\/a><\/li><li><a title=\"rgo\" href=\"http:\/\/rgo.fmrp.usp.br\/\" target=\"_blank\" rel=\"noopener noreferrer\">Ginecologia e Obstetr\u00edcia<\/a><\/li><li><a title=\"dio\" href=\"https:\/\/rio.fmrp.usp.br\/\" target=\"_blank\" rel=\"noopener noreferrer\">Imagens M\u00e9dicas, Hematologia e Oncologia Cl\u00ednica<\/a><\/li><li><a title=\"rms\" href=\"http:\/\/rms.fmrp.usp.br\/\" target=\"_blank\" rel=\"noopener noreferrer\">Medicina Social<\/a><\/li><li><a title=\"rnc\" href=\"http:\/\/rnc.fmrp.usp.br\/\" target=\"_blank\" rel=\"noopener noreferrer\">Neuroci\u00eancias e Ci\u00eancias do Comportamento<\/a><\/li><li><a title=\"roo\" href=\"http:\/\/roo.fmrp.usp.br\/\" target=\"_blank\" rel=\"noopener noreferrer\">Oftalmologia, Otorrinolaringologia e Cirurgia da Cabe\u00e7a e Pesco\u00e7o<\/a><\/li><li><a href=\"http:\/\/roa.fmrp.usp.br\" target=\"_blank\" rel=\"noopener noreferrer\">Ortopedia e Anestesiologia<\/a> *<\/li><li><a title=\"rpm\" href=\"http:\/\/www.rpm.fmrp.usp.br\/\" target=\"_blank\" rel=\"noopener noreferrer\">Patologia e Medicina Legal<\/a><\/li><li><a title=\"rpp\" href=\"http:\/\/rpp.fmrp.usp.br\/\" target=\"_blank\" rel=\"noopener noreferrer\">Puericultura e Pediatria<\/a><\/li><\/ul><p style=\"padding-left: 40px;\"><span style=\"font-size: 10pt;\">* antigo Depto de Biomec\u00e2nica<\/span><\/p><p><\/p>\t\t\t\t\t\t<\/div>\n\t\t\t\t<\/div>\n\t\t\t\t\t<\/div>\n\t\t<\/div>\n\t\t\t\t\t<\/div>\n\t\t<\/section>\n\t\t\t\t<\/div>\n\t\t","protected":false},"excerpt":{"rendered":"<p>Bioqu\u00edmica e Imunologia Biologia Celular e Molecular e Bioagentes Patog\u00eanicos Ci\u00eancias da Sa\u00fade Cirurgia e Anatomia Cl\u00ednica M\u00e9dica Farmacologia Fisiologia [&hellip;]<\/p>\n","protected":false},"author":635,"featured_media":0,"parent":0,"menu_order":0,"comment_status":"closed","ping_status":"closed","template":"","meta":{"ocean_post_layout":"","ocean_both_sidebars_style":"","ocean_both_sidebars_content_width":0,"ocean_both_sidebars_sidebars_width":0,"ocean_sidebar":"0","ocean_second_sidebar":"0","ocean_disable_margins":"enable","ocean_add_body_class":"","ocean_shortcode_before_top_bar":"","ocean_shortcode_after_top_bar":"","ocean_shortcode_before_header":"","ocean_shortcode_after_header":"","ocean_has_shortcode":"","ocean_shortcode_after_title":"","ocean_shortcode_before_footer_widgets":"","ocean_shortcode_after_footer_widgets":"","ocean_shortcode_before_footer_bottom":"","ocean_shortcode_after_footer_bottom":"","ocean_display_top_bar":"default","ocean_display_header":"default","ocean_header_style":"","ocean_center_header_left_menu":"0","ocean_custom_header_template":"0","ocean_custom_logo":0,"ocean_custom_retina_logo":0,"ocean_custom_logo_max_width":0,"ocean_custom_logo_tablet_max_width":0,"ocean_custom_logo_mobile_max_width":0,"ocean_custom_logo_max_height":0,"ocean_custom_logo_tablet_max_height":0,"ocean_custom_logo_mobile_max_height":0,"ocean_header_custom_menu":"0","ocean_menu_typo_font_family":"0","ocean_menu_typo_font_subset":"","ocean_menu_typo_font_size":0,"ocean_menu_typo_font_size_tablet":0,"ocean_menu_typo_font_size_mobile":0,"ocean_menu_typo_font_size_unit":"px","ocean_menu_typo_font_weight":"","ocean_menu_typo_font_weight_tablet":"","ocean_menu_typo_font_weight_mobile":"","ocean_menu_typo_transform":"","ocean_menu_typo_transform_tablet":"","ocean_menu_typo_transform_mobile":"","ocean_menu_typo_line_height":0,"ocean_menu_typo_line_height_tablet":0,"ocean_menu_typo_line_height_mobile":0,"ocean_menu_typo_line_height_unit":"","ocean_menu_typo_spacing":0,"ocean_menu_typo_spacing_tablet":0,"ocean_menu_typo_spacing_mobile":0,"ocean_menu_typo_spacing_unit":"","ocean_menu_link_color":"","ocean_menu_link_color_hover":"","ocean_menu_link_color_active":"","ocean_menu_link_background":"","ocean_menu_link_hover_background":"","ocean_menu_link_active_background":"","ocean_menu_social_links_bg":"","ocean_menu_social_hover_links_bg":"","ocean_menu_social_links_color":"","ocean_menu_social_hover_links_color":"","ocean_disable_title":"default","ocean_disable_heading":"default","ocean_post_title":"","ocean_post_subheading":"","ocean_post_title_style":"","ocean_post_title_background_color":"","ocean_post_title_background":0,"ocean_post_title_bg_image_position":"","ocean_post_title_bg_image_attachment":"","ocean_post_title_bg_image_repeat":"","ocean_post_title_bg_image_size":"","ocean_post_title_height":0,"ocean_post_title_bg_overlay":0.5,"ocean_post_title_bg_overlay_color":"","ocean_disable_breadcrumbs":"default","ocean_breadcrumbs_color":"","ocean_breadcrumbs_separator_color":"","ocean_breadcrumbs_links_color":"","ocean_breadcrumbs_links_hover_color":"","ocean_display_footer_widgets":"default","ocean_display_footer_bottom":"default","ocean_custom_footer_template":"0","footnotes":"","_links_to":"","_links_to_target":""},"class_list":["post-303","page","type-page","status-publish","hentry","entry"],"_links":{"self":[{"href":"https:\/\/sites.usp.br\/devfmrp\/wp-json\/wp\/v2\/pages\/303","targetHints":{"allow":["GET"]}}],"collection":[{"href":"https:\/\/sites.usp.br\/devfmrp\/wp-json\/wp\/v2\/pages"}],"about":[{"href":"https:\/\/sites.usp.br\/devfmrp\/wp-json\/wp\/v2\/types\/page"}],"author":[{"embeddable":true,"href":"https:\/\/sites.usp.br\/devfmrp\/wp-json\/wp\/v2\/users\/635"}],"replies":[{"embeddable":true,"href":"https:\/\/sites.usp.br\/devfmrp\/wp-json\/wp\/v2\/comments?post=303"}],"version-history":[{"count":2,"href":"https:\/\/sites.usp.br\/devfmrp\/wp-json\/wp\/v2\/pages\/303\/revisions"}],"predecessor-version":[{"id":6867,"href":"https:\/\/sites.usp.br\/devfmrp\/wp-json\/wp\/v2\/pages\/303\/revisions\/6867"}],"wp:attachment":[{"href":"https:\/\/sites.usp.br\/devfmrp\/wp-json\/wp\/v2\/media?parent=303"}],"curies":[{"name":"wp","href":"https:\/\/api.w.org\/{rel}","templated":true}]}}