{"id":309,"date":"2018-02-26T16:51:54","date_gmt":"2018-02-26T19:51:54","guid":{"rendered":"http:\/\/sites.usp.br\/fmrpnew\/?page_id=309"},"modified":"2018-02-26T16:51:54","modified_gmt":"2018-02-26T19:51:54","slug":"historia","status":"publish","type":"page","link":"https:\/\/sites.usp.br\/devfmrp\/institucional\/historia\/","title":{"rendered":"Hist\u00f3ria"},"content":{"rendered":"<p style=\"text-align: justify\"><a href=\"http:\/\/sites.usp.br\/fmrpnew\/wp-content\/uploads\/sites\/356\/2018\/02\/predio-central.png\"><img fetchpriority=\"high\" decoding=\"async\" class=\"size-full wp-image-620 aligncenter\" src=\"http:\/\/sites.usp.br\/fmrpnew\/wp-content\/uploads\/sites\/356\/2018\/02\/predio-central.png\" alt=\"predio central\" width=\"964\" height=\"183\" \/><\/a><\/p>\n<div class=\"rt-headline\" style=\"text-align: justify\">\n<p class=\"rt-article-title\">As mudan\u00e7as sociais e a redemocratiza\u00e7\u00e3o, que ocorreram no Brasil na d\u00e9cada de 1940, aliadas ao al\u00edvio e \u00e0 euforia que marcaram o final da Segunda Guerra Mundial, determinaram que a sociedade civil se organizasse para conseguir melhor qualidade de vida. Isto inclu\u00eda o acesso \u00e0 Cultura e \u00e0 Educa\u00e7\u00e3o. Algumas cidades do interior pleiteavam, tamb\u00e9m, a interioriza\u00e7\u00e3o do Ensino Superior, com os consequentes acesso de seus jovens habitantes ao exerc\u00edcio de profiss\u00f5es liberais e melhora da economia local, o que impulsionaria o progresso (<a href=\"#ref 1\">1<\/a>).<\/p>\n<\/div>\n<div class=\"rt-article-content\">\n<p dir=\"ltr\" style=\"text-align: justify\">Em Ribeir\u00e3o Preto, o movimento pr\u00f3 Faculdade de Medicina foi intenso, com a participa\u00e7\u00e3o de v\u00e1rios segmentos da sociedade e do Centro M\u00e9dico. O Dr. <strong>Paulo Gomes Romeo<\/strong> foi um dos l\u00edderes e, posteriormente, enquanto Presidente do Centro M\u00e9dico, teve papel importante na instala\u00e7\u00e3o da FMRP. (<a href=\"#ref 2\">2<\/a>,\u00a0<a href=\"#ref 3\">3<\/a>,\u00a0<a href=\"#ref 4\">4<\/a>).<\/p>\n<p>Na Assembl\u00e9ia Legislativa do Estado de S\u00e3o Paulo, no ano de 1947, a partir da apresenta\u00e7\u00e3o de projeto do Deputado Miguel Petrilli, que pleiteava a cria\u00e7\u00e3o de Universidade em S\u00e3o Carlos, discutia-se a interioriza\u00e7\u00e3o do Ensino Superior. Ent\u00e3o, o Deputado\u00a0<strong>Luiz Augusto Gomes de Matos<\/strong> incluiu o Projeto de Lei que resultou na cria\u00e7\u00e3o da Faculdade de Medicina de Ribeir\u00e3o Preto (<a href=\"#ref 5\">5<\/a>).<\/p>\n<p dir=\"ltr\" style=\"text-align: justify\">O Governo do Estado de S\u00e3o Paulo apoiava a ideia da interioriza\u00e7\u00e3o do ensino superior, mas n\u00e3o havia unanimidade na Universidade de S\u00e3o Paulo (USP), em rela\u00e7\u00e3o \u00e0 Medicina. Apesar de existir na Faculdade de Medicina grande n\u00famero de Livre-docentes capacitados a atuarem na nova Escola M\u00e9dica, a amplia\u00e7\u00e3o poderia ocasionar perda da qualidade do ensino. \u00a0Mas os dirigentes eram favor\u00e1veis e,\u00a0em 1951, foi solicitado \u00e0 \u201cComiss\u00e3o de Ensino e Regimentos\u201d, coordenada pelo Prof. Dr.\u00a0<strong>Zeferino Vaz<\/strong>, que estudasse \u00a0a possibilidade de implanta\u00e7\u00e3o da nova Escola, organizasse o curr\u00edculo e planejasse a sua instala\u00e7\u00e3o\u00a0(<a href=\"#ref 1\">1<\/a>,\u00a0<a href=\"#ref 3\">3<\/a>,\u00a0<a href=\"#ref 4\">4<\/a>). A aprova\u00e7\u00e3o final da estrutura curricular, pelo Conselho Universit\u00e1rio, ocorreu em setembro de 1951. Tr\u00eas meses depois o funcionamento da FMRP foi autorizado, pela lei Estadual 146, de 26 de dezembro de 1951. O Prof. Vaz foi indicado para ser o primeiro Diretor da FMRP.<\/p>\n<p dir=\"ltr\" style=\"text-align: justify\">Al\u00e9m das caracter\u00edsticas pessoais de Zeferino Vaz \u2013 que era um homem empreendedor, vision\u00e1rio, sens\u00edvel \u00e0s necessidades da sociedade, (que come\u00e7ava a delinear o tipo de servi\u00e7o de sa\u00fade que gostaria de receber) e estava determinado a criar uma Escola M\u00e9dica de destaque \u2013 diversos fatores influenciaram a escolha do modelo did\u00e1tico-pedag\u00f3gico e do Corpo Docente da FMRP:<\/p>\n<p dir=\"ltr\" style=\"text-align: justify\">&#8211; O modelo americano da \u00e9poca (Flexeneriano), que garantiria \u00e0 FMRP caracter\u00edsticas inovadoras, enfatizava a pesquisa, a tecnologia e a superespecializa\u00e7\u00e3o, assim como a separa\u00e7\u00e3o do ensino b\u00e1sico do cl\u00ednico e o tempo integral (<a href=\"#ref 1\">1<\/a>);<\/p>\n<p dir=\"ltr\" style=\"text-align: justify\">&#8211; A Funda\u00e7\u00e3o Rockfeller, que seria a principal fonte de financiamento da nova Institui\u00e7\u00e3o recomendava, fortemente, que esse modelo fosse contemplado (<a href=\"#ref 2\">2<\/a>);<\/p>\n<p dir=\"ltr\" style=\"text-align: justify\">&#8211; A Resid\u00eancia M\u00e9dica, no Brasil, estava sendo considerada e iniciavam-se discuss\u00f5es sobre o Curso de P\u00f3s-gradua\u00e7\u00e3o \u201c<em>stricto sensu<\/em>\u201d (<a href=\"#ref 1\">1<\/a>).<\/p>\n<p dir=\"ltr\" style=\"text-align: justify\">Por outro lado:<\/p>\n<p dir=\"ltr\" style=\"text-align: justify\">&#8211; \u201cmudan\u00e7as de legisla\u00e7\u00f5es (j\u00e1 existiam no Brasil os primeiros Institutos de Previd\u00eancia); mudan\u00e7as econ\u00f4micas, e sociais, com a conseq\u00fcente modifica\u00e7\u00e3o do sistema de sa\u00fade e valoriza\u00e7\u00e3o da preven\u00e7\u00e3o\u201d (<a href=\"#ref 1\">1<\/a>) ocorriam no Brasil, na Am\u00e9rica Latina e em outras regi\u00f5es do mundo, e isso foi contemplado com a proposta da inclus\u00e3o no projeto da FMRP de um Centro de Sa\u00fade-Escola.<\/p>\n<p dir=\"ltr\" style=\"text-align: justify\">Al\u00e9m disso:<\/p>\n<p dir=\"ltr\" style=\"text-align: justify\">&#8211; \u00a0a import\u00e2ncia da Medicina Preventiva, a fus\u00e3o de c\u00e1tedras em Departamentos, a limita\u00e7\u00e3o do n\u00famero de vagas e rigorosa sele\u00e7\u00e3o dos alunos constavam nas \u00a0proposi\u00e7\u00f5es do Congresso Pan-Americano de Educa\u00e7\u00e3o M\u00e9dica de 1951 (<a href=\"#ref 2\">2<\/a>). Esta entidade, recomendava tamb\u00e9m, \u201co tempo integral para as disciplinas b\u00e1sicas e cl\u00ednicas, cria\u00e7\u00e3o de uma Escola de Enfermagem e a cria\u00e7\u00e3o de um Hospital Escola\u201d, \u00a0o que estava de acordo com o \u201cmodelo americano\u201d e com \u00a0as exig\u00eancias da Funda\u00e7\u00e3o Rockfeller (<a href=\"#ref 2\">2<\/a>).<\/p>\n<p dir=\"ltr\" style=\"text-align: justify\">O corpo docente inicial da FMRP foi composto por renomados professores europeus, sul americanos e brasileiros (<a href=\"#ref 1\">1<\/a>,\u00a0<a href=\"#ref 2\">2<\/a>). E vale destacar que constavam no curr\u00edculo inicial da FMRP disciplinas que n\u00e3o existiam em outras Escolas M\u00e9dicas brasileiras da \u00e9poca, com a Psicologia M\u00e9dica.<\/p>\n<p dir=\"ltr\" style=\"text-align: justify\">Na fase de instala\u00e7\u00e3o e nos primeiros anos a sede e alguns laborat\u00f3rios da FMRP funcionaram em uma casa situada na Rua Visconde de Inha\u00fama, 757, Centro, e aulas foram ministradas no pr\u00e9dio da Faculdade de Farm\u00e1cia e Odontologia. A Santa Casa de Miseric\u00f3rdia de Ribeir\u00e3o Preto propiciou o treinamento cl\u00ednico e cir\u00fargico.<\/p>\n<p dir=\"ltr\" style=\"text-align: justify\">Ainda nos anos 1950 ocorreram a mudan\u00e7a da FMRP para a sede da antiga Escola Agr\u00edcola, a disponibiliza\u00e7\u00e3o de moradias para docentes e funcion\u00e1rios (nos arredores do Pr\u00e9dio Central), e a cria\u00e7\u00e3o e a implanta\u00e7\u00e3o do Hospital das Cl\u00ednicas. Com a finaliza\u00e7\u00e3o da constru\u00e7\u00e3o de novo pr\u00e9dio, em 1978 e 1979 o HC mudou para o Campus. Na antiga sede foi instalada a Unidade de Emerg\u00eancia.<\/p>\n<p dir=\"ltr\" style=\"text-align: justify\">Em 02 de abril de 1963, sob a Presid\u00eancia do Vice-Diretor, Prof. Dr. <strong>Mauro Pereira Barreto<\/strong>, foi instalada a Congrega\u00e7\u00e3o da FMRP\u00a0(<a href=\"http:\/\/sites.usp.br\/fmrpnew\/calendario-de-reunioes\/colegiados-e-comissoes\/congregacao\/\">ata hist\u00f3rica<\/a>). Nos primeiros anos, quando necess\u00e1rio quorum espec\u00edfico, este era completado com docentes d\u00e3o Faculdade de Farm\u00e1cia e Odontologia.<\/p>\n<p dir=\"ltr\" style=\"text-align: justify\">Zeferino Vaz permaneceu na FMRP por 12 anos. Em \u00a020 de mar\u00e7o de 1964, a Congrega\u00e7\u00e3o da FMRP despediu-se de seu criador \u00a0realizando \u00a0Sess\u00e3o Solene para conceder-lhe o T\u00edtulo de \u201cProfessor Honoris Causa\u201d, com a presen\u00e7a do Magn\u00edfico Reitor, de Diretores de outras Unidades da USP e de autoridades civis e eclesi\u00e1sticas.<\/p>\n<p dir=\"ltr\" style=\"text-align: justify\">Ao longo das d\u00e9cadas, mudan\u00e7as curriculares foram necess\u00e1rias, decorrentes de: \u201cavan\u00e7os da ci\u00eancia e da tecnologia para diagn\u00f3stico e tratamento e industrializa\u00e7\u00e3o; mudan\u00e7as de legisla\u00e7\u00f5es; mudan\u00e7as econ\u00f4micas, pol\u00edticas e sociais, com a consequente modifica\u00e7\u00e3o do sistema de sa\u00fade e valoriza\u00e7\u00e3o maior da preven\u00e7\u00e3o; surgimento de diferentes doen\u00e7as; descoberta de novos medicamentos; e por\u00a0demanda dos alunos e pela vontade de dirigentes de departamentos de ensino e de colegiados\u201d (<a href=\"#ref 1\">1<\/a>).<\/p>\n<p dir=\"ltr\" style=\"text-align: justify\">Nesses 60 anos ocorreram a cria\u00e7\u00e3o do Curso de Ci\u00eancias Biol\u00f3gicas (d\u00e9cada de 1960), a implanta\u00e7\u00e3o da Resid\u00eancia M\u00e9dica e da P\u00f3s-gradua\u00e7\u00e3o <em>stricto sensu<\/em>, reestrutura\u00e7\u00f5es departamentais, a organiza\u00e7\u00e3o do Museu Hist\u00f3rico (<a href=\"#ref 7\">7<\/a>), mudan\u00e7as nos pap\u00e9is do Professor de Ci\u00eancias da Sa\u00fade, mudan\u00e7as nas atividades meio (<a href=\"#ref 8\">8<\/a>), elabora\u00e7\u00e3o de Plano Diretor, cria\u00e7\u00e3o de funda\u00e7\u00f5es, lan\u00e7amentos de revistas cient\u00edficas e a \u00a0instala\u00e7\u00e3o de novos cursos (Fisioterapia, Terapia Ocupacional, Nutri\u00e7\u00e3o e Metabolismo, Fonoaudiologia, al\u00e9m de Inform\u00e1tica Biom\u00e9dica, compartilhado com a Faculdade de Filosofia, Ci\u00eancias e Letras de Ribeir\u00e3o Preto &#8211; FFCLRP).<\/p>\n<p dir=\"ltr\" style=\"text-align: justify\">A hierarquiza\u00e7\u00e3o do sistema de sa\u00fade, assim como das novas solicita\u00e7\u00f5es do \u201cpaciente-cidad\u00e3o\u201d, requereram mudan\u00e7as, tamb\u00e9m no Hospital das Cl\u00ednicas (destinado predominantemente aos n\u00edveis terci\u00e1rio e quatern\u00e1rio), na Unidade de Emerg\u00eancia e nas outras unidades de apoio, com significativa amplia\u00e7\u00e3o dos espa\u00e7os extra-muros. A FMRP passou a atuar, tamb\u00e9m, em outras vertentes da extens\u00e3o universit\u00e1ria.<\/p>\n<p dir=\"ltr\" style=\"text-align: justify\">Assim, a FMRP procura formar profissionais adequados \u00e0s necessidades de sa\u00fade do Brasil; que os egressos de seus Programas de Resid\u00eancia (M\u00e9dica e Multiprofissional) garantam excelente n\u00edvel de aten\u00e7\u00e3o \u00e0 sa\u00fade e que seus cursos de extens\u00e3o universit\u00e1ria contribuam para a educa\u00e7\u00e3o permanente de profissionais de \u00e1reas diversas. Forma Mestres, Doutores, Pesquisadores e P\u00f3s-doutores; desenvolve importantes pesquisas, \u00a0contribuindo para a evolu\u00e7\u00e3o do conhecimento cient\u00edfico e, atrav\u00e9s de suas atividades culturais e extensionistas, cumpre seu compromisso social (<a href=\"#ref 4\">4<\/a>).<\/p>\n<h4 style=\"text-align: justify\">REFER\u00caNCIAS:<\/h4>\n<ol>\n<li style=\"text-align: justify\"><a id=\"ref 1\"><\/a>\u00a0Rodrigues MLV \u2013 Inova\u00e7\u00f5es no Ensino M\u00e9dico e outras mudan\u00e7as: aspectos hist\u00f3ricos e na Faculdade de Medicina de Ribeir\u00e3o Preto (editorial). Medicina Ribeir\u00e3o Preto 2002; \u00a035: 231-235.<\/li>\n<li style=\"text-align: justify\">\u00a0Moraes MAS \u2013 A\u00a0<a href=\"http:\/\/sites.usp.br\/fmrpnew\/wp-content\/uploads\/sites\/356\/2018\/02\/historiaFMRP.pdf\">Hist\u00f3ria da Faculdade<\/a>.<\/li>\n<li style=\"text-align: justify\"><a id=\"ref 3\"><\/a>\u00a0Moreira AC \u2013 O Jubileu da Faculdade de Medicina de Ribeir\u00e3o Preto e a Universidade de S\u00e3o Paulo. Medicina Ribeir\u00e3o Preto, 2002; 35: 237-240.<\/li>\n<li style=\"text-align: justify\"><a id=\"ref 4\"><\/a>\u00a0Maciel BC \u2013 <a href=\"http:\/\/jornal.fmrp.usp.br\/?p=2770&amp;data=2012-09-14\" target=\"_blank\" rel=\"noopener noreferrer\">Discurso<\/a>\u00a0proferido na Sess\u00e3o Solene da Congrega\u00e7\u00e3o, comemorativa aos 60 anos da FMRP &#8211;\u00a021 de maio de 2012.<\/li>\n<li><a id=\"ref 5\"><\/a> https:\/\/www.al.sp.gov.br\/propositura\/?id=1025324<\/li>\n<li><a id=\"ref 6\"><\/a> https:\/\/www.al.sp.gov.br\/repositorio\/legislacao\/lei\/1948\/lei-161-24.09.1948.<\/li>\n<li style=\"text-align: justify\"><a id=\"ref 7\"><\/a>\u00a0Coelho MAN, Hoffmann A \u2013 A Cultura na Faculdade de Medicina de Ribeir\u00e3o Preto \u2013 Medicina Ribeir\u00e3o Preto, 2002; 35: 367-370.<\/li>\n<li style=\"text-align: justify\"><a id=\"ref 8\"><\/a>\u00a0Furtado HEAL, Castro AF, Faria IGC, Bezerra RC R \u2013 50 anos da Faculdade de Medicina de Ribeir\u00e3o Preto \u2013 Mudan\u00e7as nas atividades meio. Medicina Ribeir\u00e3o Preto, 2002; 35: 241-246.<\/li>\n<\/ol>\n<p style=\"text-align: justify\">\u00a0Outras fontes consultadas:<\/p>\n<p dir=\"ltr\" style=\"text-align: justify\">&#8211; Atas da Congrega\u00e7\u00e3o da FMRP-USP.<\/p>\n<p dir=\"ltr\" style=\"text-align: justify\">&#8211; Processos administrativos da FMRP-USP.<\/p>\n<p dir=\"ltr\" style=\"text-align: right\"><strong>Profa. Dra. Maria de Lourdes Veronese Rodrigues<\/strong><br \/>\n<span style=\"font-size: 10pt\">Prof. Titular do Depto de Oftalmologia, Otorrinolaringologia e Cirurgia de Cabe\u00e7a e Pesco\u00e7o <\/span><br \/>\n<span style=\"font-size: 10pt\">e Presidente da Comiss\u00e3o de Cultura e Extens\u00e3o Universit\u00e1ria \u2013 FMRP-USP<\/span><\/p>\n<p dir=\"ltr\" style=\"text-align: right\">Jornalista:<strong> Raquel Tsuji Iliano<\/strong><\/p>\n<\/div>\n<p>&nbsp;","protected":false},"excerpt":{"rendered":"<p>As mudan\u00e7as sociais e a redemocratiza\u00e7\u00e3o, que ocorreram no Brasil na d\u00e9cada de 1940, aliadas ao al\u00edvio e \u00e0 euforia [&hellip;]<\/p>\n","protected":false},"author":635,"featured_media":0,"parent":193,"menu_order":10,"comment_status":"closed","ping_status":"closed","template":"","meta":{"ocean_post_layout":"","ocean_both_sidebars_style":"","ocean_both_sidebars_content_width":0,"ocean_both_sidebars_sidebars_width":0,"ocean_sidebar":"","ocean_second_sidebar":"","ocean_disable_margins":"enable","ocean_add_body_class":"","ocean_shortcode_before_top_bar":"","ocean_shortcode_after_top_bar":"","ocean_shortcode_before_header":"","ocean_shortcode_after_header":"","ocean_has_shortcode":"","ocean_shortcode_after_title":"","ocean_shortcode_before_footer_widgets":"","ocean_shortcode_after_footer_widgets":"","ocean_shortcode_before_footer_bottom":"","ocean_shortcode_after_footer_bottom":"","ocean_display_top_bar":"default","ocean_display_header":"default","ocean_header_style":"","ocean_center_header_left_menu":"","ocean_custom_header_template":"","ocean_custom_logo":0,"ocean_custom_retina_logo":0,"ocean_custom_logo_max_width":0,"ocean_custom_logo_tablet_max_width":0,"ocean_custom_logo_mobile_max_width":0,"ocean_custom_logo_max_height":0,"ocean_custom_logo_tablet_max_height":0,"ocean_custom_logo_mobile_max_height":0,"ocean_header_custom_menu":"","ocean_menu_typo_font_family":"","ocean_menu_typo_font_subset":"","ocean_menu_typo_font_size":0,"ocean_menu_typo_font_size_tablet":0,"ocean_menu_typo_font_size_mobile":0,"ocean_menu_typo_font_size_unit":"px","ocean_menu_typo_font_weight":"","ocean_menu_typo_font_weight_tablet":"","ocean_menu_typo_font_weight_mobile":"","ocean_menu_typo_transform":"","ocean_menu_typo_transform_tablet":"","ocean_menu_typo_transform_mobile":"","ocean_menu_typo_line_height":0,"ocean_menu_typo_line_height_tablet":0,"ocean_menu_typo_line_height_mobile":0,"ocean_menu_typo_line_height_unit":"","ocean_menu_typo_spacing":0,"ocean_menu_typo_spacing_tablet":0,"ocean_menu_typo_spacing_mobile":0,"ocean_menu_typo_spacing_unit":"","ocean_menu_link_color":"","ocean_menu_link_color_hover":"","ocean_menu_link_color_active":"","ocean_menu_link_background":"","ocean_menu_link_hover_background":"","ocean_menu_link_active_background":"","ocean_menu_social_links_bg":"","ocean_menu_social_hover_links_bg":"","ocean_menu_social_links_color":"","ocean_menu_social_hover_links_color":"","ocean_disable_title":"default","ocean_disable_heading":"default","ocean_post_title":"","ocean_post_subheading":"","ocean_post_title_style":"","ocean_post_title_background_color":"","ocean_post_title_background":0,"ocean_post_title_bg_image_position":"","ocean_post_title_bg_image_attachment":"","ocean_post_title_bg_image_repeat":"","ocean_post_title_bg_image_size":"","ocean_post_title_height":0,"ocean_post_title_bg_overlay":0.5,"ocean_post_title_bg_overlay_color":"","ocean_disable_breadcrumbs":"default","ocean_breadcrumbs_color":"","ocean_breadcrumbs_separator_color":"","ocean_breadcrumbs_links_color":"","ocean_breadcrumbs_links_hover_color":"","ocean_display_footer_widgets":"default","ocean_display_footer_bottom":"default","ocean_custom_footer_template":"","footnotes":"","_links_to":"","_links_to_target":""},"class_list":["post-309","page","type-page","status-publish","hentry","entry"],"_links":{"self":[{"href":"https:\/\/sites.usp.br\/devfmrp\/wp-json\/wp\/v2\/pages\/309","targetHints":{"allow":["GET"]}}],"collection":[{"href":"https:\/\/sites.usp.br\/devfmrp\/wp-json\/wp\/v2\/pages"}],"about":[{"href":"https:\/\/sites.usp.br\/devfmrp\/wp-json\/wp\/v2\/types\/page"}],"author":[{"embeddable":true,"href":"https:\/\/sites.usp.br\/devfmrp\/wp-json\/wp\/v2\/users\/635"}],"replies":[{"embeddable":true,"href":"https:\/\/sites.usp.br\/devfmrp\/wp-json\/wp\/v2\/comments?post=309"}],"version-history":[{"count":0,"href":"https:\/\/sites.usp.br\/devfmrp\/wp-json\/wp\/v2\/pages\/309\/revisions"}],"up":[{"embeddable":true,"href":"https:\/\/sites.usp.br\/devfmrp\/wp-json\/wp\/v2\/pages\/193"}],"wp:attachment":[{"href":"https:\/\/sites.usp.br\/devfmrp\/wp-json\/wp\/v2\/media?parent=309"}],"curies":[{"name":"wp","href":"https:\/\/api.w.org\/{rel}","templated":true}]}}