{"id":310,"date":"2018-02-26T16:51:54","date_gmt":"2018-02-26T19:51:54","guid":{"rendered":"http:\/\/sites.usp.br\/fmrpnew\/?page_id=310"},"modified":"2018-02-26T16:51:54","modified_gmt":"2018-02-26T19:51:54","slug":"missao-visao-e-valores","status":"publish","type":"page","link":"https:\/\/sites.usp.br\/devfmrp\/institucional\/missao-visao-e-valores\/","title":{"rendered":"Miss\u00e3o, Vis\u00e3o, Valores"},"content":{"rendered":"<h4>Miss\u00e3o<\/h4>\n<p style=\"text-align: justify\">\u201cOferecer educa\u00e7\u00e3o superior de excel\u00eancia, propiciando a forma\u00e7\u00e3o de profissionais de sa\u00fade com elevado n\u00edvel de capacita\u00e7\u00e3o e potencial de lideran\u00e7a, com base em preceitos \u00e9ticos, morais, cient\u00edficos e human\u00edsticos; formar pesquisadores competentes em seus programas de p\u00f3s-gradua\u00e7\u00e3o e produzir pesquisas inovadoras de alta qualidade, com inser\u00e7\u00e3o internacional, explorando a fronteira do conhecimento, mas tamb\u00e9m atentas \u00e0s necessidades da sociedade; interagir continuamente com o poder p\u00fablico e com a sociedade na promo\u00e7\u00e3o de assist\u00eancia qualificada \u00e0 sa\u00fade e na dissemina\u00e7\u00e3o de novos conhecimentos.\u201d<\/p>\n<h4>Vis\u00e3o<\/h4>\n<p style=\"text-align: justify\">\u201cSer reconhecida nacional e internacionalmente como paradigma de excel\u00eancia pela qualidade do seu ensino de gradua\u00e7\u00e3o, p\u00f3s-gradua\u00e7\u00e3o e na forma\u00e7\u00e3o de profissionais especializados, pela \u00e9tica, compet\u00eancia, empreendedorismo e lideran\u00e7a de seus egressos, pela excepcional qualidade de sua produ\u00e7\u00e3o cient\u00edfica e pelo impacto social de suas atividades de promo\u00e7\u00e3o \u00e0 sa\u00fade da popula\u00e7\u00e3o\u201d<\/p>\n<h4>Valores<\/h4>\n<h5 style=\"text-align: justify;padding-left: 30px\">Compromisso\u00a0social<\/h5>\n<p style=\"text-align: justify;padding-left: 30px\">Forma\u00e7\u00e3o de profissionais de sa\u00fade e pesquisadores; produ\u00e7\u00e3o e difus\u00e3o de novos conhecimentos contribuindo para o desenvolvimento cient\u00edfico, tecnol\u00f3gico e cultural do pa\u00eds; aten\u00e7\u00e3o \u00e0 sa\u00fade da comunidade com respeito \u00e0s necessidades dos cidad\u00e3os; intera\u00e7\u00e3o com o poder p\u00fablico, contribuindo na defini\u00e7\u00e3o de prioridades e de estrat\u00e9gias das pol\u00edticas p\u00fablicas.<\/p>\n<h5 style=\"text-align: justify;padding-left: 30px\">Compromisso\u00a0com a qualidade<\/h5>\n<p style=\"text-align: justify;padding-left: 30px\">Aprimoramento cont\u00ednuo das atividades de ensino, pesquisa e extens\u00e3o; est\u00edmulo \u00e0 inova\u00e7\u00e3o e \u00e0 criatividade de forma planejada e integrada; busca permanente da excel\u00eancia.<\/p>\n<h5 style=\"text-align: justify;padding-left: 30px\">Gest\u00e3o\u00a0consciente<\/h5>\n<p style=\"text-align: justify;padding-left: 30px\">Valoriza\u00e7\u00e3o e respeito aos princ\u00edpios fundamentais da legalidade, moralidade, impessoalidade, publicidade, transpar\u00eancia e efici\u00eancia que caracterizam a administra\u00e7\u00e3o p\u00fablica.<\/p>\n<h5 style=\"text-align: justify;padding-left: 30px\">\u00c9tica<\/h5>\n<p style=\"text-align: justify;padding-left: 30px\">Respeito aos mais elevados princ\u00edpios de justi\u00e7a, padr\u00f5es morais e \u00e9ticos, fundamentados em pressupostos acad\u00eamicos, democr\u00e1ticos e human\u00edsticos.<\/p>\n<h5 style=\"text-align: justify;padding-left: 30px\">Respeito\u00a0m\u00fatuo<\/h5>\n<p style=\"text-align: justify;padding-left: 30px\">Tratamento justo, digno, solid\u00e1rio e respeitoso a todos os cidad\u00e3os.<\/p>\n<h5 style=\"text-align: justify;padding-left: 30px\">Qualidade\u00a0no ambiente de trabalho<\/h5>\n<p style=\"text-align: justify;padding-left: 30px\">Est\u00edmulo ao trabalho em equipe, ao desenvolvimento e \u00e0 responsabilidade pessoal, \u00e0 integridade e \u00e0 confian\u00e7a entre os componentes da institui\u00e7\u00e3o, com respeito \u00e0 individualidade.<\/p>","protected":false},"excerpt":{"rendered":"<p>Miss\u00e3o \u201cOferecer educa\u00e7\u00e3o superior de excel\u00eancia, propiciando a forma\u00e7\u00e3o de profissionais de sa\u00fade com elevado n\u00edvel de capacita\u00e7\u00e3o e potencial [&hellip;]<\/p>\n","protected":false},"author":635,"featured_media":0,"parent":193,"menu_order":20,"comment_status":"closed","ping_status":"closed","template":"","meta":{"ocean_post_layout":"","ocean_both_sidebars_style":"","ocean_both_sidebars_content_width":0,"ocean_both_sidebars_sidebars_width":0,"ocean_sidebar":"","ocean_second_sidebar":"","ocean_disable_margins":"enable","ocean_add_body_class":"","ocean_shortcode_before_top_bar":"","ocean_shortcode_after_top_bar":"","ocean_shortcode_before_header":"","ocean_shortcode_after_header":"","ocean_has_shortcode":"","ocean_shortcode_after_title":"","ocean_shortcode_before_footer_widgets":"","ocean_shortcode_after_footer_widgets":"","ocean_shortcode_before_footer_bottom":"","ocean_shortcode_after_footer_bottom":"","ocean_display_top_bar":"default","ocean_display_header":"default","ocean_header_style":"","ocean_center_header_left_menu":"","ocean_custom_header_template":"","ocean_custom_logo":0,"ocean_custom_retina_logo":0,"ocean_custom_logo_max_width":0,"ocean_custom_logo_tablet_max_width":0,"ocean_custom_logo_mobile_max_width":0,"ocean_custom_logo_max_height":0,"ocean_custom_logo_tablet_max_height":0,"ocean_custom_logo_mobile_max_height":0,"ocean_header_custom_menu":"","ocean_menu_typo_font_family":"","ocean_menu_typo_font_subset":"","ocean_menu_typo_font_size":0,"ocean_menu_typo_font_size_tablet":0,"ocean_menu_typo_font_size_mobile":0,"ocean_menu_typo_font_size_unit":"px","ocean_menu_typo_font_weight":"","ocean_menu_typo_font_weight_tablet":"","ocean_menu_typo_font_weight_mobile":"","ocean_menu_typo_transform":"","ocean_menu_typo_transform_tablet":"","ocean_menu_typo_transform_mobile":"","ocean_menu_typo_line_height":0,"ocean_menu_typo_line_height_tablet":0,"ocean_menu_typo_line_height_mobile":0,"ocean_menu_typo_line_height_unit":"","ocean_menu_typo_spacing":0,"ocean_menu_typo_spacing_tablet":0,"ocean_menu_typo_spacing_mobile":0,"ocean_menu_typo_spacing_unit":"","ocean_menu_link_color":"","ocean_menu_link_color_hover":"","ocean_menu_link_color_active":"","ocean_menu_link_background":"","ocean_menu_link_hover_background":"","ocean_menu_link_active_background":"","ocean_menu_social_links_bg":"","ocean_menu_social_hover_links_bg":"","ocean_menu_social_links_color":"","ocean_menu_social_hover_links_color":"","ocean_disable_title":"default","ocean_disable_heading":"default","ocean_post_title":"","ocean_post_subheading":"","ocean_post_title_style":"","ocean_post_title_background_color":"","ocean_post_title_background":0,"ocean_post_title_bg_image_position":"","ocean_post_title_bg_image_attachment":"","ocean_post_title_bg_image_repeat":"","ocean_post_title_bg_image_size":"","ocean_post_title_height":0,"ocean_post_title_bg_overlay":0.5,"ocean_post_title_bg_overlay_color":"","ocean_disable_breadcrumbs":"default","ocean_breadcrumbs_color":"","ocean_breadcrumbs_separator_color":"","ocean_breadcrumbs_links_color":"","ocean_breadcrumbs_links_hover_color":"","ocean_display_footer_widgets":"default","ocean_display_footer_bottom":"default","ocean_custom_footer_template":"","footnotes":"","_links_to":"","_links_to_target":""},"class_list":["post-310","page","type-page","status-publish","hentry","entry"],"_links":{"self":[{"href":"https:\/\/sites.usp.br\/devfmrp\/wp-json\/wp\/v2\/pages\/310","targetHints":{"allow":["GET"]}}],"collection":[{"href":"https:\/\/sites.usp.br\/devfmrp\/wp-json\/wp\/v2\/pages"}],"about":[{"href":"https:\/\/sites.usp.br\/devfmrp\/wp-json\/wp\/v2\/types\/page"}],"author":[{"embeddable":true,"href":"https:\/\/sites.usp.br\/devfmrp\/wp-json\/wp\/v2\/users\/635"}],"replies":[{"embeddable":true,"href":"https:\/\/sites.usp.br\/devfmrp\/wp-json\/wp\/v2\/comments?post=310"}],"version-history":[{"count":0,"href":"https:\/\/sites.usp.br\/devfmrp\/wp-json\/wp\/v2\/pages\/310\/revisions"}],"up":[{"embeddable":true,"href":"https:\/\/sites.usp.br\/devfmrp\/wp-json\/wp\/v2\/pages\/193"}],"wp:attachment":[{"href":"https:\/\/sites.usp.br\/devfmrp\/wp-json\/wp\/v2\/media?parent=310"}],"curies":[{"name":"wp","href":"https:\/\/api.w.org\/{rel}","templated":true}]}}