{"id":313,"date":"2018-02-26T16:51:54","date_gmt":"2018-02-26T19:51:54","guid":{"rendered":"http:\/\/sites.usp.br\/fmrpnew\/?page_id=313"},"modified":"2021-07-06T17:01:22","modified_gmt":"2021-07-06T19:01:22","slug":"colegiados-e-comissoes","status":"publish","type":"page","link":"https:\/\/sites.usp.br\/devfmrp\/institucional\/colegiados-e-comissoes\/","title":{"rendered":"Colegiados e Comiss\u00f5es"},"content":{"rendered":"<table style=\"border-collapse: collapse; width: 100%;\">\n<tbody>\n<tr>\n<td style=\"width: 50%;\">\n<ul>\n<li><a href=\"http:\/\/www.fmrp.usp.br\/institucional\/colegiados-e-comissoes\/congregacao\/\">Congrega\u00e7\u00e3o<\/a><\/li>\n<li><a href=\"http:\/\/www.fmrp.usp.br\/institucional\/colegiados-e-comissoes\/cta\/\">Conselho T\u00e9cnico Administrativo (CTA)<\/a><\/li>\n<li><a href=\"http:\/\/www.fmrp.usp.br\/institucional\/colegiados-e-comissoes\/comissao-de-atividades-universitarias-cau\/\">Comiss\u00e3o de Atividades Universit\u00e1rias (CAU)<\/a><\/li>\n<li><a href=\"http:\/\/www.fmrp.usp.br\/institucional\/colegiados-e-comissoes\/comissao-de-corpo-docente-ccd\/\">Comiss\u00e3o de Corpo Docente (CCD)<\/a><\/li>\n<li><a href=\"http:\/\/www.fmrp.usp.br\/institucional\/colegiados-e-comissoes\/comissao-de-orcamento\/\">Comiss\u00e3o de Or\u00e7amento<\/a><\/li>\n<li><a href=\"http:\/\/cg.fmrp.usp.br\" target=\"_blank\" rel=\"noopener noreferrer\">Comiss\u00e3o de Gradua\u00e7\u00e3o (CG)<\/a><\/li>\n<\/ul>\n<\/td>\n<td style=\"width: 50%;\">\n<ul>\n<li><a href=\"http:\/\/cpg.fmrp.usp.br\/\" target=\"_blank\" rel=\"noopener noreferrer\">Comiss\u00e3o de P\u00f3s-Gradua\u00e7\u00e3o (CPG)<\/a><\/li>\n<li><a href=\"http:\/\/cpq.fmrp.usp.br\" target=\"_blank\" rel=\"noopener noreferrer\">Comiss\u00e3o de Pesquisa (CPq)<\/a><\/li>\n<li><a href=\"http:\/\/ccex.fmrp.usp.br\" target=\"_blank\" rel=\"noopener noreferrer\">Comiss\u00e3o de Cultura e Extens\u00e3o Universit\u00e1ria (CCEx)<\/a><\/li>\n<li><a href=\"http:\/\/crint.fmrp.usp.br\/\" target=\"_blank\" rel=\"noopener noreferrer\">Comiss\u00e3o de Rela\u00e7\u00f5es Internacionais (CRInt)<\/a><\/li>\n<li><a href=\"http:\/\/cga.fmrp.usp.br\/\" target=\"_blank\" rel=\"noopener noreferrer\">Comiss\u00e3o de Gest\u00e3o Ambiental<\/a><\/li>\n<\/ul>\n<\/td>\n<\/tr>\n<\/tbody>\n<\/table>","protected":false},"excerpt":{"rendered":"<p>Congrega\u00e7\u00e3o Conselho T\u00e9cnico Administrativo (CTA) Comiss\u00e3o de Atividades Universit\u00e1rias (CAU) Comiss\u00e3o de Corpo Docente (CCD) Comiss\u00e3o de Or\u00e7amento Comiss\u00e3o de [&hellip;]<\/p>\n","protected":false},"author":635,"featured_media":0,"parent":193,"menu_order":50,"comment_status":"closed","ping_status":"closed","template":"","meta":{"ocean_post_layout":"","ocean_both_sidebars_style":"","ocean_both_sidebars_content_width":0,"ocean_both_sidebars_sidebars_width":0,"ocean_sidebar":"0","ocean_second_sidebar":"0","ocean_disable_margins":"enable","ocean_add_body_class":"","ocean_shortcode_before_top_bar":"","ocean_shortcode_after_top_bar":"","ocean_shortcode_before_header":"","ocean_shortcode_after_header":"","ocean_has_shortcode":"","ocean_shortcode_after_title":"","ocean_shortcode_before_footer_widgets":"","ocean_shortcode_after_footer_widgets":"","ocean_shortcode_before_footer_bottom":"","ocean_shortcode_after_footer_bottom":"","ocean_display_top_bar":"default","ocean_display_header":"default","ocean_header_style":"","ocean_center_header_left_menu":"0","ocean_custom_header_template":"0","ocean_custom_logo":0,"ocean_custom_retina_logo":0,"ocean_custom_logo_max_width":0,"ocean_custom_logo_tablet_max_width":0,"ocean_custom_logo_mobile_max_width":0,"ocean_custom_logo_max_height":0,"ocean_custom_logo_tablet_max_height":0,"ocean_custom_logo_mobile_max_height":0,"ocean_header_custom_menu":"0","ocean_menu_typo_font_family":"0","ocean_menu_typo_font_subset":"","ocean_menu_typo_font_size":0,"ocean_menu_typo_font_size_tablet":0,"ocean_menu_typo_font_size_mobile":0,"ocean_menu_typo_font_size_unit":"px","ocean_menu_typo_font_weight":"","ocean_menu_typo_font_weight_tablet":"","ocean_menu_typo_font_weight_mobile":"","ocean_menu_typo_transform":"","ocean_menu_typo_transform_tablet":"","ocean_menu_typo_transform_mobile":"","ocean_menu_typo_line_height":0,"ocean_menu_typo_line_height_tablet":0,"ocean_menu_typo_line_height_mobile":0,"ocean_menu_typo_line_height_unit":"","ocean_menu_typo_spacing":0,"ocean_menu_typo_spacing_tablet":0,"ocean_menu_typo_spacing_mobile":0,"ocean_menu_typo_spacing_unit":"","ocean_menu_link_color":"","ocean_menu_link_color_hover":"","ocean_menu_link_color_active":"","ocean_menu_link_background":"","ocean_menu_link_hover_background":"","ocean_menu_link_active_background":"","ocean_menu_social_links_bg":"","ocean_menu_social_hover_links_bg":"","ocean_menu_social_links_color":"","ocean_menu_social_hover_links_color":"","ocean_disable_title":"default","ocean_disable_heading":"default","ocean_post_title":"","ocean_post_subheading":"","ocean_post_title_style":"","ocean_post_title_background_color":"","ocean_post_title_background":0,"ocean_post_title_bg_image_position":"","ocean_post_title_bg_image_attachment":"","ocean_post_title_bg_image_repeat":"","ocean_post_title_bg_image_size":"","ocean_post_title_height":0,"ocean_post_title_bg_overlay":0.5,"ocean_post_title_bg_overlay_color":"","ocean_disable_breadcrumbs":"default","ocean_breadcrumbs_color":"","ocean_breadcrumbs_separator_color":"","ocean_breadcrumbs_links_color":"","ocean_breadcrumbs_links_hover_color":"","ocean_display_footer_widgets":"default","ocean_display_footer_bottom":"default","ocean_custom_footer_template":"0","footnotes":"","_links_to":"","_links_to_target":""},"class_list":["post-313","page","type-page","status-publish","hentry","entry"],"_links":{"self":[{"href":"https:\/\/sites.usp.br\/devfmrp\/wp-json\/wp\/v2\/pages\/313","targetHints":{"allow":["GET"]}}],"collection":[{"href":"https:\/\/sites.usp.br\/devfmrp\/wp-json\/wp\/v2\/pages"}],"about":[{"href":"https:\/\/sites.usp.br\/devfmrp\/wp-json\/wp\/v2\/types\/page"}],"author":[{"embeddable":true,"href":"https:\/\/sites.usp.br\/devfmrp\/wp-json\/wp\/v2\/users\/635"}],"replies":[{"embeddable":true,"href":"https:\/\/sites.usp.br\/devfmrp\/wp-json\/wp\/v2\/comments?post=313"}],"version-history":[{"count":4,"href":"https:\/\/sites.usp.br\/devfmrp\/wp-json\/wp\/v2\/pages\/313\/revisions"}],"predecessor-version":[{"id":7170,"href":"https:\/\/sites.usp.br\/devfmrp\/wp-json\/wp\/v2\/pages\/313\/revisions\/7170"}],"up":[{"embeddable":true,"href":"https:\/\/sites.usp.br\/devfmrp\/wp-json\/wp\/v2\/pages\/193"}],"wp:attachment":[{"href":"https:\/\/sites.usp.br\/devfmrp\/wp-json\/wp\/v2\/media?parent=313"}],"curies":[{"name":"wp","href":"https:\/\/api.w.org\/{rel}","templated":true}]}}