{"id":314,"date":"2018-02-26T16:51:54","date_gmt":"2018-02-26T19:51:54","guid":{"rendered":"http:\/\/sites.usp.br\/fmrpnew\/?page_id=314"},"modified":"2018-02-26T16:51:54","modified_gmt":"2018-02-26T19:51:54","slug":"marcos-historicos","status":"publish","type":"page","link":"https:\/\/sites.usp.br\/devfmrp\/institucional\/marcos-historicos\/","title":{"rendered":"Marcos hist\u00f3ricos"},"content":{"rendered":"<p style=\"text-align: justify\"><ul class=\"su-subpages\"><li class=\"page_item page-item-1290\"><a href=\"https:\/\/sites.usp.br\/devfmrp\/institucional\/marcos-historicos\/introducao\/\">Marcos Hist\u00f3ricos<\/a><\/li>\n<li class=\"page_item page-item-1294\"><a href=\"https:\/\/sites.usp.br\/devfmrp\/institucional\/marcos-historicos\/palavra-diretor\/\">Palavra do Diretor<\/a><\/li>\n<li class=\"page_item page-item-1297\"><a href=\"https:\/\/sites.usp.br\/devfmrp\/institucional\/marcos-historicos\/primordios-da-fmrp\/\">Prim\u00f3rdios da FMRP<\/a><\/li>\n<li class=\"page_item page-item-1302\"><a href=\"https:\/\/sites.usp.br\/devfmrp\/institucional\/marcos-historicos\/prof-helio-lourenco\/\">Prof. H\u00e9lio Louren\u00e7o<\/a><\/li>\n<li class=\"page_item page-item-1305\"><a href=\"https:\/\/sites.usp.br\/devfmrp\/institucional\/marcos-historicos\/prof-pedreira-de-freitas\/\">Prof. Pedreira de Freitas<\/a><\/li>\n<li class=\"page_item page-item-1309\"><a href=\"https:\/\/sites.usp.br\/devfmrp\/institucional\/marcos-historicos\/medicina\/\">Medicina<\/a><\/li>\n<li class=\"page_item page-item-1312\"><a href=\"https:\/\/sites.usp.br\/devfmrp\/institucional\/marcos-historicos\/bioquimica-e-imunologia\/\">Bioqu\u00edmica e Imunologia<\/a><\/li>\n<li class=\"page_item page-item-1315\"><a href=\"https:\/\/sites.usp.br\/devfmrp\/institucional\/marcos-historicos\/farmacologia\/\">Farmacologia<\/a><\/li>\n<li class=\"page_item page-item-1319\"><a href=\"https:\/\/sites.usp.br\/devfmrp\/institucional\/marcos-historicos\/patologia-e-medicina-legal\/\">Patologia e Medicina Legal<\/a><\/li>\n<li class=\"page_item page-item-1322\"><a href=\"https:\/\/sites.usp.br\/devfmrp\/institucional\/marcos-historicos\/oftalmologia-otorrinolaringologia-e-cirurgia-de-cabeca-e-pescoco\/\">Oftalmologia, Otorrinolaringologia e Cirurgia de Cabe\u00e7a e Pesco\u00e7o<\/a><\/li>\n<li class=\"page_item page-item-1325\"><a href=\"https:\/\/sites.usp.br\/devfmrp\/institucional\/marcos-historicos\/puericultura-e-pediatria\/\">Puericultura e Pediatria<\/a><\/li>\n<li class=\"page_item page-item-1328\"><a href=\"https:\/\/sites.usp.br\/devfmrp\/institucional\/marcos-historicos\/medicina-social\/\">Medicina Social<\/a><\/li>\n<li class=\"page_item page-item-1338\"><a href=\"https:\/\/sites.usp.br\/devfmrp\/institucional\/marcos-historicos\/comissao-de-graduacao\/\">Comiss\u00e3o de Gradua\u00e7\u00e3o<\/a><\/li>\n<li class=\"page_item page-item-1332\"><a href=\"https:\/\/sites.usp.br\/devfmrp\/institucional\/marcos-historicos\/genetica\/\">Gen\u00e9tica<\/a><\/li>\n<li class=\"page_item page-item-1346\"><a href=\"https:\/\/sites.usp.br\/devfmrp\/institucional\/marcos-historicos\/caep-centro-de-apoio-educacional-e-psicologico\/\">CAEP &#8211; Centro de Apoio Educacional e Psicol\u00f3gico<\/a><\/li>\n<li class=\"page_item page-item-1349\"><a href=\"https:\/\/sites.usp.br\/devfmrp\/institucional\/marcos-historicos\/ccex-comissao-de-cultura-e-extensao-e-extensao-universitaria\/\">CCEx &#8211; Comiss\u00e3o de Cultura e Extens\u00e3o e\u00a0Extens\u00e3o Universit\u00e1ria<\/a><\/li>\n<li class=\"page_item page-item-1353\"><a href=\"https:\/\/sites.usp.br\/devfmrp\/institucional\/marcos-historicos\/museu-historico\/\">Museu Hist\u00f3rico<\/a><\/li>\n<li class=\"page_item page-item-1356\"><a href=\"https:\/\/sites.usp.br\/devfmrp\/institucional\/marcos-historicos\/aaarl-associacao-atletica-academica-rocha-lima\/\">AAARL &#8211; Associa\u00e7\u00e3o Atl\u00e9tica Acad\u00eamica Rocha Lima<\/a><\/li>\n<li class=\"page_item page-item-1359\"><a href=\"https:\/\/sites.usp.br\/devfmrp\/institucional\/marcos-historicos\/ciencias-biomedicas\/\">Ci\u00eancias Biom\u00e9dicas<\/a><\/li>\n<li class=\"page_item page-item-1363\"><a href=\"https:\/\/sites.usp.br\/devfmrp\/institucional\/marcos-historicos\/fisioterapia\/\">Fisioterapia<\/a><\/li>\n<li class=\"page_item page-item-1367\"><a href=\"https:\/\/sites.usp.br\/devfmrp\/institucional\/marcos-historicos\/nutricao-e-metabolismo\/\">Nutri\u00e7\u00e3o e Metabolismo<\/a><\/li>\n<li class=\"page_item page-item-1370\"><a href=\"https:\/\/sites.usp.br\/devfmrp\/institucional\/marcos-historicos\/terapia-ocupacional\/\">Terapia Ocupacional<\/a><\/li>\n<li class=\"page_item page-item-1373\"><a href=\"https:\/\/sites.usp.br\/devfmrp\/institucional\/marcos-historicos\/fonoaudiologia\/\">Fonoaudiologia<\/a><\/li>\n<li class=\"page_item page-item-1376\"><a href=\"https:\/\/sites.usp.br\/devfmrp\/institucional\/marcos-historicos\/informatica-biomedica\/\">Inform\u00e1tica Biom\u00e9dica<\/a><\/li>\n<\/ul>\n<p style=\"text-align: justify\">\n","protected":false},"excerpt":{"rendered":"","protected":false},"author":635,"featured_media":0,"parent":193,"menu_order":60,"comment_status":"closed","ping_status":"closed","template":"","meta":{"ocean_post_layout":"","ocean_both_sidebars_style":"","ocean_both_sidebars_content_width":0,"ocean_both_sidebars_sidebars_width":0,"ocean_sidebar":"","ocean_second_sidebar":"","ocean_disable_margins":"enable","ocean_add_body_class":"","ocean_shortcode_before_top_bar":"","ocean_shortcode_after_top_bar":"","ocean_shortcode_before_header":"","ocean_shortcode_after_header":"","ocean_has_shortcode":"","ocean_shortcode_after_title":"","ocean_shortcode_before_footer_widgets":"","ocean_shortcode_after_footer_widgets":"","ocean_shortcode_before_footer_bottom":"","ocean_shortcode_after_footer_bottom":"","ocean_display_top_bar":"default","ocean_display_header":"default","ocean_header_style":"","ocean_center_header_left_menu":"","ocean_custom_header_template":"","ocean_custom_logo":0,"ocean_custom_retina_logo":0,"ocean_custom_logo_max_width":0,"ocean_custom_logo_tablet_max_width":0,"ocean_custom_logo_mobile_max_width":0,"ocean_custom_logo_max_height":0,"ocean_custom_logo_tablet_max_height":0,"ocean_custom_logo_mobile_max_height":0,"ocean_header_custom_menu":"","ocean_menu_typo_font_family":"","ocean_menu_typo_font_subset":"","ocean_menu_typo_font_size":0,"ocean_menu_typo_font_size_tablet":0,"ocean_menu_typo_font_size_mobile":0,"ocean_menu_typo_font_size_unit":"px","ocean_menu_typo_font_weight":"","ocean_menu_typo_font_weight_tablet":"","ocean_menu_typo_font_weight_mobile":"","ocean_menu_typo_transform":"","ocean_menu_typo_transform_tablet":"","ocean_menu_typo_transform_mobile":"","ocean_menu_typo_line_height":0,"ocean_menu_typo_line_height_tablet":0,"ocean_menu_typo_line_height_mobile":0,"ocean_menu_typo_line_height_unit":"","ocean_menu_typo_spacing":0,"ocean_menu_typo_spacing_tablet":0,"ocean_menu_typo_spacing_mobile":0,"ocean_menu_typo_spacing_unit":"","ocean_menu_link_color":"","ocean_menu_link_color_hover":"","ocean_menu_link_color_active":"","ocean_menu_link_background":"","ocean_menu_link_hover_background":"","ocean_menu_link_active_background":"","ocean_menu_social_links_bg":"","ocean_menu_social_hover_links_bg":"","ocean_menu_social_links_color":"","ocean_menu_social_hover_links_color":"","ocean_disable_title":"default","ocean_disable_heading":"default","ocean_post_title":"","ocean_post_subheading":"","ocean_post_title_style":"","ocean_post_title_background_color":"","ocean_post_title_background":0,"ocean_post_title_bg_image_position":"","ocean_post_title_bg_image_attachment":"","ocean_post_title_bg_image_repeat":"","ocean_post_title_bg_image_size":"","ocean_post_title_height":0,"ocean_post_title_bg_overlay":0.5,"ocean_post_title_bg_overlay_color":"","ocean_disable_breadcrumbs":"default","ocean_breadcrumbs_color":"","ocean_breadcrumbs_separator_color":"","ocean_breadcrumbs_links_color":"","ocean_breadcrumbs_links_hover_color":"","ocean_display_footer_widgets":"default","ocean_display_footer_bottom":"default","ocean_custom_footer_template":"","footnotes":"","_links_to":"","_links_to_target":""},"class_list":["post-314","page","type-page","status-publish","hentry","entry"],"_links":{"self":[{"href":"https:\/\/sites.usp.br\/devfmrp\/wp-json\/wp\/v2\/pages\/314","targetHints":{"allow":["GET"]}}],"collection":[{"href":"https:\/\/sites.usp.br\/devfmrp\/wp-json\/wp\/v2\/pages"}],"about":[{"href":"https:\/\/sites.usp.br\/devfmrp\/wp-json\/wp\/v2\/types\/page"}],"author":[{"embeddable":true,"href":"https:\/\/sites.usp.br\/devfmrp\/wp-json\/wp\/v2\/users\/635"}],"replies":[{"embeddable":true,"href":"https:\/\/sites.usp.br\/devfmrp\/wp-json\/wp\/v2\/comments?post=314"}],"version-history":[{"count":0,"href":"https:\/\/sites.usp.br\/devfmrp\/wp-json\/wp\/v2\/pages\/314\/revisions"}],"up":[{"embeddable":true,"href":"https:\/\/sites.usp.br\/devfmrp\/wp-json\/wp\/v2\/pages\/193"}],"wp:attachment":[{"href":"https:\/\/sites.usp.br\/devfmrp\/wp-json\/wp\/v2\/media?parent=314"}],"curies":[{"name":"wp","href":"https:\/\/api.w.org\/{rel}","templated":true}]}}