{"id":3831,"date":"2019-08-23T16:38:48","date_gmt":"2019-08-23T19:38:48","guid":{"rendered":"https:\/\/www.fmrp.usp.br\/?page_id=3831"},"modified":"2019-08-23T16:38:48","modified_gmt":"2019-08-23T19:38:48","slug":"ouvidoria","status":"publish","type":"page","link":"https:\/\/sites.usp.br\/devfmrp\/institucional\/ouvidoria\/","title":{"rendered":"Ouvidoria"},"content":{"rendered":"A FMRP, com a finalidade de aprimorar o seu canal de comunica\u00e7\u00e3o com a comunidade interna e externa, criou, em 27\/03\/2019, a sua pr\u00f3pria Ouvidoria, em atendimento \u00e0 Resolu\u00e7\u00e3o n\u00ba 4827, de 29\/03\/2001.<\/p>\n<p>O Campus USP de Ribeir\u00e3o Preto, at\u00e9 recentemente, contava apenas com a Ouvidoria Geral para atendimento de todas as Unidades.<\/p>\n<p>Com a cria\u00e7\u00e3o da Ouvidoria FMRP-USP, a comunidade FMRP, aluno, docente, funcion\u00e1rio ou terceirizado, bem como a comunidade externa, poder\u00e3o se manifestar com reclama\u00e7\u00f5es, den\u00fancias, sugest\u00f5es, elogios, ou fornecendo informa\u00e7\u00f5es. Al\u00e9m de acolher e responder \u00e0s manifesta\u00e7\u00f5es individuais pertinentes, a Ouvidoria FMRP-USP pretende utilizar o aprendizado propiciado para fornecer aos Gestores subs\u00eddios para o aperfei\u00e7oamento de processos administrativos.<\/p>\n<p>A Ouvidoria tem natureza mediadora em situa\u00e7\u00f5es de conflitos internos, circunst\u00e2ncias que requeiram maior aten\u00e7\u00e3o nas \u00e1reas da Universidade, an\u00e1lise, sugest\u00e3o e busca da preserva\u00e7\u00e3o de direitos. Essas fun\u00e7\u00f5es ser\u00e3o exercidas com \u00e9tica, garantindo discri\u00e7\u00e3o, sigilo e cuidados com a seguran\u00e7a dos dados.<\/p>\n<p>N\u00e3o s\u00e3o atribui\u00e7\u00f5es da Ouvidoria, conduzir investiga\u00e7\u00f5es formais (sindic\u00e2ncias, processos disciplinares), exercer poder decis\u00f3rio, regulat\u00f3rio e judicativo, atuar judicialmente (n\u00e3o possui mecanismos coercitivos), tratar de quest\u00f5es em \u00e2mbito privado e substituir inst\u00e2ncias representativas como Sindicatos, Associa\u00e7\u00f5es, Colegiados, etc. Al\u00e9m disso, n\u00e3o \u00e9 da compet\u00eancia da Ouvidoria FMRP-USP prestar informa\u00e7\u00f5es sobre atividades de Ensino, Pesquisa, Extens\u00e3o Universit\u00e1ria, Internacionaliza\u00e7\u00e3o e outras desenvolvidas na Institui\u00e7\u00e3o.<\/p>\n<p>A comunica\u00e7\u00e3o com a Ouvidoria FMRP-USP deve ser feita por mensagem escrita, que contenha as informa\u00e7\u00f5es necess\u00e1rias para a an\u00e1lise do caso, encaminhada para o endere\u00e7o eletr\u00f4nico <a href=\"mailto:ouvidoria@fmrp.usp.br\">ouvidoria@fmrp.usp.br<\/a><\/p>\n<p>Ap\u00f3s o acolhimento e a an\u00e1lise de cada demanda, a Ouvidoria FMRP-USP as encaminhar\u00e1 e monitorar\u00e1 at\u00e9 o seu encerramento.<\/p>\n<p>No per\u00edodo de 27 de mar\u00e7o de 2019 a 26 de mar\u00e7o de 2020, a Ouvidora FMRP-USP \u00e9 a Profa. Dra. Maria de Lourdes Veronese Rodrigues.","protected":false},"excerpt":{"rendered":"<p>A FMRP, com a finalidade de aprimorar o seu canal de comunica\u00e7\u00e3o com a comunidade interna e externa, criou, em [&hellip;]<\/p>\n","protected":false},"author":635,"featured_media":0,"parent":193,"menu_order":0,"comment_status":"closed","ping_status":"closed","template":"","meta":{"ocean_post_layout":"","ocean_both_sidebars_style":"","ocean_both_sidebars_content_width":0,"ocean_both_sidebars_sidebars_width":0,"ocean_sidebar":"","ocean_second_sidebar":"","ocean_disable_margins":"enable","ocean_add_body_class":"","ocean_shortcode_before_top_bar":"","ocean_shortcode_after_top_bar":"","ocean_shortcode_before_header":"","ocean_shortcode_after_header":"","ocean_has_shortcode":"","ocean_shortcode_after_title":"","ocean_shortcode_before_footer_widgets":"","ocean_shortcode_after_footer_widgets":"","ocean_shortcode_before_footer_bottom":"","ocean_shortcode_after_footer_bottom":"","ocean_display_top_bar":"default","ocean_display_header":"default","ocean_header_style":"","ocean_center_header_left_menu":"","ocean_custom_header_template":"","ocean_custom_logo":0,"ocean_custom_retina_logo":0,"ocean_custom_logo_max_width":0,"ocean_custom_logo_tablet_max_width":0,"ocean_custom_logo_mobile_max_width":0,"ocean_custom_logo_max_height":0,"ocean_custom_logo_tablet_max_height":0,"ocean_custom_logo_mobile_max_height":0,"ocean_header_custom_menu":"","ocean_menu_typo_font_family":"","ocean_menu_typo_font_subset":"","ocean_menu_typo_font_size":0,"ocean_menu_typo_font_size_tablet":0,"ocean_menu_typo_font_size_mobile":0,"ocean_menu_typo_font_size_unit":"px","ocean_menu_typo_font_weight":"","ocean_menu_typo_font_weight_tablet":"","ocean_menu_typo_font_weight_mobile":"","ocean_menu_typo_transform":"","ocean_menu_typo_transform_tablet":"","ocean_menu_typo_transform_mobile":"","ocean_menu_typo_line_height":0,"ocean_menu_typo_line_height_tablet":0,"ocean_menu_typo_line_height_mobile":0,"ocean_menu_typo_line_height_unit":"","ocean_menu_typo_spacing":0,"ocean_menu_typo_spacing_tablet":0,"ocean_menu_typo_spacing_mobile":0,"ocean_menu_typo_spacing_unit":"","ocean_menu_link_color":"","ocean_menu_link_color_hover":"","ocean_menu_link_color_active":"","ocean_menu_link_background":"","ocean_menu_link_hover_background":"","ocean_menu_link_active_background":"","ocean_menu_social_links_bg":"","ocean_menu_social_hover_links_bg":"","ocean_menu_social_links_color":"","ocean_menu_social_hover_links_color":"","ocean_disable_title":"default","ocean_disable_heading":"default","ocean_post_title":"","ocean_post_subheading":"","ocean_post_title_style":"","ocean_post_title_background_color":"","ocean_post_title_background":0,"ocean_post_title_bg_image_position":"","ocean_post_title_bg_image_attachment":"","ocean_post_title_bg_image_repeat":"","ocean_post_title_bg_image_size":"","ocean_post_title_height":0,"ocean_post_title_bg_overlay":0.5,"ocean_post_title_bg_overlay_color":"","ocean_disable_breadcrumbs":"default","ocean_breadcrumbs_color":"","ocean_breadcrumbs_separator_color":"","ocean_breadcrumbs_links_color":"","ocean_breadcrumbs_links_hover_color":"","ocean_display_footer_widgets":"default","ocean_display_footer_bottom":"default","ocean_custom_footer_template":"","footnotes":"","_links_to":"","_links_to_target":""},"class_list":["post-3831","page","type-page","status-publish","hentry","entry"],"_links":{"self":[{"href":"https:\/\/sites.usp.br\/devfmrp\/wp-json\/wp\/v2\/pages\/3831","targetHints":{"allow":["GET"]}}],"collection":[{"href":"https:\/\/sites.usp.br\/devfmrp\/wp-json\/wp\/v2\/pages"}],"about":[{"href":"https:\/\/sites.usp.br\/devfmrp\/wp-json\/wp\/v2\/types\/page"}],"author":[{"embeddable":true,"href":"https:\/\/sites.usp.br\/devfmrp\/wp-json\/wp\/v2\/users\/635"}],"replies":[{"embeddable":true,"href":"https:\/\/sites.usp.br\/devfmrp\/wp-json\/wp\/v2\/comments?post=3831"}],"version-history":[{"count":0,"href":"https:\/\/sites.usp.br\/devfmrp\/wp-json\/wp\/v2\/pages\/3831\/revisions"}],"up":[{"embeddable":true,"href":"https:\/\/sites.usp.br\/devfmrp\/wp-json\/wp\/v2\/pages\/193"}],"wp:attachment":[{"href":"https:\/\/sites.usp.br\/devfmrp\/wp-json\/wp\/v2\/media?parent=3831"}],"curies":[{"name":"wp","href":"https:\/\/api.w.org\/{rel}","templated":true}]}}