{"id":634,"date":"2018-03-05T15:23:17","date_gmt":"2018-03-05T18:23:17","guid":{"rendered":"http:\/\/sites.usp.br\/fmrpnew\/?page_id=634"},"modified":"2021-05-07T11:02:51","modified_gmt":"2021-05-07T13:02:51","slug":"entidades-associadas-2","status":"publish","type":"page","link":"https:\/\/sites.usp.br\/devfmrp\/institucional\/entidades-associadas-2\/","title":{"rendered":"Entidades Associadas"},"content":{"rendered":"<ul>\n<li><a title=\"FAEPA\" href=\"http:\/\/www.faepa.br\/\" target=\"_blank\" rel=\"noopener noreferrer\">Funda\u00e7\u00e3o\u00a0de Apoio ao Ensino, Pesquisa e Assist\u00eancia do Hospital das Cl\u00ednicas (FAEPA)<\/a><\/li>\n<li><a title=\"Hospital das Cl\u00ednicas FMRP\" href=\"http:\/\/www.hcrp.fmrp.usp.br\/sitehc\/\" target=\"_blank\" rel=\"noopener noreferrer\">Hospital\u00a0das Cl\u00ednicas da Faculdade de Medicina de Ribeir\u00e3o Preto (HCFMRP<\/a>)<\/li>\n<li>Unidade\u00a0de Emerg\u00eancia do HCFMRP (UE)<\/li>\n<li><a href=\"http:\/\/www.hcrp.fmrp.usp.br\/cer\/\" target=\"_blank\" rel=\"noopener noreferrer\">Centro\u00a0de Reabilita\u00e7\u00e3o (CER) &#8211; Rede Lucy Montoro<\/a><\/li>\n<li>Centro\u00a0de Refer\u00eancia da Sa\u00fade da Mulher de Ribeir\u00e3o Preto (MATER)<\/li>\n<li><a title=\"Hemocentro de Ribeir\u00e3o Preto\" href=\"http:\/\/www.hemocentro.fmrp.usp.br\/\" target=\"_blank\" rel=\"noopener noreferrer\">Hemocentro\u00a0de Ribeir\u00e3o Preto<\/a><\/li>\n<li>Hospital\u00a0Estadual de Ribeir\u00e3o Preto<\/li>\n<li><a title=\"HEAB\" href=\"http:\/\/www.heab.fmrp.usp.br\/\" target=\"_blank\" rel=\"noopener\">Hospital\u00a0Estadual de Am\u00e9rico Brasiliense (HEAB)<\/a><\/li>\n<li>Hospital\u00a0Estadual de Serrana<\/li>\n<li><a title=\"SVOi\" href=\"http:\/\/svoi.fmrp.usp.br\/\" target=\"_blank\" rel=\"noopener noreferrer\">Servi\u00e7o\u00a0de Verifica\u00e7\u00e3o de \u00d3bitos do Interior (SVOI)<\/a><\/li>\n<\/ul>\n<p>&nbsp;","protected":false},"excerpt":{"rendered":"<p>Funda\u00e7\u00e3o\u00a0de Apoio ao Ensino, Pesquisa e Assist\u00eancia do Hospital das Cl\u00ednicas (FAEPA) Hospital\u00a0das Cl\u00ednicas da Faculdade de Medicina de Ribeir\u00e3o [&hellip;]<\/p>\n","protected":false},"author":635,"featured_media":0,"parent":193,"menu_order":70,"comment_status":"closed","ping_status":"closed","template":"","meta":{"ocean_post_layout":"","ocean_both_sidebars_style":"","ocean_both_sidebars_content_width":0,"ocean_both_sidebars_sidebars_width":0,"ocean_sidebar":"0","ocean_second_sidebar":"0","ocean_disable_margins":"enable","ocean_add_body_class":"","ocean_shortcode_before_top_bar":"","ocean_shortcode_after_top_bar":"","ocean_shortcode_before_header":"","ocean_shortcode_after_header":"","ocean_has_shortcode":"","ocean_shortcode_after_title":"","ocean_shortcode_before_footer_widgets":"","ocean_shortcode_after_footer_widgets":"","ocean_shortcode_before_footer_bottom":"","ocean_shortcode_after_footer_bottom":"","ocean_display_top_bar":"default","ocean_display_header":"default","ocean_header_style":"","ocean_center_header_left_menu":"0","ocean_custom_header_template":"0","ocean_custom_logo":0,"ocean_custom_retina_logo":0,"ocean_custom_logo_max_width":0,"ocean_custom_logo_tablet_max_width":0,"ocean_custom_logo_mobile_max_width":0,"ocean_custom_logo_max_height":0,"ocean_custom_logo_tablet_max_height":0,"ocean_custom_logo_mobile_max_height":0,"ocean_header_custom_menu":"0","ocean_menu_typo_font_family":"0","ocean_menu_typo_font_subset":"","ocean_menu_typo_font_size":0,"ocean_menu_typo_font_size_tablet":0,"ocean_menu_typo_font_size_mobile":0,"ocean_menu_typo_font_size_unit":"px","ocean_menu_typo_font_weight":"","ocean_menu_typo_font_weight_tablet":"","ocean_menu_typo_font_weight_mobile":"","ocean_menu_typo_transform":"","ocean_menu_typo_transform_tablet":"","ocean_menu_typo_transform_mobile":"","ocean_menu_typo_line_height":0,"ocean_menu_typo_line_height_tablet":0,"ocean_menu_typo_line_height_mobile":0,"ocean_menu_typo_line_height_unit":"","ocean_menu_typo_spacing":0,"ocean_menu_typo_spacing_tablet":0,"ocean_menu_typo_spacing_mobile":0,"ocean_menu_typo_spacing_unit":"","ocean_menu_link_color":"","ocean_menu_link_color_hover":"","ocean_menu_link_color_active":"","ocean_menu_link_background":"","ocean_menu_link_hover_background":"","ocean_menu_link_active_background":"","ocean_menu_social_links_bg":"","ocean_menu_social_hover_links_bg":"","ocean_menu_social_links_color":"","ocean_menu_social_hover_links_color":"","ocean_disable_title":"default","ocean_disable_heading":"default","ocean_post_title":"","ocean_post_subheading":"","ocean_post_title_style":"","ocean_post_title_background_color":"","ocean_post_title_background":0,"ocean_post_title_bg_image_position":"","ocean_post_title_bg_image_attachment":"","ocean_post_title_bg_image_repeat":"","ocean_post_title_bg_image_size":"","ocean_post_title_height":0,"ocean_post_title_bg_overlay":0.5,"ocean_post_title_bg_overlay_color":"","ocean_disable_breadcrumbs":"default","ocean_breadcrumbs_color":"","ocean_breadcrumbs_separator_color":"","ocean_breadcrumbs_links_color":"","ocean_breadcrumbs_links_hover_color":"","ocean_display_footer_widgets":"default","ocean_display_footer_bottom":"default","ocean_custom_footer_template":"0","footnotes":"","_links_to":"","_links_to_target":""},"class_list":["post-634","page","type-page","status-publish","hentry","entry"],"_links":{"self":[{"href":"https:\/\/sites.usp.br\/devfmrp\/wp-json\/wp\/v2\/pages\/634","targetHints":{"allow":["GET"]}}],"collection":[{"href":"https:\/\/sites.usp.br\/devfmrp\/wp-json\/wp\/v2\/pages"}],"about":[{"href":"https:\/\/sites.usp.br\/devfmrp\/wp-json\/wp\/v2\/types\/page"}],"author":[{"embeddable":true,"href":"https:\/\/sites.usp.br\/devfmrp\/wp-json\/wp\/v2\/users\/635"}],"replies":[{"embeddable":true,"href":"https:\/\/sites.usp.br\/devfmrp\/wp-json\/wp\/v2\/comments?post=634"}],"version-history":[{"count":1,"href":"https:\/\/sites.usp.br\/devfmrp\/wp-json\/wp\/v2\/pages\/634\/revisions"}],"predecessor-version":[{"id":6871,"href":"https:\/\/sites.usp.br\/devfmrp\/wp-json\/wp\/v2\/pages\/634\/revisions\/6871"}],"up":[{"embeddable":true,"href":"https:\/\/sites.usp.br\/devfmrp\/wp-json\/wp\/v2\/pages\/193"}],"wp:attachment":[{"href":"https:\/\/sites.usp.br\/devfmrp\/wp-json\/wp\/v2\/media?parent=634"}],"curies":[{"name":"wp","href":"https:\/\/api.w.org\/{rel}","templated":true}]}}