{"id":164,"date":"2021-07-01T00:00:30","date_gmt":"2021-07-01T02:00:30","guid":{"rendered":"https:\/\/sites.usp.br\/df\/?page_id=164"},"modified":"2025-01-23T18:27:02","modified_gmt":"2025-01-23T20:27:02","slug":"legislacoes","status":"publish","type":"page","link":"https:\/\/sites.usp.br\/df\/legislacoes\/","title":{"rendered":"Legisla\u00e7\u00f5es"},"content":{"rendered":"<ul>\n<li><span style=\"color: #000000;\"><strong><a style=\"color: #000000;\" href=\"http:\/\/www.planalto.gov.br\/ccivil_03\/Leis\/LCP\/Lcp101.htm\" target=\"_blank\" rel=\"noopener\">Lei Complementar n\u00ba 101\/2000 &#8211; LRF<\/a><\/strong><\/span><\/li>\n<li><span style=\"color: #000000;\"><strong><a style=\"color: #000000;\" href=\"http:\/\/www.planalto.gov.br\/ccivil_03\/Leis\/L4320compilado.htm\" target=\"_blank\" rel=\"noopener\">Lei n\u00ba 4320\/1964 &#8211; Normas Gerais de Direito Financeiro<\/a><\/strong><\/span><\/li>\n<li><span style=\"color: #000000;\"><strong><a style=\"color: #000000;\" href=\"https:\/\/sites.usp.br\/df\/wp-content\/uploads\/sites\/678\/2025\/01\/Portaria-SO-no-04.2025.pdf\" target=\"_blank\" rel=\"noopener\">Portaria SO n\u00ba 04\/2025 &#8211; Classifica\u00e7\u00e3o da Despesa Or\u00e7ament\u00e1ria por Natureza<\/a><\/strong><\/span><\/li>\n<li><span style=\"color: #000000;\"><strong><a style=\"color: #000000;\" href=\"https:\/\/sites.usp.br\/df\/wp-content\/uploads\/sites\/678\/2023\/08\/Portaria-Conjunta-CGE-CAF-01.2023.pdf\" target=\"_blank\" rel=\"noopener\">Portaria Conjunta CGE\/CAF n\u00ba 01\/2023<\/a><\/strong><\/span><\/li>\n<li><span style=\"color: #000000;\"><strong><a style=\"color: #000000;\" href=\"https:\/\/legislacao.fazenda.sp.gov.br\/Paginas\/pcat1622008.aspx\" target=\"_blank\" rel=\"noopener\">Portaria CAT n\u00ba 162\/2008 &#8211; Disp\u00f5e sobre a emiss\u00e3o da NF-e e do DANFE<\/a><\/strong><\/span><\/li>\n<li><span style=\"color: #000000;\"><strong><a style=\"color: #000000;\" href=\"http:\/\/www.planalto.gov.br\/ccivil_03\/_ato2019-2022\/2021\/lei\/L14133.htm\" target=\"_blank\" rel=\"noopener\">Lei n\u00ba 14133\/2021 &#8211; Lei de Licita\u00e7\u00f5es e Contratos Administrativos<\/a><\/strong><\/span><\/li>\n<li><span style=\"color: #000000;\"><strong><a style=\"color: #000000;\" href=\"https:\/\/www.al.sp.gov.br\/repositorio\/legislacao\/decreto\/2018\/decreto-63316-26.03.2018.html\" target=\"_blank\" rel=\"noopener\">Decreto Estadual n\u00ba 63316\/2018 &#8211; Banco Eletr\u00f4nico de Pre\u00e7os (Pre\u00e7os SP)<\/a><\/strong><\/span><\/li>\n<li><span style=\"color: #000000;\"><strong><a style=\"color: #000000;\" href=\"https:\/\/www.al.sp.gov.br\/repositorio\/legislacao\/decreto\/2017\/decreto-62867-03.10.2017.html\" target=\"_blank\" rel=\"noopener\">Decreto Estadual n\u00ba 62867\/2017 &#8211; Opera\u00e7\u00f5es financeiras junto ao Banco do Brasil<\/a><\/strong><\/span><\/li>\n<li><span style=\"color: #000000;\"><strong><a style=\"color: #000000;\" href=\"https:\/\/www.al.sp.gov.br\/repositorio\/legislacao\/decreto\/2009\/decreto-53980-29.01.2009.html\" target=\"_blank\" rel=\"noopener\">Decreto Estadual n\u00ba 53980\/2009 &#8211; Regime de Adiantamento<\/a><\/strong><\/span><\/li>\n<\/ul>\n<p>&nbsp;<\/p>\n<p><strong>Portarias GR<\/strong><\/p>\n<ul>\n<li><span style=\"color: #000000;\"><strong><strong><a style=\"color: #000000;\" href=\"https:\/\/leginf.usp.br\/?portaria=portaria-gr-no-8321-de-19-de-janeiro-de-2024\" target=\"_blank\" rel=\"noopener\">Delega\u00e7\u00e3o de Compet\u00eancia<\/a><\/strong><\/strong><\/span><\/li>\n<li><span style=\"color: #000000;\"><strong><strong><a style=\"color: #000000;\" href=\"https:\/\/leginf.usp.br\/?resolucao=resolucao-no-8548-de-13-de-dezembro-de-2023\" target=\"_blank\" rel=\"noopener\">Aplica\u00e7\u00e3o de San\u00e7\u00f5es Administrativas<\/a><\/strong><\/strong><\/span><\/li>\n<li><span style=\"color: #000000;\"><a style=\"color: #000000;\" href=\"https:\/\/leginf.usp.br\/?portaria=portaria-gr-no-8249-de-12-de-dezembro-de-2023\" target=\"_blank\" rel=\"noopener\"><strong>Condi\u00e7\u00f5es de Pagamento<\/strong><\/a><\/span><\/li>\n<li><span style=\"color: #000000;\"><strong><a style=\"color: #000000;\" href=\"http:\/\/www.leginf.usp.br\/?portaria=portaria-gr-no5388-de-02-dezembro-de-2011\" target=\"_blank\" rel=\"noopener\">Concess\u00e3o de Adiantamentos de Fundos<\/a><\/strong><\/span><\/li>\n<li><span style=\"color: #000000;\"><strong><a style=\"color: #000000;\" href=\"http:\/\/www.leginf.usp.br\/?portaria=consolidada-portaria-gr-no-5721-de-21-de-junho-de-2012\" target=\"_blank\" rel=\"noopener\">Fundo de Cobertura de Acidentes Pessoais<\/a><\/strong><\/span><\/li>\n<li><span style=\"color: #000000;\"><strong><a style=\"color: #000000;\" href=\"http:\/\/www.leginf.usp.br\/?portaria=portaria-gr-no-3320-de-14-de-janeiro-de-2002\" target=\"_blank\" rel=\"noopener\">Regime de Quilometragem<\/a> e <a style=\"color: #000000;\" href=\"http:\/\/www.leginf.usp.br\/?post_type=portaria&amp;p=10379\" target=\"_blank\" rel=\"noopener\">altera\u00e7\u00f5es<\/a><\/strong><\/span><\/li>\n<\/ul>\n<p>&nbsp;<\/p>\n<p><strong>Tribunal de Contas do Estado de S\u00e3o Paulo<\/strong><\/p>\n<ul>\n<li><span style=\"color: #000000;\"><strong><a style=\"color: #000000;\" href=\"https:\/\/www.tce.sp.gov.br\/legislacao\/instrucao\/instrucoes-12024\" target=\"_blank\" rel=\"noopener\">Instru\u00e7\u00f5es n\u00ba 01\/2024<\/a><\/strong><\/span><\/li>\n<li><span style=\"color: #000000;\"><strong><a style=\"color: #000000;\" href=\"https:\/\/www.tce.sp.gov.br\/legislacao\/resolucao\/atualiza-e-aperfeicoa-repertorio-sumulas-jurisprudencia\" target=\"_blank\" rel=\"noopener\">Repert\u00f3rio de S\u00famulas<\/a><\/strong><\/span><\/li>\n<li><span style=\"color: #000000;\"><strong><a style=\"color: #000000;\" href=\"https:\/\/www.tce.sp.gov.br\/comunicados\" target=\"_blank\" rel=\"noopener\">Comunicados<\/a><\/strong><\/span><\/li>\n<\/ul>\n","protected":false},"excerpt":{"rendered":"<p>Lei Complementar n\u00ba 101\/2000 &#8211; LRF Lei n\u00ba 4320\/1964 &#8211; Normas Gerais de Direito Financeiro Portaria SO n\u00ba 04\/2025 &#8211; Classifica\u00e7\u00e3o da Despesa Or\u00e7ament\u00e1ria por Natureza Portaria Conjunta CGE\/CAF n\u00ba 01\/2023 Portaria CAT n\u00ba 162\/2008 &#8211; Disp\u00f5e sobre a emiss\u00e3o da NF-e e do DANFE Lei n\u00ba 14133\/2021 &#8211; Lei de Licita\u00e7\u00f5es e Contratos Administrativos Decreto Estadual n\u00ba 63316\/2018 &#8211; Banco Eletr\u00f4nico de Pre\u00e7os (Pre\u00e7os SP) Decreto Estadual n\u00ba 62867\/2017 &#8211; Opera\u00e7\u00f5es financeiras junto ao Banco do Brasil Decreto Estadual n\u00ba 53980\/2009 &#8211; Regime de Adiantamento &nbsp; Portarias GR Delega\u00e7\u00e3o de Compet\u00eancia Aplica\u00e7\u00e3o de San\u00e7\u00f5es Administrativas Condi\u00e7\u00f5es de Pagamento Concess\u00e3o de Adiantamentos de Fundos Fundo de Cobertura de Acidentes Pessoais Regime de Quilometragem e altera\u00e7\u00f5es &nbsp; Tribunal de Contas do Estado de S\u00e3o Paulo Instru\u00e7\u00f5es n\u00ba 01\/2024 Repert\u00f3rio de S\u00famulas Comunicados<\/p>\n","protected":false},"author":1304,"featured_media":0,"parent":0,"menu_order":26,"comment_status":"closed","ping_status":"closed","template":"","meta":{"footnotes":"","_links_to":"","_links_to_target":""},"class_list":["post-164","page","type-page","status-publish","hentry"],"_links":{"self":[{"href":"https:\/\/sites.usp.br\/df\/wp-json\/wp\/v2\/pages\/164","targetHints":{"allow":["GET"]}}],"collection":[{"href":"https:\/\/sites.usp.br\/df\/wp-json\/wp\/v2\/pages"}],"about":[{"href":"https:\/\/sites.usp.br\/df\/wp-json\/wp\/v2\/types\/page"}],"author":[{"embeddable":true,"href":"https:\/\/sites.usp.br\/df\/wp-json\/wp\/v2\/users\/1304"}],"replies":[{"embeddable":true,"href":"https:\/\/sites.usp.br\/df\/wp-json\/wp\/v2\/comments?post=164"}],"version-history":[{"count":5,"href":"https:\/\/sites.usp.br\/df\/wp-json\/wp\/v2\/pages\/164\/revisions"}],"predecessor-version":[{"id":1250,"href":"https:\/\/sites.usp.br\/df\/wp-json\/wp\/v2\/pages\/164\/revisions\/1250"}],"wp:attachment":[{"href":"https:\/\/sites.usp.br\/df\/wp-json\/wp\/v2\/media?parent=164"}],"curies":[{"name":"wp","href":"https:\/\/api.w.org\/{rel}","templated":true}]}}