{"id":304,"date":"2021-07-01T00:00:22","date_gmt":"2021-07-01T02:00:22","guid":{"rendered":"https:\/\/sites.usp.br\/df\/?page_id=304"},"modified":"2026-03-18T17:42:45","modified_gmt":"2026-03-18T19:42:45","slug":"publicacoes","status":"publish","type":"page","link":"https:\/\/sites.usp.br\/df\/publicacoes\/","title":{"rendered":"Publica\u00e7\u00f5es"},"content":{"rendered":"<p><strong>Instru\u00e7\u00f5es Gerais<\/strong><\/p>\n<ul>\n<li><strong><span style=\"color: #000000;\"><a style=\"color: #000000;\" href=\"http:\/\/sites.usp.br\/df\/wp-content\/uploads\/sites\/678\/2026\/01\/Instrucoes-Gerais-Abertura-do-Orcamento-2026.pdf\" target=\"_blank\" rel=\"noopener\">Abertura do Exerc\u00edcio 2026<\/a><\/span><\/strong><\/li>\n<li><span style=\"color: #000000;\"><a style=\"color: #000000;\" href=\"https:\/\/sites.usp.br\/df\/wp-content\/uploads\/sites\/678\/2025\/11\/Instrucoes-Gerais-Encerramento-Exercicio-2025.pdf\" target=\"_blank\" rel=\"noopener\"><strong>Encerramento do Exerc\u00edcio 2025<\/strong><\/a><\/span><\/li>\n<li><strong><span style=\"color: #000000;\"><a style=\"color: #000000;\" href=\"https:\/\/sites.usp.br\/df\/wp-content\/uploads\/sites\/678\/2025\/10\/Instrucoes-Gerais-Inscricao-em-Restos-a-Pagar-2025.pdf\" target=\"_blank\" rel=\"noopener\">Inscri\u00e7\u00e3o em Restos a Pagar 2025<\/a><\/span><\/strong><\/li>\n<li><strong><span style=\"color: #000000;\"><a style=\"color: #000000;\" href=\"https:\/\/sites.usp.br\/df\/wp-content\/uploads\/sites\/678\/2023\/08\/Instrucoes-Gerais-IRRF-PJ.pdf\" target=\"_blank\" rel=\"noopener\">IRRF\/PJ &#8211; IN RFB n\u00ba 1.234\/2012<\/a><\/span><\/strong><\/li>\n<li><span style=\"color: #000000;\"><strong><a style=\"color: #000000;\" href=\"https:\/\/sites.usp.br\/df\/wp-content\/uploads\/sites\/678\/2022\/07\/Instrucoes-Fontes-e-Subfontes.pdf\" target=\"_blank\" rel=\"noopener\">Fontes e Subfontes<\/a><\/strong><\/span><\/li>\n<li><strong><span style=\"color: #000000;\"><a style=\"color: #000000;\" href=\"https:\/\/sites.usp.br\/df\/wp-content\/uploads\/sites\/678\/2024\/05\/Instrucoes-Reembolso-Quilometragem-versao-2.pdf\" target=\"_blank\" rel=\"noopener\">Reembolso de Despesas com Ve\u00edculo Pr\u00f3prio<\/a><\/span><\/strong><\/li>\n<li><strong><span style=\"color: #000000;\"><a style=\"color: #000000;\" href=\"https:\/\/sites.usp.br\/df\/wp-content\/uploads\/sites\/678\/2022\/07\/Instrucoes-Cadastro-Nacional-de-Obras.pdf\" target=\"_blank\" rel=\"noopener\"><strong>Cadastro Nacional de Obras<\/strong><\/a><\/span><\/strong><\/li>\n<\/ul>\n<p>&nbsp;<\/p>\n<p><strong>Perguntas Frequentes<\/strong><\/p>\n<ul>\n<li><span style=\"color: #000000;\"><strong><a style=\"color: #000000;\" href=\"https:\/\/sites.usp.br\/df\/wp-content\/uploads\/sites\/678\/2022\/07\/FAQ-Diarias.pdf\" target=\"_blank\" rel=\"noopener\">Di\u00e1rias<\/a><\/strong><\/span><\/li>\n<li><span style=\"color: #000000;\"><strong><a style=\"color: #000000;\" href=\"https:\/\/sites.usp.br\/df\/wp-content\/uploads\/sites\/678\/2024\/11\/FAQ-Reembolso-Quilometragem-versao-2.pdf\" target=\"_blank\" rel=\"noopener\">Reembolso de Despesas com Ve\u00edculos Pr\u00f3prios<\/a><\/strong><\/span><\/li>\n<\/ul>\n<p>&nbsp;<\/p>\n<p><strong>Roteiros e Formul\u00e1rios<\/strong><\/p>\n<ul>\n<li><span style=\"color: #000000;\"><strong><a style=\"color: #000000;\" href=\"http:\/\/sites.usp.br\/df\/wp-content\/uploads\/sites\/678\/2026\/01\/Instrucoes-Adiantamento-SEI.pdf\" target=\"_blank\" rel=\"noopener\">Adiantamentos SEI<\/a><\/strong><\/span><\/li>\n<li><span style=\"color: #000000;\"><strong><a style=\"color: #000000;\" href=\"https:\/\/sites.usp.br\/df\/wp-content\/uploads\/sites\/678\/2025\/10\/Roteiro-Emissao-Guia-ISS-Sao-Paulo-versao-2.pdf\" target=\"_blank\" rel=\"noopener\">Emiss\u00e3o de Guia Recolhimento ISS\/SP<\/a><\/strong><\/span><\/li>\n<li><span style=\"color: #000000;\"><strong><a style=\"color: #000000;\" href=\"https:\/\/sites.usp.br\/df\/wp-content\/uploads\/sites\/678\/2025\/02\/Roteiro-Recebimentos-por-Pix.pdf\" target=\"_blank\" rel=\"noopener\">Recebimentos por Pix<\/a><\/strong><\/span><\/li>\n<li><span style=\"color: #000000;\"><strong><a style=\"color: #000000;\" href=\"https:\/\/sites.usp.br\/df\/wp-content\/uploads\/sites\/678\/2022\/08\/Roteiro-EFD-Reinf.pdf\" target=\"_blank\" rel=\"noopener\">Roteiro EFD-Reinf<\/a><\/strong><\/span><\/li>\n<li><span style=\"color: #000000;\"><a style=\"color: #000000;\" href=\"https:\/\/sites.usp.br\/df\/wp-content\/uploads\/sites\/678\/2022\/07\/Instrucoes-Rotina-de-Pagamentos.pdf\" target=\"_blank\" rel=\"noopener\"><strong>Manual de Pagamentos de Empenhos Ordin\u00e1rios e Estimativos<\/strong><\/a><\/span><\/li>\n<li><span style=\"color: #000000;\"><strong><a style=\"color: #000000;\" href=\"https:\/\/sites.usp.br\/df\/wp-content\/uploads\/sites\/678\/2021\/06\/Roteiro-Pagamento-de-Diarias-de-Uso-de-Veiculo.pdf\" target=\"_blank\" rel=\"noopener\">Pagamento de Di\u00e1rias de Uso de Ve\u00edculo<\/a><\/strong><\/span><\/li>\n<li><span style=\"color: #000000;\"><strong><a style=\"color: #000000;\" href=\"https:\/\/sites.usp.br\/df\/wp-content\/uploads\/sites\/678\/2021\/06\/Roteiro-Conferencia-de-Licitacoes.xls\" target=\"_blank\" rel=\"noopener\">Confer\u00eancia de Licita\u00e7\u00f5es<\/a><\/strong><\/span><\/li>\n<li><span style=\"color: #000000;\"><strong><a style=\"color: #000000;\" href=\"https:\/\/sites.usp.br\/df\/wp-content\/uploads\/sites\/678\/2021\/06\/Formulario-Inscricao-de-Veiculo-Regime-de-Quilometragem.pdf\" target=\"_blank\" rel=\"noopener\">Inscri\u00e7\u00e3o de Ve\u00edculo no Regime de Quilometragem<\/a><\/strong><\/span><\/li>\n<li><span style=\"color: #000000;\"><strong><a style=\"color: #000000;\" href=\"https:\/\/sites.usp.br\/df\/wp-content\/uploads\/sites\/678\/2026\/03\/Formulario-Regime-de-Quilometragem.xlsx\" target=\"_blank\" rel=\"noopener\">C\u00e1lculo do Regime de Quilometragem<\/a><\/strong><\/span><\/li>\n<li><span style=\"color: #000000;\"><a style=\"color: #000000;\" href=\"https:\/\/sites.usp.br\/df\/wp-content\/uploads\/sites\/678\/2022\/07\/Emissao-Empenho-Web.pdf\" target=\"_blank\" rel=\"noopener\"><strong>Roteiro para Emiss\u00e3o de Empenho<\/strong><\/a><\/span><\/li>\n<li><span style=\"color: #000000;\"><a style=\"color: #000000;\" href=\"https:\/\/sites.usp.br\/df\/wp-content\/uploads\/sites\/678\/2022\/08\/Roteiro-Cancelamento-de-Restos-a-Pagar.pdf\" target=\"_blank\" rel=\"noopener\"><strong>Cancelamento de Restos a Pagar<\/strong><\/a><\/span><\/li>\n<li><span style=\"color: #000000;\"><a style=\"color: #000000;\" href=\"https:\/\/sites.usp.br\/df\/wp-content\/uploads\/sites\/678\/2024\/06\/Requerimento-Devolucao-Financeira.pdf\" target=\"_blank\" rel=\"noopener\"><strong>Requerimento de Devolu\u00e7\u00e3o Financeira<\/strong><\/a><\/span><\/li>\n<\/ul>\n<p>&nbsp;<\/p>\n<p><strong>Documentos 2025 TCE\/SP<\/strong><\/p>\n<ul>\n<li><span style=\"color: #000000;\"><a style=\"color: #000000;\" href=\"http:\/\/sites.usp.br\/df\/wp-content\/uploads\/sites\/678\/2026\/02\/Relacao-Processos-TCE-2025.pdf\" target=\"_blank\" rel=\"noopener\"><strong>Rela\u00e7\u00e3o de Processos e-TCESP 2025<\/strong><\/a><\/span><\/li>\n<li><span style=\"color: #000000;\"><strong><a style=\"color: #000000;\" href=\"http:\/\/sites.usp.br\/df\/wp-content\/uploads\/sites\/678\/2026\/02\/Furto-e-Extravio-2025-Bens-Permanentes.xlsx\" target=\"_blank\" rel=\"noopener\">Rela\u00e7\u00e3o de Processos de Furtos e\/ou Extravios de Bens Permanentes 2025 (formul\u00e1rio-modelo)<\/a><\/strong><\/span><\/li>\n<\/ul>\n","protected":false},"excerpt":{"rendered":"<p>Instru\u00e7\u00f5es Gerais Abertura do Exerc\u00edcio 2026 Encerramento do Exerc\u00edcio 2025 Inscri\u00e7\u00e3o em Restos a Pagar 2025 IRRF\/PJ &#8211; IN RFB n\u00ba 1.234\/2012 Fontes e Subfontes Reembolso de Despesas com Ve\u00edculo Pr\u00f3prio Cadastro Nacional de Obras &nbsp; Perguntas Frequentes Di\u00e1rias Reembolso de Despesas com Ve\u00edculos Pr\u00f3prios &nbsp; Roteiros e Formul\u00e1rios Adiantamentos SEI Emiss\u00e3o de Guia Recolhimento ISS\/SP Recebimentos por Pix Roteiro EFD-Reinf Manual de Pagamentos de Empenhos Ordin\u00e1rios e Estimativos Pagamento de Di\u00e1rias de Uso de Ve\u00edculo Confer\u00eancia de Licita\u00e7\u00f5es Inscri\u00e7\u00e3o de Ve\u00edculo no Regime de Quilometragem C\u00e1lculo do Regime de Quilometragem Roteiro para Emiss\u00e3o de Empenho Cancelamento de Restos a Pagar Requerimento de Devolu\u00e7\u00e3o Financeira &nbsp; Documentos 2025 TCE\/SP Rela\u00e7\u00e3o de Processos e-TCESP 2025 Rela\u00e7\u00e3o de Processos de Furtos e\/ou Extravios de Bens Permanentes 2025 (formul\u00e1rio-modelo)<\/p>\n","protected":false},"author":1304,"featured_media":0,"parent":0,"menu_order":24,"comment_status":"closed","ping_status":"closed","template":"","meta":{"footnotes":"","_links_to":"","_links_to_target":""},"class_list":["post-304","page","type-page","status-publish","hentry"],"_links":{"self":[{"href":"https:\/\/sites.usp.br\/df\/wp-json\/wp\/v2\/pages\/304","targetHints":{"allow":["GET"]}}],"collection":[{"href":"https:\/\/sites.usp.br\/df\/wp-json\/wp\/v2\/pages"}],"about":[{"href":"https:\/\/sites.usp.br\/df\/wp-json\/wp\/v2\/types\/page"}],"author":[{"embeddable":true,"href":"https:\/\/sites.usp.br\/df\/wp-json\/wp\/v2\/users\/1304"}],"replies":[{"embeddable":true,"href":"https:\/\/sites.usp.br\/df\/wp-json\/wp\/v2\/comments?post=304"}],"version-history":[{"count":6,"href":"https:\/\/sites.usp.br\/df\/wp-json\/wp\/v2\/pages\/304\/revisions"}],"predecessor-version":[{"id":1448,"href":"https:\/\/sites.usp.br\/df\/wp-json\/wp\/v2\/pages\/304\/revisions\/1448"}],"wp:attachment":[{"href":"https:\/\/sites.usp.br\/df\/wp-json\/wp\/v2\/media?parent=304"}],"curies":[{"name":"wp","href":"https:\/\/api.w.org\/{rel}","templated":true}]}}