{"id":313,"date":"2021-07-01T00:00:55","date_gmt":"2021-07-01T02:00:55","guid":{"rendered":"https:\/\/sites.usp.br\/df\/?page_id=313"},"modified":"2025-08-11T16:19:13","modified_gmt":"2025-08-11T18:19:13","slug":"execucao-controle","status":"publish","type":"page","link":"https:\/\/sites.usp.br\/df\/areas\/execucao-controle\/","title":{"rendered":"Divis\u00e3o de Execu\u00e7\u00e3o e Controle Or\u00e7ament\u00e1rio"},"content":{"rendered":"<p><strong>Respons\u00e1vel<\/strong><br \/>\nMaria Josineide Fernandes \/ josifernandes@usp.br<\/p>\n<p><strong>Equipe T\u00e9cnica<\/strong><br \/>\nEdna Neves Olimpio de Lima \/ eolimpio@usp.br<br \/>\nRaimunda Santos de Souza Mattos \/ raimattos@usp.br<\/p>\n<p><strong>Contato<\/strong><br \/>\ntelefones: 2648-0404 \/ 3091-3070 \/ 3091-3386 \/ 2648-0525<\/p>\n<p><strong>\u00c1reas Subordinadas<\/strong><br \/>\n<a href=\"https:\/\/sites.usp.br\/df\/areas\/execucao-controle\/execucao-orcamentaria\/\">Servi\u00e7o de Execu\u00e7\u00e3o Or\u00e7ament\u00e1ria<\/a><br \/>\n<a href=\"https:\/\/sites.usp.br\/df\/areas\/execucao-controle\/inspecao\/\">Servi\u00e7o de Inspe\u00e7\u00e3o de Processos<\/a><\/p>\n","protected":false},"excerpt":{"rendered":"<p>Respons\u00e1vel Maria Josineide Fernandes \/ josifernandes@usp.br Equipe T\u00e9cnica Edna Neves Olimpio de Lima \/ eolimpio@usp.br Raimunda Santos de Souza Mattos \/ raimattos@usp.br Contato telefones: 2648-0404 \/ 3091-3070 \/ 3091-3386 \/ 2648-0525 \u00c1reas Subordinadas Servi\u00e7o de Execu\u00e7\u00e3o Or\u00e7ament\u00e1ria Servi\u00e7o de Inspe\u00e7\u00e3o de Processos<\/p>\n","protected":false},"author":1304,"featured_media":0,"parent":431,"menu_order":2,"comment_status":"closed","ping_status":"closed","template":"","meta":{"footnotes":"","_links_to":"","_links_to_target":""},"class_list":["post-313","page","type-page","status-publish","hentry"],"_links":{"self":[{"href":"https:\/\/sites.usp.br\/df\/wp-json\/wp\/v2\/pages\/313","targetHints":{"allow":["GET"]}}],"collection":[{"href":"https:\/\/sites.usp.br\/df\/wp-json\/wp\/v2\/pages"}],"about":[{"href":"https:\/\/sites.usp.br\/df\/wp-json\/wp\/v2\/types\/page"}],"author":[{"embeddable":true,"href":"https:\/\/sites.usp.br\/df\/wp-json\/wp\/v2\/users\/1304"}],"replies":[{"embeddable":true,"href":"https:\/\/sites.usp.br\/df\/wp-json\/wp\/v2\/comments?post=313"}],"version-history":[{"count":5,"href":"https:\/\/sites.usp.br\/df\/wp-json\/wp\/v2\/pages\/313\/revisions"}],"predecessor-version":[{"id":1274,"href":"https:\/\/sites.usp.br\/df\/wp-json\/wp\/v2\/pages\/313\/revisions\/1274"}],"up":[{"embeddable":true,"href":"https:\/\/sites.usp.br\/df\/wp-json\/wp\/v2\/pages\/431"}],"wp:attachment":[{"href":"https:\/\/sites.usp.br\/df\/wp-json\/wp\/v2\/media?parent=313"}],"curies":[{"name":"wp","href":"https:\/\/api.w.org\/{rel}","templated":true}]}}