{"id":395,"date":"2021-07-01T00:00:20","date_gmt":"2021-07-01T02:00:20","guid":{"rendered":"https:\/\/sites.usp.br\/df\/?page_id=395"},"modified":"2026-02-12T19:40:05","modified_gmt":"2026-02-12T21:40:05","slug":"execucao-orcamentaria","status":"publish","type":"page","link":"https:\/\/sites.usp.br\/df\/areas\/execucao-controle\/execucao-orcamentaria\/","title":{"rendered":"Servi\u00e7o de Execu\u00e7\u00e3o Or\u00e7ament\u00e1ria"},"content":{"rendered":"<p><strong>Respons\u00e1vel<\/strong><br \/>\nEmi Mitiko Karube \/ emimitiko@usp.br<\/p>\n<p><strong>Equipe T\u00e9cnica<\/strong><br \/>\nAna Norvinda Gon\u00e7alves \/ norvinda@usp.br<br \/>\nArtur Hiroshi Caldeira Sato \/ artur.sato@usp.br<br \/>\nCamila de Oliveira Pereira \/ camipereira@usp.br<br \/>\nCelma Cristina Cunha Cardoso \/ celmacardoso@usp.br<br \/>\nEric Mauricio Takashi Sato \/ eric.sato@usp.br<br \/>\nMaria Selma Teles Bel\u00e9m \/ selmabelem@usp.br<br \/>\nMaria Sudete de Souza Cr\u00e9 \/ sudete@usp.br<br \/>\nOsvaldo Irineu Bertolino \/ oibertol@usp.br<br \/>\nPriscilla Pinto da Fonseca \/ priscilla.fonseca@usp.br<\/p>\n<p><strong>Contato<\/strong><br \/>\nemail: dfee@usp.br<br \/>\ntelefones: 3091-3322 \/ 3091-6458 \/ 3091-3320 \/ 3091-1821 \/ 3091-8697 \/ 2648-0014 \/ 2648-0236<\/p>\n","protected":false},"excerpt":{"rendered":"<p>Respons\u00e1vel Emi Mitiko Karube \/ emimitiko@usp.br Equipe T\u00e9cnica Ana Norvinda Gon\u00e7alves \/ norvinda@usp.br Artur Hiroshi Caldeira Sato \/ artur.sato@usp.br Camila de Oliveira Pereira \/ camipereira@usp.br Celma Cristina Cunha Cardoso \/ celmacardoso@usp.br Eric Mauricio Takashi Sato \/ eric.sato@usp.br Maria Selma Teles Bel\u00e9m \/ selmabelem@usp.br Maria Sudete de Souza Cr\u00e9 \/ sudete@usp.br Osvaldo Irineu Bertolino \/ oibertol@usp.br Priscilla Pinto da Fonseca \/ priscilla.fonseca@usp.br Contato email: dfee@usp.br telefones: 3091-3322 \/ 3091-6458 \/ 3091-3320 \/ 3091-1821 \/ 3091-8697 \/ 2648-0014 \/ 2648-0236<\/p>\n","protected":false},"author":1304,"featured_media":0,"parent":313,"menu_order":0,"comment_status":"closed","ping_status":"closed","template":"","meta":{"footnotes":"","_links_to":"","_links_to_target":""},"class_list":["post-395","page","type-page","status-publish","hentry"],"_links":{"self":[{"href":"https:\/\/sites.usp.br\/df\/wp-json\/wp\/v2\/pages\/395","targetHints":{"allow":["GET"]}}],"collection":[{"href":"https:\/\/sites.usp.br\/df\/wp-json\/wp\/v2\/pages"}],"about":[{"href":"https:\/\/sites.usp.br\/df\/wp-json\/wp\/v2\/types\/page"}],"author":[{"embeddable":true,"href":"https:\/\/sites.usp.br\/df\/wp-json\/wp\/v2\/users\/1304"}],"replies":[{"embeddable":true,"href":"https:\/\/sites.usp.br\/df\/wp-json\/wp\/v2\/comments?post=395"}],"version-history":[{"count":5,"href":"https:\/\/sites.usp.br\/df\/wp-json\/wp\/v2\/pages\/395\/revisions"}],"predecessor-version":[{"id":1432,"href":"https:\/\/sites.usp.br\/df\/wp-json\/wp\/v2\/pages\/395\/revisions\/1432"}],"up":[{"embeddable":true,"href":"https:\/\/sites.usp.br\/df\/wp-json\/wp\/v2\/pages\/313"}],"wp:attachment":[{"href":"https:\/\/sites.usp.br\/df\/wp-json\/wp\/v2\/media?parent=395"}],"curies":[{"name":"wp","href":"https:\/\/api.w.org\/{rel}","templated":true}]}}