{"id":431,"date":"2021-07-01T00:00:26","date_gmt":"2021-07-01T02:00:26","guid":{"rendered":"https:\/\/sites.usp.br\/df\/?page_id=431"},"modified":"2021-06-30T16:56:11","modified_gmt":"2021-06-30T18:56:11","slug":"areas","status":"publish","type":"page","link":"https:\/\/sites.usp.br\/df\/areas\/","title":{"rendered":"\u00c1reas"},"content":{"rendered":"<p><a href=\"http:\/\/sites.usp.br\/df\/areas\/contadoria-geral\/\">Contadoria Geral<\/a><br \/>\n<a href=\"http:\/\/sites.usp.br\/df\/areas\/execucao-controle\">Divis\u00e3o de Execu\u00e7\u00e3o e Controle Or\u00e7ament\u00e1rio<\/a><br \/>\n<a href=\"http:\/\/sites.usp.br\/df\/areas\/patrimonio-imobiliario\/\">Servi\u00e7o T\u00e9cnico de Patrim\u00f4nio Imobili\u00e1rio<\/a><br \/>\n<a href=\"http:\/\/sites.usp.br\/df\/areas\/tesouraria\/\">Servi\u00e7o de Tesouraria<\/a><\/p>\n","protected":false},"excerpt":{"rendered":"<p>Contadoria Geral Divis\u00e3o de Execu\u00e7\u00e3o e Controle Or\u00e7ament\u00e1rio Servi\u00e7o T\u00e9cnico de Patrim\u00f4nio Imobili\u00e1rio Servi\u00e7o de Tesouraria<\/p>\n","protected":false},"author":1304,"featured_media":0,"parent":0,"menu_order":16,"comment_status":"closed","ping_status":"closed","template":"","meta":{"footnotes":"","_links_to":"","_links_to_target":""},"class_list":["post-431","page","type-page","status-publish","hentry"],"_links":{"self":[{"href":"https:\/\/sites.usp.br\/df\/wp-json\/wp\/v2\/pages\/431","targetHints":{"allow":["GET"]}}],"collection":[{"href":"https:\/\/sites.usp.br\/df\/wp-json\/wp\/v2\/pages"}],"about":[{"href":"https:\/\/sites.usp.br\/df\/wp-json\/wp\/v2\/types\/page"}],"author":[{"embeddable":true,"href":"https:\/\/sites.usp.br\/df\/wp-json\/wp\/v2\/users\/1304"}],"replies":[{"embeddable":true,"href":"https:\/\/sites.usp.br\/df\/wp-json\/wp\/v2\/comments?post=431"}],"version-history":[{"count":4,"href":"https:\/\/sites.usp.br\/df\/wp-json\/wp\/v2\/pages\/431\/revisions"}],"predecessor-version":[{"id":818,"href":"https:\/\/sites.usp.br\/df\/wp-json\/wp\/v2\/pages\/431\/revisions\/818"}],"wp:attachment":[{"href":"https:\/\/sites.usp.br\/df\/wp-json\/wp\/v2\/media?parent=431"}],"curies":[{"name":"wp","href":"https:\/\/api.w.org\/{rel}","templated":true}]}}