{"id":513,"date":"2021-07-01T00:00:34","date_gmt":"2021-07-01T02:00:34","guid":{"rendered":"https:\/\/sites.usp.br\/df\/?page_id=513"},"modified":"2022-07-26T19:01:52","modified_gmt":"2022-07-26T21:01:52","slug":"contadoria-geral","status":"publish","type":"page","link":"https:\/\/sites.usp.br\/df\/areas\/contadoria-geral\/","title":{"rendered":"Contadoria Geral"},"content":{"rendered":"<p><strong>Respons\u00e1vel<\/strong><br \/>\nRoberto Wagner dos Santos \/ roberto.wagner@usp.br<\/p>\n<p><strong>Contato<\/strong><br \/>\nemail: dfc@usp.br<br \/>\ntelefones: 3091-3454 \/ 2648-0418<\/p>\n<p><strong>\u00c1reas Subordinadas<\/strong><br \/>\n<a href=\"http:\/\/sites.usp.br\/df\/areas\/contadoria-geral\/contabilidade-geral\/\">Servi\u00e7o de Contabilidade Geral<\/a><br \/>\n<a href=\"http:\/\/sites.usp.br\/df\/areas\/contadoria-geral\/registros-controles\/\">Servi\u00e7o de Registros e Controles Cont\u00e1beis<\/a><br \/>\n<a href=\"http:\/\/sites.usp.br\/df\/areas\/contadoria-geral\/tributario\/\">Servi\u00e7o Tribut\u00e1rio e Fiscal<\/a><\/p>\n","protected":false},"excerpt":{"rendered":"<p>Respons\u00e1vel Roberto Wagner dos Santos \/ roberto.wagner@usp.br Contato email: dfc@usp.br telefones: 3091-3454 \/ 2648-0418 \u00c1reas Subordinadas Servi\u00e7o de Contabilidade Geral Servi\u00e7o de Registros e Controles Cont\u00e1beis Servi\u00e7o Tribut\u00e1rio e Fiscal<\/p>\n","protected":false},"author":1304,"featured_media":0,"parent":431,"menu_order":0,"comment_status":"closed","ping_status":"closed","template":"","meta":{"footnotes":"","_links_to":"","_links_to_target":""},"class_list":["post-513","page","type-page","status-publish","hentry"],"_links":{"self":[{"href":"https:\/\/sites.usp.br\/df\/wp-json\/wp\/v2\/pages\/513","targetHints":{"allow":["GET"]}}],"collection":[{"href":"https:\/\/sites.usp.br\/df\/wp-json\/wp\/v2\/pages"}],"about":[{"href":"https:\/\/sites.usp.br\/df\/wp-json\/wp\/v2\/types\/page"}],"author":[{"embeddable":true,"href":"https:\/\/sites.usp.br\/df\/wp-json\/wp\/v2\/users\/1304"}],"replies":[{"embeddable":true,"href":"https:\/\/sites.usp.br\/df\/wp-json\/wp\/v2\/comments?post=513"}],"version-history":[{"count":4,"href":"https:\/\/sites.usp.br\/df\/wp-json\/wp\/v2\/pages\/513\/revisions"}],"predecessor-version":[{"id":1075,"href":"https:\/\/sites.usp.br\/df\/wp-json\/wp\/v2\/pages\/513\/revisions\/1075"}],"up":[{"embeddable":true,"href":"https:\/\/sites.usp.br\/df\/wp-json\/wp\/v2\/pages\/431"}],"wp:attachment":[{"href":"https:\/\/sites.usp.br\/df\/wp-json\/wp\/v2\/media?parent=513"}],"curies":[{"name":"wp","href":"https:\/\/api.w.org\/{rel}","templated":true}]}}