{"id":539,"date":"2021-07-01T00:00:58","date_gmt":"2021-07-01T02:00:58","guid":{"rendered":"https:\/\/sites.usp.br\/df\/?page_id=539"},"modified":"2025-08-11T16:02:50","modified_gmt":"2025-08-11T18:02:50","slug":"inspecao","status":"publish","type":"page","link":"https:\/\/sites.usp.br\/df\/areas\/execucao-controle\/inspecao\/","title":{"rendered":"Servi\u00e7o de Inspe\u00e7\u00e3o de Processos"},"content":{"rendered":"<p><strong>Respons\u00e1vel<\/strong><br \/>\nRosemeire de Paula Sousa \/ rpsousa@usp.br<\/p>\n<p><strong>Equipe T\u00e9cnica<\/strong><br \/>\nDaniella Passadore Neves Bruschi \/ danipn@usp.br<br \/>\nHelson Victor de Moraes \/ hhvictor@usp.br<\/p>\n<p><strong>Contato<\/strong><br \/>\nemail: dfei@usp.br<br \/>\ntelefones: 3091-3384 \/ 2648-0542 \/ 2648-0415<\/p>\n","protected":false},"excerpt":{"rendered":"<p>Respons\u00e1vel Rosemeire de Paula Sousa \/ rpsousa@usp.br Equipe T\u00e9cnica Daniella Passadore Neves Bruschi \/ danipn@usp.br Helson Victor de Moraes \/ hhvictor@usp.br Contato email: dfei@usp.br telefones: 3091-3384 \/ 2648-0542 \/ 2648-0415<\/p>\n","protected":false},"author":1304,"featured_media":0,"parent":313,"menu_order":0,"comment_status":"closed","ping_status":"closed","template":"","meta":{"footnotes":"","_links_to":"","_links_to_target":""},"class_list":["post-539","page","type-page","status-publish","hentry"],"_links":{"self":[{"href":"https:\/\/sites.usp.br\/df\/wp-json\/wp\/v2\/pages\/539","targetHints":{"allow":["GET"]}}],"collection":[{"href":"https:\/\/sites.usp.br\/df\/wp-json\/wp\/v2\/pages"}],"about":[{"href":"https:\/\/sites.usp.br\/df\/wp-json\/wp\/v2\/types\/page"}],"author":[{"embeddable":true,"href":"https:\/\/sites.usp.br\/df\/wp-json\/wp\/v2\/users\/1304"}],"replies":[{"embeddable":true,"href":"https:\/\/sites.usp.br\/df\/wp-json\/wp\/v2\/comments?post=539"}],"version-history":[{"count":4,"href":"https:\/\/sites.usp.br\/df\/wp-json\/wp\/v2\/pages\/539\/revisions"}],"predecessor-version":[{"id":1269,"href":"https:\/\/sites.usp.br\/df\/wp-json\/wp\/v2\/pages\/539\/revisions\/1269"}],"up":[{"embeddable":true,"href":"https:\/\/sites.usp.br\/df\/wp-json\/wp\/v2\/pages\/313"}],"wp:attachment":[{"href":"https:\/\/sites.usp.br\/df\/wp-json\/wp\/v2\/media?parent=539"}],"curies":[{"name":"wp","href":"https:\/\/api.w.org\/{rel}","templated":true}]}}