{"id":620,"date":"2021-07-01T00:00:58","date_gmt":"2021-07-01T02:00:58","guid":{"rendered":"https:\/\/sites.usp.br\/df\/?page_id=620"},"modified":"2026-02-17T02:14:40","modified_gmt":"2026-02-17T04:14:40","slug":"patrimonio-imobiliario","status":"publish","type":"page","link":"https:\/\/sites.usp.br\/df\/areas\/patrimonio-imobiliario\/","title":{"rendered":"Servi\u00e7o T\u00e9cnico de Patrim\u00f4nio Imobili\u00e1rio"},"content":{"rendered":"<p><strong>Respons\u00e1vel<\/strong><br \/>\nClara Marisa Zorigian \/ cmzor@usp.br<\/p>\n<p><strong>Equipe T\u00e9cnica<\/strong><br \/>\nIvone Carneiro Rafael \/ rafa@usp.br<\/p>\n<p><strong>Contato<\/strong><br \/>\nemail: imoveis@usp.br<br \/>\ntelefones: 3091-0101 \/ 3091-3483<\/p>\n<p><strong>\u00c1reas Subordinadas<\/strong><br \/>\n<a href=\"http:\/\/sites.usp.br\/df\/areas\/patrimonio-imobiliario\/administracao\/\">Se\u00e7\u00e3o de Administra\u00e7\u00e3o de Im\u00f3veis<\/a><br \/>\n<a href=\"http:\/\/sites.usp.br\/df\/areas\/patrimonio-imobiliario\/alienacoes-documentos\/\">Se\u00e7\u00e3o T\u00e9cnica de Aliena\u00e7\u00f5es e Gest\u00e3o de Documentos Fundi\u00e1rios<\/a><\/p>\n","protected":false},"excerpt":{"rendered":"<p>Respons\u00e1vel Clara Marisa Zorigian \/ cmzor@usp.br Equipe T\u00e9cnica Ivone Carneiro Rafael \/ rafa@usp.br Contato email: imoveis@usp.br telefones: 3091-0101 \/ 3091-3483 \u00c1reas Subordinadas Se\u00e7\u00e3o de Administra\u00e7\u00e3o de Im\u00f3veis Se\u00e7\u00e3o T\u00e9cnica de Aliena\u00e7\u00f5es e Gest\u00e3o de Documentos Fundi\u00e1rios<\/p>\n","protected":false},"author":1304,"featured_media":0,"parent":431,"menu_order":3,"comment_status":"closed","ping_status":"closed","template":"","meta":{"footnotes":"","_links_to":"","_links_to_target":""},"class_list":["post-620","page","type-page","status-publish","hentry"],"_links":{"self":[{"href":"https:\/\/sites.usp.br\/df\/wp-json\/wp\/v2\/pages\/620","targetHints":{"allow":["GET"]}}],"collection":[{"href":"https:\/\/sites.usp.br\/df\/wp-json\/wp\/v2\/pages"}],"about":[{"href":"https:\/\/sites.usp.br\/df\/wp-json\/wp\/v2\/types\/page"}],"author":[{"embeddable":true,"href":"https:\/\/sites.usp.br\/df\/wp-json\/wp\/v2\/users\/1304"}],"replies":[{"embeddable":true,"href":"https:\/\/sites.usp.br\/df\/wp-json\/wp\/v2\/comments?post=620"}],"version-history":[{"count":5,"href":"https:\/\/sites.usp.br\/df\/wp-json\/wp\/v2\/pages\/620\/revisions"}],"predecessor-version":[{"id":1437,"href":"https:\/\/sites.usp.br\/df\/wp-json\/wp\/v2\/pages\/620\/revisions\/1437"}],"up":[{"embeddable":true,"href":"https:\/\/sites.usp.br\/df\/wp-json\/wp\/v2\/pages\/431"}],"wp:attachment":[{"href":"https:\/\/sites.usp.br\/df\/wp-json\/wp\/v2\/media?parent=620"}],"curies":[{"name":"wp","href":"https:\/\/api.w.org\/{rel}","templated":true}]}}