{"id":700,"date":"2021-07-01T00:00:22","date_gmt":"2021-07-01T02:00:22","guid":{"rendered":"http:\/\/sites.usp.br\/df\/?page_id=700"},"modified":"2026-02-12T19:52:17","modified_gmt":"2026-02-12T21:52:17","slug":"assistente-gestao","status":"publish","type":"page","link":"https:\/\/sites.usp.br\/df\/departamento\/assistente-gestao\/","title":{"rendered":"Assistentes de Gest\u00e3o"},"content":{"rendered":"<p><strong>Ac\u00e1cio Rog\u00e9rio de Lima <\/strong>\/ acaciolima@usp.br<br \/>\nAssistente de Gest\u00e3o IV<\/p>\n<p><strong>Adauto Alves de Souza<\/strong> \/ adautosp@usp.br<br \/>\nAssistente de Gest\u00e3o II<\/p>\n<p><strong>K\u00e1tia Keiko Ikeda<\/strong> \/ katiaikeda@usp.br<br \/>\nAssistente de Gest\u00e3o IV<\/p>\n<p><strong>Ros\u00ed Martins de Castro<\/strong> \/ rosicastro@usp.br<br \/>\nAssistente de Gest\u00e3o IV<\/p>\n<p><strong>Contato<\/strong><br \/>\nemail: df@usp.br<br \/>\ntelefones: 3091-3078 \/ 3091-3321 \/ 3091-1820 \/ 3091-3544<\/p>\n","protected":false},"excerpt":{"rendered":"<p>Ac\u00e1cio Rog\u00e9rio de Lima \/ acaciolima@usp.br Assistente de Gest\u00e3o IV Adauto Alves de Souza \/ adautosp@usp.br Assistente de Gest\u00e3o II K\u00e1tia Keiko Ikeda \/ katiaikeda@usp.br Assistente de Gest\u00e3o IV Ros\u00ed Martins de Castro \/ rosicastro@usp.br Assistente de Gest\u00e3o IV Contato email: df@usp.br telefones: 3091-3078 \/ 3091-3321 \/ 3091-1820 \/ 3091-3544<\/p>\n","protected":false},"author":1304,"featured_media":0,"parent":436,"menu_order":2,"comment_status":"closed","ping_status":"closed","template":"","meta":{"footnotes":"","_links_to":"","_links_to_target":""},"class_list":["post-700","page","type-page","status-publish","hentry"],"_links":{"self":[{"href":"https:\/\/sites.usp.br\/df\/wp-json\/wp\/v2\/pages\/700","targetHints":{"allow":["GET"]}}],"collection":[{"href":"https:\/\/sites.usp.br\/df\/wp-json\/wp\/v2\/pages"}],"about":[{"href":"https:\/\/sites.usp.br\/df\/wp-json\/wp\/v2\/types\/page"}],"author":[{"embeddable":true,"href":"https:\/\/sites.usp.br\/df\/wp-json\/wp\/v2\/users\/1304"}],"replies":[{"embeddable":true,"href":"https:\/\/sites.usp.br\/df\/wp-json\/wp\/v2\/comments?post=700"}],"version-history":[{"count":5,"href":"https:\/\/sites.usp.br\/df\/wp-json\/wp\/v2\/pages\/700\/revisions"}],"predecessor-version":[{"id":1433,"href":"https:\/\/sites.usp.br\/df\/wp-json\/wp\/v2\/pages\/700\/revisions\/1433"}],"up":[{"embeddable":true,"href":"https:\/\/sites.usp.br\/df\/wp-json\/wp\/v2\/pages\/436"}],"wp:attachment":[{"href":"https:\/\/sites.usp.br\/df\/wp-json\/wp\/v2\/media?parent=700"}],"curies":[{"name":"wp","href":"https:\/\/api.w.org\/{rel}","templated":true}]}}